{"id":21036,"date":"2018-05-24T09:34:05","date_gmt":"2018-05-24T09:34:05","guid":{"rendered":"https:\/\/gongcenter.ch\/impressum\/"},"modified":"2022-03-08T07:52:02","modified_gmt":"2022-03-08T06:52:02","slug":"impressum-2","status":"publish","type":"page","link":"https:\/\/gongcenter.ch\/en\/impressum-2\/","title":{"rendered":"Legal notice"},"content":{"rendered":"<p><strong>Contact address<br \/>\n<\/strong>Domiciliary address:<br \/>\nYatra GmbH, Hofibachstrasse 20, CH-8910 Zwillikon<\/p>\n<p>Gong Center:<br \/>\nAlte Affolternstr. 2a, 8909 Zwillikon<\/p>\n<p><strong>Authorized representative<br \/>\n<\/strong>Ivan Hochstrasser (Gescha\u0308ftsfu\u0308hrer)<\/p>\n<p><strong>Commercial register entry<br \/>\n<\/strong>Eingetragener Firmenname: Yatra Handelsregister Nr: CHE- 347.223.313<\/p>\n<p><strong>Disclaimer<\/strong><\/p>\n<p>The author assumes no responsibility for the correctness, accuracy, timeliness, reliability and completeness of the information.<\/p>\n<p>Liability claims regarding damage caused by the use of any information provided, including any kind of information which is incomplete or incorrect, will therefore be rejected.<\/p>\n<p>All offers are non-binding. The author expressly reserves the right to change, supplement or delete parts of the pages or the entire offer without special notice or to cease publication temporarily or permanently.<br \/>\nDisclaimer for links<\/p>\n<p>References and links to third party websites are outside our area of responsibility. Any responsibility for such websites is disclaimed. The access and use of such websites is at the risk of the respective user.<br \/>\nCopyrights<\/p>\n<p>The copyrights and all other rights to the content, images, photos or other files on this website belong exclusively to the company Yatra or the specifically named rights holders. For the reproduction of any elements, the written consent of the copyright holder must be obtained in advance.<\/p>\n","protected":false},"excerpt":{"rendered":"Contact address Domiciliary address: Yatra GmbH, Hofibachstrasse 20, CH-8910 Zwillikon Gong Center: Alte Affolternstr. 2a, 8909 Zwillikon Authorized representative Ivan Hochstrasser (Gescha\u0308ftsfu\u0308hrer) Commercial register entry Eingetragener Firmenname: Yatra Handelsregister Nr: CHE- 347.223.313 Disclaimer The author assumes no responsibility for the correctness, accuracy, timeliness, reliability and completeness of the information. Liability claims regarding damage caused by<a href=\"https:\/\/gongcenter.ch\/en\/impressum-2\/\" class=\"readmore\">Mehr  <i class=\"fa fa-angle-double-right\"><\/i><\/a>","protected":false},"author":1,"featured_media":0,"parent":0,"menu_order":0,"comment_status":"closed","ping_status":"closed","template":"views\/template-page-with-sidebar.blade.php","meta":{"footnotes":""},"class_list":["post-21036","page","type-page","status-publish","hentry"],"yoast_head":"<!-- This site is optimized with the Yoast SEO plugin v27.0 - https:\/\/yoast.com\/product\/yoast-seo-wordpress\/ -->\n<title>Legal notice - Gong Center Schweiz I Dein Gong und Klanginstrumente Fachgesch\u00e4ft<\/title>\n<meta name=\"robots\" content=\"index, follow, max-snippet:-1, max-image-preview:large, max-video-preview:-1\" \/>\n<link rel=\"canonical\" href=\"https:\/\/gongcenter.ch\/en\/impressum-2\/\" \/>\n<meta property=\"og:locale\" content=\"en_US\" \/>\n<meta property=\"og:type\" content=\"article\" \/>\n<meta property=\"og:title\" content=\"Legal notice - Gong Center Schweiz I Dein Gong und Klanginstrumente Fachgesch\u00e4ft\" \/>\n<meta property=\"og:description\" content=\"Contact address Domiciliary address: Yatra GmbH, Hofibachstrasse 20, CH-8910 Zwillikon Gong Center: Alte Affolternstr. 2a, 8909 Zwillikon Authorized representative Ivan Hochstrasser (Gescha\u0308ftsfu\u0308hrer) Commercial register entry Eingetragener Firmenname: Yatra Handelsregister Nr: CHE- 347.223.313 Disclaimer The author assumes no responsibility for the correctness, accuracy, timeliness, reliability and completeness of the information. Liability claims regarding damage caused byMehr\" \/>\n<meta property=\"og:url\" content=\"https:\/\/gongcenter.ch\/en\/impressum-2\/\" \/>\n<meta property=\"og:site_name\" content=\"Gong Center Schweiz I Dein Gong und Klanginstrumente Fachgesch\u00e4ft\" \/>\n<meta property=\"article:modified_time\" content=\"2022-03-08T06:52:02+00:00\" \/>\n<meta name=\"twitter:card\" content=\"summary_large_image\" \/>\n<meta name=\"twitter:label1\" content=\"Est. reading time\" \/>\n\t<meta name=\"twitter:data1\" content=\"1 minute\" \/>\n<!-- \/ Yoast SEO plugin. -->","yoast_head_json":{"title":"Legal notice - Gong Center Schweiz I Dein Gong und Klanginstrumente Fachgesch\u00e4ft","robots":{"index":"index","follow":"follow","max-snippet":"max-snippet:-1","max-image-preview":"max-image-preview:large","max-video-preview":"max-video-preview:-1"},"canonical":"https:\/\/gongcenter.ch\/en\/impressum-2\/","og_locale":"en_US","og_type":"article","og_title":"Legal notice - Gong Center Schweiz I Dein Gong und Klanginstrumente Fachgesch\u00e4ft","og_description":"Contact address Domiciliary address: Yatra GmbH, Hofibachstrasse 20, CH-8910 Zwillikon Gong Center: Alte Affolternstr. 2a, 8909 Zwillikon Authorized representative Ivan Hochstrasser (Gescha\u0308ftsfu\u0308hrer) Commercial register entry Eingetragener Firmenname: Yatra Handelsregister Nr: CHE- 347.223.313 Disclaimer The author assumes no responsibility for the correctness, accuracy, timeliness, reliability and completeness of the information. Liability claims regarding damage caused byMehr","og_url":"https:\/\/gongcenter.ch\/en\/impressum-2\/","og_site_name":"Gong Center Schweiz I Dein Gong und Klanginstrumente Fachgesch\u00e4ft","article_modified_time":"2022-03-08T06:52:02+00:00","twitter_card":"summary_large_image","twitter_misc":{"Est. reading time":"1 minute"},"schema":{"@context":"https:\/\/schema.org","@graph":[{"@type":"WebPage","@id":"https:\/\/gongcenter.ch\/en\/impressum-2\/","url":"https:\/\/gongcenter.ch\/en\/impressum-2\/","name":"Legal notice - Gong Center Schweiz I Dein Gong und Klanginstrumente Fachgesch\u00e4ft","isPartOf":{"@id":"https:\/\/gongcenter.ch\/#website"},"datePublished":"2018-05-24T09:34:05+00:00","dateModified":"2022-03-08T06:52:02+00:00","breadcrumb":{"@id":"https:\/\/gongcenter.ch\/en\/impressum-2\/#breadcrumb"},"inLanguage":"en-US","potentialAction":[{"@type":"ReadAction","target":["https:\/\/gongcenter.ch\/en\/impressum-2\/"]}]},{"@type":"BreadcrumbList","@id":"https:\/\/gongcenter.ch\/en\/impressum-2\/#breadcrumb","itemListElement":[{"@type":"ListItem","position":1,"name":"Startseite","item":"https:\/\/gongcenter.ch\/en\/"},{"@type":"ListItem","position":2,"name":"Legal notice"}]},{"@type":"WebSite","@id":"https:\/\/gongcenter.ch\/#website","url":"https:\/\/gongcenter.ch\/","name":"Gong Center Schweiz I Dein Gong und Klanginstrumente Fachgesch\u00e4ft","description":"Entdecke eine grosse Gong Auswahl sowie weitere Klanginstrumente - Wir sind Gong Klangtherapeut und bieten dir Top Qualit\u00e4t und Beratung.","publisher":{"@id":"https:\/\/gongcenter.ch\/#organization"},"potentialAction":[{"@type":"SearchAction","target":{"@type":"EntryPoint","urlTemplate":"https:\/\/gongcenter.ch\/?s={search_term_string}"},"query-input":{"@type":"PropertyValueSpecification","valueRequired":true,"valueName":"search_term_string"}}],"inLanguage":"en-US"},{"@type":"Organization","@id":"https:\/\/gongcenter.ch\/#organization","name":"Gongcenter Z\u00fcrich I Das Fachgesch\u00e4ft f\u00fcr Gong und Klang","url":"https:\/\/gongcenter.ch\/","logo":{"@type":"ImageObject","inLanguage":"en-US","@id":"https:\/\/gongcenter.ch\/#\/schema\/logo\/image\/","url":"https:\/\/gongcenter.ch\/app\/uploads\/2018\/05\/Gong-Center_Logo_2000_black.png","contentUrl":"https:\/\/gongcenter.ch\/app\/uploads\/2018\/05\/Gong-Center_Logo_2000_black.png","width":2000,"height":600,"caption":"Gongcenter Z\u00fcrich I Das Fachgesch\u00e4ft f\u00fcr Gong und Klang"},"image":{"@id":"https:\/\/gongcenter.ch\/#\/schema\/logo\/image\/"}}]}},"acf":[],"_links":{"self":[{"href":"https:\/\/gongcenter.ch\/en\/wp-json\/wp\/v2\/pages\/21036","targetHints":{"allow":["GET"]}}],"collection":[{"href":"https:\/\/gongcenter.ch\/en\/wp-json\/wp\/v2\/pages"}],"about":[{"href":"https:\/\/gongcenter.ch\/en\/wp-json\/wp\/v2\/types\/page"}],"author":[{"embeddable":true,"href":"https:\/\/gongcenter.ch\/en\/wp-json\/wp\/v2\/users\/1"}],"replies":[{"embeddable":true,"href":"https:\/\/gongcenter.ch\/en\/wp-json\/wp\/v2\/comments?post=21036"}],"version-history":[{"count":0,"href":"https:\/\/gongcenter.ch\/en\/wp-json\/wp\/v2\/pages\/21036\/revisions"}],"wp:attachment":[{"href":"https:\/\/gongcenter.ch\/en\/wp-json\/wp\/v2\/media?parent=21036"}],"curies":[{"name":"wp","href":"https:\/\/api.w.org\/{rel}","templated":true}]}}