{"id":27449,"date":"2021-04-21T12:44:07","date_gmt":"2021-04-21T11:44:07","guid":{"rendered":"https:\/\/gongcenter.ch\/damaged-product-return\/"},"modified":"2022-03-08T07:40:52","modified_gmt":"2022-03-08T06:40:52","slug":"damaged-product-return","status":"publish","type":"page","link":"https:\/\/gongcenter.ch\/en\/damaged-product-return\/","title":{"rendered":"Damaged product \/ return"},"content":{"rendered":"<p>If a product arrives defective or breaks without your intervention within the warranty, please fill out this form. Please send us one or more photos to , if necessary also of the damaged packaging.<\/p>\n<p>A complaint about a defective product on arrival must be made within 3 days so that we can check whether we can claim it against the shipping company, if necessary.<\/p>\n","protected":false},"excerpt":{"rendered":"If a product arrives defective or breaks without your intervention within the warranty, please fill out this form. Please send us one or more photos to , if necessary also of the damaged packaging. A complaint about a defective product on arrival must be made within 3 days so that we can check whether we<a href=\"https:\/\/gongcenter.ch\/en\/damaged-product-return\/\" class=\"readmore\">Mehr  <i class=\"fa fa-angle-double-right\"><\/i><\/a>","protected":false},"author":1,"featured_media":0,"parent":0,"menu_order":0,"comment_status":"closed","ping_status":"closed","template":"","meta":{"footnotes":""},"class_list":["post-27449","page","type-page","status-publish","hentry"],"yoast_head":"<!-- This site is optimized with the Yoast SEO plugin v27.0 - https:\/\/yoast.com\/product\/yoast-seo-wordpress\/ -->\n<title>Damaged product \/ return - Gong Center Schweiz I Dein Gong und Klanginstrumente Fachgesch\u00e4ft<\/title>\n<meta name=\"robots\" content=\"index, follow, max-snippet:-1, max-image-preview:large, max-video-preview:-1\" \/>\n<link rel=\"canonical\" href=\"https:\/\/gongcenter.ch\/en\/damaged-product-return\/\" \/>\n<meta property=\"og:locale\" content=\"en_US\" \/>\n<meta property=\"og:type\" content=\"article\" \/>\n<meta property=\"og:title\" content=\"Damaged product \/ return - Gong Center Schweiz I Dein Gong und Klanginstrumente Fachgesch\u00e4ft\" \/>\n<meta property=\"og:description\" content=\"If a product arrives defective or breaks without your intervention within the warranty, please fill out this form. Please send us one or more photos to , if necessary also of the damaged packaging. A complaint about a defective product on arrival must be made within 3 days so that we can check whether weMehr\" \/>\n<meta property=\"og:url\" content=\"https:\/\/gongcenter.ch\/en\/damaged-product-return\/\" \/>\n<meta property=\"og:site_name\" content=\"Gong Center Schweiz I Dein Gong und Klanginstrumente Fachgesch\u00e4ft\" \/>\n<meta property=\"article:modified_time\" content=\"2022-03-08T06:40:52+00:00\" \/>\n<meta name=\"twitter:card\" content=\"summary_large_image\" \/>\n<!-- \/ Yoast SEO plugin. -->","yoast_head_json":{"title":"Damaged product \/ return - Gong Center Schweiz I Dein Gong und Klanginstrumente Fachgesch\u00e4ft","robots":{"index":"index","follow":"follow","max-snippet":"max-snippet:-1","max-image-preview":"max-image-preview:large","max-video-preview":"max-video-preview:-1"},"canonical":"https:\/\/gongcenter.ch\/en\/damaged-product-return\/","og_locale":"en_US","og_type":"article","og_title":"Damaged product \/ return - Gong Center Schweiz I Dein Gong und Klanginstrumente Fachgesch\u00e4ft","og_description":"If a product arrives defective or breaks without your intervention within the warranty, please fill out this form. Please send us one or more photos to , if necessary also of the damaged packaging. A complaint about a defective product on arrival must be made within 3 days so that we can check whether weMehr","og_url":"https:\/\/gongcenter.ch\/en\/damaged-product-return\/","og_site_name":"Gong Center Schweiz I Dein Gong und Klanginstrumente Fachgesch\u00e4ft","article_modified_time":"2022-03-08T06:40:52+00:00","twitter_card":"summary_large_image","schema":{"@context":"https:\/\/schema.org","@graph":[{"@type":"WebPage","@id":"https:\/\/gongcenter.ch\/en\/damaged-product-return\/","url":"https:\/\/gongcenter.ch\/en\/damaged-product-return\/","name":"Damaged product \/ return - Gong Center Schweiz I Dein Gong und Klanginstrumente Fachgesch\u00e4ft","isPartOf":{"@id":"https:\/\/gongcenter.ch\/#website"},"datePublished":"2021-04-21T11:44:07+00:00","dateModified":"2022-03-08T06:40:52+00:00","breadcrumb":{"@id":"https:\/\/gongcenter.ch\/en\/damaged-product-return\/#breadcrumb"},"inLanguage":"en-US","potentialAction":[{"@type":"ReadAction","target":["https:\/\/gongcenter.ch\/en\/damaged-product-return\/"]}]},{"@type":"BreadcrumbList","@id":"https:\/\/gongcenter.ch\/en\/damaged-product-return\/#breadcrumb","itemListElement":[{"@type":"ListItem","position":1,"name":"Startseite","item":"https:\/\/gongcenter.ch\/en\/"},{"@type":"ListItem","position":2,"name":"Damaged product \/ return"}]},{"@type":"WebSite","@id":"https:\/\/gongcenter.ch\/#website","url":"https:\/\/gongcenter.ch\/","name":"Gong Center Schweiz I Dein Gong und Klanginstrumente Fachgesch\u00e4ft","description":"Entdecke eine grosse Gong Auswahl sowie weitere Klanginstrumente - Wir sind Gong Klangtherapeut und bieten dir Top Qualit\u00e4t und Beratung.","publisher":{"@id":"https:\/\/gongcenter.ch\/#organization"},"potentialAction":[{"@type":"SearchAction","target":{"@type":"EntryPoint","urlTemplate":"https:\/\/gongcenter.ch\/?s={search_term_string}"},"query-input":{"@type":"PropertyValueSpecification","valueRequired":true,"valueName":"search_term_string"}}],"inLanguage":"en-US"},{"@type":"Organization","@id":"https:\/\/gongcenter.ch\/#organization","name":"Gongcenter Z\u00fcrich I Das Fachgesch\u00e4ft f\u00fcr Gong und Klang","url":"https:\/\/gongcenter.ch\/","logo":{"@type":"ImageObject","inLanguage":"en-US","@id":"https:\/\/gongcenter.ch\/#\/schema\/logo\/image\/","url":"https:\/\/gongcenter.ch\/app\/uploads\/2018\/05\/Gong-Center_Logo_2000_black.png","contentUrl":"https:\/\/gongcenter.ch\/app\/uploads\/2018\/05\/Gong-Center_Logo_2000_black.png","width":2000,"height":600,"caption":"Gongcenter Z\u00fcrich I Das Fachgesch\u00e4ft f\u00fcr Gong und Klang"},"image":{"@id":"https:\/\/gongcenter.ch\/#\/schema\/logo\/image\/"}}]}},"acf":[],"_links":{"self":[{"href":"https:\/\/gongcenter.ch\/en\/wp-json\/wp\/v2\/pages\/27449","targetHints":{"allow":["GET"]}}],"collection":[{"href":"https:\/\/gongcenter.ch\/en\/wp-json\/wp\/v2\/pages"}],"about":[{"href":"https:\/\/gongcenter.ch\/en\/wp-json\/wp\/v2\/types\/page"}],"author":[{"embeddable":true,"href":"https:\/\/gongcenter.ch\/en\/wp-json\/wp\/v2\/users\/1"}],"replies":[{"embeddable":true,"href":"https:\/\/gongcenter.ch\/en\/wp-json\/wp\/v2\/comments?post=27449"}],"version-history":[{"count":0,"href":"https:\/\/gongcenter.ch\/en\/wp-json\/wp\/v2\/pages\/27449\/revisions"}],"wp:attachment":[{"href":"https:\/\/gongcenter.ch\/en\/wp-json\/wp\/v2\/media?parent=27449"}],"curies":[{"name":"wp","href":"https:\/\/api.w.org\/{rel}","templated":true}]}}