{"id":27451,"date":"2020-05-19T14:17:43","date_gmt":"2020-05-19T13:17:43","guid":{"rendered":"https:\/\/gongcenter.ch\/gong-center-zuerich-schweiz\/"},"modified":"2025-07-30T12:45:08","modified_gmt":"2025-07-30T11:45:08","slug":"gong-center-zurich-switzerland","status":"publish","type":"page","link":"https:\/\/gongcenter.ch\/en\/gong-center-zurich-switzerland\/","title":{"rendered":"Gong Center Showroom Zurich Switzerland"},"content":{"rendered":"\n<p><\/p>\n\n\n\n\n<h2>Visit our showroom at\u00a0<span class=\"\"> <a href=\"https:\/\/maps.app.goo.gl\/qDp95GPxvdkZHNrs8\">Alte Affolterstrasse 2a, 8909 Zwillikon<\/a> (Affoltern am Albis). <\/span>Discover the largest selection of gongs.<\/h2>\n<p><img decoding=\"async\" src=\"https:\/\/gongcenter.ch\/app\/uploads\/2024\/06\/gong-center-gong-showroom-1024x284.jpg\" alt=\"Dieses Bild hat ein leeres Alt-Attribut. Der Dateiname ist gong-center-gong-showroom-1024x284.jpg\" \/><\/p>\n<p>Let gong specialist Ivan Hochstrasser guide you through our range of small and large gongs until you find your favourite. As well as gongs, you will find a wide range of other musical instruments, including singing bowls, rain sticks, shaman drums and shruti boxes.<br \/><br \/>Please note that we do not arrange appointments at the Gong Centre for purchases under 250 CHF. In this case, we offer telephone advice and the option of collection.<br \/><br \/>To ensure that we can set aside enough time for a personal consultation, either in person or over the phone, please make an appointment.<br \/><br \/><\/p>\n\n\n<div class=\"wp-block-buttons is-content-justification-center is-layout-flex wp-container-core-buttons-is-layout-16018d1d wp-block-buttons-is-layout-flex\">\n<div class=\"wp-block-button has-custom-width wp-block-button__width-50 is-style-fill\" style=\"font-style:normal;font-weight:700\"><a class=\"wp-block-button__link has-white-color has-text-color has-background has-text-align-center wp-element-button\" href=\"https:\/\/gongcenter.youcanbook.me\/\" style=\"border-radius:20px;background-color:#af935d\" target=\"_blank\" rel=\"https:\/\/gongcenter.youcanbook.me\/ noopener\">Book an appointment now!<\/a><\/div>\n<\/div>\n\n\n\n<p><\/p>\n\n\n\n<hr class=\"wp-block-separator has-alpha-channel-opacity\"\/>\n\n\n\n\n\n<h2 class=\"wp-block-heading has-text-align-center\">How to get to the Gong Centre Switzerland<\/h2>\n\n\n\n<p><\/p>\n\n\n\n<p>Zwillikon is located in the Knonaueramt district in the canton of Zurich.<\/p>\n\n\n\n<p>Zurich is approx. 15 km away, Zug approx. 19 km, Baden approx. 30 km, Lucerne approx. 35 km, Winterthur approx. 40 km and Basel approx. 90 km.<\/p>\n\n\n\n<h2 class=\"wp-block-heading\">Directions for getting there<\/h2>\n\n\n\n<p>If you are coming from the north (Basel, Baden or Winterthur), take exit 31a-Gotthard onto the E41\/A4 towards Gotthard, Lucerne, Zug or Wettswil.<\/p>\n\n\n\n<p>If you are coming from the south (Lucerne or Zug), take exit 31 towards Affoltern a.A.<\/p>\n\n\n\n<p>If you are coming from Zurich, keep right in the \u00dcetliberg tunnel and take exit 31a towards Wettswil, Hedingen and Bonstetten.<\/p>\n\n\n\n<p>The G entrance is on the left side of the building. Second door, first floor. If the door is closed, please ring the Yatra bell.<\/p>\n\n\n\n<p><\/p>\n\n\n\n<figure class=\"wp-block-image size-full\"><img loading=\"lazy\" decoding=\"async\" width=\"1024\" height=\"615\" src=\"https:\/\/gongcenter.ch\/app\/uploads\/2024\/10\/situationsplan_fabrick-am-weiher-zwillikon-1024x615-1.webp\" alt=\"\" class=\"wp-image-36039\" srcset=\"https:\/\/gongcenter.ch\/app\/uploads\/2024\/10\/situationsplan_fabrick-am-weiher-zwillikon-1024x615-1.webp 1024w, https:\/\/gongcenter.ch\/app\/uploads\/2024\/10\/situationsplan_fabrick-am-weiher-zwillikon-1024x615-1-300x180.webp 300w, https:\/\/gongcenter.ch\/app\/uploads\/2024\/10\/situationsplan_fabrick-am-weiher-zwillikon-1024x615-1-768x461.webp 768w, https:\/\/gongcenter.ch\/app\/uploads\/2024\/10\/situationsplan_fabrick-am-weiher-zwillikon-1024x615-1-460x277.webp 460w, https:\/\/gongcenter.ch\/app\/uploads\/2024\/10\/situationsplan_fabrick-am-weiher-zwillikon-1024x615-1-350x210.webp 350w, https:\/\/gongcenter.ch\/app\/uploads\/2024\/10\/situationsplan_fabrick-am-weiher-zwillikon-1024x615-1-500x300.webp 500w, https:\/\/gongcenter.ch\/app\/uploads\/2024\/10\/situationsplan_fabrick-am-weiher-zwillikon-1024x615-1-282x169.webp 282w, https:\/\/gongcenter.ch\/app\/uploads\/2024\/10\/situationsplan_fabrick-am-weiher-zwillikon-1024x615-1-600x360.webp 600w\" sizes=\"auto, (max-width: 1024px) 100vw, 1024px\" \/><\/figure>\n\n\n","protected":false},"excerpt":{"rendered":"Visit our showroom at\u00a0 Alte Affolterstrasse 2a, 8909 Zwillikon (Affoltern am Albis). Discover the largest selection of gongs. Let gong specialist Ivan Hochstrasser guide you through our range of small and large gongs until you find your favourite. As well as gongs, you will find a wide range of other musical instruments, including singing bowls,<a href=\"https:\/\/gongcenter.ch\/en\/gong-center-zurich-switzerland\/\" class=\"readmore\">Mehr  <i class=\"fa fa-angle-double-right\"><\/i><\/a>","protected":false},"author":1,"featured_media":0,"parent":0,"menu_order":0,"comment_status":"closed","ping_status":"closed","template":"","meta":{"footnotes":""},"class_list":["post-27451","page","type-page","status-publish","hentry"],"yoast_head":"<!-- This site is optimized with the Yoast SEO plugin v27.0 - https:\/\/yoast.com\/product\/yoast-seo-wordpress\/ -->\n<title>Gong Centre near Zurich \u2013 discover the largest selection of gongs<\/title>\n<meta name=\"description\" content=\"Visit our showroom just 15 minutes from Zurich. Discover gongs and more with personal advice. Arrange a personal appointment now.\" \/>\n<meta name=\"robots\" content=\"index, follow, max-snippet:-1, max-image-preview:large, max-video-preview:-1\" \/>\n<link rel=\"canonical\" href=\"https:\/\/gongcenter.ch\/en\/gong-center-zurich-switzerland\/\" \/>\n<meta property=\"og:locale\" content=\"en_US\" \/>\n<meta property=\"og:type\" content=\"article\" \/>\n<meta property=\"og:title\" content=\"Gong Centre near Zurich \u2013 discover the largest selection of gongs\" \/>\n<meta property=\"og:description\" content=\"Visit our showroom just 15 minutes from Zurich. Discover gongs and more with personal advice. Arrange a personal appointment now.\" \/>\n<meta property=\"og:url\" content=\"https:\/\/gongcenter.ch\/en\/gong-center-zurich-switzerland\/\" \/>\n<meta property=\"og:site_name\" content=\"Gong Center Schweiz I Dein Gong und Klanginstrumente Fachgesch\u00e4ft\" \/>\n<meta property=\"article:modified_time\" content=\"2025-07-30T11:45:08+00:00\" \/>\n<meta property=\"og:image\" content=\"https:\/\/gongcenter.ch\/app\/uploads\/2024\/06\/gong-center-gong-showroom-1024x284.jpg\" \/>\n<meta name=\"twitter:card\" content=\"summary_large_image\" \/>\n<meta name=\"twitter:label1\" content=\"Est. reading time\" \/>\n\t<meta name=\"twitter:data1\" content=\"3 minutes\" \/>\n<!-- \/ Yoast SEO plugin. -->","yoast_head_json":{"title":"Gong Centre near Zurich \u2013 discover the largest selection of gongs","description":"Visit our showroom just 15 minutes from Zurich. Discover gongs and more with personal advice. Arrange a personal appointment now.","robots":{"index":"index","follow":"follow","max-snippet":"max-snippet:-1","max-image-preview":"max-image-preview:large","max-video-preview":"max-video-preview:-1"},"canonical":"https:\/\/gongcenter.ch\/en\/gong-center-zurich-switzerland\/","og_locale":"en_US","og_type":"article","og_title":"Gong Centre near Zurich \u2013 discover the largest selection of gongs","og_description":"Visit our showroom just 15 minutes from Zurich. Discover gongs and more with personal advice. Arrange a personal appointment now.","og_url":"https:\/\/gongcenter.ch\/en\/gong-center-zurich-switzerland\/","og_site_name":"Gong Center Schweiz I Dein Gong und Klanginstrumente Fachgesch\u00e4ft","article_modified_time":"2025-07-30T11:45:08+00:00","og_image":[{"url":"https:\/\/gongcenter.ch\/app\/uploads\/2024\/06\/gong-center-gong-showroom-1024x284.jpg","type":"","width":"","height":""}],"twitter_card":"summary_large_image","twitter_misc":{"Est. reading time":"3 minutes"},"schema":{"@context":"https:\/\/schema.org","@graph":[{"@type":"WebPage","@id":"https:\/\/gongcenter.ch\/en\/gong-center-zurich-switzerland\/","url":"https:\/\/gongcenter.ch\/en\/gong-center-zurich-switzerland\/","name":"Gong Centre near Zurich \u2013 discover the largest selection of gongs","isPartOf":{"@id":"https:\/\/gongcenter.ch\/#website"},"primaryImageOfPage":{"@id":"https:\/\/gongcenter.ch\/en\/gong-center-zurich-switzerland\/#primaryimage"},"image":{"@id":"https:\/\/gongcenter.ch\/en\/gong-center-zurich-switzerland\/#primaryimage"},"thumbnailUrl":"https:\/\/gongcenter.ch\/app\/uploads\/2024\/06\/gong-center-gong-showroom-1024x284.jpg","datePublished":"2020-05-19T13:17:43+00:00","dateModified":"2025-07-30T11:45:08+00:00","description":"Visit our showroom just 15 minutes from Zurich. Discover gongs and more with personal advice. Arrange a personal appointment now.","breadcrumb":{"@id":"https:\/\/gongcenter.ch\/en\/gong-center-zurich-switzerland\/#breadcrumb"},"inLanguage":"en-US","potentialAction":[{"@type":"ReadAction","target":["https:\/\/gongcenter.ch\/en\/gong-center-zurich-switzerland\/"]}]},{"@type":"ImageObject","inLanguage":"en-US","@id":"https:\/\/gongcenter.ch\/en\/gong-center-zurich-switzerland\/#primaryimage","url":"https:\/\/gongcenter.ch\/app\/uploads\/2024\/06\/gong-center-gong-showroom-1024x284.jpg","contentUrl":"https:\/\/gongcenter.ch\/app\/uploads\/2024\/06\/gong-center-gong-showroom-1024x284.jpg"},{"@type":"BreadcrumbList","@id":"https:\/\/gongcenter.ch\/en\/gong-center-zurich-switzerland\/#breadcrumb","itemListElement":[{"@type":"ListItem","position":1,"name":"Startseite","item":"https:\/\/gongcenter.ch\/en\/"},{"@type":"ListItem","position":2,"name":"Gong Center Showroom Zurich Switzerland"}]},{"@type":"WebSite","@id":"https:\/\/gongcenter.ch\/#website","url":"https:\/\/gongcenter.ch\/","name":"Gong Center Schweiz I Dein Gong und Klanginstrumente Fachgesch\u00e4ft","description":"Entdecke eine grosse Gong Auswahl sowie weitere Klanginstrumente - Wir sind Gong Klangtherapeut und bieten dir Top Qualit\u00e4t und Beratung.","publisher":{"@id":"https:\/\/gongcenter.ch\/#organization"},"potentialAction":[{"@type":"SearchAction","target":{"@type":"EntryPoint","urlTemplate":"https:\/\/gongcenter.ch\/?s={search_term_string}"},"query-input":{"@type":"PropertyValueSpecification","valueRequired":true,"valueName":"search_term_string"}}],"inLanguage":"en-US"},{"@type":"Organization","@id":"https:\/\/gongcenter.ch\/#organization","name":"Gongcenter Z\u00fcrich I Das Fachgesch\u00e4ft f\u00fcr Gong und Klang","url":"https:\/\/gongcenter.ch\/","logo":{"@type":"ImageObject","inLanguage":"en-US","@id":"https:\/\/gongcenter.ch\/#\/schema\/logo\/image\/","url":"https:\/\/gongcenter.ch\/app\/uploads\/2018\/05\/Gong-Center_Logo_2000_black.png","contentUrl":"https:\/\/gongcenter.ch\/app\/uploads\/2018\/05\/Gong-Center_Logo_2000_black.png","width":2000,"height":600,"caption":"Gongcenter Z\u00fcrich I Das Fachgesch\u00e4ft f\u00fcr Gong und Klang"},"image":{"@id":"https:\/\/gongcenter.ch\/#\/schema\/logo\/image\/"}}]}},"acf":[],"_links":{"self":[{"href":"https:\/\/gongcenter.ch\/en\/wp-json\/wp\/v2\/pages\/27451","targetHints":{"allow":["GET"]}}],"collection":[{"href":"https:\/\/gongcenter.ch\/en\/wp-json\/wp\/v2\/pages"}],"about":[{"href":"https:\/\/gongcenter.ch\/en\/wp-json\/wp\/v2\/types\/page"}],"author":[{"embeddable":true,"href":"https:\/\/gongcenter.ch\/en\/wp-json\/wp\/v2\/users\/1"}],"replies":[{"embeddable":true,"href":"https:\/\/gongcenter.ch\/en\/wp-json\/wp\/v2\/comments?post=27451"}],"version-history":[{"count":11,"href":"https:\/\/gongcenter.ch\/en\/wp-json\/wp\/v2\/pages\/27451\/revisions"}],"predecessor-version":[{"id":36858,"href":"https:\/\/gongcenter.ch\/en\/wp-json\/wp\/v2\/pages\/27451\/revisions\/36858"}],"wp:attachment":[{"href":"https:\/\/gongcenter.ch\/en\/wp-json\/wp\/v2\/media?parent=27451"}],"curies":[{"name":"wp","href":"https:\/\/api.w.org\/{rel}","templated":true}]}}