{"id":28548,"date":"2022-03-09T15:51:02","date_gmt":"2022-03-09T14:51:02","guid":{"rendered":"https:\/\/gongcenter.ch\/how-to-order\/"},"modified":"2022-03-09T15:53:57","modified_gmt":"2022-03-09T14:53:57","slug":"how-to-order","status":"publish","type":"page","link":"https:\/\/gongcenter.ch\/en\/how-to-order\/","title":{"rendered":"How to order?"},"content":{"rendered":"<p>You can place an order directly on the Internet through our store, by phone or <a href=\"https:\/\/shop.gongcenter.ch\/kontaktformular\/\">e-mail<\/a>.<\/p>\n<p>You can pick up various gongs and sound instruments and try them out in our showroom in Zwillikon (Affoltern am Albis).<\/p>\n<p>For possible discounts on orders of multiple gongs, please contact us directly.<\/p>\n<p>If you are looking for an item that might fit our range but can&#8217;t find it anywhere, please let us know.<\/p>\n","protected":false},"excerpt":{"rendered":"You can place an order directly on the Internet through our store, by phone or e-mail. You can pick up various gongs and sound instruments and try them out in our showroom in Zwillikon (Affoltern am Albis). For possible discounts on orders of multiple gongs, please contact us directly. If you are looking for an<a href=\"https:\/\/gongcenter.ch\/en\/how-to-order\/\" class=\"readmore\">Mehr  <i class=\"fa fa-angle-double-right\"><\/i><\/a>","protected":false},"author":1,"featured_media":0,"parent":0,"menu_order":0,"comment_status":"closed","ping_status":"closed","template":"","meta":{"footnotes":""},"class_list":["post-28548","page","type-page","status-publish","hentry"],"yoast_head":"<!-- This site is optimized with the Yoast SEO plugin v27.0 - https:\/\/yoast.com\/product\/yoast-seo-wordpress\/ -->\n<title>How to order? - Gong Center Schweiz I Dein Gong und Klanginstrumente Fachgesch\u00e4ft<\/title>\n<meta name=\"robots\" content=\"index, follow, max-snippet:-1, max-image-preview:large, max-video-preview:-1\" \/>\n<link rel=\"canonical\" href=\"https:\/\/gongcenter.ch\/en\/how-to-order\/\" \/>\n<meta property=\"og:locale\" content=\"en_US\" \/>\n<meta property=\"og:type\" content=\"article\" \/>\n<meta property=\"og:title\" content=\"How to order? - Gong Center Schweiz I Dein Gong und Klanginstrumente Fachgesch\u00e4ft\" \/>\n<meta property=\"og:description\" content=\"You can place an order directly on the Internet through our store, by phone or e-mail. You can pick up various gongs and sound instruments and try them out in our showroom in Zwillikon (Affoltern am Albis). For possible discounts on orders of multiple gongs, please contact us directly. If you are looking for anMehr\" \/>\n<meta property=\"og:url\" content=\"https:\/\/gongcenter.ch\/en\/how-to-order\/\" \/>\n<meta property=\"og:site_name\" content=\"Gong Center Schweiz I Dein Gong und Klanginstrumente Fachgesch\u00e4ft\" \/>\n<meta property=\"article:modified_time\" content=\"2022-03-09T14:53:57+00:00\" \/>\n<meta name=\"twitter:card\" content=\"summary_large_image\" \/>\n<!-- \/ Yoast SEO plugin. -->","yoast_head_json":{"title":"How to order? - Gong Center Schweiz I Dein Gong und Klanginstrumente Fachgesch\u00e4ft","robots":{"index":"index","follow":"follow","max-snippet":"max-snippet:-1","max-image-preview":"max-image-preview:large","max-video-preview":"max-video-preview:-1"},"canonical":"https:\/\/gongcenter.ch\/en\/how-to-order\/","og_locale":"en_US","og_type":"article","og_title":"How to order? - Gong Center Schweiz I Dein Gong und Klanginstrumente Fachgesch\u00e4ft","og_description":"You can place an order directly on the Internet through our store, by phone or e-mail. You can pick up various gongs and sound instruments and try them out in our showroom in Zwillikon (Affoltern am Albis). For possible discounts on orders of multiple gongs, please contact us directly. If you are looking for anMehr","og_url":"https:\/\/gongcenter.ch\/en\/how-to-order\/","og_site_name":"Gong Center Schweiz I Dein Gong und Klanginstrumente Fachgesch\u00e4ft","article_modified_time":"2022-03-09T14:53:57+00:00","twitter_card":"summary_large_image","schema":{"@context":"https:\/\/schema.org","@graph":[{"@type":"WebPage","@id":"https:\/\/gongcenter.ch\/en\/how-to-order\/","url":"https:\/\/gongcenter.ch\/en\/how-to-order\/","name":"How to order? - Gong Center Schweiz I Dein Gong und Klanginstrumente Fachgesch\u00e4ft","isPartOf":{"@id":"https:\/\/gongcenter.ch\/#website"},"datePublished":"2022-03-09T14:51:02+00:00","dateModified":"2022-03-09T14:53:57+00:00","breadcrumb":{"@id":"https:\/\/gongcenter.ch\/en\/how-to-order\/#breadcrumb"},"inLanguage":"en-US","potentialAction":[{"@type":"ReadAction","target":["https:\/\/gongcenter.ch\/en\/how-to-order\/"]}]},{"@type":"BreadcrumbList","@id":"https:\/\/gongcenter.ch\/en\/how-to-order\/#breadcrumb","itemListElement":[{"@type":"ListItem","position":1,"name":"Startseite","item":"https:\/\/gongcenter.ch\/en\/"},{"@type":"ListItem","position":2,"name":"How to order?"}]},{"@type":"WebSite","@id":"https:\/\/gongcenter.ch\/#website","url":"https:\/\/gongcenter.ch\/","name":"Gong Center Schweiz I Dein Gong und Klanginstrumente Fachgesch\u00e4ft","description":"Entdecke eine grosse Gong Auswahl sowie weitere Klanginstrumente - Wir sind Gong Klangtherapeut und bieten dir Top Qualit\u00e4t und Beratung.","publisher":{"@id":"https:\/\/gongcenter.ch\/#organization"},"potentialAction":[{"@type":"SearchAction","target":{"@type":"EntryPoint","urlTemplate":"https:\/\/gongcenter.ch\/?s={search_term_string}"},"query-input":{"@type":"PropertyValueSpecification","valueRequired":true,"valueName":"search_term_string"}}],"inLanguage":"en-US"},{"@type":"Organization","@id":"https:\/\/gongcenter.ch\/#organization","name":"Gongcenter Z\u00fcrich I Das Fachgesch\u00e4ft f\u00fcr Gong und Klang","url":"https:\/\/gongcenter.ch\/","logo":{"@type":"ImageObject","inLanguage":"en-US","@id":"https:\/\/gongcenter.ch\/#\/schema\/logo\/image\/","url":"https:\/\/gongcenter.ch\/app\/uploads\/2018\/05\/Gong-Center_Logo_2000_black.png","contentUrl":"https:\/\/gongcenter.ch\/app\/uploads\/2018\/05\/Gong-Center_Logo_2000_black.png","width":2000,"height":600,"caption":"Gongcenter Z\u00fcrich I Das Fachgesch\u00e4ft f\u00fcr Gong und Klang"},"image":{"@id":"https:\/\/gongcenter.ch\/#\/schema\/logo\/image\/"}}]}},"acf":[],"_links":{"self":[{"href":"https:\/\/gongcenter.ch\/en\/wp-json\/wp\/v2\/pages\/28548","targetHints":{"allow":["GET"]}}],"collection":[{"href":"https:\/\/gongcenter.ch\/en\/wp-json\/wp\/v2\/pages"}],"about":[{"href":"https:\/\/gongcenter.ch\/en\/wp-json\/wp\/v2\/types\/page"}],"author":[{"embeddable":true,"href":"https:\/\/gongcenter.ch\/en\/wp-json\/wp\/v2\/users\/1"}],"replies":[{"embeddable":true,"href":"https:\/\/gongcenter.ch\/en\/wp-json\/wp\/v2\/comments?post=28548"}],"version-history":[{"count":0,"href":"https:\/\/gongcenter.ch\/en\/wp-json\/wp\/v2\/pages\/28548\/revisions"}],"wp:attachment":[{"href":"https:\/\/gongcenter.ch\/en\/wp-json\/wp\/v2\/media?parent=28548"}],"curies":[{"name":"wp","href":"https:\/\/api.w.org\/{rel}","templated":true}]}}