{"id":1258,"date":"2018-07-19T12:54:49","date_gmt":"2018-07-19T11:54:49","guid":{"rendered":"http:\/\/64.131.77.249\/shop.gongcenter.ch\/?post_type=product&#038;p=1258"},"modified":"2023-04-18T11:40:44","modified_gmt":"2023-04-18T10:40:44","slug":"sansula-deluxe","status":"publish","type":"product","link":"https:\/\/gongcenter.ch\/en\/product\/sansula-deluxe\/","title":{"rendered":"Sansula Deluxe"},"content":{"rendered":"<p>Die Sansula Deluxe ist eine Weiterentwicklung unseres Sansula Basismodells. Auf Wunsch vieler Kunden haben wir sie mit einer stabilen <strong>Naturmembran aus Ziegenfell<\/strong> und einer Spannvorrichtung ausgestattet. Diese Ver\u00e4nderungen machen den Umgang mit dem Instrument noch vielseitiger.<\/p>\n<p>Als Produkt mit <strong>Komponenten aus Naturmaterialien<\/strong> stellt jedes von uns ausgelieferte Deluxe- Modell ein Unikat dar, das sich durch einen noch volleren und w\u00e4meren Klang, sowie durch seine Robustheit auszeichnet.<\/p>\n<p>W\u00e4hrend das Sansula Basismodell f\u00fcr den Gebrauch durch kleinere Kinder zu empfindlich ist, kann die Sansula Deluxe nun auch in <strong>Kinderg\u00e4rten<\/strong> und Musikschulen eingesetzt werden, ohne dass eine allzu leichte Besch\u00e4digung bef\u00fcrrchtet werden mu\u00df.<br \/>\nNat\u00fcrlich erfordert auch die Sansula Deluxe eine behutsame Behandlung, wie sie f\u00fcr Musikinstrumente \u00fcblich und angemessen ist.<\/p>\n<p>Die Stimmung &#8211; ein <strong>A-moll Klang mit zus\u00e4tzlichem B und F<\/strong> &#8211; l\u00e4sst durch Zupfen mit den Daumen <strong>wundersch\u00f6ne Melodien<\/strong> beinahe von ganz allein entstehen. Da alle T\u00f6ne immer zueinander passen, haben auch Anf\u00e4nger ein erfolgreiches Spielerlebnis.<\/p>\n<p>Sehr erfolgreich wird die Sansula auch in der Musik- und Paartherapie eingesetzt. In der Handchirugie wird ihre positive Wirkung auf die Motorik der Finger gesch\u00e4tzt.<\/p>\n<p>Wir empfehlen die <a href=\"https:\/\/gongcenter.ch\/product\/sansula-tasche\/\">Sansula Tasche<\/a> zum Umh\u00e4ngen, wenn Sie dieses sch\u00f6ne Instrument auch unterwegs spielen oder mit auf Reisen nehmen m\u00f6chten. Bei Druck k\u00f6nnte die Membran kaputt gehen. Mit einer Tasche sind Sie immer auf der sicheren Seite.<\/p>\n","protected":false},"excerpt":{"rendered":"Buchenholz Sansula mit 9 Metallklangtasten\r\n\r\nauf stimmbarer natur Klangmembrane (Ziege)\r\n\r\nTon: a\u2032 \/ c\u2032\u2032 \/ c\u2032 \/ a\u2032 \/ a \/ f\u2032 \/ e\u2032 \/ e\u2032\u2032 \/ h\u2032\r\n\r\n(Werkstimmung kann ver\u00e4ndert werden)","protected":false},"featured_media":29132,"template":"","meta":[],"product_brand":[],"product_cat":[1178],"product_tag":[],"class_list":{"0":"post-1258","1":"product","2":"type-product","3":"status-publish","4":"has-post-thumbnail","6":"brands-hokema","7":"product_cat-kalimba-sansula-klang-instrumente","8":"product_shipping_class-kostenloser-versand-innerhalb-der-schweiz","9":"pa_stimmung-a-moll","10":"pa_stimmung-mandala","11":"pa_stimmung-seelenklang","12":"pa_stimmung-traumzeit","14":"first","15":"instock","16":"taxable","17":"shipping-taxable","18":"purchasable","19":"product-type-simple"},"yoast_head":"<!-- This site is optimized with the Yoast SEO plugin v27.0 - https:\/\/yoast.com\/product\/yoast-seo-wordpress\/ -->\n<title>Sansula \u2013 das Instrument der afrikanischen Geschichtenerz\u00e4hler<\/title>\n<meta name=\"description\" content=\"Die Sansula Deluxe ist mit einer stabilen Naturmembran aus Ziegenfell und einer Spannvorrichtung ausgestattet.\" \/>\n<meta name=\"robots\" content=\"index, follow, max-snippet:-1, max-image-preview:large, max-video-preview:-1\" \/>\n<link rel=\"canonical\" href=\"https:\/\/gongcenter.ch\/produkt\/sansula-deluxe\/\" \/>\n<meta property=\"og:locale\" content=\"en_US\" \/>\n<meta property=\"og:type\" content=\"article\" \/>\n<meta property=\"og:title\" content=\"Sansula \u2013 das Instrument der afrikanischen Geschichtenerz\u00e4hler\" \/>\n<meta property=\"og:description\" content=\"Die Sansula Deluxe ist mit einer stabilen Naturmembran aus Ziegenfell und einer Spannvorrichtung ausgestattet.\" \/>\n<meta property=\"og:url\" content=\"https:\/\/gongcenter.ch\/produkt\/sansula-deluxe\/\" \/>\n<meta property=\"og:site_name\" content=\"Gong Center Schweiz I Dein Gong und Klanginstrumente Fachgesch\u00e4ft\" \/>\n<meta property=\"article:modified_time\" content=\"2023-04-18T10:40:44+00:00\" \/>\n<meta property=\"og:image\" content=\"https:\/\/gongcenter.ch\/app\/uploads\/2022\/09\/Sansula-Deluxe-2.png\" \/>\n\t<meta property=\"og:image:width\" content=\"600\" \/>\n\t<meta property=\"og:image:height\" content=\"600\" \/>\n\t<meta property=\"og:image:type\" content=\"image\/png\" \/>\n<meta name=\"twitter:card\" content=\"summary_large_image\" \/>\n<meta name=\"twitter:label1\" content=\"Est. reading time\" \/>\n\t<meta name=\"twitter:data1\" content=\"1 minute\" \/>\n<!-- \/ Yoast SEO plugin. -->","yoast_head_json":{"title":"Sansula \u2013 das Instrument der afrikanischen Geschichtenerz\u00e4hler","description":"Die Sansula Deluxe ist mit einer stabilen Naturmembran aus Ziegenfell und einer Spannvorrichtung ausgestattet.","robots":{"index":"index","follow":"follow","max-snippet":"max-snippet:-1","max-image-preview":"max-image-preview:large","max-video-preview":"max-video-preview:-1"},"canonical":"https:\/\/gongcenter.ch\/produkt\/sansula-deluxe\/","og_locale":"en_US","og_type":"article","og_title":"Sansula \u2013 das Instrument der afrikanischen Geschichtenerz\u00e4hler","og_description":"Die Sansula Deluxe ist mit einer stabilen Naturmembran aus Ziegenfell und einer Spannvorrichtung ausgestattet.","og_url":"https:\/\/gongcenter.ch\/produkt\/sansula-deluxe\/","og_site_name":"Gong Center Schweiz I Dein Gong und Klanginstrumente Fachgesch\u00e4ft","article_modified_time":"2023-04-18T10:40:44+00:00","og_image":[{"width":600,"height":600,"url":"https:\/\/gongcenter.ch\/app\/uploads\/2022\/09\/Sansula-Deluxe-2.png","type":"image\/png"}],"twitter_card":"summary_large_image","twitter_misc":{"Est. reading time":"1 minute"},"schema":{"@context":"https:\/\/schema.org","@graph":[{"@type":"WebPage","@id":"https:\/\/gongcenter.ch\/produkt\/sansula-deluxe\/","url":"https:\/\/gongcenter.ch\/produkt\/sansula-deluxe\/","name":"Sansula \u2013 das Instrument der afrikanischen Geschichtenerz\u00e4hler","isPartOf":{"@id":"https:\/\/gongcenter.ch\/#website"},"primaryImageOfPage":{"@id":"https:\/\/gongcenter.ch\/produkt\/sansula-deluxe\/#primaryimage"},"image":{"@id":"https:\/\/gongcenter.ch\/produkt\/sansula-deluxe\/#primaryimage"},"thumbnailUrl":"https:\/\/gongcenter.ch\/app\/uploads\/2022\/09\/Sansula-Deluxe-2.png","datePublished":"2018-07-19T11:54:49+00:00","dateModified":"2023-04-18T10:40:44+00:00","description":"Die Sansula Deluxe ist mit einer stabilen Naturmembran aus Ziegenfell und einer Spannvorrichtung ausgestattet.","breadcrumb":{"@id":"https:\/\/gongcenter.ch\/produkt\/sansula-deluxe\/#breadcrumb"},"inLanguage":"en-US","potentialAction":[{"@type":"ReadAction","target":["https:\/\/gongcenter.ch\/produkt\/sansula-deluxe\/"]}]},{"@type":"ImageObject","inLanguage":"en-US","@id":"https:\/\/gongcenter.ch\/produkt\/sansula-deluxe\/#primaryimage","url":"https:\/\/gongcenter.ch\/app\/uploads\/2022\/09\/Sansula-Deluxe-2.png","contentUrl":"https:\/\/gongcenter.ch\/app\/uploads\/2022\/09\/Sansula-Deluxe-2.png","width":600,"height":600},{"@type":"BreadcrumbList","@id":"https:\/\/gongcenter.ch\/produkt\/sansula-deluxe\/#breadcrumb","itemListElement":[{"@type":"ListItem","position":1,"name":"Startseite","item":"https:\/\/gongcenter.ch\/en\/"},{"@type":"ListItem","position":2,"name":"Shop","item":"https:\/\/gongcenter.ch\/en\/shop\/"},{"@type":"ListItem","position":3,"name":"Sansula Deluxe"}]},{"@type":"WebSite","@id":"https:\/\/gongcenter.ch\/#website","url":"https:\/\/gongcenter.ch\/","name":"Gong Center Schweiz I Dein Gong und Klanginstrumente Fachgesch\u00e4ft","description":"Entdecke eine grosse Gong Auswahl sowie weitere Klanginstrumente - Wir sind Gong Klangtherapeut und bieten dir Top Qualit\u00e4t und Beratung.","publisher":{"@id":"https:\/\/gongcenter.ch\/#organization"},"potentialAction":[{"@type":"SearchAction","target":{"@type":"EntryPoint","urlTemplate":"https:\/\/gongcenter.ch\/?s={search_term_string}"},"query-input":{"@type":"PropertyValueSpecification","valueRequired":true,"valueName":"search_term_string"}}],"inLanguage":"en-US"},{"@type":"Organization","@id":"https:\/\/gongcenter.ch\/#organization","name":"Gongcenter Z\u00fcrich I Das Fachgesch\u00e4ft f\u00fcr Gong und Klang","url":"https:\/\/gongcenter.ch\/","logo":{"@type":"ImageObject","inLanguage":"en-US","@id":"https:\/\/gongcenter.ch\/#\/schema\/logo\/image\/","url":"https:\/\/gongcenter.ch\/app\/uploads\/2018\/05\/Gong-Center_Logo_2000_black.png","contentUrl":"https:\/\/gongcenter.ch\/app\/uploads\/2018\/05\/Gong-Center_Logo_2000_black.png","width":2000,"height":600,"caption":"Gongcenter Z\u00fcrich I Das Fachgesch\u00e4ft f\u00fcr Gong und Klang"},"image":{"@id":"https:\/\/gongcenter.ch\/#\/schema\/logo\/image\/"}}]}},"acf":[],"_links":{"self":[{"href":"https:\/\/gongcenter.ch\/en\/wp-json\/wp\/v2\/product\/1258","targetHints":{"allow":["GET"]}}],"collection":[{"href":"https:\/\/gongcenter.ch\/en\/wp-json\/wp\/v2\/product"}],"about":[{"href":"https:\/\/gongcenter.ch\/en\/wp-json\/wp\/v2\/types\/product"}],"wp:featuredmedia":[{"embeddable":true,"href":"https:\/\/gongcenter.ch\/en\/wp-json\/wp\/v2\/media\/29132"}],"wp:attachment":[{"href":"https:\/\/gongcenter.ch\/en\/wp-json\/wp\/v2\/media?parent=1258"}],"wp:term":[{"taxonomy":"product_brand","embeddable":true,"href":"https:\/\/gongcenter.ch\/en\/wp-json\/wp\/v2\/product_brand?post=1258"},{"taxonomy":"product_cat","embeddable":true,"href":"https:\/\/gongcenter.ch\/en\/wp-json\/wp\/v2\/product_cat?post=1258"},{"taxonomy":"product_tag","embeddable":true,"href":"https:\/\/gongcenter.ch\/en\/wp-json\/wp\/v2\/product_tag?post=1258"}],"curies":[{"name":"wp","href":"https:\/\/api.w.org\/{rel}","templated":true}]}}