{"id":1358,"date":"2018-07-19T14:48:41","date_gmt":"2018-07-19T13:48:41","guid":{"rendered":"http:\/\/64.131.77.249\/shop.gongcenter.ch\/?post_type=product&#038;p=1358"},"modified":"2023-12-01T18:44:16","modified_gmt":"2023-12-01T17:44:16","slug":"buffalo-drum-rahmentrommel","status":"publish","type":"product","link":"https:\/\/gongcenter.ch\/en\/product\/buffalo-drum-rahmentrommel\/","title":{"rendered":"Buffalo Drum Rahmentrommel"},"content":{"rendered":"<p>Diese robuste Rahmentrommel von REMO ist mit einem wei\u00df-beigem Kunst-Fell bespannt, welches sich Akustikon nennt und \u00fcberaus gute Klangeigenschaften besitzt. Auf der R\u00fcckseite hat sie ein Schnurkreuz, das als Griff dient. Die tiefen, bassigen T\u00f6ne dieser Trommel sind besonders beliebt, doch sie hat ein vielseitiges Spektrum an Kl\u00e4ngen. Gerne wird diese Trommel auch im Schamanischen eingesetzt, da sie immer ihre Klangfarbe h\u00e4lt, auch wenn es sehr freucht oder hei\u00df (Schwitzh\u00fctte) ist. Somit ist sie perfekt f\u00fcr das Trommeln im Freien geeignet.<\/p>\n<p>Im Lieferumfang ist ein Kl\u00f6ppel. Die H\u00f6he aller Gr\u00f6\u00dfen ist 9 cm.<\/p>\n<p>Passende Trommeltaschen finden Sie bei Zubeh\u00f6r.<\/p>\n","protected":false},"excerpt":{"rendered":"Bespannt mit einem weiss-beigem Kunstfell namens Akustikon. 100% vegan!","protected":false},"featured_media":29134,"template":"","meta":[],"product_brand":[],"product_cat":[1179],"product_tag":[],"class_list":{"0":"post-1358","1":"product","2":"type-product","3":"status-publish","4":"has-post-thumbnail","6":"brands-remo","7":"product_cat-rahmentrommeln-schamanen-trommeln-klang-instrumente","8":"product_shipping_class-bis-199-chf-9-90-chf","9":"pa_groesse-8-20-3-cm-o","10":"pa_groesse-10-25-cm","11":"pa_groesse-31-cm","12":"pa_groesse-14-35-6-cm-o","13":"pa_groesse-16-41-cm-o","14":"pa_groesse-55-cm-o","16":"first","17":"instock","18":"sale","19":"taxable","20":"shipping-taxable","21":"purchasable","22":"product-type-variable"},"yoast_head":"<!-- This site is optimized with the Yoast SEO plugin v27.0 - https:\/\/yoast.com\/product\/yoast-seo-wordpress\/ -->\n<title>Buffalo Drum Rahmentrommel - Gong Center Schweiz I Dein Gong und Klanginstrumente Fachgesch\u00e4ft<\/title>\n<meta name=\"description\" content=\"Buffalo Drum ist eine robuste Rahmentrommel von REMO, bespannt mit einem weiss-beigem Kunstfell namens Akustikon. 100% vegan! Jetzt bestellen.\" \/>\n<meta name=\"robots\" content=\"index, follow, max-snippet:-1, max-image-preview:large, max-video-preview:-1\" \/>\n<link rel=\"canonical\" href=\"https:\/\/gongcenter.ch\/produkt\/buffalo-drum-rahmentrommel\/\" \/>\n<meta property=\"og:locale\" content=\"en_US\" \/>\n<meta property=\"og:type\" content=\"article\" \/>\n<meta property=\"og:title\" content=\"Buffalo Drum Rahmentrommel - Gong Center Schweiz I Dein Gong und Klanginstrumente Fachgesch\u00e4ft\" \/>\n<meta property=\"og:description\" content=\"Buffalo Drum ist eine robuste Rahmentrommel von REMO, bespannt mit einem weiss-beigem Kunstfell namens Akustikon. 100% vegan! Jetzt bestellen.\" \/>\n<meta property=\"og:url\" content=\"https:\/\/gongcenter.ch\/produkt\/buffalo-drum-rahmentrommel\/\" \/>\n<meta property=\"og:site_name\" content=\"Gong Center Schweiz I Dein Gong und Klanginstrumente Fachgesch\u00e4ft\" \/>\n<meta property=\"article:modified_time\" content=\"2023-12-01T17:44:16+00:00\" \/>\n<meta property=\"og:image\" content=\"https:\/\/gongcenter.ch\/app\/uploads\/2022\/09\/buffalo-drum-2.png\" \/>\n\t<meta property=\"og:image:width\" content=\"600\" \/>\n\t<meta property=\"og:image:height\" content=\"600\" \/>\n\t<meta property=\"og:image:type\" content=\"image\/png\" \/>\n<meta name=\"twitter:card\" content=\"summary_large_image\" \/>\n<meta name=\"twitter:label1\" content=\"Est. reading time\" \/>\n\t<meta name=\"twitter:data1\" content=\"1 minute\" \/>\n<!-- \/ Yoast SEO plugin. -->","yoast_head_json":{"title":"Buffalo Drum Rahmentrommel - Gong Center Schweiz I Dein Gong und Klanginstrumente Fachgesch\u00e4ft","description":"Buffalo Drum ist eine robuste Rahmentrommel von REMO, bespannt mit einem weiss-beigem Kunstfell namens Akustikon. 100% vegan! Jetzt bestellen.","robots":{"index":"index","follow":"follow","max-snippet":"max-snippet:-1","max-image-preview":"max-image-preview:large","max-video-preview":"max-video-preview:-1"},"canonical":"https:\/\/gongcenter.ch\/produkt\/buffalo-drum-rahmentrommel\/","og_locale":"en_US","og_type":"article","og_title":"Buffalo Drum Rahmentrommel - Gong Center Schweiz I Dein Gong und Klanginstrumente Fachgesch\u00e4ft","og_description":"Buffalo Drum ist eine robuste Rahmentrommel von REMO, bespannt mit einem weiss-beigem Kunstfell namens Akustikon. 100% vegan! Jetzt bestellen.","og_url":"https:\/\/gongcenter.ch\/produkt\/buffalo-drum-rahmentrommel\/","og_site_name":"Gong Center Schweiz I Dein Gong und Klanginstrumente Fachgesch\u00e4ft","article_modified_time":"2023-12-01T17:44:16+00:00","og_image":[{"width":600,"height":600,"url":"https:\/\/gongcenter.ch\/app\/uploads\/2022\/09\/buffalo-drum-2.png","type":"image\/png"}],"twitter_card":"summary_large_image","twitter_misc":{"Est. reading time":"1 minute"},"schema":{"@context":"https:\/\/schema.org","@graph":[{"@type":"WebPage","@id":"https:\/\/gongcenter.ch\/produkt\/buffalo-drum-rahmentrommel\/","url":"https:\/\/gongcenter.ch\/produkt\/buffalo-drum-rahmentrommel\/","name":"Buffalo Drum Rahmentrommel - Gong Center Schweiz I Dein Gong und Klanginstrumente Fachgesch\u00e4ft","isPartOf":{"@id":"https:\/\/gongcenter.ch\/#website"},"primaryImageOfPage":{"@id":"https:\/\/gongcenter.ch\/produkt\/buffalo-drum-rahmentrommel\/#primaryimage"},"image":{"@id":"https:\/\/gongcenter.ch\/produkt\/buffalo-drum-rahmentrommel\/#primaryimage"},"thumbnailUrl":"https:\/\/gongcenter.ch\/app\/uploads\/2022\/09\/buffalo-drum-2.png","datePublished":"2018-07-19T13:48:41+00:00","dateModified":"2023-12-01T17:44:16+00:00","description":"Buffalo Drum ist eine robuste Rahmentrommel von REMO, bespannt mit einem weiss-beigem Kunstfell namens Akustikon. 100% vegan! Jetzt bestellen.","breadcrumb":{"@id":"https:\/\/gongcenter.ch\/produkt\/buffalo-drum-rahmentrommel\/#breadcrumb"},"inLanguage":"en-US","potentialAction":[{"@type":"ReadAction","target":["https:\/\/gongcenter.ch\/produkt\/buffalo-drum-rahmentrommel\/"]}]},{"@type":"ImageObject","inLanguage":"en-US","@id":"https:\/\/gongcenter.ch\/produkt\/buffalo-drum-rahmentrommel\/#primaryimage","url":"https:\/\/gongcenter.ch\/app\/uploads\/2022\/09\/buffalo-drum-2.png","contentUrl":"https:\/\/gongcenter.ch\/app\/uploads\/2022\/09\/buffalo-drum-2.png","width":600,"height":600},{"@type":"BreadcrumbList","@id":"https:\/\/gongcenter.ch\/produkt\/buffalo-drum-rahmentrommel\/#breadcrumb","itemListElement":[{"@type":"ListItem","position":1,"name":"Startseite","item":"https:\/\/gongcenter.ch\/en\/"},{"@type":"ListItem","position":2,"name":"Shop","item":"https:\/\/gongcenter.ch\/en\/shop\/"},{"@type":"ListItem","position":3,"name":"Buffalo Drum Rahmentrommel"}]},{"@type":"WebSite","@id":"https:\/\/gongcenter.ch\/#website","url":"https:\/\/gongcenter.ch\/","name":"Gong Center Schweiz I Dein Gong und Klanginstrumente Fachgesch\u00e4ft","description":"Entdecke eine grosse Gong Auswahl sowie weitere Klanginstrumente - Wir sind Gong Klangtherapeut und bieten dir Top Qualit\u00e4t und Beratung.","publisher":{"@id":"https:\/\/gongcenter.ch\/#organization"},"potentialAction":[{"@type":"SearchAction","target":{"@type":"EntryPoint","urlTemplate":"https:\/\/gongcenter.ch\/?s={search_term_string}"},"query-input":{"@type":"PropertyValueSpecification","valueRequired":true,"valueName":"search_term_string"}}],"inLanguage":"en-US"},{"@type":"Organization","@id":"https:\/\/gongcenter.ch\/#organization","name":"Gongcenter Z\u00fcrich I Das Fachgesch\u00e4ft f\u00fcr Gong und Klang","url":"https:\/\/gongcenter.ch\/","logo":{"@type":"ImageObject","inLanguage":"en-US","@id":"https:\/\/gongcenter.ch\/#\/schema\/logo\/image\/","url":"https:\/\/gongcenter.ch\/app\/uploads\/2018\/05\/Gong-Center_Logo_2000_black.png","contentUrl":"https:\/\/gongcenter.ch\/app\/uploads\/2018\/05\/Gong-Center_Logo_2000_black.png","width":2000,"height":600,"caption":"Gongcenter Z\u00fcrich I Das Fachgesch\u00e4ft f\u00fcr Gong und Klang"},"image":{"@id":"https:\/\/gongcenter.ch\/#\/schema\/logo\/image\/"}}]}},"acf":[],"_links":{"self":[{"href":"https:\/\/gongcenter.ch\/en\/wp-json\/wp\/v2\/product\/1358","targetHints":{"allow":["GET"]}}],"collection":[{"href":"https:\/\/gongcenter.ch\/en\/wp-json\/wp\/v2\/product"}],"about":[{"href":"https:\/\/gongcenter.ch\/en\/wp-json\/wp\/v2\/types\/product"}],"wp:featuredmedia":[{"embeddable":true,"href":"https:\/\/gongcenter.ch\/en\/wp-json\/wp\/v2\/media\/29134"}],"wp:attachment":[{"href":"https:\/\/gongcenter.ch\/en\/wp-json\/wp\/v2\/media?parent=1358"}],"wp:term":[{"taxonomy":"product_brand","embeddable":true,"href":"https:\/\/gongcenter.ch\/en\/wp-json\/wp\/v2\/product_brand?post=1358"},{"taxonomy":"product_cat","embeddable":true,"href":"https:\/\/gongcenter.ch\/en\/wp-json\/wp\/v2\/product_cat?post=1358"},{"taxonomy":"product_tag","embeddable":true,"href":"https:\/\/gongcenter.ch\/en\/wp-json\/wp\/v2\/product_tag?post=1358"}],"curies":[{"name":"wp","href":"https:\/\/api.w.org\/{rel}","templated":true}]}}