{"id":1365,"date":"2018-07-19T14:53:10","date_gmt":"2018-07-19T13:53:10","guid":{"rendered":"http:\/\/64.131.77.249\/shop.gongcenter.ch\/?post_type=product&#038;p=1365"},"modified":"2023-04-18T11:39:39","modified_gmt":"2023-04-18T10:39:39","slug":"ocean-drum-rahmentrommel","status":"publish","type":"product","link":"https:\/\/gongcenter.ch\/en\/product\/ocean-drum-rahmentrommel\/","title":{"rendered":"Ocean Drum"},"content":{"rendered":"<p>Diese Ocean Drum von REMO hat im Innern tausende kleiner, silberfarbener K\u00fcgelchen, die akustisch t\u00e4uschend echtes Meeresrauschen entstehen lassen. Sie ist somit auch sehr sch\u00f6n f\u00fcr die Lomi Lomi Massage geeignet. Ihr K\u00f6rper ist aus einem Spezialmaterial namens Acusticon, einem Gemisch aus zylindrischen Pappen und Harzen. Dieses Herstellungsverfahren ist sehr aufwendig und dadurch sind sie fast unzerst\u00f6rbar.<\/p>\n<p>Diese Trommel ist extrem robust und ver\u00e4ndert ihr Spielverhalten weder bei Luftfeuchtigkeit, noch bei Hitze. Sie h\u00e4lt bei jedem Wetter die Spannung und hat immer einen perfekten Sound. Sogar einer Schwitzh\u00fctte halten sie stand.<\/p>\n<p>Ocean Drums sind beidseitig bespannt. Eine Seite hat ein durchsichtiges, die andere ein wei\u00dfes Fell.<\/p>\n<p>&nbsp;<\/p>\n","protected":false},"excerpt":{"rendered":"Diese Rahmentrommel von REMO hat im Innern tausende kleiner, silberfarbener K\u00fcgelchen, die akustisch t\u00e4uschend echtes","protected":false},"featured_media":29142,"template":"","meta":[],"product_brand":[],"product_cat":[1181],"product_tag":[],"class_list":{"0":"post-1365","1":"product","2":"type-product","3":"status-publish","4":"has-post-thumbnail","6":"brands-remo","7":"product_cat-wellentrommeln-klang-instrumente","8":"product_shipping_class-bis-199-chf-9-90-chf","9":"pa_groesse-31-cm","10":"pa_groesse-55-cm-o","11":"pa_groesse-41-cm","13":"first","14":"instock","15":"taxable","16":"shipping-taxable","17":"purchasable","18":"product-type-variable"},"yoast_head":"<!-- This site is optimized with the Yoast SEO plugin v27.0 - https:\/\/yoast.com\/product\/yoast-seo-wordpress\/ -->\n<title>Ocean Drum - Gong Center Schweiz I Dein Gong und Klanginstrumente Fachgesch\u00e4ft<\/title>\n<meta name=\"robots\" content=\"index, follow, max-snippet:-1, max-image-preview:large, max-video-preview:-1\" \/>\n<link rel=\"canonical\" href=\"https:\/\/gongcenter.ch\/produkt\/ocean-drum-rahmentrommel\/\" \/>\n<meta property=\"og:locale\" content=\"en_US\" \/>\n<meta property=\"og:type\" content=\"article\" \/>\n<meta property=\"og:title\" content=\"Ocean Drum - Gong Center Schweiz I Dein Gong und Klanginstrumente Fachgesch\u00e4ft\" \/>\n<meta property=\"og:description\" content=\"Diese Rahmentrommel von REMO hat im Innern tausende kleiner, silberfarbener K\u00fcgelchen, die akustisch t\u00e4uschend echtes\" \/>\n<meta property=\"og:url\" content=\"https:\/\/gongcenter.ch\/produkt\/ocean-drum-rahmentrommel\/\" \/>\n<meta property=\"og:site_name\" content=\"Gong Center Schweiz I Dein Gong und Klanginstrumente Fachgesch\u00e4ft\" \/>\n<meta property=\"article:modified_time\" content=\"2023-04-18T10:39:39+00:00\" \/>\n<meta property=\"og:image\" content=\"https:\/\/gongcenter.ch\/app\/uploads\/2022\/09\/EC-E-21.jpg\" \/>\n\t<meta property=\"og:image:width\" content=\"800\" \/>\n\t<meta property=\"og:image:height\" content=\"800\" \/>\n\t<meta property=\"og:image:type\" content=\"image\/jpeg\" \/>\n<meta name=\"twitter:card\" content=\"summary_large_image\" \/>\n<meta name=\"twitter:label1\" content=\"Est. reading time\" \/>\n\t<meta name=\"twitter:data1\" content=\"1 minute\" \/>\n<!-- \/ Yoast SEO plugin. -->","yoast_head_json":{"title":"Ocean Drum - Gong Center Schweiz I Dein Gong und Klanginstrumente Fachgesch\u00e4ft","robots":{"index":"index","follow":"follow","max-snippet":"max-snippet:-1","max-image-preview":"max-image-preview:large","max-video-preview":"max-video-preview:-1"},"canonical":"https:\/\/gongcenter.ch\/produkt\/ocean-drum-rahmentrommel\/","og_locale":"en_US","og_type":"article","og_title":"Ocean Drum - Gong Center Schweiz I Dein Gong und Klanginstrumente Fachgesch\u00e4ft","og_description":"Diese Rahmentrommel von REMO hat im Innern tausende kleiner, silberfarbener K\u00fcgelchen, die akustisch t\u00e4uschend echtes","og_url":"https:\/\/gongcenter.ch\/produkt\/ocean-drum-rahmentrommel\/","og_site_name":"Gong Center Schweiz I Dein Gong und Klanginstrumente Fachgesch\u00e4ft","article_modified_time":"2023-04-18T10:39:39+00:00","og_image":[{"width":800,"height":800,"url":"https:\/\/gongcenter.ch\/app\/uploads\/2022\/09\/EC-E-21.jpg","type":"image\/jpeg"}],"twitter_card":"summary_large_image","twitter_misc":{"Est. reading time":"1 minute"},"schema":{"@context":"https:\/\/schema.org","@graph":[{"@type":"WebPage","@id":"https:\/\/gongcenter.ch\/produkt\/ocean-drum-rahmentrommel\/","url":"https:\/\/gongcenter.ch\/produkt\/ocean-drum-rahmentrommel\/","name":"Ocean Drum - Gong Center Schweiz I Dein Gong und Klanginstrumente Fachgesch\u00e4ft","isPartOf":{"@id":"https:\/\/gongcenter.ch\/#website"},"primaryImageOfPage":{"@id":"https:\/\/gongcenter.ch\/produkt\/ocean-drum-rahmentrommel\/#primaryimage"},"image":{"@id":"https:\/\/gongcenter.ch\/produkt\/ocean-drum-rahmentrommel\/#primaryimage"},"thumbnailUrl":"https:\/\/gongcenter.ch\/app\/uploads\/2022\/09\/EC-E-21.jpg","datePublished":"2018-07-19T13:53:10+00:00","dateModified":"2023-04-18T10:39:39+00:00","breadcrumb":{"@id":"https:\/\/gongcenter.ch\/produkt\/ocean-drum-rahmentrommel\/#breadcrumb"},"inLanguage":"en-US","potentialAction":[{"@type":"ReadAction","target":["https:\/\/gongcenter.ch\/produkt\/ocean-drum-rahmentrommel\/"]}]},{"@type":"ImageObject","inLanguage":"en-US","@id":"https:\/\/gongcenter.ch\/produkt\/ocean-drum-rahmentrommel\/#primaryimage","url":"https:\/\/gongcenter.ch\/app\/uploads\/2022\/09\/EC-E-21.jpg","contentUrl":"https:\/\/gongcenter.ch\/app\/uploads\/2022\/09\/EC-E-21.jpg","width":800,"height":800},{"@type":"BreadcrumbList","@id":"https:\/\/gongcenter.ch\/produkt\/ocean-drum-rahmentrommel\/#breadcrumb","itemListElement":[{"@type":"ListItem","position":1,"name":"Startseite","item":"https:\/\/gongcenter.ch\/en\/"},{"@type":"ListItem","position":2,"name":"Shop","item":"https:\/\/gongcenter.ch\/en\/shop\/"},{"@type":"ListItem","position":3,"name":"Ocean Drum"}]},{"@type":"WebSite","@id":"https:\/\/gongcenter.ch\/#website","url":"https:\/\/gongcenter.ch\/","name":"Gong Center Schweiz I Dein Gong und Klanginstrumente Fachgesch\u00e4ft","description":"Entdecke eine grosse Gong Auswahl sowie weitere Klanginstrumente - Wir sind Gong Klangtherapeut und bieten dir Top Qualit\u00e4t und Beratung.","publisher":{"@id":"https:\/\/gongcenter.ch\/#organization"},"potentialAction":[{"@type":"SearchAction","target":{"@type":"EntryPoint","urlTemplate":"https:\/\/gongcenter.ch\/?s={search_term_string}"},"query-input":{"@type":"PropertyValueSpecification","valueRequired":true,"valueName":"search_term_string"}}],"inLanguage":"en-US"},{"@type":"Organization","@id":"https:\/\/gongcenter.ch\/#organization","name":"Gongcenter Z\u00fcrich I Das Fachgesch\u00e4ft f\u00fcr Gong und Klang","url":"https:\/\/gongcenter.ch\/","logo":{"@type":"ImageObject","inLanguage":"en-US","@id":"https:\/\/gongcenter.ch\/#\/schema\/logo\/image\/","url":"https:\/\/gongcenter.ch\/app\/uploads\/2018\/05\/Gong-Center_Logo_2000_black.png","contentUrl":"https:\/\/gongcenter.ch\/app\/uploads\/2018\/05\/Gong-Center_Logo_2000_black.png","width":2000,"height":600,"caption":"Gongcenter Z\u00fcrich I Das Fachgesch\u00e4ft f\u00fcr Gong und Klang"},"image":{"@id":"https:\/\/gongcenter.ch\/#\/schema\/logo\/image\/"}}]}},"acf":[],"_links":{"self":[{"href":"https:\/\/gongcenter.ch\/en\/wp-json\/wp\/v2\/product\/1365","targetHints":{"allow":["GET"]}}],"collection":[{"href":"https:\/\/gongcenter.ch\/en\/wp-json\/wp\/v2\/product"}],"about":[{"href":"https:\/\/gongcenter.ch\/en\/wp-json\/wp\/v2\/types\/product"}],"wp:featuredmedia":[{"embeddable":true,"href":"https:\/\/gongcenter.ch\/en\/wp-json\/wp\/v2\/media\/29142"}],"wp:attachment":[{"href":"https:\/\/gongcenter.ch\/en\/wp-json\/wp\/v2\/media?parent=1365"}],"wp:term":[{"taxonomy":"product_brand","embeddable":true,"href":"https:\/\/gongcenter.ch\/en\/wp-json\/wp\/v2\/product_brand?post=1365"},{"taxonomy":"product_cat","embeddable":true,"href":"https:\/\/gongcenter.ch\/en\/wp-json\/wp\/v2\/product_cat?post=1365"},{"taxonomy":"product_tag","embeddable":true,"href":"https:\/\/gongcenter.ch\/en\/wp-json\/wp\/v2\/product_tag?post=1365"}],"curies":[{"name":"wp","href":"https:\/\/api.w.org\/{rel}","templated":true}]}}