{"id":1382,"date":"2018-07-19T15:08:27","date_gmt":"2018-07-19T14:08:27","guid":{"rendered":"http:\/\/64.131.77.249\/shop.gongcenter.ch\/?post_type=product&#038;p=1382"},"modified":"2023-04-18T11:41:42","modified_gmt":"2023-04-18T10:41:42","slug":"wave-drum","status":"publish","type":"product","link":"https:\/\/gongcenter.ch\/en\/product\/wave-drum\/","title":{"rendered":"Wave Drum"},"content":{"rendered":"<p>Die Wave Drum von Meinl kreiert die wohltuenden Kl\u00e4nge der Meeresbrandung mit Abstand am Sch\u00f6nsten von allen existierenden Wellentrommeln. Die kleinen Metallk\u00fcgelchen sind mit weiteren K\u00fcgelchen gemischt und diese Besonderheit erm\u00f6glicht einen hauchzarten bis kr\u00e4ftigen Meeresklang. Sie sind zwischen zwei unterschiedlichen Schlagfellen eingeschlossen &#8211; einem Kunststofffell und einem handselektierten Ziegenfell. Dadurch kann zwischen zwei komplett unterschiedlichen Klangfarben gew\u00e4hlt werden. Mit der verschlie\u00dfbaren Einf\u00fcll\u00f6ffnung kann die Menge der Metallk\u00fcgelchen sogar individuell reguliert werden.<\/p>\n","protected":false},"excerpt":{"rendered":"Der Korpus besteht aus Siam Eiche in der Farbe &#8220;Walnuss Braun&#8221; mit einer H\u00f6he von 6,5 cm.\n\n\n\nEs gibt sie in 4 Gr\u00f6ssen:\n\n<ul>\n\n \t<li>16&#8243;\/41 cm \u00d8<\/li>\n\n \t<li>18&#8243;\/46 cm \u00d8<\/li>\n\n \t<li>20&#8243; \/ 50,8 cm \u00d8<\/li>\n\n \t<li>22&#8243; \/ 55,9 cm \u00d8<\/li>\n\n<\/ul>\n\n&nbsp;","protected":false},"featured_media":29148,"template":"","meta":[],"product_brand":[],"product_cat":[1181],"product_tag":[],"class_list":{"0":"post-1382","1":"product","2":"type-product","3":"status-publish","4":"has-post-thumbnail","6":"brands-meinl","7":"product_cat-wellentrommeln-klang-instrumente","8":"product_shipping_class-bis-199-chf-9-90-chf","9":"pa_groesse-16-41-cm-o","10":"pa_groesse-18-46-cm-o","11":"pa_groesse-20-50-8-cm-o","12":"pa_groesse-22-55-9-cm-o","14":"first","15":"instock","16":"taxable","17":"shipping-taxable","18":"purchasable","19":"product-type-variable"},"yoast_head":"<!-- This site is optimized with the Yoast SEO plugin v27.0 - https:\/\/yoast.com\/product\/yoast-seo-wordpress\/ -->\n<title>Wave Drum - Gong Center Schweiz I Dein Gong und Klanginstrumente Fachgesch\u00e4ft<\/title>\n<meta name=\"robots\" content=\"index, follow, max-snippet:-1, max-image-preview:large, max-video-preview:-1\" \/>\n<link rel=\"canonical\" href=\"https:\/\/gongcenter.ch\/produkt\/wave-drum\/\" \/>\n<meta property=\"og:locale\" content=\"en_US\" \/>\n<meta property=\"og:type\" content=\"article\" \/>\n<meta property=\"og:title\" content=\"Wave Drum - Gong Center Schweiz I Dein Gong und Klanginstrumente Fachgesch\u00e4ft\" \/>\n<meta property=\"og:description\" content=\"Der Korpus besteht aus Siam Eiche in der Farbe &quot;Walnuss Braun&quot; mit einer H\u00f6he von 6,5 cm.  Es gibt sie in 4 Gr\u00f6ssen:   16&quot;\/41 cm \u00d8  18&quot;\/46 cm \u00d8  20&quot; \/ 50,8 cm \u00d8  22&quot; \/ 55,9 cm \u00d8  &nbsp;\" \/>\n<meta property=\"og:url\" content=\"https:\/\/gongcenter.ch\/produkt\/wave-drum\/\" \/>\n<meta property=\"og:site_name\" content=\"Gong Center Schweiz I Dein Gong und Klanginstrumente Fachgesch\u00e4ft\" \/>\n<meta property=\"article:modified_time\" content=\"2023-04-18T10:41:42+00:00\" \/>\n<meta property=\"og:image\" content=\"https:\/\/gongcenter.ch\/app\/uploads\/2022\/09\/Wave-Drum-2.png\" \/>\n\t<meta property=\"og:image:width\" content=\"600\" \/>\n\t<meta property=\"og:image:height\" content=\"600\" \/>\n\t<meta property=\"og:image:type\" content=\"image\/png\" \/>\n<meta name=\"twitter:card\" content=\"summary_large_image\" \/>\n<!-- \/ Yoast SEO plugin. -->","yoast_head_json":{"title":"Wave Drum - Gong Center Schweiz I Dein Gong und Klanginstrumente Fachgesch\u00e4ft","robots":{"index":"index","follow":"follow","max-snippet":"max-snippet:-1","max-image-preview":"max-image-preview:large","max-video-preview":"max-video-preview:-1"},"canonical":"https:\/\/gongcenter.ch\/produkt\/wave-drum\/","og_locale":"en_US","og_type":"article","og_title":"Wave Drum - Gong Center Schweiz I Dein Gong und Klanginstrumente Fachgesch\u00e4ft","og_description":"Der Korpus besteht aus Siam Eiche in der Farbe \"Walnuss Braun\" mit einer H\u00f6he von 6,5 cm.  Es gibt sie in 4 Gr\u00f6ssen:   16\"\/41 cm \u00d8  18\"\/46 cm \u00d8  20\" \/ 50,8 cm \u00d8  22\" \/ 55,9 cm \u00d8  &nbsp;","og_url":"https:\/\/gongcenter.ch\/produkt\/wave-drum\/","og_site_name":"Gong Center Schweiz I Dein Gong und Klanginstrumente Fachgesch\u00e4ft","article_modified_time":"2023-04-18T10:41:42+00:00","og_image":[{"width":600,"height":600,"url":"https:\/\/gongcenter.ch\/app\/uploads\/2022\/09\/Wave-Drum-2.png","type":"image\/png"}],"twitter_card":"summary_large_image","schema":{"@context":"https:\/\/schema.org","@graph":[{"@type":"WebPage","@id":"https:\/\/gongcenter.ch\/produkt\/wave-drum\/","url":"https:\/\/gongcenter.ch\/produkt\/wave-drum\/","name":"Wave Drum - Gong Center Schweiz I Dein Gong und Klanginstrumente Fachgesch\u00e4ft","isPartOf":{"@id":"https:\/\/gongcenter.ch\/#website"},"primaryImageOfPage":{"@id":"https:\/\/gongcenter.ch\/produkt\/wave-drum\/#primaryimage"},"image":{"@id":"https:\/\/gongcenter.ch\/produkt\/wave-drum\/#primaryimage"},"thumbnailUrl":"https:\/\/gongcenter.ch\/app\/uploads\/2022\/09\/Wave-Drum-2.png","datePublished":"2018-07-19T14:08:27+00:00","dateModified":"2023-04-18T10:41:42+00:00","breadcrumb":{"@id":"https:\/\/gongcenter.ch\/produkt\/wave-drum\/#breadcrumb"},"inLanguage":"en-US","potentialAction":[{"@type":"ReadAction","target":["https:\/\/gongcenter.ch\/produkt\/wave-drum\/"]}]},{"@type":"ImageObject","inLanguage":"en-US","@id":"https:\/\/gongcenter.ch\/produkt\/wave-drum\/#primaryimage","url":"https:\/\/gongcenter.ch\/app\/uploads\/2022\/09\/Wave-Drum-2.png","contentUrl":"https:\/\/gongcenter.ch\/app\/uploads\/2022\/09\/Wave-Drum-2.png","width":600,"height":600},{"@type":"BreadcrumbList","@id":"https:\/\/gongcenter.ch\/produkt\/wave-drum\/#breadcrumb","itemListElement":[{"@type":"ListItem","position":1,"name":"Startseite","item":"https:\/\/gongcenter.ch\/en\/"},{"@type":"ListItem","position":2,"name":"Shop","item":"https:\/\/gongcenter.ch\/en\/shop\/"},{"@type":"ListItem","position":3,"name":"Wave Drum"}]},{"@type":"WebSite","@id":"https:\/\/gongcenter.ch\/#website","url":"https:\/\/gongcenter.ch\/","name":"Gong Center Schweiz I Dein Gong und Klanginstrumente Fachgesch\u00e4ft","description":"Entdecke eine grosse Gong Auswahl sowie weitere Klanginstrumente - Wir sind Gong Klangtherapeut und bieten dir Top Qualit\u00e4t und Beratung.","publisher":{"@id":"https:\/\/gongcenter.ch\/#organization"},"potentialAction":[{"@type":"SearchAction","target":{"@type":"EntryPoint","urlTemplate":"https:\/\/gongcenter.ch\/?s={search_term_string}"},"query-input":{"@type":"PropertyValueSpecification","valueRequired":true,"valueName":"search_term_string"}}],"inLanguage":"en-US"},{"@type":"Organization","@id":"https:\/\/gongcenter.ch\/#organization","name":"Gongcenter Z\u00fcrich I Das Fachgesch\u00e4ft f\u00fcr Gong und Klang","url":"https:\/\/gongcenter.ch\/","logo":{"@type":"ImageObject","inLanguage":"en-US","@id":"https:\/\/gongcenter.ch\/#\/schema\/logo\/image\/","url":"https:\/\/gongcenter.ch\/app\/uploads\/2018\/05\/Gong-Center_Logo_2000_black.png","contentUrl":"https:\/\/gongcenter.ch\/app\/uploads\/2018\/05\/Gong-Center_Logo_2000_black.png","width":2000,"height":600,"caption":"Gongcenter Z\u00fcrich I Das Fachgesch\u00e4ft f\u00fcr Gong und Klang"},"image":{"@id":"https:\/\/gongcenter.ch\/#\/schema\/logo\/image\/"}}]}},"acf":[],"_links":{"self":[{"href":"https:\/\/gongcenter.ch\/en\/wp-json\/wp\/v2\/product\/1382","targetHints":{"allow":["GET"]}}],"collection":[{"href":"https:\/\/gongcenter.ch\/en\/wp-json\/wp\/v2\/product"}],"about":[{"href":"https:\/\/gongcenter.ch\/en\/wp-json\/wp\/v2\/types\/product"}],"wp:featuredmedia":[{"embeddable":true,"href":"https:\/\/gongcenter.ch\/en\/wp-json\/wp\/v2\/media\/29148"}],"wp:attachment":[{"href":"https:\/\/gongcenter.ch\/en\/wp-json\/wp\/v2\/media?parent=1382"}],"wp:term":[{"taxonomy":"product_brand","embeddable":true,"href":"https:\/\/gongcenter.ch\/en\/wp-json\/wp\/v2\/product_brand?post=1382"},{"taxonomy":"product_cat","embeddable":true,"href":"https:\/\/gongcenter.ch\/en\/wp-json\/wp\/v2\/product_cat?post=1382"},{"taxonomy":"product_tag","embeddable":true,"href":"https:\/\/gongcenter.ch\/en\/wp-json\/wp\/v2\/product_tag?post=1382"}],"curies":[{"name":"wp","href":"https:\/\/api.w.org\/{rel}","templated":true}]}}