{"id":1396,"date":"2018-07-19T15:41:50","date_gmt":"2018-07-19T14:41:50","guid":{"rendered":"http:\/\/64.131.77.249\/shop.gongcenter.ch\/?post_type=product&#038;p=1396"},"modified":"2026-03-11T13:39:55","modified_gmt":"2026-03-11T12:39:55","slug":"stimmgabel-chakra-set","status":"publish","type":"product","link":"https:\/\/gongcenter.ch\/en\/product\/stimmgabel-chakra-set\/","title":{"rendered":"Meinl Stimmgabel Chakra Set"},"content":{"rendered":"<h2>Das praktische Alltags-Set<\/h2>\n<p>Die MEINL planetarisch gestimmten Stimmgabeln werden in Deutschland gefertigt. Unter Verwendung der Kalkulation von Hans Cousto (Die kosmische Oktave) ist jede Stimmgabel exakt auf die Frequenz der Sonne, Mond und den Planeten gestimmt. Jede Stimmgabel ist so gestimmt um die dazugeh\u00f6rige Frequenz des Himmelsk\u00f6rpers wiederzugeben. Diese Stimmgabeln wurden speziell f\u00fcr therapeutische Anwendungen entwickelt.<\/p>\n<p>Diese planetarischen Stimmgabeln verf\u00fcgen \u00fcber ein gleichm\u00e4\u00dfiges Schwingungsverhalten und h\u00f6chste Stimmgenauigkeit. Sie sind aus qualitativ hochwertigstem Stahl gefertigt, um diese Stimm- und die Frequenzgenauigkeit zu gew\u00e4hrleisten, da kleinste Abweichungen die Wirkungen deutlich ver\u00e4ndern k\u00f6nnen. Jede einzelne Stimmgabel wird manuell so oft geschliffen, bis die geforderte Pr\u00e4zision erreicht ist, denn je genauer Frequenzen aufeinander abgestimmt sind, umso st\u00e4rker ist die Schwingungs\u00fcbertragung.<\/p>\n<p>Das l\u00e4ngere und ergonomisch geformte Griffpolster aus mit Kork gef\u00fclltem thermoplastischen Elastomer (TPE) ist das Ergebnis einer mehrj\u00e4hrigen Entwicklung und erleichtert die Handhabung deutlich. So l\u00e4sst sich die Stimmgabel z.B. bei der Tonakupunktur (Phonophorese) wesentlich leichter und entspannter halten. Seitlich am Gabelarm ist die Schwingungsfrequenz eingraviert.<\/p>\n<p><strong>Gebrauch der Stimmgabeln:<\/strong><\/p>\n<p>Zur Einstimmung von Musikinstrumenten oder Gesangsstimmen auf eine bestimmte Frequenz wird der Stimmgabel kurz angeschlagen, der Ton einige Sekunden geh\u00f6rt und dann die Stimme oder das Instrument auf diesen Ton gebracht. Hierbei wird die Stimmgabel nur relativ kurz gehalten.<\/p>\n<p>Bei der Tonakupunktur \/ Phonophorese massiert die Vibrationen der Stimmgabel die K\u00f6rperzellen und harmonisiert deren nat\u00fcrliche Spannkraft. Nach dem Anschlagen wird sie minutenlang auf den K\u00f6rper aufgesetzt und wenn ihr Vibrieren nachgelassen hat, erneut angeschlagen und wieder aufgesetzt. Dieser Vorgang wird dann mehrfach wiederholt, was ein langes Halten der Stimmgabel erfordert. Das ergonomische Griffpolster erm\u00f6glicht eine entspanntere dauerhafte Anwendung.<\/p>\n<p><strong>Handhabung der Stimmgabeln:<\/strong><\/p>\n<p>Die Stimmgabel wird am Griffpolster mit Daumen und Zeige- und Mittelfinger gehalten, sodass die beiden Gabelarme frei Schwingen k\u00f6nnen. Nun wird das breite Ende eines Gabelarms am Knie oder einem (nicht harten) Gegenstand mit lockerem Schwung aus dem Handgelenk angeschlagen. Durch Aufsetzen des Stielendes der schwingenden Stimmgabel auf den K\u00f6rper wird die Vibration in der entsprechenden Frequenz und Wirkung dorthin \u00fcbertragen.<\/p>\n<p><strong>Zusatzinformation:<\/strong><\/p>\n<p>Die genauen Berechnungsgrundlagen und naturwissenschaftlichen Darstellungen sind in dem Buch von Hans Cousto &#8220;Die kosmische Oktave&#8221; zu finden.<\/p>\n","protected":false},"excerpt":{"rendered":"<strong>Im Set sind folgende Stimmgabeln enthalten:<\/strong>\r\n\r\n1. Chakra \/ Wurzelchakra \/ Lebenskraft \/ erdend \/ Stimmgabel: Erdentag \/ 194,18 Hz\r\n\r\n2. Chakra \/ Sakralchakra \/ Sinnlichkeit \/ flie\u00dfend \/ Stimmgabel: Mondton \/ 210,42 Hz\r\n\r\n3. Chakra \/ Nabelchakra \/ Pers\u00f6nlichkeit \/ aktivierend \/ Stimmgabel: Sonnenton \/ 126,22 Hz\r\n\r\n4. Chakra \/ Herzchakra \/ Hingabe \/ entspannend \/ Stimmgabel: Erdenjahr (OM) \/ 136,10 Hz\r\n\r\n5. Chakra \/ Halschakra \/ Kommunikation \/ verbindend \/ Stimmgabel: Merkur \/ 141,27 Hz\r\n\r\n6. Chakra \/ Stirnchakra \/ Intuition \/ wahrnehmend \/ Stimmgabel: Venus \/ 221,23 Hz\r\n\r\n7. Chakra \/ Kronenchakra \/ Bewusstsein \/ einf\u00fchlend \/ Stimmgabel: Erde Platonisches Jahr, Erdachse \/ 172,06 Hz","protected":false},"featured_media":29152,"template":"","meta":[],"product_brand":[],"product_cat":[503],"product_tag":[],"class_list":{"0":"post-1396","1":"product","2":"type-product","3":"status-publish","4":"has-post-thumbnail","6":"brands-meinl","7":"product_cat-stimmgabeln","8":"product_shipping_class-kostenloser-versand-innerhalb-der-schweiz","10":"first","11":"onbackorder","12":"taxable","13":"shipping-taxable","14":"purchasable","15":"product-type-simple"},"yoast_head":"<!-- This site is optimized with the Yoast SEO plugin v27.0 - https:\/\/yoast.com\/product\/yoast-seo-wordpress\/ -->\n<title>Meinl Stimmgabel Chakra Set - Gong Center Schweiz I Dein Gong und Klanginstrumente Fachgesch\u00e4ft<\/title>\n<meta name=\"robots\" content=\"index, follow, max-snippet:-1, max-image-preview:large, max-video-preview:-1\" \/>\n<link rel=\"canonical\" href=\"https:\/\/gongcenter.ch\/produkt\/stimmgabel-chakra-set\/\" \/>\n<meta property=\"og:locale\" content=\"en_US\" \/>\n<meta property=\"og:type\" content=\"article\" \/>\n<meta property=\"og:title\" content=\"Meinl Stimmgabel Chakra Set - Gong Center Schweiz I Dein Gong und Klanginstrumente Fachgesch\u00e4ft\" \/>\n<meta property=\"og:description\" content=\"Im Set sind folgende Stimmgabeln enthalten:  1. Chakra \/ Wurzelchakra \/ Lebenskraft \/ erdend \/ Stimmgabel: Erdentag \/ 194,18 Hz  2. Chakra \/ Sakralchakra \/ Sinnlichkeit \/ flie\u00dfend \/ Stimmgabel: Mondton \/ 210,42 Hz  3. Chakra \/ Nabelchakra \/ Pers\u00f6nlichkeit \/ aktivierend \/ Stimmgabel: Sonnenton \/ 126,22 Hz  4. Chakra \/ Herzchakra \/ Hingabe \/ entspannend \/ Stimmgabel: Erdenjahr (OM) \/ 136,10 Hz  5. Chakra \/ Halschakra \/ Kommunikation \/ verbindend \/ Stimmgabel: Merkur \/ 141,27 Hz  6. Chakra \/ Stirnchakra \/ Intuition \/ wahrnehmend \/ Stimmgabel: Venus \/ 221,23 Hz  7. Chakra \/ Kronenchakra \/ Bewusstsein \/ einf\u00fchlend \/ Stimmgabel: Erde Platonisches Jahr, Erdachse \/ 172,06 Hz\" \/>\n<meta property=\"og:url\" content=\"https:\/\/gongcenter.ch\/produkt\/stimmgabel-chakra-set\/\" \/>\n<meta property=\"og:site_name\" content=\"Gong Center Schweiz I Dein Gong und Klanginstrumente Fachgesch\u00e4ft\" \/>\n<meta property=\"article:modified_time\" content=\"2026-03-11T12:39:55+00:00\" \/>\n<meta property=\"og:image\" content=\"https:\/\/gongcenter.ch\/app\/uploads\/2022\/09\/meinl-7-Stimmgabeln-Chakra-Set-2.png\" \/>\n\t<meta property=\"og:image:width\" content=\"600\" \/>\n\t<meta property=\"og:image:height\" content=\"600\" \/>\n\t<meta property=\"og:image:type\" content=\"image\/png\" \/>\n<meta name=\"twitter:card\" content=\"summary_large_image\" \/>\n<meta name=\"twitter:label1\" content=\"Est. reading time\" \/>\n\t<meta name=\"twitter:data1\" content=\"3 minutes\" \/>\n<!-- \/ Yoast SEO plugin. -->","yoast_head_json":{"title":"Meinl Stimmgabel Chakra Set - Gong Center Schweiz I Dein Gong und Klanginstrumente Fachgesch\u00e4ft","robots":{"index":"index","follow":"follow","max-snippet":"max-snippet:-1","max-image-preview":"max-image-preview:large","max-video-preview":"max-video-preview:-1"},"canonical":"https:\/\/gongcenter.ch\/produkt\/stimmgabel-chakra-set\/","og_locale":"en_US","og_type":"article","og_title":"Meinl Stimmgabel Chakra Set - Gong Center Schweiz I Dein Gong und Klanginstrumente Fachgesch\u00e4ft","og_description":"Im Set sind folgende Stimmgabeln enthalten:  1. Chakra \/ Wurzelchakra \/ Lebenskraft \/ erdend \/ Stimmgabel: Erdentag \/ 194,18 Hz  2. Chakra \/ Sakralchakra \/ Sinnlichkeit \/ flie\u00dfend \/ Stimmgabel: Mondton \/ 210,42 Hz  3. Chakra \/ Nabelchakra \/ Pers\u00f6nlichkeit \/ aktivierend \/ Stimmgabel: Sonnenton \/ 126,22 Hz  4. Chakra \/ Herzchakra \/ Hingabe \/ entspannend \/ Stimmgabel: Erdenjahr (OM) \/ 136,10 Hz  5. Chakra \/ Halschakra \/ Kommunikation \/ verbindend \/ Stimmgabel: Merkur \/ 141,27 Hz  6. Chakra \/ Stirnchakra \/ Intuition \/ wahrnehmend \/ Stimmgabel: Venus \/ 221,23 Hz  7. Chakra \/ Kronenchakra \/ Bewusstsein \/ einf\u00fchlend \/ Stimmgabel: Erde Platonisches Jahr, Erdachse \/ 172,06 Hz","og_url":"https:\/\/gongcenter.ch\/produkt\/stimmgabel-chakra-set\/","og_site_name":"Gong Center Schweiz I Dein Gong und Klanginstrumente Fachgesch\u00e4ft","article_modified_time":"2026-03-11T12:39:55+00:00","og_image":[{"width":600,"height":600,"url":"https:\/\/gongcenter.ch\/app\/uploads\/2022\/09\/meinl-7-Stimmgabeln-Chakra-Set-2.png","type":"image\/png"}],"twitter_card":"summary_large_image","twitter_misc":{"Est. reading time":"3 minutes"},"schema":{"@context":"https:\/\/schema.org","@graph":[{"@type":"WebPage","@id":"https:\/\/gongcenter.ch\/produkt\/stimmgabel-chakra-set\/","url":"https:\/\/gongcenter.ch\/produkt\/stimmgabel-chakra-set\/","name":"Meinl Stimmgabel Chakra Set - Gong Center Schweiz I Dein Gong und Klanginstrumente Fachgesch\u00e4ft","isPartOf":{"@id":"https:\/\/gongcenter.ch\/#website"},"primaryImageOfPage":{"@id":"https:\/\/gongcenter.ch\/produkt\/stimmgabel-chakra-set\/#primaryimage"},"image":{"@id":"https:\/\/gongcenter.ch\/produkt\/stimmgabel-chakra-set\/#primaryimage"},"thumbnailUrl":"https:\/\/gongcenter.ch\/app\/uploads\/2022\/09\/meinl-7-Stimmgabeln-Chakra-Set-2.png","datePublished":"2018-07-19T14:41:50+00:00","dateModified":"2026-03-11T12:39:55+00:00","breadcrumb":{"@id":"https:\/\/gongcenter.ch\/produkt\/stimmgabel-chakra-set\/#breadcrumb"},"inLanguage":"en-US","potentialAction":[{"@type":"ReadAction","target":["https:\/\/gongcenter.ch\/produkt\/stimmgabel-chakra-set\/"]}]},{"@type":"ImageObject","inLanguage":"en-US","@id":"https:\/\/gongcenter.ch\/produkt\/stimmgabel-chakra-set\/#primaryimage","url":"https:\/\/gongcenter.ch\/app\/uploads\/2022\/09\/meinl-7-Stimmgabeln-Chakra-Set-2.png","contentUrl":"https:\/\/gongcenter.ch\/app\/uploads\/2022\/09\/meinl-7-Stimmgabeln-Chakra-Set-2.png","width":600,"height":600},{"@type":"BreadcrumbList","@id":"https:\/\/gongcenter.ch\/produkt\/stimmgabel-chakra-set\/#breadcrumb","itemListElement":[{"@type":"ListItem","position":1,"name":"Startseite","item":"https:\/\/gongcenter.ch\/en\/"},{"@type":"ListItem","position":2,"name":"Shop","item":"https:\/\/gongcenter.ch\/en\/shop\/"},{"@type":"ListItem","position":3,"name":"Meinl Stimmgabel Chakra Set"}]},{"@type":"WebSite","@id":"https:\/\/gongcenter.ch\/#website","url":"https:\/\/gongcenter.ch\/","name":"Gong Center Schweiz I Dein Gong und Klanginstrumente Fachgesch\u00e4ft","description":"Entdecke eine grosse Gong Auswahl sowie weitere Klanginstrumente - Wir sind Gong Klangtherapeut und bieten dir Top Qualit\u00e4t und Beratung.","publisher":{"@id":"https:\/\/gongcenter.ch\/#organization"},"potentialAction":[{"@type":"SearchAction","target":{"@type":"EntryPoint","urlTemplate":"https:\/\/gongcenter.ch\/?s={search_term_string}"},"query-input":{"@type":"PropertyValueSpecification","valueRequired":true,"valueName":"search_term_string"}}],"inLanguage":"en-US"},{"@type":"Organization","@id":"https:\/\/gongcenter.ch\/#organization","name":"Gongcenter Z\u00fcrich I Das Fachgesch\u00e4ft f\u00fcr Gong und Klang","url":"https:\/\/gongcenter.ch\/","logo":{"@type":"ImageObject","inLanguage":"en-US","@id":"https:\/\/gongcenter.ch\/#\/schema\/logo\/image\/","url":"https:\/\/gongcenter.ch\/app\/uploads\/2018\/05\/Gong-Center_Logo_2000_black.png","contentUrl":"https:\/\/gongcenter.ch\/app\/uploads\/2018\/05\/Gong-Center_Logo_2000_black.png","width":2000,"height":600,"caption":"Gongcenter Z\u00fcrich I Das Fachgesch\u00e4ft f\u00fcr Gong und Klang"},"image":{"@id":"https:\/\/gongcenter.ch\/#\/schema\/logo\/image\/"}}]}},"acf":[],"_links":{"self":[{"href":"https:\/\/gongcenter.ch\/en\/wp-json\/wp\/v2\/product\/1396","targetHints":{"allow":["GET"]}}],"collection":[{"href":"https:\/\/gongcenter.ch\/en\/wp-json\/wp\/v2\/product"}],"about":[{"href":"https:\/\/gongcenter.ch\/en\/wp-json\/wp\/v2\/types\/product"}],"wp:featuredmedia":[{"embeddable":true,"href":"https:\/\/gongcenter.ch\/en\/wp-json\/wp\/v2\/media\/29152"}],"wp:attachment":[{"href":"https:\/\/gongcenter.ch\/en\/wp-json\/wp\/v2\/media?parent=1396"}],"wp:term":[{"taxonomy":"product_brand","embeddable":true,"href":"https:\/\/gongcenter.ch\/en\/wp-json\/wp\/v2\/product_brand?post=1396"},{"taxonomy":"product_cat","embeddable":true,"href":"https:\/\/gongcenter.ch\/en\/wp-json\/wp\/v2\/product_cat?post=1396"},{"taxonomy":"product_tag","embeddable":true,"href":"https:\/\/gongcenter.ch\/en\/wp-json\/wp\/v2\/product_tag?post=1396"}],"curies":[{"name":"wp","href":"https:\/\/api.w.org\/{rel}","templated":true}]}}