{"id":1508,"date":"2018-07-20T10:54:16","date_gmt":"2018-07-20T09:54:16","guid":{"rendered":"http:\/\/64.131.77.249\/shop.gongcenter.ch\/?post_type=product&#038;p=1508"},"modified":"2024-08-22T11:44:10","modified_gmt":"2024-08-22T10:44:10","slug":"gongland-planeten-gong-merkur-2","status":"publish","type":"product","link":"https:\/\/gongcenter.ch\/en\/product\/gongland-planeten-gong-merkur-2\/","title":{"rendered":"Mikrophonie Gong 150 cm"},"content":{"rendered":"<p>Dieser Grossgong mit 150 cm \u00d8 aus der Gongmanufaktur PAISTE ist ein grundt\u00f6nig gestimmter Flachgong mit einer leicht vorgedr\u00fcckten Membran. Er stammt aus einer Entwicklung f\u00fcr Stockhausen und hat ein sehr sch\u00f6nes, f\u00fcr einen Grossgong &#8220;zartes&#8221; Klangvolumen.<\/p>\n<p>Sein allumfassender Klang ist von gro\u00dfer F\u00fclle und dynamischer Bandbreite mit einem ruhigen, ausgeglichenen Obertonspektrum. Viele Einzel-Klangspektren vereinen sich zu einem immensen dynamischen Volumen mit ausgepr\u00e4gtem Grundton. Schon bei mittlerer Lautst\u00e4rke erzeugt dieser Gong ein angenehmes und intensives Druckfeld, das den ganzen K\u00f6rper umh\u00fcllt. Dieser Gong eignet sich mit seinem breiten Klangspektrum hervorragend f\u00fcr Konzerte und Gongmeditationen.<\/p>\n<p>Trotz seines Klangvolumens kann dieser Gong so zart gespielt werden, dass er auch f\u00fcr kleinere R\u00e4ume gut geeignet ist.<\/p>\n<p>Seine assoziierten Attribute sind: edel, gewaltig, z\u00e4rtlich, rein, kosmisch, f\u00fchrend, str\u00f6mend, geheimnisvoll, strahlend, unerforschlich, g\u00fctig, weise und entsprechen k\u00f6rperlich dem gesamten K\u00f6rper, Aufrichtekraft, Solarplexus, Magen, Atmung, Nebenh\u00f6hlen.<\/p>\n<p>Die empfohlenen Mallet-Gr\u00f6\u00dfen liegen zwischen 5 und 8. Diese Artikel finden Sie unter Zubeh\u00f6r.<\/p>\n<p>Die Erstellung eines Gongs in dieser Gr\u00f6sse erfolgt per Auftrag und Vorauszahlung, es dauert mehrere Monate.<\/p>\n","protected":false},"excerpt":{"rendered":"Dieser Grossgong mit 150 cm \u00d8 aus der Gongmanufaktur PAISTE ist ein grundt\u00f6nig gestimmter Flachgong mit einer leicht vorgedr\u00fcckten","protected":false},"featured_media":29208,"template":"","meta":[],"product_brand":[],"product_cat":[678],"product_tag":[],"class_list":{"0":"post-1508","1":"product","2":"type-product","3":"status-publish","4":"has-post-thumbnail","6":"brands-paiste","7":"product_cat-symphonic-gong-paiste-gongs","8":"product_shipping_class-kostenloser-versand-innerhalb-der-schweiz","10":"first","11":"instock","12":"sold-individually","13":"taxable","14":"shipping-taxable","15":"purchasable","16":"product-type-simple"},"yoast_head":"<!-- This site is optimized with the Yoast SEO plugin v27.0 - https:\/\/yoast.com\/product\/yoast-seo-wordpress\/ -->\n<title>Paiste Mikrophonie Gong 150 cm | Der allumfassende Klang<\/title>\n<meta name=\"description\" content=\"Der Mikrophonie Gong von Paiste erzeugt einen allumfassenden Klang von grosser F\u00fclle und dynamischer Bandbreite.\" \/>\n<meta name=\"robots\" content=\"index, follow, max-snippet:-1, max-image-preview:large, max-video-preview:-1\" \/>\n<link rel=\"canonical\" href=\"https:\/\/gongcenter.ch\/produkt\/gongland-planeten-gong-merkur-2\/\" \/>\n<meta property=\"og:locale\" content=\"en_US\" \/>\n<meta property=\"og:type\" content=\"article\" \/>\n<meta property=\"og:title\" content=\"Paiste Mikrophonie Gong 150 cm | Der allumfassende Klang\" \/>\n<meta property=\"og:description\" content=\"Der Mikrophonie Gong von Paiste erzeugt einen allumfassenden Klang von grosser F\u00fclle und dynamischer Bandbreite.\" \/>\n<meta property=\"og:url\" content=\"https:\/\/gongcenter.ch\/produkt\/gongland-planeten-gong-merkur-2\/\" \/>\n<meta property=\"og:site_name\" content=\"Gong Center Schweiz I Dein Gong und Klanginstrumente Fachgesch\u00e4ft\" \/>\n<meta property=\"article:modified_time\" content=\"2024-08-22T10:44:10+00:00\" \/>\n<meta property=\"og:image\" content=\"https:\/\/gongcenter.ch\/app\/uploads\/2022\/09\/PAISTE-Mikrophonie-Gong-150cm-2.png\" \/>\n\t<meta property=\"og:image:width\" content=\"600\" \/>\n\t<meta property=\"og:image:height\" content=\"600\" \/>\n\t<meta property=\"og:image:type\" content=\"image\/png\" \/>\n<meta name=\"twitter:card\" content=\"summary_large_image\" \/>\n<meta name=\"twitter:label1\" content=\"Est. reading time\" \/>\n\t<meta name=\"twitter:data1\" content=\"1 minute\" \/>\n<!-- \/ Yoast SEO plugin. -->","yoast_head_json":{"title":"Paiste Mikrophonie Gong 150 cm | Der allumfassende Klang","description":"Der Mikrophonie Gong von Paiste erzeugt einen allumfassenden Klang von grosser F\u00fclle und dynamischer Bandbreite.","robots":{"index":"index","follow":"follow","max-snippet":"max-snippet:-1","max-image-preview":"max-image-preview:large","max-video-preview":"max-video-preview:-1"},"canonical":"https:\/\/gongcenter.ch\/produkt\/gongland-planeten-gong-merkur-2\/","og_locale":"en_US","og_type":"article","og_title":"Paiste Mikrophonie Gong 150 cm | Der allumfassende Klang","og_description":"Der Mikrophonie Gong von Paiste erzeugt einen allumfassenden Klang von grosser F\u00fclle und dynamischer Bandbreite.","og_url":"https:\/\/gongcenter.ch\/produkt\/gongland-planeten-gong-merkur-2\/","og_site_name":"Gong Center Schweiz I Dein Gong und Klanginstrumente Fachgesch\u00e4ft","article_modified_time":"2024-08-22T10:44:10+00:00","og_image":[{"width":600,"height":600,"url":"https:\/\/gongcenter.ch\/app\/uploads\/2022\/09\/PAISTE-Mikrophonie-Gong-150cm-2.png","type":"image\/png"}],"twitter_card":"summary_large_image","twitter_misc":{"Est. reading time":"1 minute"},"schema":{"@context":"https:\/\/schema.org","@graph":[{"@type":"WebPage","@id":"https:\/\/gongcenter.ch\/produkt\/gongland-planeten-gong-merkur-2\/","url":"https:\/\/gongcenter.ch\/produkt\/gongland-planeten-gong-merkur-2\/","name":"Paiste Mikrophonie Gong 150 cm | Der allumfassende Klang","isPartOf":{"@id":"https:\/\/gongcenter.ch\/#website"},"primaryImageOfPage":{"@id":"https:\/\/gongcenter.ch\/produkt\/gongland-planeten-gong-merkur-2\/#primaryimage"},"image":{"@id":"https:\/\/gongcenter.ch\/produkt\/gongland-planeten-gong-merkur-2\/#primaryimage"},"thumbnailUrl":"https:\/\/gongcenter.ch\/app\/uploads\/2022\/09\/PAISTE-Mikrophonie-Gong-150cm-2.png","datePublished":"2018-07-20T09:54:16+00:00","dateModified":"2024-08-22T10:44:10+00:00","description":"Der Mikrophonie Gong von Paiste erzeugt einen allumfassenden Klang von grosser F\u00fclle und dynamischer Bandbreite.","breadcrumb":{"@id":"https:\/\/gongcenter.ch\/produkt\/gongland-planeten-gong-merkur-2\/#breadcrumb"},"inLanguage":"en-US","potentialAction":[{"@type":"ReadAction","target":["https:\/\/gongcenter.ch\/produkt\/gongland-planeten-gong-merkur-2\/"]}]},{"@type":"ImageObject","inLanguage":"en-US","@id":"https:\/\/gongcenter.ch\/produkt\/gongland-planeten-gong-merkur-2\/#primaryimage","url":"https:\/\/gongcenter.ch\/app\/uploads\/2022\/09\/PAISTE-Mikrophonie-Gong-150cm-2.png","contentUrl":"https:\/\/gongcenter.ch\/app\/uploads\/2022\/09\/PAISTE-Mikrophonie-Gong-150cm-2.png","width":600,"height":600},{"@type":"BreadcrumbList","@id":"https:\/\/gongcenter.ch\/produkt\/gongland-planeten-gong-merkur-2\/#breadcrumb","itemListElement":[{"@type":"ListItem","position":1,"name":"Startseite","item":"https:\/\/gongcenter.ch\/en\/"},{"@type":"ListItem","position":2,"name":"Shop","item":"https:\/\/gongcenter.ch\/en\/shop\/"},{"@type":"ListItem","position":3,"name":"Mikrophonie Gong 150 cm"}]},{"@type":"WebSite","@id":"https:\/\/gongcenter.ch\/#website","url":"https:\/\/gongcenter.ch\/","name":"Gong Center Schweiz I Dein Gong und Klanginstrumente Fachgesch\u00e4ft","description":"Entdecke eine grosse Gong Auswahl sowie weitere Klanginstrumente - Wir sind Gong Klangtherapeut und bieten dir Top Qualit\u00e4t und Beratung.","publisher":{"@id":"https:\/\/gongcenter.ch\/#organization"},"potentialAction":[{"@type":"SearchAction","target":{"@type":"EntryPoint","urlTemplate":"https:\/\/gongcenter.ch\/?s={search_term_string}"},"query-input":{"@type":"PropertyValueSpecification","valueRequired":true,"valueName":"search_term_string"}}],"inLanguage":"en-US"},{"@type":"Organization","@id":"https:\/\/gongcenter.ch\/#organization","name":"Gongcenter Z\u00fcrich I Das Fachgesch\u00e4ft f\u00fcr Gong und Klang","url":"https:\/\/gongcenter.ch\/","logo":{"@type":"ImageObject","inLanguage":"en-US","@id":"https:\/\/gongcenter.ch\/#\/schema\/logo\/image\/","url":"https:\/\/gongcenter.ch\/app\/uploads\/2018\/05\/Gong-Center_Logo_2000_black.png","contentUrl":"https:\/\/gongcenter.ch\/app\/uploads\/2018\/05\/Gong-Center_Logo_2000_black.png","width":2000,"height":600,"caption":"Gongcenter Z\u00fcrich I Das Fachgesch\u00e4ft f\u00fcr Gong und Klang"},"image":{"@id":"https:\/\/gongcenter.ch\/#\/schema\/logo\/image\/"}}]}},"acf":[],"_links":{"self":[{"href":"https:\/\/gongcenter.ch\/en\/wp-json\/wp\/v2\/product\/1508","targetHints":{"allow":["GET"]}}],"collection":[{"href":"https:\/\/gongcenter.ch\/en\/wp-json\/wp\/v2\/product"}],"about":[{"href":"https:\/\/gongcenter.ch\/en\/wp-json\/wp\/v2\/types\/product"}],"wp:featuredmedia":[{"embeddable":true,"href":"https:\/\/gongcenter.ch\/en\/wp-json\/wp\/v2\/media\/29208"}],"wp:attachment":[{"href":"https:\/\/gongcenter.ch\/en\/wp-json\/wp\/v2\/media?parent=1508"}],"wp:term":[{"taxonomy":"product_brand","embeddable":true,"href":"https:\/\/gongcenter.ch\/en\/wp-json\/wp\/v2\/product_brand?post=1508"},{"taxonomy":"product_cat","embeddable":true,"href":"https:\/\/gongcenter.ch\/en\/wp-json\/wp\/v2\/product_cat?post=1508"},{"taxonomy":"product_tag","embeddable":true,"href":"https:\/\/gongcenter.ch\/en\/wp-json\/wp\/v2\/product_tag?post=1508"}],"curies":[{"name":"wp","href":"https:\/\/api.w.org\/{rel}","templated":true}]}}