{"id":1511,"date":"2018-07-20T10:17:42","date_gmt":"2018-07-20T09:17:42","guid":{"rendered":"http:\/\/64.131.77.249\/shop.gongcenter.ch\/?post_type=product&#038;p=1511"},"modified":"2026-03-19T14:07:39","modified_gmt":"2026-03-19T13:07:39","slug":"paiste-planeten-gong-merkur","status":"publish","type":"product","link":"https:\/\/gongcenter.ch\/en\/product\/paiste-planeten-gong-merkur\/","title":{"rendered":"PAISTE Merkur Gong 32&#8243;"},"content":{"rendered":"<p>Dieser planetarische Gong ist gestimmt auf den Ton C2#\/Cis. Der Merkur ist der sonnenn\u00e4chste Planet und er\u00f6ffnet den Reigen der planetaren archetypischen Frequenzen.<\/p>\n<p>Der Merkur steht f\u00fcr das kommunikative, kaufm\u00e4nnische Gl\u00fcck und Geschick und er\u00f6ffnet die Perspektive f\u00fcr ein erweitertes Selbstverst\u00e4ndnis des Menschen.<\/p>\n<p>Der Merkur-Gong ist ein zentraler Einstiegsklang in Konzertsituationen. Die wichtigste Regel des Merkur ist: der \u00dcberbringer einer Botschaft ist nicht zwangsl\u00e4ufig auch der Urheber der Botschaft.<\/p>\n<p>Da die Planetent\u00f6ne heliozentrische T\u00f6ne sind, haben sie f\u00fcr die physiologischen Zusammenh\u00e4nge nicht die Bedeutung, wie sie den Frequenzen der Erde und des Mondes zukommen. Sie sind jedoch insofern wichtig, weil sich \u00fcber sie die unterschiedlichen Archetypen-Konstellationen der menschlichen Psyche erschlie\u00dfen.<\/p>\n<p>Jeder Mensch hat durch seine astronomische Konstellation eine Spiegelung der Zeitqualit\u00e4t im Moment seiner Geburt. Merkur steht f\u00fcr die Sternzeichen Jungfrau und Zwilling.<\/p>\n<p>SPIEL-TIP<\/p>\n<p>Das Spielen mit zwei Mallets l\u00e4sst sich erweitern und gestaltet sich umso interessanter, wenn zwei verschieden gro\u00dfe und somit unterschiedlich schwere Mallets einsetzt werden. Durch die unterschiedlichen Schwungmassen werden andere Frequenzbereiche freigesetzt und das Klangbild kann noch umfassender werden. Bei dieser erweiterten Spieltechnik ist die Abh\u00e4ngigkeit des Anspielens von der synchronisierten Atemwelle besonders wichtig.<\/p>\n<p>PFLEGE<\/p>\n<p>Gongs laden dazu ein, angefasst zu werden. Das Material ist grunds\u00e4tzlich extrem trocken und hat die Eigenschaft, sofort die nat\u00fcrlichen Fette und \u00d6le aus der Haut aufzusaugen. Der Gong entwickelt dadurch eine leicht unansehnliche Optik. Umgehen Sie dies, indem sie das Pflegen der Oberfl\u00e4che zur Routine werden lassen. Geeignet zur Plege sind Silber- und Metallputzmittel. Seien Sie sorgsam mit dem Nachpolieren, damit die Mallets nicht dunkel werden durch Reste von Putzmittel. Der Klang wird durch die Optik eines Gongs in keinem Fall beeintr\u00e4chtigt.<\/p>\n<p>&nbsp;<\/p>\n","protected":false},"excerpt":{"rendered":"Dieser planetarische Gong ist gestimmt auf den Ton C3#\/Cis mit 141,27 Hz. Diese Frequenz wurde von Hans Cousto, dem Autor der kosmischen Oktave, mathematisch ermittelt.\r\n<ul>\r\n \t<li>Gr\u00f6sse: 32&#8243; (81cm)<\/li>\r\n \t<li>Ton: C2#\/Cis &#8211; 70.64 Hz<\/li>\r\n<\/ul>\r\n<div><\/div>\r\n<div><strong>Planetarische Stimmung nach Hans Cousto<\/strong><\/div>\r\n<ul>\r\n \t<li>3. Oktave: C3#\/cis &#8211; 141.27 Hz<\/li>\r\n<\/ul>","protected":false},"featured_media":29212,"template":"","meta":[],"product_brand":[],"product_cat":[493,37],"product_tag":[],"class_list":{"0":"post-1511","1":"product","2":"type-product","3":"status-publish","4":"has-post-thumbnail","6":"brands-paiste","7":"product_cat-tuned-gongs","8":"product_cat-planeten-gongs","9":"product_shipping_class-kostenloser-versand-innerhalb-der-schweiz","11":"first","12":"instock","13":"sold-individually","14":"taxable","15":"shipping-taxable","16":"purchasable","17":"product-type-simple"},"yoast_head":"<!-- This site is optimized with the Yoast SEO plugin v27.0 - https:\/\/yoast.com\/product\/yoast-seo-wordpress\/ -->\n<title>PAISTE Planeten Gong Merkur<\/title>\n<meta name=\"description\" content=\"Der Merkur Planeten Gong von PAISTE er\u00f6ffnet neue Perspektiven. Er steht f\u00fcr Logik und Neuorientierung. Jetzt im Showroom probespielen.\" \/>\n<meta name=\"robots\" content=\"index, follow, max-snippet:-1, max-image-preview:large, max-video-preview:-1\" \/>\n<link rel=\"canonical\" href=\"https:\/\/gongcenter.ch\/produkt\/paiste-planeten-gong-merkur\/\" \/>\n<meta property=\"og:locale\" content=\"en_US\" \/>\n<meta property=\"og:type\" content=\"article\" \/>\n<meta property=\"og:title\" content=\"PAISTE Planeten Gong Merkur\" \/>\n<meta property=\"og:description\" content=\"Der Merkur Planeten Gong von PAISTE er\u00f6ffnet neue Perspektiven. Er steht f\u00fcr Logik und Neuorientierung. Jetzt im Showroom probespielen.\" \/>\n<meta property=\"og:url\" content=\"https:\/\/gongcenter.ch\/produkt\/paiste-planeten-gong-merkur\/\" \/>\n<meta property=\"og:site_name\" content=\"Gong Center Schweiz I Dein Gong und Klanginstrumente Fachgesch\u00e4ft\" \/>\n<meta property=\"article:modified_time\" content=\"2026-03-19T13:07:39+00:00\" \/>\n<meta property=\"og:image\" content=\"https:\/\/gongcenter.ch\/app\/uploads\/2022\/09\/PAISTE-Merkur-Gong-81cm-2.png\" \/>\n\t<meta property=\"og:image:width\" content=\"600\" \/>\n\t<meta property=\"og:image:height\" content=\"600\" \/>\n\t<meta property=\"og:image:type\" content=\"image\/png\" \/>\n<meta name=\"twitter:card\" content=\"summary_large_image\" \/>\n<meta name=\"twitter:label1\" content=\"Est. reading time\" \/>\n\t<meta name=\"twitter:data1\" content=\"2 minutes\" \/>\n<!-- \/ Yoast SEO plugin. -->","yoast_head_json":{"title":"PAISTE Planeten Gong Merkur","description":"Der Merkur Planeten Gong von PAISTE er\u00f6ffnet neue Perspektiven. Er steht f\u00fcr Logik und Neuorientierung. Jetzt im Showroom probespielen.","robots":{"index":"index","follow":"follow","max-snippet":"max-snippet:-1","max-image-preview":"max-image-preview:large","max-video-preview":"max-video-preview:-1"},"canonical":"https:\/\/gongcenter.ch\/produkt\/paiste-planeten-gong-merkur\/","og_locale":"en_US","og_type":"article","og_title":"PAISTE Planeten Gong Merkur","og_description":"Der Merkur Planeten Gong von PAISTE er\u00f6ffnet neue Perspektiven. Er steht f\u00fcr Logik und Neuorientierung. Jetzt im Showroom probespielen.","og_url":"https:\/\/gongcenter.ch\/produkt\/paiste-planeten-gong-merkur\/","og_site_name":"Gong Center Schweiz I Dein Gong und Klanginstrumente Fachgesch\u00e4ft","article_modified_time":"2026-03-19T13:07:39+00:00","og_image":[{"width":600,"height":600,"url":"https:\/\/gongcenter.ch\/app\/uploads\/2022\/09\/PAISTE-Merkur-Gong-81cm-2.png","type":"image\/png"}],"twitter_card":"summary_large_image","twitter_misc":{"Est. reading time":"2 minutes"},"schema":{"@context":"https:\/\/schema.org","@graph":[{"@type":"WebPage","@id":"https:\/\/gongcenter.ch\/produkt\/paiste-planeten-gong-merkur\/","url":"https:\/\/gongcenter.ch\/produkt\/paiste-planeten-gong-merkur\/","name":"PAISTE Planeten Gong Merkur","isPartOf":{"@id":"https:\/\/gongcenter.ch\/#website"},"primaryImageOfPage":{"@id":"https:\/\/gongcenter.ch\/produkt\/paiste-planeten-gong-merkur\/#primaryimage"},"image":{"@id":"https:\/\/gongcenter.ch\/produkt\/paiste-planeten-gong-merkur\/#primaryimage"},"thumbnailUrl":"https:\/\/gongcenter.ch\/app\/uploads\/2022\/09\/PAISTE-Merkur-Gong-81cm-2.png","datePublished":"2018-07-20T09:17:42+00:00","dateModified":"2026-03-19T13:07:39+00:00","description":"Der Merkur Planeten Gong von PAISTE er\u00f6ffnet neue Perspektiven. Er steht f\u00fcr Logik und Neuorientierung. Jetzt im Showroom probespielen.","breadcrumb":{"@id":"https:\/\/gongcenter.ch\/produkt\/paiste-planeten-gong-merkur\/#breadcrumb"},"inLanguage":"en-US","potentialAction":[{"@type":"ReadAction","target":["https:\/\/gongcenter.ch\/produkt\/paiste-planeten-gong-merkur\/"]}]},{"@type":"ImageObject","inLanguage":"en-US","@id":"https:\/\/gongcenter.ch\/produkt\/paiste-planeten-gong-merkur\/#primaryimage","url":"https:\/\/gongcenter.ch\/app\/uploads\/2022\/09\/PAISTE-Merkur-Gong-81cm-2.png","contentUrl":"https:\/\/gongcenter.ch\/app\/uploads\/2022\/09\/PAISTE-Merkur-Gong-81cm-2.png","width":600,"height":600},{"@type":"BreadcrumbList","@id":"https:\/\/gongcenter.ch\/produkt\/paiste-planeten-gong-merkur\/#breadcrumb","itemListElement":[{"@type":"ListItem","position":1,"name":"Startseite","item":"https:\/\/gongcenter.ch\/en\/"},{"@type":"ListItem","position":2,"name":"Shop","item":"https:\/\/gongcenter.ch\/en\/shop\/"},{"@type":"ListItem","position":3,"name":"PAISTE Merkur Gong 32&#8243;"}]},{"@type":"WebSite","@id":"https:\/\/gongcenter.ch\/#website","url":"https:\/\/gongcenter.ch\/","name":"Gong Center Schweiz I Dein Gong und Klanginstrumente Fachgesch\u00e4ft","description":"Entdecke eine grosse Gong Auswahl sowie weitere Klanginstrumente - Wir sind Gong Klangtherapeut und bieten dir Top Qualit\u00e4t und Beratung.","publisher":{"@id":"https:\/\/gongcenter.ch\/#organization"},"potentialAction":[{"@type":"SearchAction","target":{"@type":"EntryPoint","urlTemplate":"https:\/\/gongcenter.ch\/?s={search_term_string}"},"query-input":{"@type":"PropertyValueSpecification","valueRequired":true,"valueName":"search_term_string"}}],"inLanguage":"en-US"},{"@type":"Organization","@id":"https:\/\/gongcenter.ch\/#organization","name":"Gongcenter Z\u00fcrich I Das Fachgesch\u00e4ft f\u00fcr Gong und Klang","url":"https:\/\/gongcenter.ch\/","logo":{"@type":"ImageObject","inLanguage":"en-US","@id":"https:\/\/gongcenter.ch\/#\/schema\/logo\/image\/","url":"https:\/\/gongcenter.ch\/app\/uploads\/2018\/05\/Gong-Center_Logo_2000_black.png","contentUrl":"https:\/\/gongcenter.ch\/app\/uploads\/2018\/05\/Gong-Center_Logo_2000_black.png","width":2000,"height":600,"caption":"Gongcenter Z\u00fcrich I Das Fachgesch\u00e4ft f\u00fcr Gong und Klang"},"image":{"@id":"https:\/\/gongcenter.ch\/#\/schema\/logo\/image\/"}}]}},"acf":[],"_links":{"self":[{"href":"https:\/\/gongcenter.ch\/en\/wp-json\/wp\/v2\/product\/1511","targetHints":{"allow":["GET"]}}],"collection":[{"href":"https:\/\/gongcenter.ch\/en\/wp-json\/wp\/v2\/product"}],"about":[{"href":"https:\/\/gongcenter.ch\/en\/wp-json\/wp\/v2\/types\/product"}],"wp:featuredmedia":[{"embeddable":true,"href":"https:\/\/gongcenter.ch\/en\/wp-json\/wp\/v2\/media\/29212"}],"wp:attachment":[{"href":"https:\/\/gongcenter.ch\/en\/wp-json\/wp\/v2\/media?parent=1511"}],"wp:term":[{"taxonomy":"product_brand","embeddable":true,"href":"https:\/\/gongcenter.ch\/en\/wp-json\/wp\/v2\/product_brand?post=1511"},{"taxonomy":"product_cat","embeddable":true,"href":"https:\/\/gongcenter.ch\/en\/wp-json\/wp\/v2\/product_cat?post=1511"},{"taxonomy":"product_tag","embeddable":true,"href":"https:\/\/gongcenter.ch\/en\/wp-json\/wp\/v2\/product_tag?post=1511"}],"curies":[{"name":"wp","href":"https:\/\/api.w.org\/{rel}","templated":true}]}}