{"id":1517,"date":"2018-07-20T11:25:23","date_gmt":"2018-07-20T10:25:23","guid":{"rendered":"http:\/\/64.131.77.249\/shop.gongcenter.ch\/?post_type=product&#038;p=1517"},"modified":"2025-11-14T14:50:43","modified_gmt":"2025-11-14T13:50:43","slug":"paiste-planeten-gong-mars","status":"publish","type":"product","link":"https:\/\/gongcenter.ch\/en\/product\/paiste-planeten-gong-mars\/","title":{"rendered":"PAISTE Mars Gong  32&#8243;"},"content":{"rendered":"<p>Dieser planetarische Symphonie-Gong ist gestimmt auf den Ton D mit 144,72 Hz. Diese Frequenz wurde von Hans Cousto, dem Autor der kosmischen Oktave, mathematisch ermittelt. Die ihm entsprechende Farbschwingung ist ein blau mit ca. 470 Nanometern.<\/p>\n<p>Mars steht f\u00fcr das Prinzip des Willens, der zielgerichteten Kraft, Mut und Durchsetzungsverm\u00f6gen. Seine mythologischen Konzepte als Kriegsgott deuten trefflich an, was f\u00fcr ein Assoziationsfeld von einem marsianischen Klangfeld zu erwarten ist und wie es innerhalb der gef\u00fchrten Meditationen eingesetzt werden kann.<\/p>\n<p>Der Mars ist der erste Planet au\u00dferhalb des Erde-Sonne Raums und erfreut sich durch die sensationelle Curiosity-Mission der NASA besonderer Aufmerksamkeit; dieser Gong liefert quasi den Soundtrack f\u00fcr den Aufbruch in das Weltraum-Zeitalter.<\/p>\n<p>Da die Planetent\u00f6ne heliozentrische T\u00f6ne sind, haben sie f\u00fcr die physiologischen Zusammenh\u00e4nge nicht die Bedeutung, wie sie den Frequenzen der Erde und des Mondes zukommen. Sie sind jedoch insofern wichtig, weil sich \u00fcber sie die unterschiedlichen Archetypen-Konstellationen der menschlichen Psyche erschlie\u00dfen.<\/p>\n<p>Jeder Mensch hat durch seine astronomische Konstellation eine Spiegelung der Zeitqualit\u00e4t im Moment seiner Geburt. Im Mars finden wir die Sternzeichen Widder und Skorpion.<\/p>\n<p>S\u00e4mtliche Planetengongs wurden von Jens Zygar in Zusammenarbeit mit der Firma Paiste entwickelt. Wenn Sie genaueres dazu wissen m\u00f6chten, kontaktieren Sie uns gerne.<\/p>\n<p>Der entsprechende, passende Schlegel ist der Gong Mallet M4 &#8211; M6.<\/p>\n<p>Als St\u00e4nder empfehlen wir den einfachen Orchesterst\u00e4nder von Meinl, da der Gong durch das freie H\u00e4ngen optimal zur Geltung kommt und alle Anspielm\u00f6glichkeiten genutzt werden k\u00f6nnen.<\/p>\n<p>SPIEL &#8211; TIP<\/p>\n<p>Da diesem Gong eine Affinit\u00e4t zu Willens- und Tatkraft zugesprochen wird, ist eine eher extrovertierte Spielweise im gehobenen Dynamik-Bereich angezeigt. Sein umfassendes Klangspektrum fordert daher den Spieler \/ die Spielerin in ihrer Spielbef\u00e4higung.<\/p>\n<p>Versierte Gongspieler wissen, dass ein gekonnter Anschlag eines symphonischen Gongs nicht das Zentrum des Instruments treffen sollte, sondern dass der perfekte Schlagpunkt sich bei ca. 17 und 19 Uhr auf dem \u00e4u\u00dferen Drittelpunkt des Gongdurchmessers befindet! Gerade bei den lauten Spielweisen liefert nur der perfekte Resonanz-Ansatz auch ein physiologisches Klangerlebnis.<\/p>\n<p>INFO<\/p>\n<p>Sein perfektes Crescendo in den oberen Tonlagen bei gleichzeitiger Pr\u00e4senz der Basst\u00f6ne passt sehr gut zu den dem Mars zugeschriebenen Assoziationen und verdeutlicht auch, warum diese Gongs aus der norddeutschen Gongschmiede zu den am besten klingenden Instrumenten \u00fcberhaupt geh\u00f6ren und zu Recht einen Ruf als weltbeste Gongs geniessen. Wenn Sie daran denken sollten sich einen dieser wunderbaren, erlebnistr\u00e4chtigen Planetengongs zuzulegen, k\u00f6nnen Sie sich sicher sein, dass Sie ein wertbest\u00e4ndiges Werkst\u00fcck erwerben, das im Verlauf der Zeit an Klang und Wert gewinnt!<\/p>\n<p>PFLEGE<\/p>\n<p>Gongs laden dazu ein, angefasst zu werden. Das Material ist grunds\u00e4tzlich extrem trocken und hat die Eigenschaft, sofort die nat\u00fcrlichen Fette und \u00d6le aus der Haut aufzusaugen. Der Gong entwickelt dadurch eine leicht unansehnliche Optik. Umgehen Sie dies, indem sie das Pflegen der Oberfl\u00e4che zur Routine werden lassen. Geeignet zur Plege sind Silber- und Metallputzmittel, sehr bew\u00e4hrt hat sich der Magic Kochfeldreiniger. Seien Sie sorgsam mit dem Nachpolieren, damit die Mallets nicht dunkel werden durch Reste von Putzmittel. Der Klang wird durch die Optik eines Gongs in keinem Fall beeintr\u00e4chtigt.<\/p>\n","protected":false},"excerpt":{"rendered":"Dieser planetarische Symphonie-Gong ist gestimmt auf den Ton D mit 144,72 Hz. Diese Frequenz wurde von Hans Cousto, dem Autor der kosmischen Oktave, mathematisch ermittelt.\r\n<ul>\r\n \t<li>Gr\u00f6sse: 32&#8243; (81cm)<\/li>\r\n \t<li>Ton: D2 &#8211; 72.36 Hz<\/li>\r\n<\/ul>\r\n<div><\/div>\r\n<div><strong>Planetarische Stimmung nach Hans Cousto<\/strong><\/div>\r\n<ul>\r\n \t<li>3. Oktave: D3\/d &#8211; 144.72 Hz<\/li>\r\n<\/ul>","protected":false},"featured_media":29218,"template":"","meta":[],"product_brand":[],"product_cat":[1422,493,37],"product_tag":[],"class_list":{"0":"post-1517","1":"product","2":"type-product","3":"status-publish","4":"has-post-thumbnail","6":"brands-paiste","7":"product_cat-gongs-auf-lager","8":"product_cat-tuned-gongs","9":"product_cat-planeten-gongs","10":"product_shipping_class-kostenloser-versand-innerhalb-der-schweiz","12":"first","13":"instock","14":"sold-individually","15":"taxable","16":"shipping-taxable","17":"purchasable","18":"product-type-simple"},"yoast_head":"<!-- This site is optimized with the Yoast SEO plugin v27.0 - https:\/\/yoast.com\/product\/yoast-seo-wordpress\/ -->\n<title>PAISTE Planeten Gong Mars I Der Klang von Kraft und Mut<\/title>\n<meta name=\"description\" content=\"Der Mars Planeten Gong von PAISTE ist auf den Ton D mit 144,72 Hz gestimmt. Er aktiviert das Durchsetzungsverm\u00f6gen.\" \/>\n<meta name=\"robots\" content=\"index, follow, max-snippet:-1, max-image-preview:large, max-video-preview:-1\" \/>\n<link rel=\"canonical\" href=\"https:\/\/gongcenter.ch\/produkt\/paiste-planeten-gong-mars\/\" \/>\n<meta property=\"og:locale\" content=\"en_US\" \/>\n<meta property=\"og:type\" content=\"article\" \/>\n<meta property=\"og:title\" content=\"PAISTE Planeten Gong Mars I Der Klang von Kraft und Mut\" \/>\n<meta property=\"og:description\" content=\"Der Mars Planeten Gong von PAISTE ist auf den Ton D mit 144,72 Hz gestimmt. Er aktiviert das Durchsetzungsverm\u00f6gen.\" \/>\n<meta property=\"og:url\" content=\"https:\/\/gongcenter.ch\/produkt\/paiste-planeten-gong-mars\/\" \/>\n<meta property=\"og:site_name\" content=\"Gong Center Schweiz I Dein Gong und Klanginstrumente Fachgesch\u00e4ft\" \/>\n<meta property=\"article:modified_time\" content=\"2025-11-14T13:50:43+00:00\" \/>\n<meta property=\"og:image\" content=\"https:\/\/gongcenter.ch\/app\/uploads\/2022\/09\/PAISTE-Mars-Gong-81cm-2.png\" \/>\n\t<meta property=\"og:image:width\" content=\"600\" \/>\n\t<meta property=\"og:image:height\" content=\"600\" \/>\n\t<meta property=\"og:image:type\" content=\"image\/png\" \/>\n<meta name=\"twitter:card\" content=\"summary_large_image\" \/>\n<meta name=\"twitter:label1\" content=\"Est. reading time\" \/>\n\t<meta name=\"twitter:data1\" content=\"3 minutes\" \/>\n<!-- \/ Yoast SEO plugin. -->","yoast_head_json":{"title":"PAISTE Planeten Gong Mars I Der Klang von Kraft und Mut","description":"Der Mars Planeten Gong von PAISTE ist auf den Ton D mit 144,72 Hz gestimmt. Er aktiviert das Durchsetzungsverm\u00f6gen.","robots":{"index":"index","follow":"follow","max-snippet":"max-snippet:-1","max-image-preview":"max-image-preview:large","max-video-preview":"max-video-preview:-1"},"canonical":"https:\/\/gongcenter.ch\/produkt\/paiste-planeten-gong-mars\/","og_locale":"en_US","og_type":"article","og_title":"PAISTE Planeten Gong Mars I Der Klang von Kraft und Mut","og_description":"Der Mars Planeten Gong von PAISTE ist auf den Ton D mit 144,72 Hz gestimmt. Er aktiviert das Durchsetzungsverm\u00f6gen.","og_url":"https:\/\/gongcenter.ch\/produkt\/paiste-planeten-gong-mars\/","og_site_name":"Gong Center Schweiz I Dein Gong und Klanginstrumente Fachgesch\u00e4ft","article_modified_time":"2025-11-14T13:50:43+00:00","og_image":[{"width":600,"height":600,"url":"https:\/\/gongcenter.ch\/app\/uploads\/2022\/09\/PAISTE-Mars-Gong-81cm-2.png","type":"image\/png"}],"twitter_card":"summary_large_image","twitter_misc":{"Est. reading time":"3 minutes"},"schema":{"@context":"https:\/\/schema.org","@graph":[{"@type":"WebPage","@id":"https:\/\/gongcenter.ch\/produkt\/paiste-planeten-gong-mars\/","url":"https:\/\/gongcenter.ch\/produkt\/paiste-planeten-gong-mars\/","name":"PAISTE Planeten Gong Mars I Der Klang von Kraft und Mut","isPartOf":{"@id":"https:\/\/gongcenter.ch\/#website"},"primaryImageOfPage":{"@id":"https:\/\/gongcenter.ch\/produkt\/paiste-planeten-gong-mars\/#primaryimage"},"image":{"@id":"https:\/\/gongcenter.ch\/produkt\/paiste-planeten-gong-mars\/#primaryimage"},"thumbnailUrl":"https:\/\/gongcenter.ch\/app\/uploads\/2022\/09\/PAISTE-Mars-Gong-81cm-2.png","datePublished":"2018-07-20T10:25:23+00:00","dateModified":"2025-11-14T13:50:43+00:00","description":"Der Mars Planeten Gong von PAISTE ist auf den Ton D mit 144,72 Hz gestimmt. Er aktiviert das Durchsetzungsverm\u00f6gen.","breadcrumb":{"@id":"https:\/\/gongcenter.ch\/produkt\/paiste-planeten-gong-mars\/#breadcrumb"},"inLanguage":"en-US","potentialAction":[{"@type":"ReadAction","target":["https:\/\/gongcenter.ch\/produkt\/paiste-planeten-gong-mars\/"]}]},{"@type":"ImageObject","inLanguage":"en-US","@id":"https:\/\/gongcenter.ch\/produkt\/paiste-planeten-gong-mars\/#primaryimage","url":"https:\/\/gongcenter.ch\/app\/uploads\/2022\/09\/PAISTE-Mars-Gong-81cm-2.png","contentUrl":"https:\/\/gongcenter.ch\/app\/uploads\/2022\/09\/PAISTE-Mars-Gong-81cm-2.png","width":600,"height":600},{"@type":"BreadcrumbList","@id":"https:\/\/gongcenter.ch\/produkt\/paiste-planeten-gong-mars\/#breadcrumb","itemListElement":[{"@type":"ListItem","position":1,"name":"Startseite","item":"https:\/\/gongcenter.ch\/en\/"},{"@type":"ListItem","position":2,"name":"Shop","item":"https:\/\/gongcenter.ch\/en\/shop\/"},{"@type":"ListItem","position":3,"name":"PAISTE Mars Gong 32&#8243;"}]},{"@type":"WebSite","@id":"https:\/\/gongcenter.ch\/#website","url":"https:\/\/gongcenter.ch\/","name":"Gong Center Schweiz I Dein Gong und Klanginstrumente Fachgesch\u00e4ft","description":"Entdecke eine grosse Gong Auswahl sowie weitere Klanginstrumente - Wir sind Gong Klangtherapeut und bieten dir Top Qualit\u00e4t und Beratung.","publisher":{"@id":"https:\/\/gongcenter.ch\/#organization"},"potentialAction":[{"@type":"SearchAction","target":{"@type":"EntryPoint","urlTemplate":"https:\/\/gongcenter.ch\/?s={search_term_string}"},"query-input":{"@type":"PropertyValueSpecification","valueRequired":true,"valueName":"search_term_string"}}],"inLanguage":"en-US"},{"@type":"Organization","@id":"https:\/\/gongcenter.ch\/#organization","name":"Gongcenter Z\u00fcrich I Das Fachgesch\u00e4ft f\u00fcr Gong und Klang","url":"https:\/\/gongcenter.ch\/","logo":{"@type":"ImageObject","inLanguage":"en-US","@id":"https:\/\/gongcenter.ch\/#\/schema\/logo\/image\/","url":"https:\/\/gongcenter.ch\/app\/uploads\/2018\/05\/Gong-Center_Logo_2000_black.png","contentUrl":"https:\/\/gongcenter.ch\/app\/uploads\/2018\/05\/Gong-Center_Logo_2000_black.png","width":2000,"height":600,"caption":"Gongcenter Z\u00fcrich I Das Fachgesch\u00e4ft f\u00fcr Gong und Klang"},"image":{"@id":"https:\/\/gongcenter.ch\/#\/schema\/logo\/image\/"}}]}},"acf":[],"_links":{"self":[{"href":"https:\/\/gongcenter.ch\/en\/wp-json\/wp\/v2\/product\/1517","targetHints":{"allow":["GET"]}}],"collection":[{"href":"https:\/\/gongcenter.ch\/en\/wp-json\/wp\/v2\/product"}],"about":[{"href":"https:\/\/gongcenter.ch\/en\/wp-json\/wp\/v2\/types\/product"}],"wp:featuredmedia":[{"embeddable":true,"href":"https:\/\/gongcenter.ch\/en\/wp-json\/wp\/v2\/media\/29218"}],"wp:attachment":[{"href":"https:\/\/gongcenter.ch\/en\/wp-json\/wp\/v2\/media?parent=1517"}],"wp:term":[{"taxonomy":"product_brand","embeddable":true,"href":"https:\/\/gongcenter.ch\/en\/wp-json\/wp\/v2\/product_brand?post=1517"},{"taxonomy":"product_cat","embeddable":true,"href":"https:\/\/gongcenter.ch\/en\/wp-json\/wp\/v2\/product_cat?post=1517"},{"taxonomy":"product_tag","embeddable":true,"href":"https:\/\/gongcenter.ch\/en\/wp-json\/wp\/v2\/product_tag?post=1517"}],"curies":[{"name":"wp","href":"https:\/\/api.w.org\/{rel}","templated":true}]}}