{"id":1526,"date":"2018-07-20T10:45:26","date_gmt":"2018-07-20T09:45:26","guid":{"rendered":"http:\/\/64.131.77.249\/shop.gongcenter.ch\/?post_type=product&#038;p=1526"},"modified":"2026-01-01T03:25:32","modified_gmt":"2026-01-01T02:25:32","slug":"paiste-pluto-planeten-gong","status":"publish","type":"product","link":"https:\/\/gongcenter.ch\/en\/product\/paiste-pluto-planeten-gong\/","title":{"rendered":"PAISTE Pluto Gong 36&#8243;"},"content":{"rendered":"<p class=\"\" data-start=\"216\" data-end=\"444\">Der <strong data-start=\"220\" data-end=\"241\">Paiste Pluto Gong<\/strong> ist ein planetarischer Symphoniegong, der auf die Frequenz des Pluto gestimmt ist. <span class=\"relative -mx-px my-[-0.2rem] rounded px-px py-[0.2rem]\">Diese Frequenz wurde von Hans Cousto, dem Autor der Kosmischen Oktave, mathematisch ermittelt.<\/span> \u200b<\/p>\n<p class=\"\" data-start=\"446\" data-end=\"565\"><span class=\"relative -mx-px my-[-0.2rem] rounded px-px py-[0.2rem]\">Pluto symbolisiert die jenseitige Sph\u00e4re des transpersonalen Schwingungsbereichs unseres Sonnensystems.<\/span> <span class=\"relative -mx-px my-[-0.2rem] rounded px-px py-[0.2rem]\">Der Gong erzeugt einen tiefen, mystischen Klang, der eine geheimnisvolle Atmosph\u00e4re schafft und zur inneren Transformation einl\u00e4dt.<\/span><\/p>\n<p>&nbsp;<\/p>\n<h3 class=\"\" data-start=\"713\" data-end=\"748\">&#x2139;&#xfe0f; <strong data-start=\"720\" data-end=\"746\">Wirkung &amp; Inspiration:<\/strong><\/h3>\n<p class=\"\" style=\"padding-left: 40px;\" data-start=\"749\" data-end=\"960\">Die Beschreibungen basieren auf langj\u00e4hriger Erfahrung und dienen als Inspiration. Die tats\u00e4chliche Wirkung entfaltet sich individuell durch dein pers\u00f6nliches Erleben.\u200b<\/p>\n<hr class=\"\" data-start=\"962\" data-end=\"965\" \/>\n<h3 class=\"\" data-start=\"967\" data-end=\"994\"><strong data-start=\"974\" data-end=\"992\">Pflegehinweis:<\/strong><\/h3>\n<p class=\"\" style=\"padding-left: 40px;\" data-start=\"995\" data-end=\"1272\">Gongs reagieren sensibel auf Ber\u00fchrung. Zur Pflege eignen sich Metall- oder Silberputzmittel. R\u00fcckst\u00e4nde sollten sorgf\u00e4ltig entfernt werden, um Verschmutzungen der Schl\u00e4gel zu vermeiden. Der Klang bleibt dabei stets unbeeintr\u00e4chtigt.\u200b<\/p>\n","protected":false},"excerpt":{"rendered":"Dieser planetarische Symphonie-Gong ist gestimmt auf den Ton CIS mit 140,25 Hz. Diese Frequenz wurde von Hans Cousto, dem Autor der kosmischen Oktave, mathematisch ermittelt.\r\n<ul>\r\n \t<li>Gr\u00f6sse: 91cm \/ 36&#8243;<\/li>\r\n \t<li>Ton: C2#\/Cis &#8211; 70.12 Hz<\/li>\r\n<\/ul>\r\n<div><\/div>\r\n<div><strong>Planetarische Stimmung nach Hans Cousto<\/strong><\/div>\r\n<ul>\r\n \t<li>3. Oktave: C3#\/cis &#8211; 140.25 Hz<\/li>\r\n<\/ul>","protected":false},"featured_media":29228,"template":"","meta":[],"product_brand":[],"product_cat":[1422,493,37],"product_tag":[],"class_list":{"0":"post-1526","1":"product","2":"type-product","3":"status-publish","4":"has-post-thumbnail","6":"brands-paiste","7":"product_cat-gongs-auf-lager","8":"product_cat-tuned-gongs","9":"product_cat-planeten-gongs","10":"product_shipping_class-kostenloser-versand-innerhalb-der-schweiz","12":"first","13":"instock","14":"sold-individually","15":"taxable","16":"shipping-taxable","17":"purchasable","18":"product-type-simple"},"yoast_head":"<!-- This site is optimized with the Yoast SEO plugin v27.0 - https:\/\/yoast.com\/product\/yoast-seo-wordpress\/ -->\n<title>PAISTE Planeten Gong Pluto | Der Klang der Jenseits-Sph\u00e4re<\/title>\n<meta name=\"description\" content=\"Der Pluto Gong von PAISTE ist auf die Jenseits-Sph\u00e4re des transpersonalen Schwingungsbereichs unseres Sonnensystems gestimmt.\" \/>\n<meta name=\"robots\" content=\"index, follow, max-snippet:-1, max-image-preview:large, max-video-preview:-1\" \/>\n<link rel=\"canonical\" href=\"https:\/\/gongcenter.ch\/produkt\/paiste-pluto-planeten-gong\/\" \/>\n<meta property=\"og:locale\" content=\"en_US\" \/>\n<meta property=\"og:type\" content=\"article\" \/>\n<meta property=\"og:title\" content=\"PAISTE Planeten Gong Pluto | Der Klang der Jenseits-Sph\u00e4re\" \/>\n<meta property=\"og:description\" content=\"Der Pluto Gong von PAISTE ist auf die Jenseits-Sph\u00e4re des transpersonalen Schwingungsbereichs unseres Sonnensystems gestimmt.\" \/>\n<meta property=\"og:url\" content=\"https:\/\/gongcenter.ch\/produkt\/paiste-pluto-planeten-gong\/\" \/>\n<meta property=\"og:site_name\" content=\"Gong Center Schweiz I Dein Gong und Klanginstrumente Fachgesch\u00e4ft\" \/>\n<meta property=\"article:modified_time\" content=\"2026-01-01T02:25:32+00:00\" \/>\n<meta property=\"og:image\" content=\"https:\/\/gongcenter.ch\/app\/uploads\/2022\/09\/PAISTE-Pluto-Gong-2.png\" \/>\n\t<meta property=\"og:image:width\" content=\"600\" \/>\n\t<meta property=\"og:image:height\" content=\"600\" \/>\n\t<meta property=\"og:image:type\" content=\"image\/png\" \/>\n<meta name=\"twitter:card\" content=\"summary_large_image\" \/>\n<meta name=\"twitter:label1\" content=\"Est. reading time\" \/>\n\t<meta name=\"twitter:data1\" content=\"1 minute\" \/>\n<!-- \/ Yoast SEO plugin. -->","yoast_head_json":{"title":"PAISTE Planeten Gong Pluto | Der Klang der Jenseits-Sph\u00e4re","description":"Der Pluto Gong von PAISTE ist auf die Jenseits-Sph\u00e4re des transpersonalen Schwingungsbereichs unseres Sonnensystems gestimmt.","robots":{"index":"index","follow":"follow","max-snippet":"max-snippet:-1","max-image-preview":"max-image-preview:large","max-video-preview":"max-video-preview:-1"},"canonical":"https:\/\/gongcenter.ch\/produkt\/paiste-pluto-planeten-gong\/","og_locale":"en_US","og_type":"article","og_title":"PAISTE Planeten Gong Pluto | Der Klang der Jenseits-Sph\u00e4re","og_description":"Der Pluto Gong von PAISTE ist auf die Jenseits-Sph\u00e4re des transpersonalen Schwingungsbereichs unseres Sonnensystems gestimmt.","og_url":"https:\/\/gongcenter.ch\/produkt\/paiste-pluto-planeten-gong\/","og_site_name":"Gong Center Schweiz I Dein Gong und Klanginstrumente Fachgesch\u00e4ft","article_modified_time":"2026-01-01T02:25:32+00:00","og_image":[{"width":600,"height":600,"url":"https:\/\/gongcenter.ch\/app\/uploads\/2022\/09\/PAISTE-Pluto-Gong-2.png","type":"image\/png"}],"twitter_card":"summary_large_image","twitter_misc":{"Est. reading time":"1 minute"},"schema":{"@context":"https:\/\/schema.org","@graph":[{"@type":"WebPage","@id":"https:\/\/gongcenter.ch\/produkt\/paiste-pluto-planeten-gong\/","url":"https:\/\/gongcenter.ch\/produkt\/paiste-pluto-planeten-gong\/","name":"PAISTE Planeten Gong Pluto | Der Klang der Jenseits-Sph\u00e4re","isPartOf":{"@id":"https:\/\/gongcenter.ch\/#website"},"primaryImageOfPage":{"@id":"https:\/\/gongcenter.ch\/produkt\/paiste-pluto-planeten-gong\/#primaryimage"},"image":{"@id":"https:\/\/gongcenter.ch\/produkt\/paiste-pluto-planeten-gong\/#primaryimage"},"thumbnailUrl":"https:\/\/gongcenter.ch\/app\/uploads\/2022\/09\/PAISTE-Pluto-Gong-2.png","datePublished":"2018-07-20T09:45:26+00:00","dateModified":"2026-01-01T02:25:32+00:00","description":"Der Pluto Gong von PAISTE ist auf die Jenseits-Sph\u00e4re des transpersonalen Schwingungsbereichs unseres Sonnensystems gestimmt.","breadcrumb":{"@id":"https:\/\/gongcenter.ch\/produkt\/paiste-pluto-planeten-gong\/#breadcrumb"},"inLanguage":"en-US","potentialAction":[{"@type":"ReadAction","target":["https:\/\/gongcenter.ch\/produkt\/paiste-pluto-planeten-gong\/"]}]},{"@type":"ImageObject","inLanguage":"en-US","@id":"https:\/\/gongcenter.ch\/produkt\/paiste-pluto-planeten-gong\/#primaryimage","url":"https:\/\/gongcenter.ch\/app\/uploads\/2022\/09\/PAISTE-Pluto-Gong-2.png","contentUrl":"https:\/\/gongcenter.ch\/app\/uploads\/2022\/09\/PAISTE-Pluto-Gong-2.png","width":600,"height":600},{"@type":"BreadcrumbList","@id":"https:\/\/gongcenter.ch\/produkt\/paiste-pluto-planeten-gong\/#breadcrumb","itemListElement":[{"@type":"ListItem","position":1,"name":"Startseite","item":"https:\/\/gongcenter.ch\/en\/"},{"@type":"ListItem","position":2,"name":"Shop","item":"https:\/\/gongcenter.ch\/en\/shop\/"},{"@type":"ListItem","position":3,"name":"PAISTE Pluto Gong 36&#8243;"}]},{"@type":"WebSite","@id":"https:\/\/gongcenter.ch\/#website","url":"https:\/\/gongcenter.ch\/","name":"Gong Center Schweiz I Dein Gong und Klanginstrumente Fachgesch\u00e4ft","description":"Entdecke eine grosse Gong Auswahl sowie weitere Klanginstrumente - Wir sind Gong Klangtherapeut und bieten dir Top Qualit\u00e4t und Beratung.","publisher":{"@id":"https:\/\/gongcenter.ch\/#organization"},"potentialAction":[{"@type":"SearchAction","target":{"@type":"EntryPoint","urlTemplate":"https:\/\/gongcenter.ch\/?s={search_term_string}"},"query-input":{"@type":"PropertyValueSpecification","valueRequired":true,"valueName":"search_term_string"}}],"inLanguage":"en-US"},{"@type":"Organization","@id":"https:\/\/gongcenter.ch\/#organization","name":"Gongcenter Z\u00fcrich I Das Fachgesch\u00e4ft f\u00fcr Gong und Klang","url":"https:\/\/gongcenter.ch\/","logo":{"@type":"ImageObject","inLanguage":"en-US","@id":"https:\/\/gongcenter.ch\/#\/schema\/logo\/image\/","url":"https:\/\/gongcenter.ch\/app\/uploads\/2018\/05\/Gong-Center_Logo_2000_black.png","contentUrl":"https:\/\/gongcenter.ch\/app\/uploads\/2018\/05\/Gong-Center_Logo_2000_black.png","width":2000,"height":600,"caption":"Gongcenter Z\u00fcrich I Das Fachgesch\u00e4ft f\u00fcr Gong und Klang"},"image":{"@id":"https:\/\/gongcenter.ch\/#\/schema\/logo\/image\/"}}]}},"acf":[],"_links":{"self":[{"href":"https:\/\/gongcenter.ch\/en\/wp-json\/wp\/v2\/product\/1526","targetHints":{"allow":["GET"]}}],"collection":[{"href":"https:\/\/gongcenter.ch\/en\/wp-json\/wp\/v2\/product"}],"about":[{"href":"https:\/\/gongcenter.ch\/en\/wp-json\/wp\/v2\/types\/product"}],"wp:featuredmedia":[{"embeddable":true,"href":"https:\/\/gongcenter.ch\/en\/wp-json\/wp\/v2\/media\/29228"}],"wp:attachment":[{"href":"https:\/\/gongcenter.ch\/en\/wp-json\/wp\/v2\/media?parent=1526"}],"wp:term":[{"taxonomy":"product_brand","embeddable":true,"href":"https:\/\/gongcenter.ch\/en\/wp-json\/wp\/v2\/product_brand?post=1526"},{"taxonomy":"product_cat","embeddable":true,"href":"https:\/\/gongcenter.ch\/en\/wp-json\/wp\/v2\/product_cat?post=1526"},{"taxonomy":"product_tag","embeddable":true,"href":"https:\/\/gongcenter.ch\/en\/wp-json\/wp\/v2\/product_tag?post=1526"}],"curies":[{"name":"wp","href":"https:\/\/api.w.org\/{rel}","templated":true}]}}