{"id":1530,"date":"2018-07-20T11:30:44","date_gmt":"2018-07-20T10:30:44","guid":{"rendered":"http:\/\/64.131.77.249\/shop.gongcenter.ch\/?post_type=product&#038;p=1530"},"modified":"2025-08-20T16:38:35","modified_gmt":"2025-08-20T15:38:35","slug":"paiste-planeten-gong-uranus","status":"publish","type":"product","link":"https:\/\/gongcenter.ch\/en\/product\/paiste-planeten-gong-uranus\/","title":{"rendered":"Uranus 61cm"},"content":{"rendered":"<p>Dieser planetarische Symphonie-Gong ist auf den Ton GIS gestimmt. Diese Frequenz wurde von Hans Cousto, dem Autor der kosmischen Oktave, mathematisch ermittelt. Uranus ist der erste Planet des transpersonalen Schwingungsbereiches des Sonnensystems. Seine Qualit\u00e4ten spiegeln das Stirb- und Werdeprinzip, die \u00dcberraschungs- und Erneuerungskraft. Zudem wird ihm eine erotische Wirkung assoziiert. Die ihm entsprechende Farbe ist orange.<\/p>\n<p>SPIEL-TIP<\/p>\n<p>Versierte Gongspieler wissen, dass ein gekonnter Anschlag eines symphonischen Gongs nicht das Zentrum des Instruments treffen sollte, sondern dass der perfekte Schlagpunkt sich bei ca. 17 und 19 Uhr auf dem \u00e4usseren Drittelpunkt des Gongdurchmessers befindet! Gerade bei den lauten Spielweisen liefert nur der perfekte Resonanz-Ansatz auch ein physiologisches Klangerlebnis.<\/p>\n<p>PFLEGE<\/p>\n<p>Gongs laden dazu ein, angefasst zu werden. Das Material ist grunds\u00e4tzlich extrem trocken und hat die Eigenschaft, sofort die nat\u00fcrlichen Fette und \u00d6le aus der Haut aufzusaugen. Der Gong entwickelt dadurch eine leicht unansehnliche Optik. Umgehen Sie dies, indem sie das Pflegen der Oberfl\u00e4che zur Routine werden lassen. Geeignet zur Pflege sind Silber- und Metallputzmittel. Seien Sie sorgsam mit d2821.5em Nachpolieren, damit die Mallets nicht dunkel werden durch Reste von Putzmittel. Der Klang wird durch die Optik eines Gongs in keinem Fall beeintr\u00e4chtigt.<\/p>\n","protected":false},"excerpt":{"rendered":"Dieser planetarische Symphonie-Gong ist gestimmt auf den Ton GIS mit 207,36 Hz. Diese Frequenz wurde von Hans Cousto, dem Autor der kosmischen Oktave, mathematisch ermittelt.\r\n<ul>\r\n \t<li>Gr\u00f6sse: 24&#8243; (61cm)<\/li>\r\n \t<li>Ton: G2#\/Gis &#8211; 103.68 Hz<\/li>\r\n<\/ul>\r\n<div><\/div>\r\n<div><strong>Planetarische Stimmung nach Hans Cousto<\/strong><\/div>\r\n<ul>\r\n \t<li>3. Oktave: G3#\/gis &#8211; 207.36 Hz<\/li>\r\n<\/ul>","protected":false},"featured_media":29232,"template":"","meta":[],"product_brand":[],"product_cat":[493,37],"product_tag":[],"class_list":{"0":"post-1530","1":"product","2":"type-product","3":"status-publish","4":"has-post-thumbnail","6":"brands-paiste","7":"product_cat-tuned-gongs","8":"product_cat-planeten-gongs","9":"product_shipping_class-kostenloser-versand-innerhalb-der-schweiz","11":"first","12":"instock","13":"sold-individually","14":"taxable","15":"shipping-taxable","16":"purchasable","17":"product-type-simple"},"yoast_head":"<!-- This site is optimized with the Yoast SEO plugin v27.0 - https:\/\/yoast.com\/product\/yoast-seo-wordpress\/ -->\n<title>PAISTE Planeten Gong Uranus | Der Klang der Erotik<\/title>\n<meta name=\"description\" content=\"Der Uranus Planeten Gong von PAISTE schwingt auf der Frequenz von Tod und Wiedergeburt. Er hat eine erotische Wirkung.\" \/>\n<meta name=\"robots\" content=\"index, follow, max-snippet:-1, max-image-preview:large, max-video-preview:-1\" \/>\n<link rel=\"canonical\" href=\"https:\/\/gongcenter.ch\/produkt\/paiste-planeten-gong-uranus\/\" \/>\n<meta property=\"og:locale\" content=\"en_US\" \/>\n<meta property=\"og:type\" content=\"article\" \/>\n<meta property=\"og:title\" content=\"PAISTE Planeten Gong Uranus | Der Klang der Erotik\" \/>\n<meta property=\"og:description\" content=\"Der Uranus Planeten Gong von PAISTE schwingt auf der Frequenz von Tod und Wiedergeburt. Er hat eine erotische Wirkung.\" \/>\n<meta property=\"og:url\" content=\"https:\/\/gongcenter.ch\/produkt\/paiste-planeten-gong-uranus\/\" \/>\n<meta property=\"og:site_name\" content=\"Gong Center Schweiz I Dein Gong und Klanginstrumente Fachgesch\u00e4ft\" \/>\n<meta property=\"article:modified_time\" content=\"2025-08-20T15:38:35+00:00\" \/>\n<meta property=\"og:image\" content=\"https:\/\/gongcenter.ch\/app\/uploads\/2022\/09\/PAISTE-Uranus-Gong-2.png\" \/>\n\t<meta property=\"og:image:width\" content=\"600\" \/>\n\t<meta property=\"og:image:height\" content=\"600\" \/>\n\t<meta property=\"og:image:type\" content=\"image\/png\" \/>\n<meta name=\"twitter:card\" content=\"summary_large_image\" \/>\n<meta name=\"twitter:label1\" content=\"Est. reading time\" \/>\n\t<meta name=\"twitter:data1\" content=\"2 minutes\" \/>\n<!-- \/ Yoast SEO plugin. -->","yoast_head_json":{"title":"PAISTE Planeten Gong Uranus | Der Klang der Erotik","description":"Der Uranus Planeten Gong von PAISTE schwingt auf der Frequenz von Tod und Wiedergeburt. Er hat eine erotische Wirkung.","robots":{"index":"index","follow":"follow","max-snippet":"max-snippet:-1","max-image-preview":"max-image-preview:large","max-video-preview":"max-video-preview:-1"},"canonical":"https:\/\/gongcenter.ch\/produkt\/paiste-planeten-gong-uranus\/","og_locale":"en_US","og_type":"article","og_title":"PAISTE Planeten Gong Uranus | Der Klang der Erotik","og_description":"Der Uranus Planeten Gong von PAISTE schwingt auf der Frequenz von Tod und Wiedergeburt. Er hat eine erotische Wirkung.","og_url":"https:\/\/gongcenter.ch\/produkt\/paiste-planeten-gong-uranus\/","og_site_name":"Gong Center Schweiz I Dein Gong und Klanginstrumente Fachgesch\u00e4ft","article_modified_time":"2025-08-20T15:38:35+00:00","og_image":[{"width":600,"height":600,"url":"https:\/\/gongcenter.ch\/app\/uploads\/2022\/09\/PAISTE-Uranus-Gong-2.png","type":"image\/png"}],"twitter_card":"summary_large_image","twitter_misc":{"Est. reading time":"2 minutes"},"schema":{"@context":"https:\/\/schema.org","@graph":[{"@type":"WebPage","@id":"https:\/\/gongcenter.ch\/produkt\/paiste-planeten-gong-uranus\/","url":"https:\/\/gongcenter.ch\/produkt\/paiste-planeten-gong-uranus\/","name":"PAISTE Planeten Gong Uranus | Der Klang der Erotik","isPartOf":{"@id":"https:\/\/gongcenter.ch\/#website"},"primaryImageOfPage":{"@id":"https:\/\/gongcenter.ch\/produkt\/paiste-planeten-gong-uranus\/#primaryimage"},"image":{"@id":"https:\/\/gongcenter.ch\/produkt\/paiste-planeten-gong-uranus\/#primaryimage"},"thumbnailUrl":"https:\/\/gongcenter.ch\/app\/uploads\/2022\/09\/PAISTE-Uranus-Gong-2.png","datePublished":"2018-07-20T10:30:44+00:00","dateModified":"2025-08-20T15:38:35+00:00","description":"Der Uranus Planeten Gong von PAISTE schwingt auf der Frequenz von Tod und Wiedergeburt. Er hat eine erotische Wirkung.","breadcrumb":{"@id":"https:\/\/gongcenter.ch\/produkt\/paiste-planeten-gong-uranus\/#breadcrumb"},"inLanguage":"en-US","potentialAction":[{"@type":"ReadAction","target":["https:\/\/gongcenter.ch\/produkt\/paiste-planeten-gong-uranus\/"]}]},{"@type":"ImageObject","inLanguage":"en-US","@id":"https:\/\/gongcenter.ch\/produkt\/paiste-planeten-gong-uranus\/#primaryimage","url":"https:\/\/gongcenter.ch\/app\/uploads\/2022\/09\/PAISTE-Uranus-Gong-2.png","contentUrl":"https:\/\/gongcenter.ch\/app\/uploads\/2022\/09\/PAISTE-Uranus-Gong-2.png","width":600,"height":600},{"@type":"BreadcrumbList","@id":"https:\/\/gongcenter.ch\/produkt\/paiste-planeten-gong-uranus\/#breadcrumb","itemListElement":[{"@type":"ListItem","position":1,"name":"Startseite","item":"https:\/\/gongcenter.ch\/en\/"},{"@type":"ListItem","position":2,"name":"Shop","item":"https:\/\/gongcenter.ch\/en\/shop\/"},{"@type":"ListItem","position":3,"name":"Uranus 61cm"}]},{"@type":"WebSite","@id":"https:\/\/gongcenter.ch\/#website","url":"https:\/\/gongcenter.ch\/","name":"Gong Center Schweiz I Dein Gong und Klanginstrumente Fachgesch\u00e4ft","description":"Entdecke eine grosse Gong Auswahl sowie weitere Klanginstrumente - Wir sind Gong Klangtherapeut und bieten dir Top Qualit\u00e4t und Beratung.","publisher":{"@id":"https:\/\/gongcenter.ch\/#organization"},"potentialAction":[{"@type":"SearchAction","target":{"@type":"EntryPoint","urlTemplate":"https:\/\/gongcenter.ch\/?s={search_term_string}"},"query-input":{"@type":"PropertyValueSpecification","valueRequired":true,"valueName":"search_term_string"}}],"inLanguage":"en-US"},{"@type":"Organization","@id":"https:\/\/gongcenter.ch\/#organization","name":"Gongcenter Z\u00fcrich I Das Fachgesch\u00e4ft f\u00fcr Gong und Klang","url":"https:\/\/gongcenter.ch\/","logo":{"@type":"ImageObject","inLanguage":"en-US","@id":"https:\/\/gongcenter.ch\/#\/schema\/logo\/image\/","url":"https:\/\/gongcenter.ch\/app\/uploads\/2018\/05\/Gong-Center_Logo_2000_black.png","contentUrl":"https:\/\/gongcenter.ch\/app\/uploads\/2018\/05\/Gong-Center_Logo_2000_black.png","width":2000,"height":600,"caption":"Gongcenter Z\u00fcrich I Das Fachgesch\u00e4ft f\u00fcr Gong und Klang"},"image":{"@id":"https:\/\/gongcenter.ch\/#\/schema\/logo\/image\/"}}]}},"acf":[],"_links":{"self":[{"href":"https:\/\/gongcenter.ch\/en\/wp-json\/wp\/v2\/product\/1530","targetHints":{"allow":["GET"]}}],"collection":[{"href":"https:\/\/gongcenter.ch\/en\/wp-json\/wp\/v2\/product"}],"about":[{"href":"https:\/\/gongcenter.ch\/en\/wp-json\/wp\/v2\/types\/product"}],"wp:featuredmedia":[{"embeddable":true,"href":"https:\/\/gongcenter.ch\/en\/wp-json\/wp\/v2\/media\/29232"}],"wp:attachment":[{"href":"https:\/\/gongcenter.ch\/en\/wp-json\/wp\/v2\/media?parent=1530"}],"wp:term":[{"taxonomy":"product_brand","embeddable":true,"href":"https:\/\/gongcenter.ch\/en\/wp-json\/wp\/v2\/product_brand?post=1530"},{"taxonomy":"product_cat","embeddable":true,"href":"https:\/\/gongcenter.ch\/en\/wp-json\/wp\/v2\/product_cat?post=1530"},{"taxonomy":"product_tag","embeddable":true,"href":"https:\/\/gongcenter.ch\/en\/wp-json\/wp\/v2\/product_tag?post=1530"}],"curies":[{"name":"wp","href":"https:\/\/api.w.org\/{rel}","templated":true}]}}