{"id":1533,"date":"2018-07-20T11:45:48","date_gmt":"2018-07-20T10:45:48","guid":{"rendered":"http:\/\/64.131.77.249\/shop.gongcenter.ch\/?post_type=product&#038;p=1533"},"modified":"2026-01-01T03:25:33","modified_gmt":"2026-01-01T02:25:33","slug":"paiste-planeten-gong-sonne","status":"publish","type":"product","link":"https:\/\/gongcenter.ch\/en\/product\/paiste-planeten-gong-sonne\/","title":{"rendered":"PAISTE Sonnen Gong 38&#8243;"},"content":{"rendered":"<p>Dem Sonnenton wird eine bevorzugte Resonanz-Wirkung im Bereich des Sonnengeflechts zugeschrieben und seine oktav-analoge Entsprechung ist die Farbe gelbgr\u00fcn. Dieser Ton wirkt anregend und kann als Gegenpol zum Ton des Gongs Erde, Erdenjahr (OM &#8211; entspannend) wie Yin und Yang gespielt werden. Vision\u00e4re sagen, es handele sich bei dem Sonnenton um den Grundton des neuen Zeitalters.<\/p>\n<p>SPIEL-TIP<\/p>\n<p>Jegliche Resonanzfrequenzen aus dem unmittelbaren solaren Zusammenhang sind f\u00fcr unser Leben wichtig. Sie stellen die sch\u00f6pferische Kraft dar, die Quelle des Lebens. Der Klang der Sonne eignet sich sehr, die unbekannten Potenziale einer Situation in das Bewusstsein zu f\u00fchren. Seine Spielart darf daher grunds\u00e4tzlich etwas offensiver sein.<\/p>\n<p>PFLEGE<\/p>\n<p>Gongs laden dazu ein, angefasst zu werden. Das Material ist grunds\u00e4tzlich extrem trocken und hat die Eigenschaft, sofort die nat\u00fcrlichen Fette und \u00d6le aus der Haut aufzusaugen. Der Gong entwickelt dadurch eine leicht unansehnliche Optik. Umgehen Sie dies, indem sie das Pflegen der Oberfl\u00e4che zur Routine werden lassen. Geeignet zur Plege sind Silber- und Metallputzmittel. Seien Sie sorgsam mit dem Nachpolieren, damit die Mallets nicht dunkel werden durch Reste von Putzmittel. Der Klang wird durch die Optik eines Gongs in keinem Fall beeintr\u00e4chtigt.<\/p>\n","protected":false},"excerpt":{"rendered":"<div><strong>Spezifikationen<\/strong><\/div>\r\n<ul>\r\n \t<li>Gr\u00f6sse: 96cm \/ 38&#8243;<\/li>\r\n \t<li>Ton: B1\/H &#8211; 63.11 Hz<\/li>\r\n<\/ul>\r\n<div><strong>Planetarische Stimmung nach Hans Cousto<\/strong><\/div>\r\n<ul>\r\n \t<li>3. Oktave: B2 &#8211; 126.22 Hz<\/li>\r\n<\/ul>","protected":false},"featured_media":29234,"template":"","meta":[],"product_brand":[],"product_cat":[1422,493,37],"product_tag":[],"class_list":{"0":"post-1533","1":"product","2":"type-product","3":"status-publish","4":"has-post-thumbnail","6":"brands-paiste","7":"product_cat-gongs-auf-lager","8":"product_cat-tuned-gongs","9":"product_cat-planeten-gongs","10":"product_shipping_class-kostenloser-versand-innerhalb-der-schweiz","12":"first","13":"instock","14":"sold-individually","15":"taxable","16":"shipping-taxable","17":"purchasable","18":"product-type-simple"},"yoast_head":"<!-- This site is optimized with the Yoast SEO plugin v27.0 - https:\/\/yoast.com\/product\/yoast-seo-wordpress\/ -->\n<title>PAISTE Planeten Gong Sonne | Grundton einer neuen Zeit<\/title>\n<meta name=\"description\" content=\"Der PAISTE Sonnen Gong geht mit dem Sonnengeflecht in Resonanz. Er erzeugt einen anregenden Ton. Jetzt probeh\u00f6ren oder Termin buchen.\" \/>\n<meta name=\"robots\" content=\"index, follow, max-snippet:-1, max-image-preview:large, max-video-preview:-1\" \/>\n<link rel=\"canonical\" href=\"https:\/\/gongcenter.ch\/produkt\/paiste-planeten-gong-sonne\/\" \/>\n<meta property=\"og:locale\" content=\"en_US\" \/>\n<meta property=\"og:type\" content=\"article\" \/>\n<meta property=\"og:title\" content=\"PAISTE Planeten Gong Sonne | Grundton einer neuen Zeit\" \/>\n<meta property=\"og:description\" content=\"Der PAISTE Sonnen Gong geht mit dem Sonnengeflecht in Resonanz. Er erzeugt einen anregenden Ton. Jetzt probeh\u00f6ren oder Termin buchen.\" \/>\n<meta property=\"og:url\" content=\"https:\/\/gongcenter.ch\/produkt\/paiste-planeten-gong-sonne\/\" \/>\n<meta property=\"og:site_name\" content=\"Gong Center Schweiz I Dein Gong und Klanginstrumente Fachgesch\u00e4ft\" \/>\n<meta property=\"article:modified_time\" content=\"2026-01-01T02:25:33+00:00\" \/>\n<meta property=\"og:image\" content=\"https:\/\/gongcenter.ch\/app\/uploads\/2022\/09\/PAISTE-Sonnen-Gong-2.png\" \/>\n\t<meta property=\"og:image:width\" content=\"600\" \/>\n\t<meta property=\"og:image:height\" content=\"600\" \/>\n\t<meta property=\"og:image:type\" content=\"image\/png\" \/>\n<meta name=\"twitter:card\" content=\"summary_large_image\" \/>\n<meta name=\"twitter:label1\" content=\"Est. reading time\" \/>\n\t<meta name=\"twitter:data1\" content=\"2 minutes\" \/>\n<!-- \/ Yoast SEO plugin. -->","yoast_head_json":{"title":"PAISTE Planeten Gong Sonne | Grundton einer neuen Zeit","description":"Der PAISTE Sonnen Gong geht mit dem Sonnengeflecht in Resonanz. Er erzeugt einen anregenden Ton. Jetzt probeh\u00f6ren oder Termin buchen.","robots":{"index":"index","follow":"follow","max-snippet":"max-snippet:-1","max-image-preview":"max-image-preview:large","max-video-preview":"max-video-preview:-1"},"canonical":"https:\/\/gongcenter.ch\/produkt\/paiste-planeten-gong-sonne\/","og_locale":"en_US","og_type":"article","og_title":"PAISTE Planeten Gong Sonne | Grundton einer neuen Zeit","og_description":"Der PAISTE Sonnen Gong geht mit dem Sonnengeflecht in Resonanz. Er erzeugt einen anregenden Ton. Jetzt probeh\u00f6ren oder Termin buchen.","og_url":"https:\/\/gongcenter.ch\/produkt\/paiste-planeten-gong-sonne\/","og_site_name":"Gong Center Schweiz I Dein Gong und Klanginstrumente Fachgesch\u00e4ft","article_modified_time":"2026-01-01T02:25:33+00:00","og_image":[{"width":600,"height":600,"url":"https:\/\/gongcenter.ch\/app\/uploads\/2022\/09\/PAISTE-Sonnen-Gong-2.png","type":"image\/png"}],"twitter_card":"summary_large_image","twitter_misc":{"Est. reading time":"2 minutes"},"schema":{"@context":"https:\/\/schema.org","@graph":[{"@type":"WebPage","@id":"https:\/\/gongcenter.ch\/produkt\/paiste-planeten-gong-sonne\/","url":"https:\/\/gongcenter.ch\/produkt\/paiste-planeten-gong-sonne\/","name":"PAISTE Planeten Gong Sonne | Grundton einer neuen Zeit","isPartOf":{"@id":"https:\/\/gongcenter.ch\/#website"},"primaryImageOfPage":{"@id":"https:\/\/gongcenter.ch\/produkt\/paiste-planeten-gong-sonne\/#primaryimage"},"image":{"@id":"https:\/\/gongcenter.ch\/produkt\/paiste-planeten-gong-sonne\/#primaryimage"},"thumbnailUrl":"https:\/\/gongcenter.ch\/app\/uploads\/2022\/09\/PAISTE-Sonnen-Gong-2.png","datePublished":"2018-07-20T10:45:48+00:00","dateModified":"2026-01-01T02:25:33+00:00","description":"Der PAISTE Sonnen Gong geht mit dem Sonnengeflecht in Resonanz. Er erzeugt einen anregenden Ton. Jetzt probeh\u00f6ren oder Termin buchen.","breadcrumb":{"@id":"https:\/\/gongcenter.ch\/produkt\/paiste-planeten-gong-sonne\/#breadcrumb"},"inLanguage":"en-US","potentialAction":[{"@type":"ReadAction","target":["https:\/\/gongcenter.ch\/produkt\/paiste-planeten-gong-sonne\/"]}]},{"@type":"ImageObject","inLanguage":"en-US","@id":"https:\/\/gongcenter.ch\/produkt\/paiste-planeten-gong-sonne\/#primaryimage","url":"https:\/\/gongcenter.ch\/app\/uploads\/2022\/09\/PAISTE-Sonnen-Gong-2.png","contentUrl":"https:\/\/gongcenter.ch\/app\/uploads\/2022\/09\/PAISTE-Sonnen-Gong-2.png","width":600,"height":600},{"@type":"BreadcrumbList","@id":"https:\/\/gongcenter.ch\/produkt\/paiste-planeten-gong-sonne\/#breadcrumb","itemListElement":[{"@type":"ListItem","position":1,"name":"Startseite","item":"https:\/\/gongcenter.ch\/en\/"},{"@type":"ListItem","position":2,"name":"Shop","item":"https:\/\/gongcenter.ch\/en\/shop\/"},{"@type":"ListItem","position":3,"name":"PAISTE Sonnen Gong 38&#8243;"}]},{"@type":"WebSite","@id":"https:\/\/gongcenter.ch\/#website","url":"https:\/\/gongcenter.ch\/","name":"Gong Center Schweiz I Dein Gong und Klanginstrumente Fachgesch\u00e4ft","description":"Entdecke eine grosse Gong Auswahl sowie weitere Klanginstrumente - Wir sind Gong Klangtherapeut und bieten dir Top Qualit\u00e4t und Beratung.","publisher":{"@id":"https:\/\/gongcenter.ch\/#organization"},"potentialAction":[{"@type":"SearchAction","target":{"@type":"EntryPoint","urlTemplate":"https:\/\/gongcenter.ch\/?s={search_term_string}"},"query-input":{"@type":"PropertyValueSpecification","valueRequired":true,"valueName":"search_term_string"}}],"inLanguage":"en-US"},{"@type":"Organization","@id":"https:\/\/gongcenter.ch\/#organization","name":"Gongcenter Z\u00fcrich I Das Fachgesch\u00e4ft f\u00fcr Gong und Klang","url":"https:\/\/gongcenter.ch\/","logo":{"@type":"ImageObject","inLanguage":"en-US","@id":"https:\/\/gongcenter.ch\/#\/schema\/logo\/image\/","url":"https:\/\/gongcenter.ch\/app\/uploads\/2018\/05\/Gong-Center_Logo_2000_black.png","contentUrl":"https:\/\/gongcenter.ch\/app\/uploads\/2018\/05\/Gong-Center_Logo_2000_black.png","width":2000,"height":600,"caption":"Gongcenter Z\u00fcrich I Das Fachgesch\u00e4ft f\u00fcr Gong und Klang"},"image":{"@id":"https:\/\/gongcenter.ch\/#\/schema\/logo\/image\/"}}]}},"acf":[],"_links":{"self":[{"href":"https:\/\/gongcenter.ch\/en\/wp-json\/wp\/v2\/product\/1533","targetHints":{"allow":["GET"]}}],"collection":[{"href":"https:\/\/gongcenter.ch\/en\/wp-json\/wp\/v2\/product"}],"about":[{"href":"https:\/\/gongcenter.ch\/en\/wp-json\/wp\/v2\/types\/product"}],"wp:featuredmedia":[{"embeddable":true,"href":"https:\/\/gongcenter.ch\/en\/wp-json\/wp\/v2\/media\/29234"}],"wp:attachment":[{"href":"https:\/\/gongcenter.ch\/en\/wp-json\/wp\/v2\/media?parent=1533"}],"wp:term":[{"taxonomy":"product_brand","embeddable":true,"href":"https:\/\/gongcenter.ch\/en\/wp-json\/wp\/v2\/product_brand?post=1533"},{"taxonomy":"product_cat","embeddable":true,"href":"https:\/\/gongcenter.ch\/en\/wp-json\/wp\/v2\/product_cat?post=1533"},{"taxonomy":"product_tag","embeddable":true,"href":"https:\/\/gongcenter.ch\/en\/wp-json\/wp\/v2\/product_tag?post=1533"}],"curies":[{"name":"wp","href":"https:\/\/api.w.org\/{rel}","templated":true}]}}