{"id":1536,"date":"2018-07-20T12:52:37","date_gmt":"2018-07-20T11:52:37","guid":{"rendered":"http:\/\/64.131.77.249\/shop.gongcenter.ch\/?post_type=product&#038;p=1536"},"modified":"2025-03-25T12:53:12","modified_gmt":"2025-03-25T11:53:12","slug":"paiste-planeten-gong-erden-tag","status":"publish","type":"product","link":"https:\/\/gongcenter.ch\/en\/product\/paiste-planeten-gong-erden-tag\/","title":{"rendered":"PAISTE Erde Gong, Tageston 28&#8243;"},"content":{"rendered":"<p>Dieser planetarische Symphonie-Gong der Firma PAISTE ist gestimmt auf den Ton G mit 194,71 Hz. Diese Frequenz schwingt im Einklang mit der Drehung der Erde um sich selbst und in Resonanz mit den Spherics, den elektromagnetischen Wetter-Impulsen innerhalb der Erdatmosph\u00e4re.<\/p>\n<p>Dem Tageston wird eine bevorzugte Resonanz-Wirkung am unteren Teil der Wirbels\u00e4ule zugeschrieben und seine oktav-analoge Entsprechung ist die Farbe rot. Klangtherapeuten verwenden diese Frequenz um einen dynamisierenden, vitalisierenden Effekt zu erzielen.<\/p>\n<p>S\u00e4mtliche Planetengongs wurden von Jens Zygar in Zusammenarbeit mit der Firma Paiste entwickelt. Wenn Sie genaueres dazu wissen m\u00f6chten, kontaktieren Sie uns gerne.<\/p>\n<p>Die entsprechenden, passenden Mallets sind M3 &#8211; M5.<\/p>\n<p>Als St\u00e4nder empfehlen wir den einfachen Orchesterst\u00e4nder von Meinl, da der Gong durch das freie H\u00e4ngen optimal zur Geltung kommt und alle Anspielm\u00f6glichkeiten genutzt werden k\u00f6nnen.<\/p>\n<p>SPIEL-TIP<\/p>\n<p>Bei diesem Gong bietet sich die \u0084one-Shot-only\u0093 Technik an. Es bedarf einer gewissen \u00dcbung und Routine, den Gong mit einem Anschlag perfekt zum Klingen zu bringen und, dass dieser eine Anschlag das volle Schwingungsspektrum des Instruments aktiviert.<\/p>\n<p>Ein Anschlag zu sehr am Rande betont zu viel die H\u00f6hen und verpasst die Tiefen, bei einem Anschlag zu sehr in der Mitte ist das Gegenteil der Fall.<\/p>\n<p>INFO<\/p>\n<p>Auch wenn Gongs Instrumente aus Metall sind, bedeutet das nicht, das sie unbegrenzt belastbar sind. Gerade bei den etwas kleineren Gongs ist es f\u00fcr die Erhaltung der Qualit\u00e4t wichtig, dass sie umsichtig und am besten immer mit dem richtigen Mallet gespielt werden. Ein zu heftiger Anschlag mit einem zu gro\u00dfem Schlegel kann den Gong nachhaltig sch\u00e4digen.<\/p>\n<p>PFLEGE<\/p>\n<p>Gongs laden dazu ein, angefasst zu werden. Das Material ist grunds\u00e4tzlich extrem trocken und hat die Eigenschaft, sofort die nat\u00fcrlichen Fette und \u00d6le aus der Haut aufzusaugen. Der Gong entwickelt dadurch eine leicht unansehnliche Optik. Umgehen Sie dies, indem sie das Pflegen der Oberfl\u00e4che zur Routine werden lassen. Geeignet zur Plege sind Silber- und Metallputzmittel. Seien Sie sorgsam mit dem Nachpolieren, damit die Mallets nicht dunkel werden durch Reste von Putzmittel. Der Klang wird durch die Optik eines Gongs in keinem Fall beeintr\u00e4chtigt.<\/p>\n","protected":false},"excerpt":{"rendered":"Dieser planetarische Symphonie-Gong ist auf den Ton G2 &#8211; 97.36 Hz gestimmt. Diese Frequenz wurde von Hans Cousto, dem Autor der kosmischen Oktave, mathematisch ermittelt.\r\n<ul>\r\n \t<li>Gr\u00f6sse: 71cm \/ 28&#8243;<\/li>\r\n \t<li>Ton: G2 &#8211; 97.36 Hz<\/li>\r\n<\/ul>\r\n<div><\/div>\r\n<div><strong>Planetarische Stimmung nach Hans Cousto<\/strong><\/div>\r\n<ul>\r\n \t<li>3. Oktave: G3\/g &#8211; 194.71 Hz<\/li>\r\n<\/ul>","protected":false},"featured_media":29238,"template":"","meta":[],"product_brand":[],"product_cat":[1422,493,37],"product_tag":[],"class_list":{"0":"post-1536","1":"product","2":"type-product","3":"status-publish","4":"has-post-thumbnail","6":"brands-paiste","7":"product_cat-gongs-auf-lager","8":"product_cat-tuned-gongs","9":"product_cat-planeten-gongs","10":"product_shipping_class-kostenloser-versand-innerhalb-der-schweiz","12":"first","13":"instock","14":"sold-individually","15":"taxable","16":"shipping-taxable","17":"purchasable","18":"product-type-simple"},"yoast_head":"<!-- This site is optimized with the Yoast SEO plugin v27.0 - https:\/\/yoast.com\/product\/yoast-seo-wordpress\/ -->\n<title>PAISTE Erde Gong I Der planetarische Symphonie Gong<\/title>\n<meta name=\"description\" content=\"Der Erde Gong von PAISTE ist auf G und eine Frequenz von 97.36 Hz gestimmt. Er schwingt im Einklang mit der Erddrehung. Jetzt im Showroom Probespielen.\" \/>\n<meta name=\"robots\" content=\"index, follow, max-snippet:-1, max-image-preview:large, max-video-preview:-1\" \/>\n<link rel=\"canonical\" href=\"https:\/\/gongcenter.ch\/produkt\/paiste-planeten-gong-erden-tag\/\" \/>\n<meta property=\"og:locale\" content=\"en_US\" \/>\n<meta property=\"og:type\" content=\"article\" \/>\n<meta property=\"og:title\" content=\"PAISTE Erde Gong I Der planetarische Symphonie Gong\" \/>\n<meta property=\"og:description\" content=\"Der Erde Gong von PAISTE ist auf G und eine Frequenz von 97.36 Hz gestimmt. Er schwingt im Einklang mit der Erddrehung. Jetzt im Showroom Probespielen.\" \/>\n<meta property=\"og:url\" content=\"https:\/\/gongcenter.ch\/produkt\/paiste-planeten-gong-erden-tag\/\" \/>\n<meta property=\"og:site_name\" content=\"Gong Center Schweiz I Dein Gong und Klanginstrumente Fachgesch\u00e4ft\" \/>\n<meta property=\"article:modified_time\" content=\"2025-03-25T11:53:12+00:00\" \/>\n<meta property=\"og:image\" content=\"https:\/\/gongcenter.ch\/app\/uploads\/2022\/09\/PAISTE-Erde-Gong-2.png\" \/>\n\t<meta property=\"og:image:width\" content=\"600\" \/>\n\t<meta property=\"og:image:height\" content=\"600\" \/>\n\t<meta property=\"og:image:type\" content=\"image\/png\" \/>\n<meta name=\"twitter:card\" content=\"summary_large_image\" \/>\n<meta name=\"twitter:label1\" content=\"Est. reading time\" \/>\n\t<meta name=\"twitter:data1\" content=\"3 minutes\" \/>\n<!-- \/ Yoast SEO plugin. -->","yoast_head_json":{"title":"PAISTE Erde Gong I Der planetarische Symphonie Gong","description":"Der Erde Gong von PAISTE ist auf G und eine Frequenz von 97.36 Hz gestimmt. Er schwingt im Einklang mit der Erddrehung. Jetzt im Showroom Probespielen.","robots":{"index":"index","follow":"follow","max-snippet":"max-snippet:-1","max-image-preview":"max-image-preview:large","max-video-preview":"max-video-preview:-1"},"canonical":"https:\/\/gongcenter.ch\/produkt\/paiste-planeten-gong-erden-tag\/","og_locale":"en_US","og_type":"article","og_title":"PAISTE Erde Gong I Der planetarische Symphonie Gong","og_description":"Der Erde Gong von PAISTE ist auf G und eine Frequenz von 97.36 Hz gestimmt. Er schwingt im Einklang mit der Erddrehung. Jetzt im Showroom Probespielen.","og_url":"https:\/\/gongcenter.ch\/produkt\/paiste-planeten-gong-erden-tag\/","og_site_name":"Gong Center Schweiz I Dein Gong und Klanginstrumente Fachgesch\u00e4ft","article_modified_time":"2025-03-25T11:53:12+00:00","og_image":[{"width":600,"height":600,"url":"https:\/\/gongcenter.ch\/app\/uploads\/2022\/09\/PAISTE-Erde-Gong-2.png","type":"image\/png"}],"twitter_card":"summary_large_image","twitter_misc":{"Est. reading time":"3 minutes"},"schema":{"@context":"https:\/\/schema.org","@graph":[{"@type":"WebPage","@id":"https:\/\/gongcenter.ch\/produkt\/paiste-planeten-gong-erden-tag\/","url":"https:\/\/gongcenter.ch\/produkt\/paiste-planeten-gong-erden-tag\/","name":"PAISTE Erde Gong I Der planetarische Symphonie Gong","isPartOf":{"@id":"https:\/\/gongcenter.ch\/#website"},"primaryImageOfPage":{"@id":"https:\/\/gongcenter.ch\/produkt\/paiste-planeten-gong-erden-tag\/#primaryimage"},"image":{"@id":"https:\/\/gongcenter.ch\/produkt\/paiste-planeten-gong-erden-tag\/#primaryimage"},"thumbnailUrl":"https:\/\/gongcenter.ch\/app\/uploads\/2022\/09\/PAISTE-Erde-Gong-2.png","datePublished":"2018-07-20T11:52:37+00:00","dateModified":"2025-03-25T11:53:12+00:00","description":"Der Erde Gong von PAISTE ist auf G und eine Frequenz von 97.36 Hz gestimmt. Er schwingt im Einklang mit der Erddrehung. Jetzt im Showroom Probespielen.","breadcrumb":{"@id":"https:\/\/gongcenter.ch\/produkt\/paiste-planeten-gong-erden-tag\/#breadcrumb"},"inLanguage":"en-US","potentialAction":[{"@type":"ReadAction","target":["https:\/\/gongcenter.ch\/produkt\/paiste-planeten-gong-erden-tag\/"]}]},{"@type":"ImageObject","inLanguage":"en-US","@id":"https:\/\/gongcenter.ch\/produkt\/paiste-planeten-gong-erden-tag\/#primaryimage","url":"https:\/\/gongcenter.ch\/app\/uploads\/2022\/09\/PAISTE-Erde-Gong-2.png","contentUrl":"https:\/\/gongcenter.ch\/app\/uploads\/2022\/09\/PAISTE-Erde-Gong-2.png","width":600,"height":600},{"@type":"BreadcrumbList","@id":"https:\/\/gongcenter.ch\/produkt\/paiste-planeten-gong-erden-tag\/#breadcrumb","itemListElement":[{"@type":"ListItem","position":1,"name":"Startseite","item":"https:\/\/gongcenter.ch\/en\/"},{"@type":"ListItem","position":2,"name":"Shop","item":"https:\/\/gongcenter.ch\/en\/shop\/"},{"@type":"ListItem","position":3,"name":"PAISTE Erde Gong, Tageston 28&#8243;"}]},{"@type":"WebSite","@id":"https:\/\/gongcenter.ch\/#website","url":"https:\/\/gongcenter.ch\/","name":"Gong Center Schweiz I Dein Gong und Klanginstrumente Fachgesch\u00e4ft","description":"Entdecke eine grosse Gong Auswahl sowie weitere Klanginstrumente - Wir sind Gong Klangtherapeut und bieten dir Top Qualit\u00e4t und Beratung.","publisher":{"@id":"https:\/\/gongcenter.ch\/#organization"},"potentialAction":[{"@type":"SearchAction","target":{"@type":"EntryPoint","urlTemplate":"https:\/\/gongcenter.ch\/?s={search_term_string}"},"query-input":{"@type":"PropertyValueSpecification","valueRequired":true,"valueName":"search_term_string"}}],"inLanguage":"en-US"},{"@type":"Organization","@id":"https:\/\/gongcenter.ch\/#organization","name":"Gongcenter Z\u00fcrich I Das Fachgesch\u00e4ft f\u00fcr Gong und Klang","url":"https:\/\/gongcenter.ch\/","logo":{"@type":"ImageObject","inLanguage":"en-US","@id":"https:\/\/gongcenter.ch\/#\/schema\/logo\/image\/","url":"https:\/\/gongcenter.ch\/app\/uploads\/2018\/05\/Gong-Center_Logo_2000_black.png","contentUrl":"https:\/\/gongcenter.ch\/app\/uploads\/2018\/05\/Gong-Center_Logo_2000_black.png","width":2000,"height":600,"caption":"Gongcenter Z\u00fcrich I Das Fachgesch\u00e4ft f\u00fcr Gong und Klang"},"image":{"@id":"https:\/\/gongcenter.ch\/#\/schema\/logo\/image\/"}}]}},"acf":[],"_links":{"self":[{"href":"https:\/\/gongcenter.ch\/en\/wp-json\/wp\/v2\/product\/1536","targetHints":{"allow":["GET"]}}],"collection":[{"href":"https:\/\/gongcenter.ch\/en\/wp-json\/wp\/v2\/product"}],"about":[{"href":"https:\/\/gongcenter.ch\/en\/wp-json\/wp\/v2\/types\/product"}],"wp:featuredmedia":[{"embeddable":true,"href":"https:\/\/gongcenter.ch\/en\/wp-json\/wp\/v2\/media\/29238"}],"wp:attachment":[{"href":"https:\/\/gongcenter.ch\/en\/wp-json\/wp\/v2\/media?parent=1536"}],"wp:term":[{"taxonomy":"product_brand","embeddable":true,"href":"https:\/\/gongcenter.ch\/en\/wp-json\/wp\/v2\/product_brand?post=1536"},{"taxonomy":"product_cat","embeddable":true,"href":"https:\/\/gongcenter.ch\/en\/wp-json\/wp\/v2\/product_cat?post=1536"},{"taxonomy":"product_tag","embeddable":true,"href":"https:\/\/gongcenter.ch\/en\/wp-json\/wp\/v2\/product_tag?post=1536"}],"curies":[{"name":"wp","href":"https:\/\/api.w.org\/{rel}","templated":true}]}}