{"id":1538,"date":"2018-07-20T12:02:48","date_gmt":"2018-07-20T11:02:48","guid":{"rendered":"http:\/\/64.131.77.249\/shop.gongcenter.ch\/?post_type=product&#038;p=1538"},"modified":"2026-03-03T10:59:29","modified_gmt":"2026-03-03T09:59:29","slug":"paiste-planeten-gong-jahreston-erde","status":"publish","type":"product","link":"https:\/\/gongcenter.ch\/en\/product\/paiste-planeten-gong-jahreston-erde\/","title":{"rendered":"PAISTE Erde Gong 38&#8243;"},"content":{"rendered":"<p>Dieser planetarische Symphonie-Gong ist gestimmt auf den Ton CIS mit 68,05 Hz. Diese Frequenz schwingt im Einklang mit der Bewegung der Erde um die Sonne, ein nat\u00fcrlicher planetarischer Rhythmus, der f\u00fcr den Wechsel der Jahreszeiten verantwortlich ist.<\/p>\n<p>Symphonisch bedeutet orchestral. Ein symphonischer Gong klingt somit wie ein ganzes Orchester. Zus\u00e4tzlich ist bei diesem Gong im Grundton die von Hans Cousto (Kosmische Oktave) berechnete Frequenz des Erdenjahres (365 Tage) eingestimmt.<\/p>\n<p>Dem Jahresston wird eine bevorzugte Resonanz-Wirkung im Bereich des Herzchakras zugeschrieben und seine oktav-analoge Entsprechung ist die Farbe blaugr\u00fcn-t\u00fcrkis. Klangtherapeuten verwenden diese Frequenz um einen harmonisierenden, ausgleichenden, entspannenden Effekt zu erzeugen.<\/p>\n<p>Sein Gegenpol\u00a0ist der\u00a0Sonnen Gong (anregend), wenn beide Gongs wie Yin und Yang gespielt werden.<\/p>\n<p class=\"\" data-start=\"273\" data-end=\"645\">Der PAISTE Erde Gong ist ein <strong data-start=\"302\" data-end=\"348\">planetarisch gestimmter symphonischer Gong<\/strong> mit einem tiefen, harmonischen Grundton, der auf <strong data-start=\"398\" data-end=\"411\">68.05\u202fHz<\/strong> schwingt \u2013 der Frequenz der <strong data-start=\"440\" data-end=\"470\">Erdumkreisung um die Sonne<\/strong>. Diese sogenannte OM-Frequenz wurde von <strong data-start=\"511\" data-end=\"526\">Hans Cousto<\/strong> in der Kosmischen Oktave berechnet und steht in Resonanz mit dem <strong data-start=\"592\" data-end=\"621\">Rhythmus der Jahreszeiten<\/strong> und dem <strong data-start=\"630\" data-end=\"644\">Herzchakra<\/strong>.<\/p>\n<hr class=\"\" data-start=\"647\" data-end=\"650\" \/>\n<h3 class=\"\" data-start=\"652\" data-end=\"689\"><strong data-start=\"659\" data-end=\"687\">Klangcharakter &amp; Wirkung<\/strong><\/h3>\n<p class=\"\" data-start=\"690\" data-end=\"1037\">Als <strong data-start=\"694\" data-end=\"716\">symphonischer Gong<\/strong> entfaltet er ein vielschichtiges, orchestrales Klangspektrum mit warmen, erdenden Obert\u00f6nen. Seine Schwingung wird mit einer <strong data-start=\"842\" data-end=\"900\">ausgleichenden, beruhigenden und zentrierenden Wirkung<\/strong> in Verbindung gebracht. Die zugeordnete Farbfrequenz ist <strong data-start=\"958\" data-end=\"977\">blaugr\u00fcn-t\u00fcrkis<\/strong>, was zus\u00e4tzlich f\u00fcr Harmonie, Balance und Verbindung steht.<\/p>\n<p class=\"\" data-start=\"1039\" data-end=\"1230\">Der Erde-Gong ist der <strong data-start=\"1061\" data-end=\"1072\">Yin-Pol<\/strong> im Zusammenspiel mit dem <strong data-start=\"1098\" data-end=\"1131\">anregenden Sonnen-Gong (Yang)<\/strong> \u2013 gemeinsam schaffen sie ein kraftvolles Klangfeld, das Gegens\u00e4tze vereint und in die Mitte f\u00fchrt.<\/p>\n<hr class=\"\" data-start=\"1232\" data-end=\"1235\" \/>\n<h3 class=\"\" data-start=\"1237\" data-end=\"1275\"><strong data-start=\"1244\" data-end=\"1273\">Spielimpuls &amp; Inspiration<\/strong><\/h3>\n<p class=\"\" data-start=\"1276\" data-end=\"1554\">Das Spielen dieses Gongs l\u00e4dt zu einer meditativen, assoziationsfreien Spielweise ein \u2013 im <strong data-start=\"1367\" data-end=\"1385\">Puls des Atems<\/strong>, mit <strong data-start=\"1391\" data-end=\"1425\">gleichm\u00e4\u00dfigen Wellenbewegungen<\/strong>. Der Klang selbst darf zum Lehrer werden: nicht kontrollieren, sondern mitschwingen, nicht fixieren, sondern geschehen lassen.<\/p>\n<p class=\"\" data-start=\"1556\" data-end=\"1691\">Diese archetypische Schwingung spricht <strong data-start=\"1595\" data-end=\"1613\">tiefere Ebenen<\/strong> an \u2013 dort, wo Heilung, R\u00fcckverbindung und das Gef\u00fchl von \u201eZuhause\u201c geschieht.<\/p>\n","protected":false},"excerpt":{"rendered":"<strong data-start=\"202\" data-end=\"271\">Frequenz: 68.05 Hz (Ton Cis) | OM-Frequenz | Herzchakra | Erdung<\/strong>\r\n<ul>\r\n \t<li>Gr\u00f6sse: 96cm &#8211; 38&#8243;<\/li>\r\n<\/ul>","protected":false},"featured_media":29238,"template":"","meta":[],"product_brand":[],"product_cat":[493,37],"product_tag":[],"class_list":{"0":"post-1538","1":"product","2":"type-product","3":"status-publish","4":"has-post-thumbnail","6":"brands-paiste","7":"product_cat-tuned-gongs","8":"product_cat-planeten-gongs","9":"product_shipping_class-kostenloser-versand-innerhalb-der-schweiz","11":"first","12":"instock","13":"sold-individually","14":"taxable","15":"shipping-taxable","16":"purchasable","17":"product-type-simple"},"yoast_head":"<!-- This site is optimized with the Yoast SEO plugin v27.0 - https:\/\/yoast.com\/product\/yoast-seo-wordpress\/ -->\n<title>PAISTE Erde Gong I Der Jahreston Symphonie Gong<\/title>\n<meta name=\"description\" content=\"Der Jahreston Erden Gong von PAISTE ist gestimmt auf den Ton CIS mit 136,10 Hz. Er schwingt im Einklang mit der Bewegung der Erde um die Sonne.\" \/>\n<meta name=\"robots\" content=\"index, follow, max-snippet:-1, max-image-preview:large, max-video-preview:-1\" \/>\n<link rel=\"canonical\" href=\"https:\/\/gongcenter.ch\/produkt\/paiste-planeten-gong-jahreston-erde\/\" \/>\n<meta property=\"og:locale\" content=\"en_US\" \/>\n<meta property=\"og:type\" content=\"article\" \/>\n<meta property=\"og:title\" content=\"PAISTE Erde Gong I Der Jahreston Symphonie Gong\" \/>\n<meta property=\"og:description\" content=\"Der Jahreston Erden Gong von PAISTE ist gestimmt auf den Ton CIS mit 136,10 Hz. Er schwingt im Einklang mit der Bewegung der Erde um die Sonne.\" \/>\n<meta property=\"og:url\" content=\"https:\/\/gongcenter.ch\/produkt\/paiste-planeten-gong-jahreston-erde\/\" \/>\n<meta property=\"og:site_name\" content=\"Gong Center Schweiz I Dein Gong und Klanginstrumente Fachgesch\u00e4ft\" \/>\n<meta property=\"article:modified_time\" content=\"2026-03-03T09:59:29+00:00\" \/>\n<meta property=\"og:image\" content=\"https:\/\/gongcenter.ch\/app\/uploads\/2022\/09\/PAISTE-Erde-Gong-2.png\" \/>\n\t<meta property=\"og:image:width\" content=\"600\" \/>\n\t<meta property=\"og:image:height\" content=\"600\" \/>\n\t<meta property=\"og:image:type\" content=\"image\/png\" \/>\n<meta name=\"twitter:card\" content=\"summary_large_image\" \/>\n<meta name=\"twitter:label1\" content=\"Est. reading time\" \/>\n\t<meta name=\"twitter:data1\" content=\"2 minutes\" \/>\n<!-- \/ Yoast SEO plugin. -->","yoast_head_json":{"title":"PAISTE Erde Gong I Der Jahreston Symphonie Gong","description":"Der Jahreston Erden Gong von PAISTE ist gestimmt auf den Ton CIS mit 136,10 Hz. Er schwingt im Einklang mit der Bewegung der Erde um die Sonne.","robots":{"index":"index","follow":"follow","max-snippet":"max-snippet:-1","max-image-preview":"max-image-preview:large","max-video-preview":"max-video-preview:-1"},"canonical":"https:\/\/gongcenter.ch\/produkt\/paiste-planeten-gong-jahreston-erde\/","og_locale":"en_US","og_type":"article","og_title":"PAISTE Erde Gong I Der Jahreston Symphonie Gong","og_description":"Der Jahreston Erden Gong von PAISTE ist gestimmt auf den Ton CIS mit 136,10 Hz. Er schwingt im Einklang mit der Bewegung der Erde um die Sonne.","og_url":"https:\/\/gongcenter.ch\/produkt\/paiste-planeten-gong-jahreston-erde\/","og_site_name":"Gong Center Schweiz I Dein Gong und Klanginstrumente Fachgesch\u00e4ft","article_modified_time":"2026-03-03T09:59:29+00:00","og_image":[{"width":600,"height":600,"url":"https:\/\/gongcenter.ch\/app\/uploads\/2022\/09\/PAISTE-Erde-Gong-2.png","type":"image\/png"}],"twitter_card":"summary_large_image","twitter_misc":{"Est. reading time":"2 minutes"},"schema":{"@context":"https:\/\/schema.org","@graph":[{"@type":"WebPage","@id":"https:\/\/gongcenter.ch\/produkt\/paiste-planeten-gong-jahreston-erde\/","url":"https:\/\/gongcenter.ch\/produkt\/paiste-planeten-gong-jahreston-erde\/","name":"PAISTE Erde Gong I Der Jahreston Symphonie Gong","isPartOf":{"@id":"https:\/\/gongcenter.ch\/#website"},"primaryImageOfPage":{"@id":"https:\/\/gongcenter.ch\/produkt\/paiste-planeten-gong-jahreston-erde\/#primaryimage"},"image":{"@id":"https:\/\/gongcenter.ch\/produkt\/paiste-planeten-gong-jahreston-erde\/#primaryimage"},"thumbnailUrl":"https:\/\/gongcenter.ch\/app\/uploads\/2022\/09\/PAISTE-Erde-Gong-2.png","datePublished":"2018-07-20T11:02:48+00:00","dateModified":"2026-03-03T09:59:29+00:00","description":"Der Jahreston Erden Gong von PAISTE ist gestimmt auf den Ton CIS mit 136,10 Hz. Er schwingt im Einklang mit der Bewegung der Erde um die Sonne.","breadcrumb":{"@id":"https:\/\/gongcenter.ch\/produkt\/paiste-planeten-gong-jahreston-erde\/#breadcrumb"},"inLanguage":"en-US","potentialAction":[{"@type":"ReadAction","target":["https:\/\/gongcenter.ch\/produkt\/paiste-planeten-gong-jahreston-erde\/"]}]},{"@type":"ImageObject","inLanguage":"en-US","@id":"https:\/\/gongcenter.ch\/produkt\/paiste-planeten-gong-jahreston-erde\/#primaryimage","url":"https:\/\/gongcenter.ch\/app\/uploads\/2022\/09\/PAISTE-Erde-Gong-2.png","contentUrl":"https:\/\/gongcenter.ch\/app\/uploads\/2022\/09\/PAISTE-Erde-Gong-2.png","width":600,"height":600},{"@type":"BreadcrumbList","@id":"https:\/\/gongcenter.ch\/produkt\/paiste-planeten-gong-jahreston-erde\/#breadcrumb","itemListElement":[{"@type":"ListItem","position":1,"name":"Startseite","item":"https:\/\/gongcenter.ch\/en\/"},{"@type":"ListItem","position":2,"name":"Shop","item":"https:\/\/gongcenter.ch\/en\/shop\/"},{"@type":"ListItem","position":3,"name":"PAISTE Erde Gong 38&#8243;"}]},{"@type":"WebSite","@id":"https:\/\/gongcenter.ch\/#website","url":"https:\/\/gongcenter.ch\/","name":"Gong Center Schweiz I Dein Gong und Klanginstrumente Fachgesch\u00e4ft","description":"Entdecke eine grosse Gong Auswahl sowie weitere Klanginstrumente - Wir sind Gong Klangtherapeut und bieten dir Top Qualit\u00e4t und Beratung.","publisher":{"@id":"https:\/\/gongcenter.ch\/#organization"},"potentialAction":[{"@type":"SearchAction","target":{"@type":"EntryPoint","urlTemplate":"https:\/\/gongcenter.ch\/?s={search_term_string}"},"query-input":{"@type":"PropertyValueSpecification","valueRequired":true,"valueName":"search_term_string"}}],"inLanguage":"en-US"},{"@type":"Organization","@id":"https:\/\/gongcenter.ch\/#organization","name":"Gongcenter Z\u00fcrich I Das Fachgesch\u00e4ft f\u00fcr Gong und Klang","url":"https:\/\/gongcenter.ch\/","logo":{"@type":"ImageObject","inLanguage":"en-US","@id":"https:\/\/gongcenter.ch\/#\/schema\/logo\/image\/","url":"https:\/\/gongcenter.ch\/app\/uploads\/2018\/05\/Gong-Center_Logo_2000_black.png","contentUrl":"https:\/\/gongcenter.ch\/app\/uploads\/2018\/05\/Gong-Center_Logo_2000_black.png","width":2000,"height":600,"caption":"Gongcenter Z\u00fcrich I Das Fachgesch\u00e4ft f\u00fcr Gong und Klang"},"image":{"@id":"https:\/\/gongcenter.ch\/#\/schema\/logo\/image\/"}}]}},"acf":[],"_links":{"self":[{"href":"https:\/\/gongcenter.ch\/en\/wp-json\/wp\/v2\/product\/1538","targetHints":{"allow":["GET"]}}],"collection":[{"href":"https:\/\/gongcenter.ch\/en\/wp-json\/wp\/v2\/product"}],"about":[{"href":"https:\/\/gongcenter.ch\/en\/wp-json\/wp\/v2\/types\/product"}],"wp:featuredmedia":[{"embeddable":true,"href":"https:\/\/gongcenter.ch\/en\/wp-json\/wp\/v2\/media\/29238"}],"wp:attachment":[{"href":"https:\/\/gongcenter.ch\/en\/wp-json\/wp\/v2\/media?parent=1538"}],"wp:term":[{"taxonomy":"product_brand","embeddable":true,"href":"https:\/\/gongcenter.ch\/en\/wp-json\/wp\/v2\/product_brand?post=1538"},{"taxonomy":"product_cat","embeddable":true,"href":"https:\/\/gongcenter.ch\/en\/wp-json\/wp\/v2\/product_cat?post=1538"},{"taxonomy":"product_tag","embeddable":true,"href":"https:\/\/gongcenter.ch\/en\/wp-json\/wp\/v2\/product_tag?post=1538"}],"curies":[{"name":"wp","href":"https:\/\/api.w.org\/{rel}","templated":true}]}}