{"id":1541,"date":"2018-07-20T12:10:03","date_gmt":"2018-07-20T11:10:03","guid":{"rendered":"http:\/\/64.131.77.249\/shop.gongcenter.ch\/?post_type=product&#038;p=1541"},"modified":"2024-08-22T11:44:00","modified_gmt":"2024-08-22T10:44:00","slug":"paiste-planeten-gong-platonisches-jahr-der-erde","status":"publish","type":"product","link":"https:\/\/gongcenter.ch\/en\/product\/paiste-planeten-gong-platonisches-jahr-der-erde\/","title":{"rendered":"Erde Gong, Platonisches Jahr 76cm"},"content":{"rendered":"<p>Dieser Planeten Erde Gong Platonisches Jahr schwingt in Resonanz mit einer der drei Erd-Frequenzen. Sein Grundton F mit einer rechnerischen Frequenz von 172,06 Hz leitet sich aus der Umlaufzeit der Erdachse ab. Der Experte w\u00fcrde sagen: &#8220;dieser Ton ist die 48. Oktave der Erdachsenpr\u00e4zision, einer Kreiselbewegung der Erdachse&#8221;.<\/p>\n<p>Der daraus entsprechende Ton F findet sich als ein historischer Grundton in der klassischen chinesischen Musik wieder. Seine Bezeichnung als Ton des Geistes kennzeichnet die Bedeutung dieser relevanten Frequenz. Man kann sagen, dass diese Frequenz f\u00fcr gelassene Heiterkeit steht und sehr gut im Kollektiv wirkt. Ein sehr sch\u00f6ner Gong auch f\u00fcr Arztpraxen. Sein ihm entsprechender oktavanaloger, resonanter Farbwert ist ein rot-violett.<\/p>\n<p>Der Mallet M3 ist am besten geeignet, das volle Klangspektrum dieses Gongs zu aktivieren.<\/p>\n<p>SPIEL-TIP<\/p>\n<p>Vor dem Hintergrund der zeitalter\u00fcbergreifenden Herleitungs-Beschreibung dieser archetypischen Frequenz empfiehlt sich das \u0084konstante Ostinat-spielen\u0093, ein kontinuierliches Tremolo mit zwei gleich gro\u00dfen Mallets in der linken und rechten Hand, gehalten in einer best\u00e4ndig pulsierenden Atemwelle, das Spiel \u00fcber lange Zeitr\u00e4ume ausgedehnt. Diese Spielart erm\u00f6glicht dem Zuh\u00f6rer einen sch\u00f6nen Einstieg in die Welt einer f\u00fcr die Menschheit wichtigen Schwingung.<\/p>\n<p>INFO<\/p>\n<p>Auch wenn Sie hier und bei anderen Gong-Beschreibungen Wirkungen und Entsprechungen finden werden, handelt es sich immer um Beschreibungen von Erfahrungen, die im Verlaufe vieler Jahre gemacht worden sind und sich mitunter auch nur im Kontext der jeweiligen Begrifflichkeiten erschlie\u00dfen. Alle Texte hier sollen Anregungen und Inspirationen f\u00fcr Ihre Gongarbeit sein. In dem Moment, wo Sie sich mit einer Frequenz besch\u00e4ftigen, erst dann k\u00f6nnen Sie sagen, was diese Frequenz f\u00fcr Sie leisten kann. Fakt ist, jede dieser Frequenzen hat eine spezifische Wirkung &#8211; da alle Menschen verschieden sind, wirken sich diese eben auch unterschiedlich aus. Erst die eigene Erfahrung wird eigenes, wertvolles Wissen generieren k\u00f6nnen.<\/p>\n<p>PFLEGE<\/p>\n<p>Gongs laden dazu ein, angefasst zu werden. Das Material ist grunds\u00e4tzlich extrem trocken und hat die Eigenschaft, sofort die nat\u00fcrlichen Fette und \u00d6le aus der Haut aufzusaugen. Der Gong entwickelt dadurch eine leicht unansehnliche Optik. Umgehen Sie dies, indem sie das Pflegen der Oberfl\u00e4che zur Routine werden lassen. Geeignet zur Plege sind Silber- und Metallputzmittel. Seien Sie sorgsam mit dem Nachpolieren, damit die Mallets nicht dunkel werden durch Reste von Putzmittel. Der Klang wird durch die Optik eines Gongs in keinem Fall beeintr\u00e4chtigt.<\/p>\n<p>&nbsp;<\/p>\n","protected":false},"excerpt":{"rendered":"Die Bezeichnung &#8220;Platonisches Jahr&#8221; wird f\u00fcr den gr\u00f6ssten kosmischen Zyklus aus geozentrischer Sicht verwendet. Es umfasst den Zeitraum, in welchem der Fr\u00fchlingspunkt (Pr\u00e4zession) einmal die gesamte Ekliptik durchwandert. Dies dauert knapp 26000 Jahre. Durchschnittlich verweilt der Fr\u00fchlingspunkt somit ungef\u00e4hr 2150 Jahre in einem Zeichen. Diese Epoche wird als &#8220;platonischer Monat&#8221; bezeichnet.\r\n<ul>\r\n \t<li>Gr\u00f6sse: 76cm \/ 30&#8243;<\/li>\r\n \t<li>Ton: F2 &#8211; 86.03 Hz<\/li>\r\n<\/ul>\r\n<div><\/div>\r\n<div><strong>Planetarische Stimmung nach Hans Cousto<\/strong><\/div>\r\n<ul>\r\n \t<li>3. Oktave: F3\/g &#8211; 172.06 Hz<\/li>\r\n<\/ul>","protected":false},"featured_media":29238,"template":"","meta":[],"product_brand":[],"product_cat":[493,37],"product_tag":[],"class_list":{"0":"post-1541","1":"product","2":"type-product","3":"status-publish","4":"has-post-thumbnail","6":"brands-paiste","7":"product_cat-tuned-gongs","8":"product_cat-planeten-gongs","9":"product_shipping_class-kostenloser-versand-innerhalb-der-schweiz","11":"first","12":"instock","13":"sold-individually","14":"taxable","15":"shipping-taxable","16":"purchasable","17":"product-type-simple"},"yoast_head":"<!-- This site is optimized with the Yoast SEO plugin v27.0 - https:\/\/yoast.com\/product\/yoast-seo-wordpress\/ -->\n<title>PAISTE Erde Gong I Mit dem Ton des Platonisches Jahres<\/title>\n<meta name=\"description\" content=\"Der PAISTE Erden Gong Platatonisches Jahr ist auf 172,06 Hz gestimmt. Diese Frequenz steht f\u00fcr gelassene Heiterkeit und wirkt positiv.\" \/>\n<meta name=\"robots\" content=\"index, follow, max-snippet:-1, max-image-preview:large, max-video-preview:-1\" \/>\n<link rel=\"canonical\" href=\"https:\/\/gongcenter.ch\/produkt\/paiste-planeten-gong-platonisches-jahr-der-erde\/\" \/>\n<meta property=\"og:locale\" content=\"en_US\" \/>\n<meta property=\"og:type\" content=\"article\" \/>\n<meta property=\"og:title\" content=\"PAISTE Erde Gong I Mit dem Ton des Platonisches Jahres\" \/>\n<meta property=\"og:description\" content=\"Der PAISTE Erden Gong Platatonisches Jahr ist auf 172,06 Hz gestimmt. Diese Frequenz steht f\u00fcr gelassene Heiterkeit und wirkt positiv.\" \/>\n<meta property=\"og:url\" content=\"https:\/\/gongcenter.ch\/produkt\/paiste-planeten-gong-platonisches-jahr-der-erde\/\" \/>\n<meta property=\"og:site_name\" content=\"Gong Center Schweiz I Dein Gong und Klanginstrumente Fachgesch\u00e4ft\" \/>\n<meta property=\"article:modified_time\" content=\"2024-08-22T10:44:00+00:00\" \/>\n<meta property=\"og:image\" content=\"https:\/\/gongcenter.ch\/app\/uploads\/2022\/09\/PAISTE-Erde-Gong-2.png\" \/>\n\t<meta property=\"og:image:width\" content=\"600\" \/>\n\t<meta property=\"og:image:height\" content=\"600\" \/>\n\t<meta property=\"og:image:type\" content=\"image\/png\" \/>\n<meta name=\"twitter:card\" content=\"summary_large_image\" \/>\n<meta name=\"twitter:label1\" content=\"Est. reading time\" \/>\n\t<meta name=\"twitter:data1\" content=\"3 minutes\" \/>\n<!-- \/ Yoast SEO plugin. -->","yoast_head_json":{"title":"PAISTE Erde Gong I Mit dem Ton des Platonisches Jahres","description":"Der PAISTE Erden Gong Platatonisches Jahr ist auf 172,06 Hz gestimmt. Diese Frequenz steht f\u00fcr gelassene Heiterkeit und wirkt positiv.","robots":{"index":"index","follow":"follow","max-snippet":"max-snippet:-1","max-image-preview":"max-image-preview:large","max-video-preview":"max-video-preview:-1"},"canonical":"https:\/\/gongcenter.ch\/produkt\/paiste-planeten-gong-platonisches-jahr-der-erde\/","og_locale":"en_US","og_type":"article","og_title":"PAISTE Erde Gong I Mit dem Ton des Platonisches Jahres","og_description":"Der PAISTE Erden Gong Platatonisches Jahr ist auf 172,06 Hz gestimmt. Diese Frequenz steht f\u00fcr gelassene Heiterkeit und wirkt positiv.","og_url":"https:\/\/gongcenter.ch\/produkt\/paiste-planeten-gong-platonisches-jahr-der-erde\/","og_site_name":"Gong Center Schweiz I Dein Gong und Klanginstrumente Fachgesch\u00e4ft","article_modified_time":"2024-08-22T10:44:00+00:00","og_image":[{"width":600,"height":600,"url":"https:\/\/gongcenter.ch\/app\/uploads\/2022\/09\/PAISTE-Erde-Gong-2.png","type":"image\/png"}],"twitter_card":"summary_large_image","twitter_misc":{"Est. reading time":"3 minutes"},"schema":{"@context":"https:\/\/schema.org","@graph":[{"@type":"WebPage","@id":"https:\/\/gongcenter.ch\/produkt\/paiste-planeten-gong-platonisches-jahr-der-erde\/","url":"https:\/\/gongcenter.ch\/produkt\/paiste-planeten-gong-platonisches-jahr-der-erde\/","name":"PAISTE Erde Gong I Mit dem Ton des Platonisches Jahres","isPartOf":{"@id":"https:\/\/gongcenter.ch\/#website"},"primaryImageOfPage":{"@id":"https:\/\/gongcenter.ch\/produkt\/paiste-planeten-gong-platonisches-jahr-der-erde\/#primaryimage"},"image":{"@id":"https:\/\/gongcenter.ch\/produkt\/paiste-planeten-gong-platonisches-jahr-der-erde\/#primaryimage"},"thumbnailUrl":"https:\/\/gongcenter.ch\/app\/uploads\/2022\/09\/PAISTE-Erde-Gong-2.png","datePublished":"2018-07-20T11:10:03+00:00","dateModified":"2024-08-22T10:44:00+00:00","description":"Der PAISTE Erden Gong Platatonisches Jahr ist auf 172,06 Hz gestimmt. Diese Frequenz steht f\u00fcr gelassene Heiterkeit und wirkt positiv.","breadcrumb":{"@id":"https:\/\/gongcenter.ch\/produkt\/paiste-planeten-gong-platonisches-jahr-der-erde\/#breadcrumb"},"inLanguage":"en-US","potentialAction":[{"@type":"ReadAction","target":["https:\/\/gongcenter.ch\/produkt\/paiste-planeten-gong-platonisches-jahr-der-erde\/"]}]},{"@type":"ImageObject","inLanguage":"en-US","@id":"https:\/\/gongcenter.ch\/produkt\/paiste-planeten-gong-platonisches-jahr-der-erde\/#primaryimage","url":"https:\/\/gongcenter.ch\/app\/uploads\/2022\/09\/PAISTE-Erde-Gong-2.png","contentUrl":"https:\/\/gongcenter.ch\/app\/uploads\/2022\/09\/PAISTE-Erde-Gong-2.png","width":600,"height":600},{"@type":"BreadcrumbList","@id":"https:\/\/gongcenter.ch\/produkt\/paiste-planeten-gong-platonisches-jahr-der-erde\/#breadcrumb","itemListElement":[{"@type":"ListItem","position":1,"name":"Startseite","item":"https:\/\/gongcenter.ch\/en\/"},{"@type":"ListItem","position":2,"name":"Shop","item":"https:\/\/gongcenter.ch\/en\/shop\/"},{"@type":"ListItem","position":3,"name":"Erde Gong, Platonisches Jahr 76cm"}]},{"@type":"WebSite","@id":"https:\/\/gongcenter.ch\/#website","url":"https:\/\/gongcenter.ch\/","name":"Gong Center Schweiz I Dein Gong und Klanginstrumente Fachgesch\u00e4ft","description":"Entdecke eine grosse Gong Auswahl sowie weitere Klanginstrumente - Wir sind Gong Klangtherapeut und bieten dir Top Qualit\u00e4t und Beratung.","publisher":{"@id":"https:\/\/gongcenter.ch\/#organization"},"potentialAction":[{"@type":"SearchAction","target":{"@type":"EntryPoint","urlTemplate":"https:\/\/gongcenter.ch\/?s={search_term_string}"},"query-input":{"@type":"PropertyValueSpecification","valueRequired":true,"valueName":"search_term_string"}}],"inLanguage":"en-US"},{"@type":"Organization","@id":"https:\/\/gongcenter.ch\/#organization","name":"Gongcenter Z\u00fcrich I Das Fachgesch\u00e4ft f\u00fcr Gong und Klang","url":"https:\/\/gongcenter.ch\/","logo":{"@type":"ImageObject","inLanguage":"en-US","@id":"https:\/\/gongcenter.ch\/#\/schema\/logo\/image\/","url":"https:\/\/gongcenter.ch\/app\/uploads\/2018\/05\/Gong-Center_Logo_2000_black.png","contentUrl":"https:\/\/gongcenter.ch\/app\/uploads\/2018\/05\/Gong-Center_Logo_2000_black.png","width":2000,"height":600,"caption":"Gongcenter Z\u00fcrich I Das Fachgesch\u00e4ft f\u00fcr Gong und Klang"},"image":{"@id":"https:\/\/gongcenter.ch\/#\/schema\/logo\/image\/"}}]}},"acf":[],"_links":{"self":[{"href":"https:\/\/gongcenter.ch\/en\/wp-json\/wp\/v2\/product\/1541","targetHints":{"allow":["GET"]}}],"collection":[{"href":"https:\/\/gongcenter.ch\/en\/wp-json\/wp\/v2\/product"}],"about":[{"href":"https:\/\/gongcenter.ch\/en\/wp-json\/wp\/v2\/types\/product"}],"wp:featuredmedia":[{"embeddable":true,"href":"https:\/\/gongcenter.ch\/en\/wp-json\/wp\/v2\/media\/29238"}],"wp:attachment":[{"href":"https:\/\/gongcenter.ch\/en\/wp-json\/wp\/v2\/media?parent=1541"}],"wp:term":[{"taxonomy":"product_brand","embeddable":true,"href":"https:\/\/gongcenter.ch\/en\/wp-json\/wp\/v2\/product_brand?post=1541"},{"taxonomy":"product_cat","embeddable":true,"href":"https:\/\/gongcenter.ch\/en\/wp-json\/wp\/v2\/product_cat?post=1541"},{"taxonomy":"product_tag","embeddable":true,"href":"https:\/\/gongcenter.ch\/en\/wp-json\/wp\/v2\/product_tag?post=1541"}],"curies":[{"name":"wp","href":"https:\/\/api.w.org\/{rel}","templated":true}]}}