{"id":1545,"date":"2018-07-20T12:18:43","date_gmt":"2018-07-20T11:18:43","guid":{"rendered":"http:\/\/64.131.77.249\/shop.gongcenter.ch\/?post_type=product&#038;p=1545"},"modified":"2026-03-03T10:59:15","modified_gmt":"2026-03-03T09:59:15","slug":"paiste-planeten-gong-mond","status":"publish","type":"product","link":"https:\/\/gongcenter.ch\/en\/product\/paiste-planeten-gong-mond\/","title":{"rendered":"PAISTE Mond Gong, siderisch 24&#8243;"},"content":{"rendered":"<p>Dieser planetarische Symphonie-Gong ist gestimmt auf A2#\/Ais 113,71 Hz. Der siderische Mondton beschreibt die Schwingungsperiode eines Monats vom Fixsternhimmel aus gesehen. Er ist etwas k\u00fcrzer als der synodische Monat und wird der Ruhe des Neumonds zugeordnet.<\/p>\n<p>W\u00e4hrend der synodische Mondton f\u00fcr die ekstatische Gemeinsamkeit steht, wird der siderische Ton dem Alleinsein, der Besinnlichkeit einer ruhigen Neumondphase zugeordnet. Manche sprechen auch vom \u0084M\u00e4nner-Mondton\u0093. Diese Frequenz ist relativ wenig erforscht, \u00fcberhaupt ist das gesamte Thema der planetarischen Grundt\u00f6ne ein wesentlicher Bestandteil der Zukunftsmusik. Es er\u00f6ffnet neue Horizonte, deren unbekannte Weiten noch viel Raum f\u00fcr Entdeckungen lassen.<\/p>\n<p>S\u00e4mtliche Planetengongs wurden von Jens Zygar in Zusammenarbeit mit der Firma Paiste entwickelt. Wenn Sie genaueres dazu wissen m\u00f6chten, kontaktieren Sie uns gerne.<\/p>\n<p>Der entsprechende, passende Schlegel ist der Gong Mallet M3. Wahlweise ben\u00f6tigt der Gong den Quadratst\u00e4nder Q(R)S- 1 oder den Rundst\u00e4nder RS-61.<\/p>\n<p>SPIEL &#8211; TIP<\/p>\n<p>Um einen Gongklang sch\u00f6n zu pr\u00e4sentieren, ist es wichtig, ihn m\u00f6glichst perfekt zu spielen. Lediglich bei Buckel- oder Kuppelgongs ist es so, dass ein Anschlag allein in der Mitte den Ton erzeugt.<\/p>\n<p>Damit das ganze Klangspektrum eines planetarischen Symphonie-Gongs wirklich gut zur Geltung kommt, baut sich der Klang durch ein wiederholtes Anschlagen an unterschiedlichen Stellen des Gongs langsam auf, ohne dass dabei der einzelne Anschlag sich markant aus dem H\u00f6rbild herausl\u00f6st. Diese Anschlagtechnik will ge\u00fcbt sein. Gongspiel-Seminartage bei Jens Zygar k\u00f6nnen gerne gebucht werden, rufen Sie uns an.<\/p>\n<p>INFO<\/p>\n<p>\u0084Das Zulassen des Unbekannten als Quelle f\u00fcr Informationen, die das bisherige Wissen erg\u00e4nzen; das unbefangene Herangehen an Dinge, um auf wertvolle Neuigkeiten zu sto\u00dfen, ohne Plan, in Ruhe sich dem Erleben hingeben\u0093&#8230;ist eine Botschaft dieser siderischen Mondschwingung.<\/p>\n<p>PFLEGE<\/p>\n<p>Gongs laden dazu ein, angefasst zu werden. Das Material ist grunds\u00e4tzlich extrem trocken und hat die Eigenschaft, sofort die nat\u00fcrlichen Fette und \u00d6le aus der Haut aufzusaugen. Der Gong entwickelt dadurch eine leicht unansehnliche Optik. Umgehen Sie dies, indem sie das Pflegen der Oberfl\u00e4che zur Routine werden lassen. Geeignet zur Pflege sind Silber- und Metallputzmittel. Seien Sie sorgsam mit dem Nachpolieren, damit die Mallets nicht dunkel werden durch Reste von Putzmittel. Der Klang wird durch die Optik eines Gongs in keinem Fall beeintr\u00e4chtigt.<\/p>\n<p>Das Buch von Hans Cousto zu den Planetenfrequenzen &#8220;Die Oktave, das Urgesetz der Harmonie&#8221; finden Sie als Download auf: Klangtage.com<\/p>\n","protected":false},"excerpt":{"rendered":"Der siderische Mondton beschreibt die Schwingungsperiode eines Monats vom Fixsternhimmel aus gesehen. Er ist etwas k\u00fcrzer als der synodische Monat und wird der Ruhe des Neumonds zugeordnet.\r\n<ul>\r\n \t<li>Gr\u00f6sse: 61cm \/\u00a0 24&#8243;<\/li>\r\n \t<li>Ton: A2#\/Ais\u00a0 113.71 Hz<\/li>\r\n<\/ul>\r\n<div><\/div>\r\n<div><strong>Planetarische Stimmung nach Hans Cousto<\/strong><\/div>\r\n<ul>\r\n \t<li>3. Oktave: A3#\/ais &#8211; 227.43 Hz<\/li>\r\n<\/ul>","protected":false},"featured_media":29244,"template":"","meta":[],"product_brand":[],"product_cat":[1422,493,29,37],"product_tag":[],"class_list":{"0":"post-1545","1":"product","2":"type-product","3":"status-publish","4":"has-post-thumbnail","6":"brands-paiste","7":"product_cat-gongs-auf-lager","8":"product_cat-tuned-gongs","9":"product_cat-gongs","10":"product_cat-planeten-gongs","11":"product_shipping_class-kostenloser-versand-innerhalb-der-schweiz","13":"first","14":"instock","15":"sold-individually","16":"taxable","17":"shipping-taxable","18":"purchasable","19":"product-type-simple"},"yoast_head":"<!-- This site is optimized with the Yoast SEO plugin v27.0 - https:\/\/yoast.com\/product\/yoast-seo-wordpress\/ -->\n<title>PAISTE Planeten Gong Mond | Der Klang der Besinnlichkeit<\/title>\n<meta name=\"description\" content=\"Der Mond Planeten Gong von PAISTE schwingt auf der Frequenz des Alleinseins, der Besinnlichkeit und der Ruhe. Jetzt im Showroom probespielen.\" \/>\n<meta name=\"robots\" content=\"index, follow, max-snippet:-1, max-image-preview:large, max-video-preview:-1\" \/>\n<link rel=\"canonical\" href=\"https:\/\/gongcenter.ch\/produkt\/paiste-planeten-gong-mond\/\" \/>\n<meta property=\"og:locale\" content=\"en_US\" \/>\n<meta property=\"og:type\" content=\"article\" \/>\n<meta property=\"og:title\" content=\"PAISTE Planeten Gong Mond | Der Klang der Besinnlichkeit\" \/>\n<meta property=\"og:description\" content=\"Der Mond Planeten Gong von PAISTE schwingt auf der Frequenz des Alleinseins, der Besinnlichkeit und der Ruhe. Jetzt im Showroom probespielen.\" \/>\n<meta property=\"og:url\" content=\"https:\/\/gongcenter.ch\/produkt\/paiste-planeten-gong-mond\/\" \/>\n<meta property=\"og:site_name\" content=\"Gong Center Schweiz I Dein Gong und Klanginstrumente Fachgesch\u00e4ft\" \/>\n<meta property=\"article:modified_time\" content=\"2026-03-03T09:59:15+00:00\" \/>\n<meta property=\"og:image\" content=\"https:\/\/gongcenter.ch\/app\/uploads\/2022\/09\/PAISTE-Mond-Gong-synodisch-2.png\" \/>\n\t<meta property=\"og:image:width\" content=\"600\" \/>\n\t<meta property=\"og:image:height\" content=\"600\" \/>\n\t<meta property=\"og:image:type\" content=\"image\/png\" \/>\n<meta name=\"twitter:card\" content=\"summary_large_image\" \/>\n<meta name=\"twitter:label1\" content=\"Est. reading time\" \/>\n\t<meta name=\"twitter:data1\" content=\"3 minutes\" \/>\n<!-- \/ Yoast SEO plugin. -->","yoast_head_json":{"title":"PAISTE Planeten Gong Mond | Der Klang der Besinnlichkeit","description":"Der Mond Planeten Gong von PAISTE schwingt auf der Frequenz des Alleinseins, der Besinnlichkeit und der Ruhe. Jetzt im Showroom probespielen.","robots":{"index":"index","follow":"follow","max-snippet":"max-snippet:-1","max-image-preview":"max-image-preview:large","max-video-preview":"max-video-preview:-1"},"canonical":"https:\/\/gongcenter.ch\/produkt\/paiste-planeten-gong-mond\/","og_locale":"en_US","og_type":"article","og_title":"PAISTE Planeten Gong Mond | Der Klang der Besinnlichkeit","og_description":"Der Mond Planeten Gong von PAISTE schwingt auf der Frequenz des Alleinseins, der Besinnlichkeit und der Ruhe. Jetzt im Showroom probespielen.","og_url":"https:\/\/gongcenter.ch\/produkt\/paiste-planeten-gong-mond\/","og_site_name":"Gong Center Schweiz I Dein Gong und Klanginstrumente Fachgesch\u00e4ft","article_modified_time":"2026-03-03T09:59:15+00:00","og_image":[{"width":600,"height":600,"url":"https:\/\/gongcenter.ch\/app\/uploads\/2022\/09\/PAISTE-Mond-Gong-synodisch-2.png","type":"image\/png"}],"twitter_card":"summary_large_image","twitter_misc":{"Est. reading time":"3 minutes"},"schema":{"@context":"https:\/\/schema.org","@graph":[{"@type":"WebPage","@id":"https:\/\/gongcenter.ch\/produkt\/paiste-planeten-gong-mond\/","url":"https:\/\/gongcenter.ch\/produkt\/paiste-planeten-gong-mond\/","name":"PAISTE Planeten Gong Mond | Der Klang der Besinnlichkeit","isPartOf":{"@id":"https:\/\/gongcenter.ch\/#website"},"primaryImageOfPage":{"@id":"https:\/\/gongcenter.ch\/produkt\/paiste-planeten-gong-mond\/#primaryimage"},"image":{"@id":"https:\/\/gongcenter.ch\/produkt\/paiste-planeten-gong-mond\/#primaryimage"},"thumbnailUrl":"https:\/\/gongcenter.ch\/app\/uploads\/2022\/09\/PAISTE-Mond-Gong-synodisch-2.png","datePublished":"2018-07-20T11:18:43+00:00","dateModified":"2026-03-03T09:59:15+00:00","description":"Der Mond Planeten Gong von PAISTE schwingt auf der Frequenz des Alleinseins, der Besinnlichkeit und der Ruhe. Jetzt im Showroom probespielen.","breadcrumb":{"@id":"https:\/\/gongcenter.ch\/produkt\/paiste-planeten-gong-mond\/#breadcrumb"},"inLanguage":"en-US","potentialAction":[{"@type":"ReadAction","target":["https:\/\/gongcenter.ch\/produkt\/paiste-planeten-gong-mond\/"]}]},{"@type":"ImageObject","inLanguage":"en-US","@id":"https:\/\/gongcenter.ch\/produkt\/paiste-planeten-gong-mond\/#primaryimage","url":"https:\/\/gongcenter.ch\/app\/uploads\/2022\/09\/PAISTE-Mond-Gong-synodisch-2.png","contentUrl":"https:\/\/gongcenter.ch\/app\/uploads\/2022\/09\/PAISTE-Mond-Gong-synodisch-2.png","width":600,"height":600},{"@type":"BreadcrumbList","@id":"https:\/\/gongcenter.ch\/produkt\/paiste-planeten-gong-mond\/#breadcrumb","itemListElement":[{"@type":"ListItem","position":1,"name":"Startseite","item":"https:\/\/gongcenter.ch\/en\/"},{"@type":"ListItem","position":2,"name":"Shop","item":"https:\/\/gongcenter.ch\/en\/shop\/"},{"@type":"ListItem","position":3,"name":"PAISTE Mond Gong, siderisch 24&#8243;"}]},{"@type":"WebSite","@id":"https:\/\/gongcenter.ch\/#website","url":"https:\/\/gongcenter.ch\/","name":"Gong Center Schweiz I Dein Gong und Klanginstrumente Fachgesch\u00e4ft","description":"Entdecke eine grosse Gong Auswahl sowie weitere Klanginstrumente - Wir sind Gong Klangtherapeut und bieten dir Top Qualit\u00e4t und Beratung.","publisher":{"@id":"https:\/\/gongcenter.ch\/#organization"},"potentialAction":[{"@type":"SearchAction","target":{"@type":"EntryPoint","urlTemplate":"https:\/\/gongcenter.ch\/?s={search_term_string}"},"query-input":{"@type":"PropertyValueSpecification","valueRequired":true,"valueName":"search_term_string"}}],"inLanguage":"en-US"},{"@type":"Organization","@id":"https:\/\/gongcenter.ch\/#organization","name":"Gongcenter Z\u00fcrich I Das Fachgesch\u00e4ft f\u00fcr Gong und Klang","url":"https:\/\/gongcenter.ch\/","logo":{"@type":"ImageObject","inLanguage":"en-US","@id":"https:\/\/gongcenter.ch\/#\/schema\/logo\/image\/","url":"https:\/\/gongcenter.ch\/app\/uploads\/2018\/05\/Gong-Center_Logo_2000_black.png","contentUrl":"https:\/\/gongcenter.ch\/app\/uploads\/2018\/05\/Gong-Center_Logo_2000_black.png","width":2000,"height":600,"caption":"Gongcenter Z\u00fcrich I Das Fachgesch\u00e4ft f\u00fcr Gong und Klang"},"image":{"@id":"https:\/\/gongcenter.ch\/#\/schema\/logo\/image\/"}}]}},"acf":[],"_links":{"self":[{"href":"https:\/\/gongcenter.ch\/en\/wp-json\/wp\/v2\/product\/1545","targetHints":{"allow":["GET"]}}],"collection":[{"href":"https:\/\/gongcenter.ch\/en\/wp-json\/wp\/v2\/product"}],"about":[{"href":"https:\/\/gongcenter.ch\/en\/wp-json\/wp\/v2\/types\/product"}],"wp:featuredmedia":[{"embeddable":true,"href":"https:\/\/gongcenter.ch\/en\/wp-json\/wp\/v2\/media\/29244"}],"wp:attachment":[{"href":"https:\/\/gongcenter.ch\/en\/wp-json\/wp\/v2\/media?parent=1545"}],"wp:term":[{"taxonomy":"product_brand","embeddable":true,"href":"https:\/\/gongcenter.ch\/en\/wp-json\/wp\/v2\/product_brand?post=1545"},{"taxonomy":"product_cat","embeddable":true,"href":"https:\/\/gongcenter.ch\/en\/wp-json\/wp\/v2\/product_cat?post=1545"},{"taxonomy":"product_tag","embeddable":true,"href":"https:\/\/gongcenter.ch\/en\/wp-json\/wp\/v2\/product_tag?post=1545"}],"curies":[{"name":"wp","href":"https:\/\/api.w.org\/{rel}","templated":true}]}}