{"id":1787,"date":"2018-07-21T12:09:05","date_gmt":"2018-07-21T11:09:05","guid":{"rendered":"http:\/\/64.131.77.249\/shop.gongcenter.ch\/?post_type=product&#038;p=1787"},"modified":"2023-05-18T15:53:12","modified_gmt":"2023-05-18T14:53:12","slug":"meinl-gongtasche-gefuettert","status":"publish","type":"product","link":"https:\/\/gongcenter.ch\/en\/product\/meinl-gongtasche-gefuettert\/","title":{"rendered":"Meinl Gongtasche gef\u00fcttert"},"content":{"rendered":"<p>Die Gongtaschen von Meinl sind der perfekte Begleiter f\u00fcr unterwegs. Sie sind komplett gef\u00fcttert und bieten so Schutz vor Kratzern und Besch\u00e4digungen.<\/p>\n<p>Es gibt sie in den Gr\u00f6\u00dfen: 61 cm \/ 24&#8243;, 71 cm \/ 28&#8243;, 81 cm \/ 32&#8243;, 91 cm \/ 36&#8243; und 102 cm \/ 40&#8243;.<\/p>\n","protected":false},"excerpt":{"rendered":"Die Gongtaschen von Meinl sind der perfekte Begleiter f\u00fcr unterwegs. Sie sind komplett gef\u00fcttert und bieten so Schutz vor Kratzern und Besch\u00e4digungen.","protected":false},"featured_media":29504,"template":"","meta":[],"product_brand":[],"product_cat":[63],"product_tag":[],"class_list":{"0":"post-1787","1":"product","2":"type-product","3":"status-publish","4":"has-post-thumbnail","6":"product_cat-gong-taschen-huellen","7":"product_shipping_class-bis-199-chf-9-90-chf","8":"pa_groesse-61-cm-o-24","9":"pa_groesse-71-cm-o-28","10":"pa_groesse-81-cm-o-32","11":"pa_groesse-91-cm-o-36","12":"pa_groesse-102-cm-40","14":"first","15":"instock","16":"taxable","17":"shipping-taxable","18":"purchasable","19":"product-type-variable"},"yoast_head":"<!-- This site is optimized with the Yoast SEO plugin v27.0 - https:\/\/yoast.com\/product\/yoast-seo-wordpress\/ -->\n<title>Meinl Gongtasche gef\u00fcttert I Diverse Gr\u00f6ssen I perfekter Schutz<\/title>\n<meta name=\"description\" content=\"Die gef\u00fctterten Gongtaschen sch\u00fctzen deinen Gong zuverl\u00e4ssig vor Kratzern und Besch\u00e4digungen. Sie sind ideal um deinen Gong zu transportieren.\" \/>\n<meta name=\"robots\" content=\"index, follow, max-snippet:-1, max-image-preview:large, max-video-preview:-1\" \/>\n<link rel=\"canonical\" href=\"https:\/\/gongcenter.ch\/produkt\/meinl-gongtasche-gefuettert\/\" \/>\n<meta property=\"og:locale\" content=\"en_US\" \/>\n<meta property=\"og:type\" content=\"article\" \/>\n<meta property=\"og:title\" content=\"Meinl Gongtasche gef\u00fcttert I Diverse Gr\u00f6ssen I perfekter Schutz\" \/>\n<meta property=\"og:description\" content=\"Die gef\u00fctterten Gongtaschen sch\u00fctzen deinen Gong zuverl\u00e4ssig vor Kratzern und Besch\u00e4digungen. Sie sind ideal um deinen Gong zu transportieren.\" \/>\n<meta property=\"og:url\" content=\"https:\/\/gongcenter.ch\/produkt\/meinl-gongtasche-gefuettert\/\" \/>\n<meta property=\"og:site_name\" content=\"Gong Center Schweiz I Dein Gong und Klanginstrumente Fachgesch\u00e4ft\" \/>\n<meta property=\"article:modified_time\" content=\"2023-05-18T14:53:12+00:00\" \/>\n<meta property=\"og:image\" content=\"https:\/\/gongcenter.ch\/app\/uploads\/2022\/09\/Gongtasche-gefuettert-2.png\" \/>\n\t<meta property=\"og:image:width\" content=\"600\" \/>\n\t<meta property=\"og:image:height\" content=\"600\" \/>\n\t<meta property=\"og:image:type\" content=\"image\/png\" \/>\n<meta name=\"twitter:card\" content=\"summary_large_image\" \/>\n<meta name=\"twitter:label1\" content=\"Est. reading time\" \/>\n\t<meta name=\"twitter:data1\" content=\"1 minute\" \/>\n<!-- \/ Yoast SEO plugin. -->","yoast_head_json":{"title":"Meinl Gongtasche gef\u00fcttert I Diverse Gr\u00f6ssen I perfekter Schutz","description":"Die gef\u00fctterten Gongtaschen sch\u00fctzen deinen Gong zuverl\u00e4ssig vor Kratzern und Besch\u00e4digungen. Sie sind ideal um deinen Gong zu transportieren.","robots":{"index":"index","follow":"follow","max-snippet":"max-snippet:-1","max-image-preview":"max-image-preview:large","max-video-preview":"max-video-preview:-1"},"canonical":"https:\/\/gongcenter.ch\/produkt\/meinl-gongtasche-gefuettert\/","og_locale":"en_US","og_type":"article","og_title":"Meinl Gongtasche gef\u00fcttert I Diverse Gr\u00f6ssen I perfekter Schutz","og_description":"Die gef\u00fctterten Gongtaschen sch\u00fctzen deinen Gong zuverl\u00e4ssig vor Kratzern und Besch\u00e4digungen. Sie sind ideal um deinen Gong zu transportieren.","og_url":"https:\/\/gongcenter.ch\/produkt\/meinl-gongtasche-gefuettert\/","og_site_name":"Gong Center Schweiz I Dein Gong und Klanginstrumente Fachgesch\u00e4ft","article_modified_time":"2023-05-18T14:53:12+00:00","og_image":[{"width":600,"height":600,"url":"https:\/\/gongcenter.ch\/app\/uploads\/2022\/09\/Gongtasche-gefuettert-2.png","type":"image\/png"}],"twitter_card":"summary_large_image","twitter_misc":{"Est. reading time":"1 minute"},"schema":{"@context":"https:\/\/schema.org","@graph":[{"@type":"WebPage","@id":"https:\/\/gongcenter.ch\/produkt\/meinl-gongtasche-gefuettert\/","url":"https:\/\/gongcenter.ch\/produkt\/meinl-gongtasche-gefuettert\/","name":"Meinl Gongtasche gef\u00fcttert I Diverse Gr\u00f6ssen I perfekter Schutz","isPartOf":{"@id":"https:\/\/gongcenter.ch\/#website"},"primaryImageOfPage":{"@id":"https:\/\/gongcenter.ch\/produkt\/meinl-gongtasche-gefuettert\/#primaryimage"},"image":{"@id":"https:\/\/gongcenter.ch\/produkt\/meinl-gongtasche-gefuettert\/#primaryimage"},"thumbnailUrl":"https:\/\/gongcenter.ch\/app\/uploads\/2022\/09\/Gongtasche-gefuettert-2.png","datePublished":"2018-07-21T11:09:05+00:00","dateModified":"2023-05-18T14:53:12+00:00","description":"Die gef\u00fctterten Gongtaschen sch\u00fctzen deinen Gong zuverl\u00e4ssig vor Kratzern und Besch\u00e4digungen. Sie sind ideal um deinen Gong zu transportieren.","breadcrumb":{"@id":"https:\/\/gongcenter.ch\/produkt\/meinl-gongtasche-gefuettert\/#breadcrumb"},"inLanguage":"en-US","potentialAction":[{"@type":"ReadAction","target":["https:\/\/gongcenter.ch\/produkt\/meinl-gongtasche-gefuettert\/"]}]},{"@type":"ImageObject","inLanguage":"en-US","@id":"https:\/\/gongcenter.ch\/produkt\/meinl-gongtasche-gefuettert\/#primaryimage","url":"https:\/\/gongcenter.ch\/app\/uploads\/2022\/09\/Gongtasche-gefuettert-2.png","contentUrl":"https:\/\/gongcenter.ch\/app\/uploads\/2022\/09\/Gongtasche-gefuettert-2.png","width":600,"height":600},{"@type":"BreadcrumbList","@id":"https:\/\/gongcenter.ch\/produkt\/meinl-gongtasche-gefuettert\/#breadcrumb","itemListElement":[{"@type":"ListItem","position":1,"name":"Startseite","item":"https:\/\/gongcenter.ch\/en\/"},{"@type":"ListItem","position":2,"name":"Shop","item":"https:\/\/gongcenter.ch\/en\/shop\/"},{"@type":"ListItem","position":3,"name":"Meinl Gongtasche gef\u00fcttert"}]},{"@type":"WebSite","@id":"https:\/\/gongcenter.ch\/#website","url":"https:\/\/gongcenter.ch\/","name":"Gong Center Schweiz I Dein Gong und Klanginstrumente Fachgesch\u00e4ft","description":"Entdecke eine grosse Gong Auswahl sowie weitere Klanginstrumente - Wir sind Gong Klangtherapeut und bieten dir Top Qualit\u00e4t und Beratung.","publisher":{"@id":"https:\/\/gongcenter.ch\/#organization"},"potentialAction":[{"@type":"SearchAction","target":{"@type":"EntryPoint","urlTemplate":"https:\/\/gongcenter.ch\/?s={search_term_string}"},"query-input":{"@type":"PropertyValueSpecification","valueRequired":true,"valueName":"search_term_string"}}],"inLanguage":"en-US"},{"@type":"Organization","@id":"https:\/\/gongcenter.ch\/#organization","name":"Gongcenter Z\u00fcrich I Das Fachgesch\u00e4ft f\u00fcr Gong und Klang","url":"https:\/\/gongcenter.ch\/","logo":{"@type":"ImageObject","inLanguage":"en-US","@id":"https:\/\/gongcenter.ch\/#\/schema\/logo\/image\/","url":"https:\/\/gongcenter.ch\/app\/uploads\/2018\/05\/Gong-Center_Logo_2000_black.png","contentUrl":"https:\/\/gongcenter.ch\/app\/uploads\/2018\/05\/Gong-Center_Logo_2000_black.png","width":2000,"height":600,"caption":"Gongcenter Z\u00fcrich I Das Fachgesch\u00e4ft f\u00fcr Gong und Klang"},"image":{"@id":"https:\/\/gongcenter.ch\/#\/schema\/logo\/image\/"}}]}},"acf":[],"_links":{"self":[{"href":"https:\/\/gongcenter.ch\/en\/wp-json\/wp\/v2\/product\/1787","targetHints":{"allow":["GET"]}}],"collection":[{"href":"https:\/\/gongcenter.ch\/en\/wp-json\/wp\/v2\/product"}],"about":[{"href":"https:\/\/gongcenter.ch\/en\/wp-json\/wp\/v2\/types\/product"}],"wp:featuredmedia":[{"embeddable":true,"href":"https:\/\/gongcenter.ch\/en\/wp-json\/wp\/v2\/media\/29504"}],"wp:attachment":[{"href":"https:\/\/gongcenter.ch\/en\/wp-json\/wp\/v2\/media?parent=1787"}],"wp:term":[{"taxonomy":"product_brand","embeddable":true,"href":"https:\/\/gongcenter.ch\/en\/wp-json\/wp\/v2\/product_brand?post=1787"},{"taxonomy":"product_cat","embeddable":true,"href":"https:\/\/gongcenter.ch\/en\/wp-json\/wp\/v2\/product_cat?post=1787"},{"taxonomy":"product_tag","embeddable":true,"href":"https:\/\/gongcenter.ch\/en\/wp-json\/wp\/v2\/product_tag?post=1787"}],"curies":[{"name":"wp","href":"https:\/\/api.w.org\/{rel}","templated":true}]}}