{"id":1804,"date":"2018-07-21T11:30:00","date_gmt":"2018-07-21T10:30:00","guid":{"rendered":"http:\/\/64.131.77.249\/shop.gongcenter.ch\/?post_type=product&#038;p=1804"},"modified":"2024-10-02T13:21:47","modified_gmt":"2024-10-02T12:21:47","slug":"rahmentrommel-tasche","status":"publish","type":"product","link":"https:\/\/gongcenter.ch\/en\/product\/rahmentrommel-tasche\/","title":{"rendered":"Tasche f\u00fcr Rahmentrommeln"},"content":{"rendered":"<p>Unsere Trommeltaschen aus strapazierf\u00e4higem Nylon bieten optimalen Schutz f\u00fcr deine Rahmentrommel \u2013 ob zur Aufbewahrung oder f\u00fcr den sicheren Transport.<\/p>\n<p>Finde die passende Gr\u00f6\u00dfe f\u00fcr deine Trommel:<\/p>\n<ul>\n<li>Trommel \u00d8 bis 41 cm = Tasche \u00d8 41 cm<\/li>\n<li>Trommel \u00d8 bis 46 cm = Tasche \u00d8 46 cm<\/li>\n<li>Trommel \u00d8 bis 51 cm = Tasche \u00d8 51 cm<\/li>\n<li>Trommel \u00d8 bis 56 cm = Tasche \u00d8 56 cm<\/li>\n<li>Trommel \u00d8 bis 60 cm = Tasche \u00d8 60 cm<\/li>\n<li>Trommel \u00d8 bis 66 cm = Tasche \u00d8 66 cm<\/li>\n<\/ul>\n","protected":false},"excerpt":{"rendered":"Diese Trommeltaschen f\u00fcr Rahmentrommeln sind aus robustem Nylon und der perfekte Schutz f\u00fcr Ihre Trommel.","protected":false},"featured_media":29508,"template":"","meta":[],"product_brand":[],"product_cat":[715,1179],"product_tag":[],"class_list":{"0":"post-1804","1":"product","2":"type-product","3":"status-publish","4":"has-post-thumbnail","6":"product_cat-percussion-drums","7":"product_cat-rahmentrommeln-schamanen-trommeln-klang-instrumente","8":"product_shipping_class-bis-199-chf-9-90-chf","9":"pa_groesse-30-cm-o","10":"pa_groesse-36-cm-oe","11":"pa_groesse-26-66-cm","12":"pa_groesse-41-cm","13":"pa_groesse-46-cm-o","14":"pa_groesse-51-cm-o","15":"pa_groesse-56-cm-o","16":"pa_groesse-60-cm-o","18":"first","19":"instock","20":"taxable","21":"shipping-taxable","22":"purchasable","23":"product-type-variable","24":"has-default-attributes"},"yoast_head":"<!-- This site is optimized with the Yoast SEO plugin v27.0 - https:\/\/yoast.com\/product\/yoast-seo-wordpress\/ -->\n<title>Trommeltaschen f\u00fcr Rahmentrommeln | F\u00fcr Schutz und Transport<\/title>\n<meta name=\"description\" content=\"Perfekte Trommeltasche f\u00fcr deine Rahmentrommel. Robustes Nylon, optimaler Schutz und verschiedene Gr\u00f6\u00dfen \u2013 Jetzt entdecken und bestellen!\" \/>\n<meta name=\"robots\" content=\"index, follow, max-snippet:-1, max-image-preview:large, max-video-preview:-1\" \/>\n<link rel=\"canonical\" href=\"https:\/\/gongcenter.ch\/produkt\/rahmentrommel-tasche\/\" \/>\n<meta property=\"og:locale\" content=\"en_US\" \/>\n<meta property=\"og:type\" content=\"article\" \/>\n<meta property=\"og:title\" content=\"Trommeltaschen f\u00fcr Rahmentrommeln | F\u00fcr Schutz und Transport\" \/>\n<meta property=\"og:description\" content=\"Perfekte Trommeltasche f\u00fcr deine Rahmentrommel. Robustes Nylon, optimaler Schutz und verschiedene Gr\u00f6\u00dfen \u2013 Jetzt entdecken und bestellen!\" \/>\n<meta property=\"og:url\" content=\"https:\/\/gongcenter.ch\/produkt\/rahmentrommel-tasche\/\" \/>\n<meta property=\"og:site_name\" content=\"Gong Center Schweiz I Dein Gong und Klanginstrumente Fachgesch\u00e4ft\" \/>\n<meta property=\"article:modified_time\" content=\"2024-10-02T12:21:47+00:00\" \/>\n<meta property=\"og:image\" content=\"https:\/\/gongcenter.ch\/app\/uploads\/2022\/09\/Tasche-Rahmentrommel-2.png\" \/>\n\t<meta property=\"og:image:width\" content=\"600\" \/>\n\t<meta property=\"og:image:height\" content=\"600\" \/>\n\t<meta property=\"og:image:type\" content=\"image\/png\" \/>\n<meta name=\"twitter:card\" content=\"summary_large_image\" \/>\n<meta name=\"twitter:label1\" content=\"Est. reading time\" \/>\n\t<meta name=\"twitter:data1\" content=\"1 minute\" \/>\n<!-- \/ Yoast SEO plugin. -->","yoast_head_json":{"title":"Trommeltaschen f\u00fcr Rahmentrommeln | F\u00fcr Schutz und Transport","description":"Perfekte Trommeltasche f\u00fcr deine Rahmentrommel. Robustes Nylon, optimaler Schutz und verschiedene Gr\u00f6\u00dfen \u2013 Jetzt entdecken und bestellen!","robots":{"index":"index","follow":"follow","max-snippet":"max-snippet:-1","max-image-preview":"max-image-preview:large","max-video-preview":"max-video-preview:-1"},"canonical":"https:\/\/gongcenter.ch\/produkt\/rahmentrommel-tasche\/","og_locale":"en_US","og_type":"article","og_title":"Trommeltaschen f\u00fcr Rahmentrommeln | F\u00fcr Schutz und Transport","og_description":"Perfekte Trommeltasche f\u00fcr deine Rahmentrommel. Robustes Nylon, optimaler Schutz und verschiedene Gr\u00f6\u00dfen \u2013 Jetzt entdecken und bestellen!","og_url":"https:\/\/gongcenter.ch\/produkt\/rahmentrommel-tasche\/","og_site_name":"Gong Center Schweiz I Dein Gong und Klanginstrumente Fachgesch\u00e4ft","article_modified_time":"2024-10-02T12:21:47+00:00","og_image":[{"width":600,"height":600,"url":"https:\/\/gongcenter.ch\/app\/uploads\/2022\/09\/Tasche-Rahmentrommel-2.png","type":"image\/png"}],"twitter_card":"summary_large_image","twitter_misc":{"Est. reading time":"1 minute"},"schema":{"@context":"https:\/\/schema.org","@graph":[{"@type":"WebPage","@id":"https:\/\/gongcenter.ch\/produkt\/rahmentrommel-tasche\/","url":"https:\/\/gongcenter.ch\/produkt\/rahmentrommel-tasche\/","name":"Trommeltaschen f\u00fcr Rahmentrommeln | F\u00fcr Schutz und Transport","isPartOf":{"@id":"https:\/\/gongcenter.ch\/#website"},"primaryImageOfPage":{"@id":"https:\/\/gongcenter.ch\/produkt\/rahmentrommel-tasche\/#primaryimage"},"image":{"@id":"https:\/\/gongcenter.ch\/produkt\/rahmentrommel-tasche\/#primaryimage"},"thumbnailUrl":"https:\/\/gongcenter.ch\/app\/uploads\/2022\/09\/Tasche-Rahmentrommel-2.png","datePublished":"2018-07-21T10:30:00+00:00","dateModified":"2024-10-02T12:21:47+00:00","description":"Perfekte Trommeltasche f\u00fcr deine Rahmentrommel. Robustes Nylon, optimaler Schutz und verschiedene Gr\u00f6\u00dfen \u2013 Jetzt entdecken und bestellen!","breadcrumb":{"@id":"https:\/\/gongcenter.ch\/produkt\/rahmentrommel-tasche\/#breadcrumb"},"inLanguage":"en-US","potentialAction":[{"@type":"ReadAction","target":["https:\/\/gongcenter.ch\/produkt\/rahmentrommel-tasche\/"]}]},{"@type":"ImageObject","inLanguage":"en-US","@id":"https:\/\/gongcenter.ch\/produkt\/rahmentrommel-tasche\/#primaryimage","url":"https:\/\/gongcenter.ch\/app\/uploads\/2022\/09\/Tasche-Rahmentrommel-2.png","contentUrl":"https:\/\/gongcenter.ch\/app\/uploads\/2022\/09\/Tasche-Rahmentrommel-2.png","width":600,"height":600},{"@type":"BreadcrumbList","@id":"https:\/\/gongcenter.ch\/produkt\/rahmentrommel-tasche\/#breadcrumb","itemListElement":[{"@type":"ListItem","position":1,"name":"Startseite","item":"https:\/\/gongcenter.ch\/en\/"},{"@type":"ListItem","position":2,"name":"Shop","item":"https:\/\/gongcenter.ch\/en\/shop\/"},{"@type":"ListItem","position":3,"name":"Tasche f\u00fcr Rahmentrommeln"}]},{"@type":"WebSite","@id":"https:\/\/gongcenter.ch\/#website","url":"https:\/\/gongcenter.ch\/","name":"Gong Center Schweiz I Dein Gong und Klanginstrumente Fachgesch\u00e4ft","description":"Entdecke eine grosse Gong Auswahl sowie weitere Klanginstrumente - Wir sind Gong Klangtherapeut und bieten dir Top Qualit\u00e4t und Beratung.","publisher":{"@id":"https:\/\/gongcenter.ch\/#organization"},"potentialAction":[{"@type":"SearchAction","target":{"@type":"EntryPoint","urlTemplate":"https:\/\/gongcenter.ch\/?s={search_term_string}"},"query-input":{"@type":"PropertyValueSpecification","valueRequired":true,"valueName":"search_term_string"}}],"inLanguage":"en-US"},{"@type":"Organization","@id":"https:\/\/gongcenter.ch\/#organization","name":"Gongcenter Z\u00fcrich I Das Fachgesch\u00e4ft f\u00fcr Gong und Klang","url":"https:\/\/gongcenter.ch\/","logo":{"@type":"ImageObject","inLanguage":"en-US","@id":"https:\/\/gongcenter.ch\/#\/schema\/logo\/image\/","url":"https:\/\/gongcenter.ch\/app\/uploads\/2018\/05\/Gong-Center_Logo_2000_black.png","contentUrl":"https:\/\/gongcenter.ch\/app\/uploads\/2018\/05\/Gong-Center_Logo_2000_black.png","width":2000,"height":600,"caption":"Gongcenter Z\u00fcrich I Das Fachgesch\u00e4ft f\u00fcr Gong und Klang"},"image":{"@id":"https:\/\/gongcenter.ch\/#\/schema\/logo\/image\/"}}]}},"acf":[],"_links":{"self":[{"href":"https:\/\/gongcenter.ch\/en\/wp-json\/wp\/v2\/product\/1804","targetHints":{"allow":["GET"]}}],"collection":[{"href":"https:\/\/gongcenter.ch\/en\/wp-json\/wp\/v2\/product"}],"about":[{"href":"https:\/\/gongcenter.ch\/en\/wp-json\/wp\/v2\/types\/product"}],"wp:featuredmedia":[{"embeddable":true,"href":"https:\/\/gongcenter.ch\/en\/wp-json\/wp\/v2\/media\/29508"}],"wp:attachment":[{"href":"https:\/\/gongcenter.ch\/en\/wp-json\/wp\/v2\/media?parent=1804"}],"wp:term":[{"taxonomy":"product_brand","embeddable":true,"href":"https:\/\/gongcenter.ch\/en\/wp-json\/wp\/v2\/product_brand?post=1804"},{"taxonomy":"product_cat","embeddable":true,"href":"https:\/\/gongcenter.ch\/en\/wp-json\/wp\/v2\/product_cat?post=1804"},{"taxonomy":"product_tag","embeddable":true,"href":"https:\/\/gongcenter.ch\/en\/wp-json\/wp\/v2\/product_tag?post=1804"}],"curies":[{"name":"wp","href":"https:\/\/api.w.org\/{rel}","templated":true}]}}