{"id":1815,"date":"2018-07-21T13:15:59","date_gmt":"2018-07-21T12:15:59","guid":{"rendered":"http:\/\/64.131.77.249\/shop.gongcenter.ch\/?post_type=product&#038;p=1815"},"modified":"2025-08-21T17:30:08","modified_gmt":"2025-08-21T16:30:08","slug":"gong-zubehoer-mallets-schlaegel","status":"publish","type":"product","link":"https:\/\/gongcenter.ch\/en\/product\/gong-zubehoer-mallets-schlaegel\/","title":{"rendered":"PAISTE Gong Mallet"},"content":{"rendered":"<p>Ein geeigneter Mallet (auch Schlegel genannt) ist die Grundvoraussetzung f\u00fcr ein wohlklingendes, perfektes Gongspielen.<\/p>\n<p>Aus physikalischen Gr\u00fcnden hat jeder Gong einen zu seiner Gr\u00f6\u00dfe perfekt passenden Mallet, dessen Schwungmasse sich aus einem berechnetem Verh\u00e4ltnis von Malletkopf, Griffl\u00e4nge und Schwere insgesamt zusammensetzt. F\u00fcr Frauen ist es jedoch manchmal ratsam, die Mallets eine Nummer kleiner zu w\u00e4hlen, da diese doch recht schwer sind und nach einer Stunde Gongspiel merkt man das deutlich.<\/p>\n<p>Wir spielen meist mit zwei Mallets unterschiedlicher Gr\u00f6\u00dfe, um im Spiel ein gr\u00f6\u00dferes Klangspektrum abrufen zu k\u00f6nnen. Es empfiehlt sich auch, mit unterschiedlichen Malletgr\u00f6\u00dfen zu experimentieren, da unterschiedliche Mallets verschiedenen T\u00f6ne bewirken und man so die M\u00f6glichkeit hat, das Klangpotenzial der Gongs in all seinen Ausdrucksm\u00f6glichkeiten zu entdecken.<\/p>\n<p>Wir haben uns f\u00fcr diesen Mallet entschieden, da er die gr\u00f6\u00dfte Haltbarkeit im Laufe der Jahre bewiesen hat. Auch ist er durch den Metallgriff leicher als Mallets mit Holzgriff und etwas besser zu halten, da d\u00fcnner.<\/p>\n","protected":false},"excerpt":{"rendered":"Kopf-Material: Lammfell\r\n\r\nGriff: Metall mit Gummiende und Kordel\r\n\r\nGong Mallet Gewicht \/ L\u00e4nge\/ Gongdurchmesser:\r\n<ul>\r\n \t<li>Gong Mallet M1 \/ 210 gr. \/ 400 mm \/ 51-61 cm \u00d8<\/li>\r\n \t<li>Gong Mallet M2 \/ 260 gr. \/ 400 mm \/ 51-66 cm \u00d8<\/li>\r\n \t<li>Gong Mallet M3 \/ 314 gr. \/ 400 mm \/ 61-81 cm \u00d8<\/li>\r\n \t<li>Gong Mallet M4 \/ 362 gr. \/ 400 mm \/ 76-96 cm \u00d8<\/li>\r\n \t<li>Gong Mallet M5 \/ 420 gr. \/ 415 mm \/ 81-96 cm \u00d8<\/li>\r\n \t<li>Gong Mallet M6 \/ 514 gr. \/ 420 mm \/ 91-96 cm \u00d8<\/li>\r\n \t<li>Gong Mallet M7 \/ 900 gr. \/ 445 mm \/ 96-150 cm \u00d8<\/li>\r\n \t<li>Gong Mallet M8 \/ 1309 gr. \/ 550 mm \/ 120-150 cm \u00d8<\/li>\r\n \t<li>Gong Mallet M8A \/ 1800 gr. \/ 630 mm \/ 120-200 cm \u00d8<\/li>\r\n<\/ul>","protected":false},"featured_media":29510,"template":"","meta":[],"product_brand":[],"product_cat":[65],"product_tag":[],"class_list":{"0":"post-1815","1":"product","2":"type-product","3":"status-publish","4":"has-post-thumbnail","6":"brands-paiste","7":"product_cat-gong-zubehoer-mallets-schlaegel","8":"product_shipping_class-bis-199-chf-9-90-chf","9":"pa_groesse-m1","10":"pa_groesse-m2","11":"pa_groesse-m3","12":"pa_groesse-m4","13":"pa_groesse-m5","14":"pa_groesse-m6","15":"pa_groesse-m7","16":"pa_groesse-m8","17":"pa_groesse-m8a","18":"pa_groesse-m9-nicht-verfugbar","20":"first","21":"instock","22":"sale","23":"taxable","24":"shipping-taxable","25":"purchasable","26":"product-type-variable"},"yoast_head":"<!-- This site is optimized with the Yoast SEO plugin v27.0 - https:\/\/yoast.com\/product\/yoast-seo-wordpress\/ -->\n<title>Paiste Gong Mallet | Schl\u00e4gel | Grosse Auswahl an Lager<\/title>\n<meta name=\"description\" content=\"Ein Gong Mallet (Schl\u00e4egel) ist die Grundvoraussetzung f\u00fcr ein wohlklingendes, perfektes Gongspielen. Beste Beratung.\" \/>\n<meta name=\"robots\" content=\"index, follow, max-snippet:-1, max-image-preview:large, max-video-preview:-1\" \/>\n<link rel=\"canonical\" href=\"https:\/\/gongcenter.ch\/produkt\/gong-zubehoer-mallets-schlaegel\/\" \/>\n<meta property=\"og:locale\" content=\"en_US\" \/>\n<meta property=\"og:type\" content=\"article\" \/>\n<meta property=\"og:title\" content=\"Paiste Gong Mallet | Schl\u00e4gel | Grosse Auswahl an Lager\" \/>\n<meta property=\"og:description\" content=\"Ein Gong Mallet (Schl\u00e4egel) ist die Grundvoraussetzung f\u00fcr ein wohlklingendes, perfektes Gongspielen. Beste Beratung.\" \/>\n<meta property=\"og:url\" content=\"https:\/\/gongcenter.ch\/produkt\/gong-zubehoer-mallets-schlaegel\/\" \/>\n<meta property=\"og:site_name\" content=\"Gong Center Schweiz I Dein Gong und Klanginstrumente Fachgesch\u00e4ft\" \/>\n<meta property=\"article:modified_time\" content=\"2025-08-21T16:30:08+00:00\" \/>\n<meta property=\"og:image\" content=\"https:\/\/gongcenter.ch\/app\/uploads\/2022\/09\/PAISTE-Gong-Mallet-2.png\" \/>\n\t<meta property=\"og:image:width\" content=\"600\" \/>\n\t<meta property=\"og:image:height\" content=\"600\" \/>\n\t<meta property=\"og:image:type\" content=\"image\/png\" \/>\n<meta name=\"twitter:card\" content=\"summary_large_image\" \/>\n<meta name=\"twitter:label1\" content=\"Est. reading time\" \/>\n\t<meta name=\"twitter:data1\" content=\"2 minutes\" \/>\n<!-- \/ Yoast SEO plugin. -->","yoast_head_json":{"title":"Paiste Gong Mallet | Schl\u00e4gel | Grosse Auswahl an Lager","description":"Ein Gong Mallet (Schl\u00e4egel) ist die Grundvoraussetzung f\u00fcr ein wohlklingendes, perfektes Gongspielen. Beste Beratung.","robots":{"index":"index","follow":"follow","max-snippet":"max-snippet:-1","max-image-preview":"max-image-preview:large","max-video-preview":"max-video-preview:-1"},"canonical":"https:\/\/gongcenter.ch\/produkt\/gong-zubehoer-mallets-schlaegel\/","og_locale":"en_US","og_type":"article","og_title":"Paiste Gong Mallet | Schl\u00e4gel | Grosse Auswahl an Lager","og_description":"Ein Gong Mallet (Schl\u00e4egel) ist die Grundvoraussetzung f\u00fcr ein wohlklingendes, perfektes Gongspielen. Beste Beratung.","og_url":"https:\/\/gongcenter.ch\/produkt\/gong-zubehoer-mallets-schlaegel\/","og_site_name":"Gong Center Schweiz I Dein Gong und Klanginstrumente Fachgesch\u00e4ft","article_modified_time":"2025-08-21T16:30:08+00:00","og_image":[{"width":600,"height":600,"url":"https:\/\/gongcenter.ch\/app\/uploads\/2022\/09\/PAISTE-Gong-Mallet-2.png","type":"image\/png"}],"twitter_card":"summary_large_image","twitter_misc":{"Est. reading time":"2 minutes"},"schema":{"@context":"https:\/\/schema.org","@graph":[{"@type":"WebPage","@id":"https:\/\/gongcenter.ch\/produkt\/gong-zubehoer-mallets-schlaegel\/","url":"https:\/\/gongcenter.ch\/produkt\/gong-zubehoer-mallets-schlaegel\/","name":"Paiste Gong Mallet | Schl\u00e4gel | Grosse Auswahl an Lager","isPartOf":{"@id":"https:\/\/gongcenter.ch\/#website"},"primaryImageOfPage":{"@id":"https:\/\/gongcenter.ch\/produkt\/gong-zubehoer-mallets-schlaegel\/#primaryimage"},"image":{"@id":"https:\/\/gongcenter.ch\/produkt\/gong-zubehoer-mallets-schlaegel\/#primaryimage"},"thumbnailUrl":"https:\/\/gongcenter.ch\/app\/uploads\/2022\/09\/PAISTE-Gong-Mallet-2.png","datePublished":"2018-07-21T12:15:59+00:00","dateModified":"2025-08-21T16:30:08+00:00","description":"Ein Gong Mallet (Schl\u00e4egel) ist die Grundvoraussetzung f\u00fcr ein wohlklingendes, perfektes Gongspielen. Beste Beratung.","breadcrumb":{"@id":"https:\/\/gongcenter.ch\/produkt\/gong-zubehoer-mallets-schlaegel\/#breadcrumb"},"inLanguage":"en-US","potentialAction":[{"@type":"ReadAction","target":["https:\/\/gongcenter.ch\/produkt\/gong-zubehoer-mallets-schlaegel\/"]}]},{"@type":"ImageObject","inLanguage":"en-US","@id":"https:\/\/gongcenter.ch\/produkt\/gong-zubehoer-mallets-schlaegel\/#primaryimage","url":"https:\/\/gongcenter.ch\/app\/uploads\/2022\/09\/PAISTE-Gong-Mallet-2.png","contentUrl":"https:\/\/gongcenter.ch\/app\/uploads\/2022\/09\/PAISTE-Gong-Mallet-2.png","width":600,"height":600},{"@type":"BreadcrumbList","@id":"https:\/\/gongcenter.ch\/produkt\/gong-zubehoer-mallets-schlaegel\/#breadcrumb","itemListElement":[{"@type":"ListItem","position":1,"name":"Startseite","item":"https:\/\/gongcenter.ch\/en\/"},{"@type":"ListItem","position":2,"name":"Shop","item":"https:\/\/gongcenter.ch\/en\/shop\/"},{"@type":"ListItem","position":3,"name":"PAISTE Gong Mallet"}]},{"@type":"WebSite","@id":"https:\/\/gongcenter.ch\/#website","url":"https:\/\/gongcenter.ch\/","name":"Gong Center Schweiz I Dein Gong und Klanginstrumente Fachgesch\u00e4ft","description":"Entdecke eine grosse Gong Auswahl sowie weitere Klanginstrumente - Wir sind Gong Klangtherapeut und bieten dir Top Qualit\u00e4t und Beratung.","publisher":{"@id":"https:\/\/gongcenter.ch\/#organization"},"potentialAction":[{"@type":"SearchAction","target":{"@type":"EntryPoint","urlTemplate":"https:\/\/gongcenter.ch\/?s={search_term_string}"},"query-input":{"@type":"PropertyValueSpecification","valueRequired":true,"valueName":"search_term_string"}}],"inLanguage":"en-US"},{"@type":"Organization","@id":"https:\/\/gongcenter.ch\/#organization","name":"Gongcenter Z\u00fcrich I Das Fachgesch\u00e4ft f\u00fcr Gong und Klang","url":"https:\/\/gongcenter.ch\/","logo":{"@type":"ImageObject","inLanguage":"en-US","@id":"https:\/\/gongcenter.ch\/#\/schema\/logo\/image\/","url":"https:\/\/gongcenter.ch\/app\/uploads\/2018\/05\/Gong-Center_Logo_2000_black.png","contentUrl":"https:\/\/gongcenter.ch\/app\/uploads\/2018\/05\/Gong-Center_Logo_2000_black.png","width":2000,"height":600,"caption":"Gongcenter Z\u00fcrich I Das Fachgesch\u00e4ft f\u00fcr Gong und Klang"},"image":{"@id":"https:\/\/gongcenter.ch\/#\/schema\/logo\/image\/"}}]}},"acf":[],"_links":{"self":[{"href":"https:\/\/gongcenter.ch\/en\/wp-json\/wp\/v2\/product\/1815","targetHints":{"allow":["GET"]}}],"collection":[{"href":"https:\/\/gongcenter.ch\/en\/wp-json\/wp\/v2\/product"}],"about":[{"href":"https:\/\/gongcenter.ch\/en\/wp-json\/wp\/v2\/types\/product"}],"wp:featuredmedia":[{"embeddable":true,"href":"https:\/\/gongcenter.ch\/en\/wp-json\/wp\/v2\/media\/29510"}],"wp:attachment":[{"href":"https:\/\/gongcenter.ch\/en\/wp-json\/wp\/v2\/media?parent=1815"}],"wp:term":[{"taxonomy":"product_brand","embeddable":true,"href":"https:\/\/gongcenter.ch\/en\/wp-json\/wp\/v2\/product_brand?post=1815"},{"taxonomy":"product_cat","embeddable":true,"href":"https:\/\/gongcenter.ch\/en\/wp-json\/wp\/v2\/product_cat?post=1815"},{"taxonomy":"product_tag","embeddable":true,"href":"https:\/\/gongcenter.ch\/en\/wp-json\/wp\/v2\/product_tag?post=1815"}],"curies":[{"name":"wp","href":"https:\/\/api.w.org\/{rel}","templated":true}]}}