{"id":1834,"date":"2018-07-23T08:12:58","date_gmt":"2018-07-23T07:12:58","guid":{"rendered":"http:\/\/64.131.77.249\/shop.gongcenter.ch\/?post_type=product&#038;p=1834"},"modified":"2024-08-22T11:44:20","modified_gmt":"2024-08-22T10:44:20","slug":"paiste-klassischer-quadrat-gongstaender","status":"publish","type":"product","link":"https:\/\/gongcenter.ch\/en\/product\/paiste-klassischer-quadrat-gongstaender\/","title":{"rendered":"Gongst&auml;nder f&uuml;r 1 Gong, rechteckig ohne R&auml;der"},"content":{"rendered":"<p>Dieser klassische Quadrat Gongst\u00e4nder von Paiste ist f\u00fcr einen Gong geeignet und erh\u00e4ltlich f\u00fcr die Gong-Gr\u00f6ssen bis 127 cm \u00d8 \/ 50&#8243;. Er ist leicht zerlegbar und somit gut transportierbar.<\/p>\n","protected":false},"excerpt":{"rendered":"Dieser klassische Quadrat Gongst\u00e4nder von Paiste ist f\u00fcr einen Gong geeignet und erh\u00e4ltlich f\u00fcr die Gong-Gr\u00f6\u00dfen bis 127 cm \u00d8","protected":false},"featured_media":29512,"template":"","meta":[],"product_brand":[],"product_cat":[64],"product_tag":[],"class_list":{"0":"post-1834","1":"product","2":"type-product","3":"status-publish","4":"has-post-thumbnail","6":"brands-paiste","7":"product_cat-gongstander","8":"product_shipping_class-bis-199-chf-9-90-chf","9":"pa_groesse-71-cm-o-28","10":"pa_groesse-76-cm-o-30","11":"pa_groesse-51-56-cm-o-20-22","12":"pa_groesse-61-66-cm-o-24-26","13":"pa_groesse-81-86-cm-o-32-34","14":"pa_groesse-91-102-cm-o-36-40","15":"pa_groesse-120-cm-o-50","17":"first","18":"instock","19":"taxable","20":"shipping-taxable","21":"purchasable","22":"product-type-variable"},"yoast_head":"<!-- This site is optimized with the Yoast SEO plugin v27.0 - https:\/\/yoast.com\/product\/yoast-seo-wordpress\/ -->\n<title>PAISTE Quadrat Gongst\u00e4nder | der klassischer St\u00e4nder f\u00fcr deinen Gong<\/title>\n<meta name=\"description\" content=\"Dieser klassische Quadrat Gongst\u00e4nder von PAISTE ist leicht zerlegbar und \u00fcberall leicht zusammen zu stecken.\" \/>\n<meta name=\"robots\" content=\"index, follow, max-snippet:-1, max-image-preview:large, max-video-preview:-1\" \/>\n<link rel=\"canonical\" href=\"https:\/\/gongcenter.ch\/produkt\/paiste-klassischer-quadrat-gongstaender\/\" \/>\n<meta property=\"og:locale\" content=\"en_US\" \/>\n<meta property=\"og:type\" content=\"article\" \/>\n<meta property=\"og:title\" content=\"PAISTE Quadrat Gongst\u00e4nder | der klassischer St\u00e4nder f\u00fcr deinen Gong\" \/>\n<meta property=\"og:description\" content=\"Dieser klassische Quadrat Gongst\u00e4nder von PAISTE ist leicht zerlegbar und \u00fcberall leicht zusammen zu stecken.\" \/>\n<meta property=\"og:url\" content=\"https:\/\/gongcenter.ch\/produkt\/paiste-klassischer-quadrat-gongstaender\/\" \/>\n<meta property=\"og:site_name\" content=\"Gong Center Schweiz I Dein Gong und Klanginstrumente Fachgesch\u00e4ft\" \/>\n<meta property=\"article:modified_time\" content=\"2024-08-22T10:44:20+00:00\" \/>\n<meta property=\"og:image\" content=\"https:\/\/gongcenter.ch\/app\/uploads\/2022\/09\/PAISTE-Gongstaender-2.png\" \/>\n\t<meta property=\"og:image:width\" content=\"600\" \/>\n\t<meta property=\"og:image:height\" content=\"600\" \/>\n\t<meta property=\"og:image:type\" content=\"image\/png\" \/>\n<meta name=\"twitter:card\" content=\"summary_large_image\" \/>\n<!-- \/ Yoast SEO plugin. -->","yoast_head_json":{"title":"PAISTE Quadrat Gongst\u00e4nder | der klassischer St\u00e4nder f\u00fcr deinen Gong","description":"Dieser klassische Quadrat Gongst\u00e4nder von PAISTE ist leicht zerlegbar und \u00fcberall leicht zusammen zu stecken.","robots":{"index":"index","follow":"follow","max-snippet":"max-snippet:-1","max-image-preview":"max-image-preview:large","max-video-preview":"max-video-preview:-1"},"canonical":"https:\/\/gongcenter.ch\/produkt\/paiste-klassischer-quadrat-gongstaender\/","og_locale":"en_US","og_type":"article","og_title":"PAISTE Quadrat Gongst\u00e4nder | der klassischer St\u00e4nder f\u00fcr deinen Gong","og_description":"Dieser klassische Quadrat Gongst\u00e4nder von PAISTE ist leicht zerlegbar und \u00fcberall leicht zusammen zu stecken.","og_url":"https:\/\/gongcenter.ch\/produkt\/paiste-klassischer-quadrat-gongstaender\/","og_site_name":"Gong Center Schweiz I Dein Gong und Klanginstrumente Fachgesch\u00e4ft","article_modified_time":"2024-08-22T10:44:20+00:00","og_image":[{"width":600,"height":600,"url":"https:\/\/gongcenter.ch\/app\/uploads\/2022\/09\/PAISTE-Gongstaender-2.png","type":"image\/png"}],"twitter_card":"summary_large_image","schema":{"@context":"https:\/\/schema.org","@graph":[{"@type":"WebPage","@id":"https:\/\/gongcenter.ch\/produkt\/paiste-klassischer-quadrat-gongstaender\/","url":"https:\/\/gongcenter.ch\/produkt\/paiste-klassischer-quadrat-gongstaender\/","name":"PAISTE Quadrat Gongst\u00e4nder | der klassischer St\u00e4nder f\u00fcr deinen Gong","isPartOf":{"@id":"https:\/\/gongcenter.ch\/#website"},"primaryImageOfPage":{"@id":"https:\/\/gongcenter.ch\/produkt\/paiste-klassischer-quadrat-gongstaender\/#primaryimage"},"image":{"@id":"https:\/\/gongcenter.ch\/produkt\/paiste-klassischer-quadrat-gongstaender\/#primaryimage"},"thumbnailUrl":"https:\/\/gongcenter.ch\/app\/uploads\/2022\/09\/PAISTE-Gongstaender-2.png","datePublished":"2018-07-23T07:12:58+00:00","dateModified":"2024-08-22T10:44:20+00:00","description":"Dieser klassische Quadrat Gongst\u00e4nder von PAISTE ist leicht zerlegbar und \u00fcberall leicht zusammen zu stecken.","breadcrumb":{"@id":"https:\/\/gongcenter.ch\/produkt\/paiste-klassischer-quadrat-gongstaender\/#breadcrumb"},"inLanguage":"en-US","potentialAction":[{"@type":"ReadAction","target":["https:\/\/gongcenter.ch\/produkt\/paiste-klassischer-quadrat-gongstaender\/"]}]},{"@type":"ImageObject","inLanguage":"en-US","@id":"https:\/\/gongcenter.ch\/produkt\/paiste-klassischer-quadrat-gongstaender\/#primaryimage","url":"https:\/\/gongcenter.ch\/app\/uploads\/2022\/09\/PAISTE-Gongstaender-2.png","contentUrl":"https:\/\/gongcenter.ch\/app\/uploads\/2022\/09\/PAISTE-Gongstaender-2.png","width":600,"height":600},{"@type":"BreadcrumbList","@id":"https:\/\/gongcenter.ch\/produkt\/paiste-klassischer-quadrat-gongstaender\/#breadcrumb","itemListElement":[{"@type":"ListItem","position":1,"name":"Startseite","item":"https:\/\/gongcenter.ch\/en\/"},{"@type":"ListItem","position":2,"name":"Shop","item":"https:\/\/gongcenter.ch\/en\/shop\/"},{"@type":"ListItem","position":3,"name":"Gongst&auml;nder f&uuml;r 1 Gong, rechteckig ohne R&auml;der"}]},{"@type":"WebSite","@id":"https:\/\/gongcenter.ch\/#website","url":"https:\/\/gongcenter.ch\/","name":"Gong Center Schweiz I Dein Gong und Klanginstrumente Fachgesch\u00e4ft","description":"Entdecke eine grosse Gong Auswahl sowie weitere Klanginstrumente - Wir sind Gong Klangtherapeut und bieten dir Top Qualit\u00e4t und Beratung.","publisher":{"@id":"https:\/\/gongcenter.ch\/#organization"},"potentialAction":[{"@type":"SearchAction","target":{"@type":"EntryPoint","urlTemplate":"https:\/\/gongcenter.ch\/?s={search_term_string}"},"query-input":{"@type":"PropertyValueSpecification","valueRequired":true,"valueName":"search_term_string"}}],"inLanguage":"en-US"},{"@type":"Organization","@id":"https:\/\/gongcenter.ch\/#organization","name":"Gongcenter Z\u00fcrich I Das Fachgesch\u00e4ft f\u00fcr Gong und Klang","url":"https:\/\/gongcenter.ch\/","logo":{"@type":"ImageObject","inLanguage":"en-US","@id":"https:\/\/gongcenter.ch\/#\/schema\/logo\/image\/","url":"https:\/\/gongcenter.ch\/app\/uploads\/2018\/05\/Gong-Center_Logo_2000_black.png","contentUrl":"https:\/\/gongcenter.ch\/app\/uploads\/2018\/05\/Gong-Center_Logo_2000_black.png","width":2000,"height":600,"caption":"Gongcenter Z\u00fcrich I Das Fachgesch\u00e4ft f\u00fcr Gong und Klang"},"image":{"@id":"https:\/\/gongcenter.ch\/#\/schema\/logo\/image\/"}}]}},"acf":[],"_links":{"self":[{"href":"https:\/\/gongcenter.ch\/en\/wp-json\/wp\/v2\/product\/1834","targetHints":{"allow":["GET"]}}],"collection":[{"href":"https:\/\/gongcenter.ch\/en\/wp-json\/wp\/v2\/product"}],"about":[{"href":"https:\/\/gongcenter.ch\/en\/wp-json\/wp\/v2\/types\/product"}],"wp:featuredmedia":[{"embeddable":true,"href":"https:\/\/gongcenter.ch\/en\/wp-json\/wp\/v2\/media\/29512"}],"wp:attachment":[{"href":"https:\/\/gongcenter.ch\/en\/wp-json\/wp\/v2\/media?parent=1834"}],"wp:term":[{"taxonomy":"product_brand","embeddable":true,"href":"https:\/\/gongcenter.ch\/en\/wp-json\/wp\/v2\/product_brand?post=1834"},{"taxonomy":"product_cat","embeddable":true,"href":"https:\/\/gongcenter.ch\/en\/wp-json\/wp\/v2\/product_cat?post=1834"},{"taxonomy":"product_tag","embeddable":true,"href":"https:\/\/gongcenter.ch\/en\/wp-json\/wp\/v2\/product_tag?post=1834"}],"curies":[{"name":"wp","href":"https:\/\/api.w.org\/{rel}","templated":true}]}}