{"id":1844,"date":"2018-07-23T08:24:59","date_gmt":"2018-07-23T07:24:59","guid":{"rendered":"http:\/\/64.131.77.249\/shop.gongcenter.ch\/?post_type=product&#038;p=1844"},"modified":"2024-11-18T14:49:41","modified_gmt":"2024-11-18T13:49:41","slug":"meinl-rollen-set","status":"publish","type":"product","link":"https:\/\/gongcenter.ch\/en\/product\/meinl-rollen-set\/","title":{"rendered":"Meinl Rollen f\u00fcr Gong\/Tam Tam St\u00e4nder"},"content":{"rendered":"<p>Das Rollen-Set ist f\u00fcr den einfachen wie f\u00fcr den doppelten St\u00e4nder ein perfekter Begleiter, wenn Sie es flexibler haben m\u00f6chten in der Mobilit\u00e4t oder von Statur etwas gr\u00f6sser sind (ca. 170 cm). Durch die Rollen kommt der St\u00e4nder gut 15 cm h\u00f6her, was sich dann deutlich im Spiel bemerkbar macht.<\/p>\n","protected":false},"excerpt":{"rendered":"Das Rollen-Set ist f\u00fcr den einfachen wie f\u00fcr den doppelten St\u00e4nder ein perfekter Begleiter, wenn Sie es flexibler haben m\u00f6chten in der Mobilit\u00e4t oder von Statur etwas gr\u00f6sser sind (ca. 170 cm). Durch die Rollen kommt der St\u00e4nder gut 15 cm h\u00f6her, was sich dann deutlich im Spiel bemerkbar macht.","protected":false},"featured_media":29514,"template":"","meta":[],"product_brand":[],"product_cat":[64],"product_tag":[],"class_list":{"0":"post-1844","1":"product","2":"type-product","3":"status-publish","4":"has-post-thumbnail","6":"product_cat-gongstander","7":"product_shipping_class-bis-199-chf-9-90-chf","9":"first","10":"instock","11":"taxable","12":"shipping-taxable","13":"purchasable","14":"product-type-simple"},"yoast_head":"<!-- This site is optimized with the Yoast SEO plugin v27.0 - https:\/\/yoast.com\/product\/yoast-seo-wordpress\/ -->\n<title>Meinl-Rollen-Set | passend zum Gongst\u00e4nder | Gong Center<\/title>\n<meta name=\"description\" content=\"Rollen-Set f\u00fcr deine Gongst\u00e4nder von der firma Meinl. Hiermit verschiebst du ganz einfach und bequem deine Gongs im Raum.\" \/>\n<meta name=\"robots\" content=\"index, follow, max-snippet:-1, max-image-preview:large, max-video-preview:-1\" \/>\n<link rel=\"canonical\" href=\"https:\/\/gongcenter.ch\/produkt\/meinl-rollen-set\/\" \/>\n<meta property=\"og:locale\" content=\"en_US\" \/>\n<meta property=\"og:type\" content=\"article\" \/>\n<meta property=\"og:title\" content=\"Meinl-Rollen-Set | passend zum Gongst\u00e4nder | Gong Center\" \/>\n<meta property=\"og:description\" content=\"Rollen-Set f\u00fcr deine Gongst\u00e4nder von der firma Meinl. Hiermit verschiebst du ganz einfach und bequem deine Gongs im Raum.\" \/>\n<meta property=\"og:url\" content=\"https:\/\/gongcenter.ch\/produkt\/meinl-rollen-set\/\" \/>\n<meta property=\"og:site_name\" content=\"Gong Center Schweiz I Dein Gong und Klanginstrumente Fachgesch\u00e4ft\" \/>\n<meta property=\"article:modified_time\" content=\"2024-11-18T13:49:41+00:00\" \/>\n<meta property=\"og:image\" content=\"https:\/\/gongcenter.ch\/app\/uploads\/2022\/09\/Rollen-Set-Gongstaender-2.png\" \/>\n\t<meta property=\"og:image:width\" content=\"600\" \/>\n\t<meta property=\"og:image:height\" content=\"600\" \/>\n\t<meta property=\"og:image:type\" content=\"image\/png\" \/>\n<meta name=\"twitter:card\" content=\"summary_large_image\" \/>\n<meta name=\"twitter:label1\" content=\"Est. reading time\" \/>\n\t<meta name=\"twitter:data1\" content=\"1 minute\" \/>\n<!-- \/ Yoast SEO plugin. -->","yoast_head_json":{"title":"Meinl-Rollen-Set | passend zum Gongst\u00e4nder | Gong Center","description":"Rollen-Set f\u00fcr deine Gongst\u00e4nder von der firma Meinl. Hiermit verschiebst du ganz einfach und bequem deine Gongs im Raum.","robots":{"index":"index","follow":"follow","max-snippet":"max-snippet:-1","max-image-preview":"max-image-preview:large","max-video-preview":"max-video-preview:-1"},"canonical":"https:\/\/gongcenter.ch\/produkt\/meinl-rollen-set\/","og_locale":"en_US","og_type":"article","og_title":"Meinl-Rollen-Set | passend zum Gongst\u00e4nder | Gong Center","og_description":"Rollen-Set f\u00fcr deine Gongst\u00e4nder von der firma Meinl. Hiermit verschiebst du ganz einfach und bequem deine Gongs im Raum.","og_url":"https:\/\/gongcenter.ch\/produkt\/meinl-rollen-set\/","og_site_name":"Gong Center Schweiz I Dein Gong und Klanginstrumente Fachgesch\u00e4ft","article_modified_time":"2024-11-18T13:49:41+00:00","og_image":[{"width":600,"height":600,"url":"https:\/\/gongcenter.ch\/app\/uploads\/2022\/09\/Rollen-Set-Gongstaender-2.png","type":"image\/png"}],"twitter_card":"summary_large_image","twitter_misc":{"Est. reading time":"1 minute"},"schema":{"@context":"https:\/\/schema.org","@graph":[{"@type":"WebPage","@id":"https:\/\/gongcenter.ch\/produkt\/meinl-rollen-set\/","url":"https:\/\/gongcenter.ch\/produkt\/meinl-rollen-set\/","name":"Meinl-Rollen-Set | passend zum Gongst\u00e4nder | Gong Center","isPartOf":{"@id":"https:\/\/gongcenter.ch\/#website"},"primaryImageOfPage":{"@id":"https:\/\/gongcenter.ch\/produkt\/meinl-rollen-set\/#primaryimage"},"image":{"@id":"https:\/\/gongcenter.ch\/produkt\/meinl-rollen-set\/#primaryimage"},"thumbnailUrl":"https:\/\/gongcenter.ch\/app\/uploads\/2022\/09\/Rollen-Set-Gongstaender-2.png","datePublished":"2018-07-23T07:24:59+00:00","dateModified":"2024-11-18T13:49:41+00:00","description":"Rollen-Set f\u00fcr deine Gongst\u00e4nder von der firma Meinl. Hiermit verschiebst du ganz einfach und bequem deine Gongs im Raum.","breadcrumb":{"@id":"https:\/\/gongcenter.ch\/produkt\/meinl-rollen-set\/#breadcrumb"},"inLanguage":"en-US","potentialAction":[{"@type":"ReadAction","target":["https:\/\/gongcenter.ch\/produkt\/meinl-rollen-set\/"]}]},{"@type":"ImageObject","inLanguage":"en-US","@id":"https:\/\/gongcenter.ch\/produkt\/meinl-rollen-set\/#primaryimage","url":"https:\/\/gongcenter.ch\/app\/uploads\/2022\/09\/Rollen-Set-Gongstaender-2.png","contentUrl":"https:\/\/gongcenter.ch\/app\/uploads\/2022\/09\/Rollen-Set-Gongstaender-2.png","width":600,"height":600},{"@type":"BreadcrumbList","@id":"https:\/\/gongcenter.ch\/produkt\/meinl-rollen-set\/#breadcrumb","itemListElement":[{"@type":"ListItem","position":1,"name":"Startseite","item":"https:\/\/gongcenter.ch\/en\/"},{"@type":"ListItem","position":2,"name":"Shop","item":"https:\/\/gongcenter.ch\/en\/shop\/"},{"@type":"ListItem","position":3,"name":"Meinl Rollen f\u00fcr Gong\/Tam Tam St\u00e4nder"}]},{"@type":"WebSite","@id":"https:\/\/gongcenter.ch\/#website","url":"https:\/\/gongcenter.ch\/","name":"Gong Center Schweiz I Dein Gong und Klanginstrumente Fachgesch\u00e4ft","description":"Entdecke eine grosse Gong Auswahl sowie weitere Klanginstrumente - Wir sind Gong Klangtherapeut und bieten dir Top Qualit\u00e4t und Beratung.","publisher":{"@id":"https:\/\/gongcenter.ch\/#organization"},"potentialAction":[{"@type":"SearchAction","target":{"@type":"EntryPoint","urlTemplate":"https:\/\/gongcenter.ch\/?s={search_term_string}"},"query-input":{"@type":"PropertyValueSpecification","valueRequired":true,"valueName":"search_term_string"}}],"inLanguage":"en-US"},{"@type":"Organization","@id":"https:\/\/gongcenter.ch\/#organization","name":"Gongcenter Z\u00fcrich I Das Fachgesch\u00e4ft f\u00fcr Gong und Klang","url":"https:\/\/gongcenter.ch\/","logo":{"@type":"ImageObject","inLanguage":"en-US","@id":"https:\/\/gongcenter.ch\/#\/schema\/logo\/image\/","url":"https:\/\/gongcenter.ch\/app\/uploads\/2018\/05\/Gong-Center_Logo_2000_black.png","contentUrl":"https:\/\/gongcenter.ch\/app\/uploads\/2018\/05\/Gong-Center_Logo_2000_black.png","width":2000,"height":600,"caption":"Gongcenter Z\u00fcrich I Das Fachgesch\u00e4ft f\u00fcr Gong und Klang"},"image":{"@id":"https:\/\/gongcenter.ch\/#\/schema\/logo\/image\/"}}]}},"acf":[],"_links":{"self":[{"href":"https:\/\/gongcenter.ch\/en\/wp-json\/wp\/v2\/product\/1844","targetHints":{"allow":["GET"]}}],"collection":[{"href":"https:\/\/gongcenter.ch\/en\/wp-json\/wp\/v2\/product"}],"about":[{"href":"https:\/\/gongcenter.ch\/en\/wp-json\/wp\/v2\/types\/product"}],"wp:featuredmedia":[{"embeddable":true,"href":"https:\/\/gongcenter.ch\/en\/wp-json\/wp\/v2\/media\/29514"}],"wp:attachment":[{"href":"https:\/\/gongcenter.ch\/en\/wp-json\/wp\/v2\/media?parent=1844"}],"wp:term":[{"taxonomy":"product_brand","embeddable":true,"href":"https:\/\/gongcenter.ch\/en\/wp-json\/wp\/v2\/product_brand?post=1844"},{"taxonomy":"product_cat","embeddable":true,"href":"https:\/\/gongcenter.ch\/en\/wp-json\/wp\/v2\/product_cat?post=1844"},{"taxonomy":"product_tag","embeddable":true,"href":"https:\/\/gongcenter.ch\/en\/wp-json\/wp\/v2\/product_tag?post=1844"}],"curies":[{"name":"wp","href":"https:\/\/api.w.org\/{rel}","templated":true}]}}