{"id":1861,"date":"2018-07-23T09:12:45","date_gmt":"2018-07-23T08:12:45","guid":{"rendered":"http:\/\/64.131.77.249\/shop.gongcenter.ch\/?post_type=product&#038;p=1861"},"modified":"2023-11-29T09:21:25","modified_gmt":"2023-11-29T08:21:25","slug":"mozart-science-special-edition-8-cd-box","status":"publish","type":"product","link":"https:\/\/gongcenter.ch\/en\/product\/mozart-science-special-edition-8-cd-box\/","title":{"rendered":"Mozart &#038; Science &#8211; Special Edition 8 CD Box"},"content":{"rendered":"<h2>Mozart &amp; Science &#8211; Special Edition 8 CD Box<\/h2>\n<p>Die lebendigen Aufnahmen dieser CD Box mit acht Stunden inspirierender Musik erg\u00e4nzt die nat\u00fcrlichen Wirkungen klassischer <strong>Musik mit psychoakustischen Wirkungen<\/strong> auf K\u00f6rper und Geist &#8211; sie helfen dem Geist, sich zu konzentrieren und dem K\u00f6rper, sich zu entspannen.<\/p>\n<p><strong>Neu orchestrierte<\/strong> und arrangierte Kompositionen von Bach, Vivaldi, Corelli, Albioni, Telemann, Brahms, Beethoven, Chopin, Debussy und anderen gro\u00dfen Komponisten wurden eingespielt von den preisgekr\u00f6nten Musikern des Arcangelos Chamber Ensemble; produziert von Richard Lawrence und Joshua Leeds.<\/p>\n<p><strong>Musik ist wie der Puls unseres Lebens<\/strong>, Wissenschaftler aus aller Welt erforschen die Wirkung der Musik auf das menschliche Gehirn, auf den K\u00f6rper, den Geist und die Emotionen. Sie stellen fest, dass Musik und Mensch eine untrennbare Verbindung sind. Rhythmen und Schwingungen sind die Basis der Musik und der Biologie des Menschen. Deshalb stimulieren Kl\u00e4nge den Menschen im Innersten.<\/p>\n<p>Diese acht CDs inspirierender Musik mit Klassik und Klassik-Modulationen unterst\u00fctzen nachhaltig Konzentration (Memory), Intuition (Intuition), Aufmerksamkeit (Attention), Entspannung (Slowdown), Lernen (Brainwork), Motivation (Impulse), Kreatives Denken (Creativity) und Beruhigung (Recreation).<\/p>\n<p>Diese Special Edition vereint die <strong>gesundheitliche Wirkung<\/strong> f\u00fcr die wichtigen<strong> allt\u00e4glichen Belastungsbereiche<\/strong> der heutigen Zeit. Die &#8220;The Sound Health Series&#8221; entwickelte sich aus der Arbeit der National Academy for Child Development (NACD), der gr\u00f6\u00dften Elternhilfsorganisation in den Vereinigten Staaten, die \u00fcber einen Zeitraum von zwanzig Jahren mit vielen verschiedenen Methoden experimentierte.<\/p>\n","protected":false},"excerpt":{"rendered":"Mozart &amp;amp","protected":false},"featured_media":29520,"template":"","meta":[],"product_brand":[],"product_cat":[1184],"product_tag":[],"class_list":{"0":"post-1861","1":"product","2":"type-product","3":"status-publish","4":"has-post-thumbnail","6":"brands-gong-center","7":"product_cat-ausverkauf","8":"product_shipping_class-bis-199-chf-9-90-chf","10":"first","11":"instock","12":"sale","13":"taxable","14":"shipping-taxable","15":"purchasable","16":"product-type-simple"},"yoast_head":"<!-- This site is optimized with the Yoast SEO plugin v27.0 - https:\/\/yoast.com\/product\/yoast-seo-wordpress\/ -->\n<title>Mozart &amp; Science - Special Edition 8 CD Box<\/title>\n<meta name=\"description\" content=\"Die Aufnahmen beinhaltet acht Stunden inspirierender Musik erg\u00e4nzt klassischer Musik mit psychoakustischen Wirkungen auf K\u00f6rper und Geist.\" \/>\n<meta name=\"robots\" content=\"index, follow, max-snippet:-1, max-image-preview:large, max-video-preview:-1\" \/>\n<link rel=\"canonical\" href=\"https:\/\/gongcenter.ch\/produkt\/mozart-science-special-edition-8-cd-box\/\" \/>\n<meta property=\"og:locale\" content=\"en_US\" \/>\n<meta property=\"og:type\" content=\"article\" \/>\n<meta property=\"og:title\" content=\"Mozart &amp; Science - Special Edition 8 CD Box\" \/>\n<meta property=\"og:description\" content=\"Die Aufnahmen beinhaltet acht Stunden inspirierender Musik erg\u00e4nzt klassischer Musik mit psychoakustischen Wirkungen auf K\u00f6rper und Geist.\" \/>\n<meta property=\"og:url\" content=\"https:\/\/gongcenter.ch\/produkt\/mozart-science-special-edition-8-cd-box\/\" \/>\n<meta property=\"og:site_name\" content=\"Gong Center Schweiz I Dein Gong und Klanginstrumente Fachgesch\u00e4ft\" \/>\n<meta property=\"article:modified_time\" content=\"2023-11-29T08:21:25+00:00\" \/>\n<meta property=\"og:image\" content=\"https:\/\/gongcenter.ch\/app\/uploads\/2022\/09\/EC-E-87.jpg\" \/>\n\t<meta property=\"og:image:width\" content=\"800\" \/>\n\t<meta property=\"og:image:height\" content=\"800\" \/>\n\t<meta property=\"og:image:type\" content=\"image\/jpeg\" \/>\n<meta name=\"twitter:card\" content=\"summary_large_image\" \/>\n<meta name=\"twitter:label1\" content=\"Est. reading time\" \/>\n\t<meta name=\"twitter:data1\" content=\"2 minutes\" \/>\n<!-- \/ Yoast SEO plugin. -->","yoast_head_json":{"title":"Mozart & Science - Special Edition 8 CD Box","description":"Die Aufnahmen beinhaltet acht Stunden inspirierender Musik erg\u00e4nzt klassischer Musik mit psychoakustischen Wirkungen auf K\u00f6rper und Geist.","robots":{"index":"index","follow":"follow","max-snippet":"max-snippet:-1","max-image-preview":"max-image-preview:large","max-video-preview":"max-video-preview:-1"},"canonical":"https:\/\/gongcenter.ch\/produkt\/mozart-science-special-edition-8-cd-box\/","og_locale":"en_US","og_type":"article","og_title":"Mozart & Science - Special Edition 8 CD Box","og_description":"Die Aufnahmen beinhaltet acht Stunden inspirierender Musik erg\u00e4nzt klassischer Musik mit psychoakustischen Wirkungen auf K\u00f6rper und Geist.","og_url":"https:\/\/gongcenter.ch\/produkt\/mozart-science-special-edition-8-cd-box\/","og_site_name":"Gong Center Schweiz I Dein Gong und Klanginstrumente Fachgesch\u00e4ft","article_modified_time":"2023-11-29T08:21:25+00:00","og_image":[{"width":800,"height":800,"url":"https:\/\/gongcenter.ch\/app\/uploads\/2022\/09\/EC-E-87.jpg","type":"image\/jpeg"}],"twitter_card":"summary_large_image","twitter_misc":{"Est. reading time":"2 minutes"},"schema":{"@context":"https:\/\/schema.org","@graph":[{"@type":"WebPage","@id":"https:\/\/gongcenter.ch\/produkt\/mozart-science-special-edition-8-cd-box\/","url":"https:\/\/gongcenter.ch\/produkt\/mozart-science-special-edition-8-cd-box\/","name":"Mozart & Science - Special Edition 8 CD Box","isPartOf":{"@id":"https:\/\/gongcenter.ch\/#website"},"primaryImageOfPage":{"@id":"https:\/\/gongcenter.ch\/produkt\/mozart-science-special-edition-8-cd-box\/#primaryimage"},"image":{"@id":"https:\/\/gongcenter.ch\/produkt\/mozart-science-special-edition-8-cd-box\/#primaryimage"},"thumbnailUrl":"https:\/\/gongcenter.ch\/app\/uploads\/2022\/09\/EC-E-87.jpg","datePublished":"2018-07-23T08:12:45+00:00","dateModified":"2023-11-29T08:21:25+00:00","description":"Die Aufnahmen beinhaltet acht Stunden inspirierender Musik erg\u00e4nzt klassischer Musik mit psychoakustischen Wirkungen auf K\u00f6rper und Geist.","breadcrumb":{"@id":"https:\/\/gongcenter.ch\/produkt\/mozart-science-special-edition-8-cd-box\/#breadcrumb"},"inLanguage":"en-US","potentialAction":[{"@type":"ReadAction","target":["https:\/\/gongcenter.ch\/produkt\/mozart-science-special-edition-8-cd-box\/"]}]},{"@type":"ImageObject","inLanguage":"en-US","@id":"https:\/\/gongcenter.ch\/produkt\/mozart-science-special-edition-8-cd-box\/#primaryimage","url":"https:\/\/gongcenter.ch\/app\/uploads\/2022\/09\/EC-E-87.jpg","contentUrl":"https:\/\/gongcenter.ch\/app\/uploads\/2022\/09\/EC-E-87.jpg","width":800,"height":800},{"@type":"BreadcrumbList","@id":"https:\/\/gongcenter.ch\/produkt\/mozart-science-special-edition-8-cd-box\/#breadcrumb","itemListElement":[{"@type":"ListItem","position":1,"name":"Startseite","item":"https:\/\/gongcenter.ch\/en\/"},{"@type":"ListItem","position":2,"name":"Shop","item":"https:\/\/gongcenter.ch\/en\/shop\/"},{"@type":"ListItem","position":3,"name":"Mozart &#038; Science &#8211; Special Edition 8 CD Box"}]},{"@type":"WebSite","@id":"https:\/\/gongcenter.ch\/#website","url":"https:\/\/gongcenter.ch\/","name":"Gong Center Schweiz I Dein Gong und Klanginstrumente Fachgesch\u00e4ft","description":"Entdecke eine grosse Gong Auswahl sowie weitere Klanginstrumente - Wir sind Gong Klangtherapeut und bieten dir Top Qualit\u00e4t und Beratung.","publisher":{"@id":"https:\/\/gongcenter.ch\/#organization"},"potentialAction":[{"@type":"SearchAction","target":{"@type":"EntryPoint","urlTemplate":"https:\/\/gongcenter.ch\/?s={search_term_string}"},"query-input":{"@type":"PropertyValueSpecification","valueRequired":true,"valueName":"search_term_string"}}],"inLanguage":"en-US"},{"@type":"Organization","@id":"https:\/\/gongcenter.ch\/#organization","name":"Gongcenter Z\u00fcrich I Das Fachgesch\u00e4ft f\u00fcr Gong und Klang","url":"https:\/\/gongcenter.ch\/","logo":{"@type":"ImageObject","inLanguage":"en-US","@id":"https:\/\/gongcenter.ch\/#\/schema\/logo\/image\/","url":"https:\/\/gongcenter.ch\/app\/uploads\/2018\/05\/Gong-Center_Logo_2000_black.png","contentUrl":"https:\/\/gongcenter.ch\/app\/uploads\/2018\/05\/Gong-Center_Logo_2000_black.png","width":2000,"height":600,"caption":"Gongcenter Z\u00fcrich I Das Fachgesch\u00e4ft f\u00fcr Gong und Klang"},"image":{"@id":"https:\/\/gongcenter.ch\/#\/schema\/logo\/image\/"}}]}},"acf":[],"_links":{"self":[{"href":"https:\/\/gongcenter.ch\/en\/wp-json\/wp\/v2\/product\/1861","targetHints":{"allow":["GET"]}}],"collection":[{"href":"https:\/\/gongcenter.ch\/en\/wp-json\/wp\/v2\/product"}],"about":[{"href":"https:\/\/gongcenter.ch\/en\/wp-json\/wp\/v2\/types\/product"}],"wp:featuredmedia":[{"embeddable":true,"href":"https:\/\/gongcenter.ch\/en\/wp-json\/wp\/v2\/media\/29520"}],"wp:attachment":[{"href":"https:\/\/gongcenter.ch\/en\/wp-json\/wp\/v2\/media?parent=1861"}],"wp:term":[{"taxonomy":"product_brand","embeddable":true,"href":"https:\/\/gongcenter.ch\/en\/wp-json\/wp\/v2\/product_brand?post=1861"},{"taxonomy":"product_cat","embeddable":true,"href":"https:\/\/gongcenter.ch\/en\/wp-json\/wp\/v2\/product_cat?post=1861"},{"taxonomy":"product_tag","embeddable":true,"href":"https:\/\/gongcenter.ch\/en\/wp-json\/wp\/v2\/product_tag?post=1861"}],"curies":[{"name":"wp","href":"https:\/\/api.w.org\/{rel}","templated":true}]}}