{"id":1864,"date":"2018-07-23T09:20:08","date_gmt":"2018-07-23T08:20:08","guid":{"rendered":"http:\/\/64.131.77.249\/shop.gongcenter.ch\/?post_type=product&#038;p=1864"},"modified":"2023-04-18T11:37:40","modified_gmt":"2023-04-18T10:37:40","slug":"edition-musikmedizin-motivation-impulse","status":"publish","type":"product","link":"https:\/\/gongcenter.ch\/en\/product\/edition-musikmedizin-motivation-impulse\/","title":{"rendered":"Edition MusikMedizin &#8211; Motivation (Impulse)"},"content":{"rendered":"<p>Produktinformation &#8220;Edition MusikMedizin &#8211; Motivation (Impulse)&#8221;<\/p>\n<p>Edition MusikMedizin &#8211; Motivation (Impulse)<\/p>\n<p>&#8220;Das ist ja das Geheimnis der Musik, dass sie nur unsere Seele fordert, die aber ganz&#8230;&#8221; Hermann Hesse<\/p>\n<p>Musik ist eine der sch\u00f6nsten Arten, Gef\u00fchle auszudr\u00fccken und zu erleben. Seit Wissenschaftler mit immer komplizierteren Maschinen immer tiefer ins lebendige Gehirn blicken, haben sie damit begonnen, dem Geheimnis der Wirkung von Musik auf die Spur zu kommen. Sie fanden Erstaunliches: Musik ist kein Zufall der Evolution, sondern ganz im Gegenteil:<\/p>\n<p>Musik ist das, was den Menschen ausmacht.<\/p>\n<p>Die F\u00e4higkeit Musik zu verstehen ist angeboren &#8211; Sprache muss erst erlernt werden. Ohne Musik w\u00e4re der Mensch nicht das Wesen, das er ist. Musik h\u00f6ren, ohne dabei bestimmte Emotionen zu empfinden, gibt es wohl nicht.<\/p>\n<p>Wissenschaftler unterscheiden drei Arten des Musikerlebens:<\/p>\n<p>zum Einen die motorische Art, bei der die H\u00f6rer sich automatisch mitbewegen,<\/p>\n<p>dann die meditative Art, bei der eine k\u00f6rperliche Beteiligung am Musikgeschehen bewusst ausgeschaltet wird<\/p>\n<p>und schlie\u00dflich die aktive Art, bei der Musik durch Mitsingen oder Mitspielen mitgestaltet wird.<\/p>\n<p>Das Ausma\u00df der w\u00e4hrend des Musikh\u00f6rens auftretenden vegetativen Ver\u00e4nderungen ist vor allem von der Einstellung und dem Verhalten des H\u00f6rers abh\u00e4ngig. Die st\u00e4rksten vegetativen Ver\u00e4nderungen wurden bei v\u00f6lliger Hingabe an die Musik beobachtet.<\/p>\n<p>Diese Aufnahmen absorbieren den Alltagsl\u00e4rm (z.B. Computerrauschen), sie beleben oder beruhigen, je nachdem, welche CD Sie w\u00e4hlen, und heben ganz allgemein Ihre Stimmung ins Angenehme. Gestalten Sie Ihre akustische Umgebung bewusst und sp\u00fcren Sie neben dem musikalischen Vergn\u00fcgen auch die deutliche Wirkung dieser speziell produzierten Musikaufnahmen.<\/p>\n<p>Folgende CDs aus der Edition MusikMedizin sind erh\u00e4ltlich: Konzentration (Memory), Intuition (Intuition), Aufmerksamkeit (Attention), Entspannung (Slowdown), Lernen (Brainwork), Motivation (Impulse), Kreatives Denken (Creativity) und Beruhigung (Recreation).<\/p>\n<p>Eingespielt wurden diese Aufnahmen mit einer speziellen Technik und h\u00f6chsten Qualtit\u00e4tsanspr\u00fcchen zur Gew\u00e4hrleistung der wirksamen Frequenzimplementierung vom Arcangelos Chamber Ensemble, USA, unter der Leitung von Richard Lawrence.<\/p>\n<p>Versandkostenfrei, Lieferzeit ca. 4 Tage<\/p>\n<p>Weiterf\u00fchrende Links zu &#8220;Edition MusikMedizin &#8211; Motivation (Impulse)&#8221;<\/p>\n<p>Fragen zum Artikel?<\/p>\n","protected":false},"excerpt":{"rendered":"Edition MusikMedizin &#8211; Motivation (Impulse) &#8220;Das ist ja das Geheimnis der Musik, dass sie nur unsere Seele fordert, die aber ganz&#8230;&#8221;","protected":false},"featured_media":29522,"template":"","meta":[],"product_brand":[],"product_cat":[1184],"product_tag":[],"class_list":{"0":"post-1864","1":"product","2":"type-product","3":"status-publish","4":"has-post-thumbnail","6":"brands-gong-center","7":"product_cat-ausverkauf","8":"product_shipping_class-bis-199-chf-9-90-chf","10":"first","11":"instock","12":"sale","13":"taxable","14":"shipping-taxable","15":"purchasable","16":"product-type-simple"},"yoast_head":"<!-- This site is optimized with the Yoast SEO plugin v27.0 - https:\/\/yoast.com\/product\/yoast-seo-wordpress\/ -->\n<title>Edition MusikMedizin - Motivation (Impulse) - Gong Center Schweiz I Dein Gong und Klanginstrumente Fachgesch\u00e4ft<\/title>\n<meta name=\"robots\" content=\"index, follow, max-snippet:-1, max-image-preview:large, max-video-preview:-1\" \/>\n<link rel=\"canonical\" href=\"https:\/\/gongcenter.ch\/produkt\/edition-musikmedizin-motivation-impulse\/\" \/>\n<meta property=\"og:locale\" content=\"en_US\" \/>\n<meta property=\"og:type\" content=\"article\" \/>\n<meta property=\"og:title\" content=\"Edition MusikMedizin - Motivation (Impulse) - Gong Center Schweiz I Dein Gong und Klanginstrumente Fachgesch\u00e4ft\" \/>\n<meta property=\"og:description\" content=\"Edition MusikMedizin - Motivation (Impulse) &quot;Das ist ja das Geheimnis der Musik, dass sie nur unsere Seele fordert, die aber ganz...&quot;\" \/>\n<meta property=\"og:url\" content=\"https:\/\/gongcenter.ch\/produkt\/edition-musikmedizin-motivation-impulse\/\" \/>\n<meta property=\"og:site_name\" content=\"Gong Center Schweiz I Dein Gong und Klanginstrumente Fachgesch\u00e4ft\" \/>\n<meta property=\"article:modified_time\" content=\"2023-04-18T10:37:40+00:00\" \/>\n<meta property=\"og:image\" content=\"https:\/\/gongcenter.ch\/app\/uploads\/2022\/09\/EC-E-88.jpg\" \/>\n\t<meta property=\"og:image:width\" content=\"409\" \/>\n\t<meta property=\"og:image:height\" content=\"405\" \/>\n\t<meta property=\"og:image:type\" content=\"image\/jpeg\" \/>\n<meta name=\"twitter:card\" content=\"summary_large_image\" \/>\n<meta name=\"twitter:label1\" content=\"Est. reading time\" \/>\n\t<meta name=\"twitter:data1\" content=\"2 minutes\" \/>\n<!-- \/ Yoast SEO plugin. -->","yoast_head_json":{"title":"Edition MusikMedizin - Motivation (Impulse) - Gong Center Schweiz I Dein Gong und Klanginstrumente Fachgesch\u00e4ft","robots":{"index":"index","follow":"follow","max-snippet":"max-snippet:-1","max-image-preview":"max-image-preview:large","max-video-preview":"max-video-preview:-1"},"canonical":"https:\/\/gongcenter.ch\/produkt\/edition-musikmedizin-motivation-impulse\/","og_locale":"en_US","og_type":"article","og_title":"Edition MusikMedizin - Motivation (Impulse) - Gong Center Schweiz I Dein Gong und Klanginstrumente Fachgesch\u00e4ft","og_description":"Edition MusikMedizin - Motivation (Impulse) \"Das ist ja das Geheimnis der Musik, dass sie nur unsere Seele fordert, die aber ganz...\"","og_url":"https:\/\/gongcenter.ch\/produkt\/edition-musikmedizin-motivation-impulse\/","og_site_name":"Gong Center Schweiz I Dein Gong und Klanginstrumente Fachgesch\u00e4ft","article_modified_time":"2023-04-18T10:37:40+00:00","og_image":[{"width":409,"height":405,"url":"https:\/\/gongcenter.ch\/app\/uploads\/2022\/09\/EC-E-88.jpg","type":"image\/jpeg"}],"twitter_card":"summary_large_image","twitter_misc":{"Est. reading time":"2 minutes"},"schema":{"@context":"https:\/\/schema.org","@graph":[{"@type":"WebPage","@id":"https:\/\/gongcenter.ch\/produkt\/edition-musikmedizin-motivation-impulse\/","url":"https:\/\/gongcenter.ch\/produkt\/edition-musikmedizin-motivation-impulse\/","name":"Edition MusikMedizin - Motivation (Impulse) - Gong Center Schweiz I Dein Gong und Klanginstrumente Fachgesch\u00e4ft","isPartOf":{"@id":"https:\/\/gongcenter.ch\/#website"},"primaryImageOfPage":{"@id":"https:\/\/gongcenter.ch\/produkt\/edition-musikmedizin-motivation-impulse\/#primaryimage"},"image":{"@id":"https:\/\/gongcenter.ch\/produkt\/edition-musikmedizin-motivation-impulse\/#primaryimage"},"thumbnailUrl":"https:\/\/gongcenter.ch\/app\/uploads\/2022\/09\/EC-E-88.jpg","datePublished":"2018-07-23T08:20:08+00:00","dateModified":"2023-04-18T10:37:40+00:00","breadcrumb":{"@id":"https:\/\/gongcenter.ch\/produkt\/edition-musikmedizin-motivation-impulse\/#breadcrumb"},"inLanguage":"en-US","potentialAction":[{"@type":"ReadAction","target":["https:\/\/gongcenter.ch\/produkt\/edition-musikmedizin-motivation-impulse\/"]}]},{"@type":"ImageObject","inLanguage":"en-US","@id":"https:\/\/gongcenter.ch\/produkt\/edition-musikmedizin-motivation-impulse\/#primaryimage","url":"https:\/\/gongcenter.ch\/app\/uploads\/2022\/09\/EC-E-88.jpg","contentUrl":"https:\/\/gongcenter.ch\/app\/uploads\/2022\/09\/EC-E-88.jpg","width":409,"height":405},{"@type":"BreadcrumbList","@id":"https:\/\/gongcenter.ch\/produkt\/edition-musikmedizin-motivation-impulse\/#breadcrumb","itemListElement":[{"@type":"ListItem","position":1,"name":"Startseite","item":"https:\/\/gongcenter.ch\/en\/"},{"@type":"ListItem","position":2,"name":"Shop","item":"https:\/\/gongcenter.ch\/en\/shop\/"},{"@type":"ListItem","position":3,"name":"Edition MusikMedizin &#8211; Motivation (Impulse)"}]},{"@type":"WebSite","@id":"https:\/\/gongcenter.ch\/#website","url":"https:\/\/gongcenter.ch\/","name":"Gong Center Schweiz I Dein Gong und Klanginstrumente Fachgesch\u00e4ft","description":"Entdecke eine grosse Gong Auswahl sowie weitere Klanginstrumente - Wir sind Gong Klangtherapeut und bieten dir Top Qualit\u00e4t und Beratung.","publisher":{"@id":"https:\/\/gongcenter.ch\/#organization"},"potentialAction":[{"@type":"SearchAction","target":{"@type":"EntryPoint","urlTemplate":"https:\/\/gongcenter.ch\/?s={search_term_string}"},"query-input":{"@type":"PropertyValueSpecification","valueRequired":true,"valueName":"search_term_string"}}],"inLanguage":"en-US"},{"@type":"Organization","@id":"https:\/\/gongcenter.ch\/#organization","name":"Gongcenter Z\u00fcrich I Das Fachgesch\u00e4ft f\u00fcr Gong und Klang","url":"https:\/\/gongcenter.ch\/","logo":{"@type":"ImageObject","inLanguage":"en-US","@id":"https:\/\/gongcenter.ch\/#\/schema\/logo\/image\/","url":"https:\/\/gongcenter.ch\/app\/uploads\/2018\/05\/Gong-Center_Logo_2000_black.png","contentUrl":"https:\/\/gongcenter.ch\/app\/uploads\/2018\/05\/Gong-Center_Logo_2000_black.png","width":2000,"height":600,"caption":"Gongcenter Z\u00fcrich I Das Fachgesch\u00e4ft f\u00fcr Gong und Klang"},"image":{"@id":"https:\/\/gongcenter.ch\/#\/schema\/logo\/image\/"}}]}},"acf":[],"_links":{"self":[{"href":"https:\/\/gongcenter.ch\/en\/wp-json\/wp\/v2\/product\/1864","targetHints":{"allow":["GET"]}}],"collection":[{"href":"https:\/\/gongcenter.ch\/en\/wp-json\/wp\/v2\/product"}],"about":[{"href":"https:\/\/gongcenter.ch\/en\/wp-json\/wp\/v2\/types\/product"}],"wp:featuredmedia":[{"embeddable":true,"href":"https:\/\/gongcenter.ch\/en\/wp-json\/wp\/v2\/media\/29522"}],"wp:attachment":[{"href":"https:\/\/gongcenter.ch\/en\/wp-json\/wp\/v2\/media?parent=1864"}],"wp:term":[{"taxonomy":"product_brand","embeddable":true,"href":"https:\/\/gongcenter.ch\/en\/wp-json\/wp\/v2\/product_brand?post=1864"},{"taxonomy":"product_cat","embeddable":true,"href":"https:\/\/gongcenter.ch\/en\/wp-json\/wp\/v2\/product_cat?post=1864"},{"taxonomy":"product_tag","embeddable":true,"href":"https:\/\/gongcenter.ch\/en\/wp-json\/wp\/v2\/product_tag?post=1864"}],"curies":[{"name":"wp","href":"https:\/\/api.w.org\/{rel}","templated":true}]}}