{"id":1868,"date":"2018-07-23T10:35:20","date_gmt":"2018-07-23T09:35:20","guid":{"rendered":"http:\/\/64.131.77.249\/shop.gongcenter.ch\/?post_type=product&#038;p=1868"},"modified":"2023-04-18T11:37:39","modified_gmt":"2023-04-18T10:37:39","slug":"edition-musikmedizin-aufmerksamkeit-attention","status":"publish","type":"product","link":"https:\/\/gongcenter.ch\/en\/product\/edition-musikmedizin-aufmerksamkeit-attention\/","title":{"rendered":"Edition MusikMedizin &#8211; Aufmerksamkeit (Attention)"},"content":{"rendered":"<p>Produktinformation &#8220;Edition MusikMedizin &#8211; Aufmerksamkeit (Attention)&#8221;<\/p>\n<p>Edition MusikMedizin &#8211; Aufmerksamkeit (Attention)<\/p>\n<p>&#8220;Musik ist das Organisieren der Emotionen in der Zeit.&#8221; Krystian Zimmermann, Pianist<\/p>\n<p>H\u00f6rt der Mensch ein Musikst\u00fcck, das ihm gef\u00e4llt, passiert im Gehirn etwas sehr Interessantes: Der sogenannte Mandelkern, zust\u00e4ndig f\u00fcr Angst- und Alarmreaktionen, schaltet sich ab. Zugleich wird ein Zentrum im Gehirn aktiviert, das positive Gef\u00fchle ausl\u00f6st: das sogenannte \u201eBelohnungssystem\u201c.<\/p>\n<p>Musik aktiviert demnach das menschliche Belohnungssystem und deaktiviert das Angstsystem.<\/p>\n<p>Musik kann, unter anderem, das Sprachverst\u00e4ndnis f\u00f6rdern. Hirnforscher entdeckten, dass das menschliche Gehirn musikalische Tonfolgen und Sprache in der gleichen Hirnregion verarbeitet. Dabei werden im sogenannten Brocaschen Sprachzentrum sowohl die einzelnen Worte eines Satzes wie auch T\u00f6ne und Kl\u00e4nge der Musik zu einem sinnvollen Inhalt zusammengef\u00fcgt. Forschern zufolge reagiert diese Hirnregion ebenso auf falsche T\u00f6ne in einer Melodie wie auf Grammatikfehler.<\/p>\n<p>Beim H\u00f6ren der Musik auf dieser CD werden Aufmerksamkeit und Konzentration sowohl geweckt wie auch trainiert. Richtet man die Aufmerksamkeit dabei auf bestimmte T\u00f6ne, so werden neben den normalerweise f\u00fcr das H\u00f6ren zust\u00e4ndigen Hirnregionen zus\u00e4tzlich Areale aktiviert, die f\u00fcr die Aufmerksamkeit zust\u00e4ndig sind.<\/p>\n<p>Diese Aufnahmen absorbieren den Alltagsl\u00e4rm (z.B. Computerrauschen), sie beleben oder beruhigen, je nachdem, welche CD Sie w\u00e4hlen, und heben ganz allgemein Ihre Stimmung ins Angenehme. Gestalten Sie Ihre akustische Umgebung bewusst und sp\u00fcren Sie neben dem musikalischen Vergn\u00fcgen auch die deutliche Wirkung dieser speziell produzierten Musikaufnahmen.<\/p>\n<p>Folgende CDs aus der Edition MusikMedizin sind erh\u00e4ltlich: Konzentration (Memory), Intuition (Intuition), Aufmerksamkeit (Attention), Entspannung (Slowdown), Lernen (Brainwork), Motivation (Impulse), Kreatives Denken (Creativity) und Beruhigung (Recreation).<\/p>\n<p>Eingespielt wurden diese Aufnahmen mit einer speziellen Technik und h\u00f6chsten Qualtit\u00e4tsanspr\u00fcchen zur Gew\u00e4hrleistung der wirksamen Frequenzimplementierung vom Arcangelos Chamber Ensemble, USA, unter der Leitung von Richard Lawrence.<\/p>\n<p>Versandkostenfrei, Lieferzeit ca. 4 Tage<\/p>\n<p>Weiterf\u00fchrende Links zu &#8220;Edition MusikMedizin &#8211; Aufmerksamkeit (Attention)&#8221;<\/p>\n<p>Fragen zum Artikel?<\/p>\n","protected":false},"excerpt":{"rendered":"Edition MusikMedizin &#8211; Aufmerksamkeit (Attention) &#8220;Musik ist das Organisieren der Emotionen in der Zeit.&#8221; Krystian Zimmermann,","protected":false},"featured_media":29526,"template":"","meta":[],"product_brand":[],"product_cat":[1184],"product_tag":[],"class_list":{"0":"post-1868","1":"product","2":"type-product","3":"status-publish","4":"has-post-thumbnail","6":"brands-gong-center","7":"product_cat-ausverkauf","8":"product_shipping_class-bis-199-chf-9-90-chf","10":"first","11":"instock","12":"sale","13":"taxable","14":"shipping-taxable","15":"purchasable","16":"product-type-simple"},"yoast_head":"<!-- This site is optimized with the Yoast SEO plugin v27.0 - https:\/\/yoast.com\/product\/yoast-seo-wordpress\/ -->\n<title>Edition MusikMedizin - Aufmerksamkeit (Attention) - Gong Center Schweiz I Dein Gong und Klanginstrumente Fachgesch\u00e4ft<\/title>\n<meta name=\"robots\" content=\"index, follow, max-snippet:-1, max-image-preview:large, max-video-preview:-1\" \/>\n<link rel=\"canonical\" href=\"https:\/\/gongcenter.ch\/produkt\/edition-musikmedizin-aufmerksamkeit-attention\/\" \/>\n<meta property=\"og:locale\" content=\"en_US\" \/>\n<meta property=\"og:type\" content=\"article\" \/>\n<meta property=\"og:title\" content=\"Edition MusikMedizin - Aufmerksamkeit (Attention) - Gong Center Schweiz I Dein Gong und Klanginstrumente Fachgesch\u00e4ft\" \/>\n<meta property=\"og:description\" content=\"Edition MusikMedizin - Aufmerksamkeit (Attention) &quot;Musik ist das Organisieren der Emotionen in der Zeit.&quot; Krystian Zimmermann,\" \/>\n<meta property=\"og:url\" content=\"https:\/\/gongcenter.ch\/produkt\/edition-musikmedizin-aufmerksamkeit-attention\/\" \/>\n<meta property=\"og:site_name\" content=\"Gong Center Schweiz I Dein Gong und Klanginstrumente Fachgesch\u00e4ft\" \/>\n<meta property=\"article:modified_time\" content=\"2023-04-18T10:37:39+00:00\" \/>\n<meta property=\"og:image\" content=\"https:\/\/gongcenter.ch\/app\/uploads\/2022\/09\/EC-E-89.jpg\" \/>\n\t<meta property=\"og:image:width\" content=\"412\" \/>\n\t<meta property=\"og:image:height\" content=\"408\" \/>\n\t<meta property=\"og:image:type\" content=\"image\/jpeg\" \/>\n<meta name=\"twitter:card\" content=\"summary_large_image\" \/>\n<meta name=\"twitter:label1\" content=\"Est. reading time\" \/>\n\t<meta name=\"twitter:data1\" content=\"2 minutes\" \/>\n<!-- \/ Yoast SEO plugin. -->","yoast_head_json":{"title":"Edition MusikMedizin - Aufmerksamkeit (Attention) - Gong Center Schweiz I Dein Gong und Klanginstrumente Fachgesch\u00e4ft","robots":{"index":"index","follow":"follow","max-snippet":"max-snippet:-1","max-image-preview":"max-image-preview:large","max-video-preview":"max-video-preview:-1"},"canonical":"https:\/\/gongcenter.ch\/produkt\/edition-musikmedizin-aufmerksamkeit-attention\/","og_locale":"en_US","og_type":"article","og_title":"Edition MusikMedizin - Aufmerksamkeit (Attention) - Gong Center Schweiz I Dein Gong und Klanginstrumente Fachgesch\u00e4ft","og_description":"Edition MusikMedizin - Aufmerksamkeit (Attention) \"Musik ist das Organisieren der Emotionen in der Zeit.\" Krystian Zimmermann,","og_url":"https:\/\/gongcenter.ch\/produkt\/edition-musikmedizin-aufmerksamkeit-attention\/","og_site_name":"Gong Center Schweiz I Dein Gong und Klanginstrumente Fachgesch\u00e4ft","article_modified_time":"2023-04-18T10:37:39+00:00","og_image":[{"width":412,"height":408,"url":"https:\/\/gongcenter.ch\/app\/uploads\/2022\/09\/EC-E-89.jpg","type":"image\/jpeg"}],"twitter_card":"summary_large_image","twitter_misc":{"Est. reading time":"2 minutes"},"schema":{"@context":"https:\/\/schema.org","@graph":[{"@type":"WebPage","@id":"https:\/\/gongcenter.ch\/produkt\/edition-musikmedizin-aufmerksamkeit-attention\/","url":"https:\/\/gongcenter.ch\/produkt\/edition-musikmedizin-aufmerksamkeit-attention\/","name":"Edition MusikMedizin - Aufmerksamkeit (Attention) - Gong Center Schweiz I Dein Gong und Klanginstrumente Fachgesch\u00e4ft","isPartOf":{"@id":"https:\/\/gongcenter.ch\/#website"},"primaryImageOfPage":{"@id":"https:\/\/gongcenter.ch\/produkt\/edition-musikmedizin-aufmerksamkeit-attention\/#primaryimage"},"image":{"@id":"https:\/\/gongcenter.ch\/produkt\/edition-musikmedizin-aufmerksamkeit-attention\/#primaryimage"},"thumbnailUrl":"https:\/\/gongcenter.ch\/app\/uploads\/2022\/09\/EC-E-89.jpg","datePublished":"2018-07-23T09:35:20+00:00","dateModified":"2023-04-18T10:37:39+00:00","breadcrumb":{"@id":"https:\/\/gongcenter.ch\/produkt\/edition-musikmedizin-aufmerksamkeit-attention\/#breadcrumb"},"inLanguage":"en-US","potentialAction":[{"@type":"ReadAction","target":["https:\/\/gongcenter.ch\/produkt\/edition-musikmedizin-aufmerksamkeit-attention\/"]}]},{"@type":"ImageObject","inLanguage":"en-US","@id":"https:\/\/gongcenter.ch\/produkt\/edition-musikmedizin-aufmerksamkeit-attention\/#primaryimage","url":"https:\/\/gongcenter.ch\/app\/uploads\/2022\/09\/EC-E-89.jpg","contentUrl":"https:\/\/gongcenter.ch\/app\/uploads\/2022\/09\/EC-E-89.jpg","width":412,"height":408},{"@type":"BreadcrumbList","@id":"https:\/\/gongcenter.ch\/produkt\/edition-musikmedizin-aufmerksamkeit-attention\/#breadcrumb","itemListElement":[{"@type":"ListItem","position":1,"name":"Startseite","item":"https:\/\/gongcenter.ch\/en\/"},{"@type":"ListItem","position":2,"name":"Shop","item":"https:\/\/gongcenter.ch\/en\/shop\/"},{"@type":"ListItem","position":3,"name":"Edition MusikMedizin &#8211; Aufmerksamkeit (Attention)"}]},{"@type":"WebSite","@id":"https:\/\/gongcenter.ch\/#website","url":"https:\/\/gongcenter.ch\/","name":"Gong Center Schweiz I Dein Gong und Klanginstrumente Fachgesch\u00e4ft","description":"Entdecke eine grosse Gong Auswahl sowie weitere Klanginstrumente - Wir sind Gong Klangtherapeut und bieten dir Top Qualit\u00e4t und Beratung.","publisher":{"@id":"https:\/\/gongcenter.ch\/#organization"},"potentialAction":[{"@type":"SearchAction","target":{"@type":"EntryPoint","urlTemplate":"https:\/\/gongcenter.ch\/?s={search_term_string}"},"query-input":{"@type":"PropertyValueSpecification","valueRequired":true,"valueName":"search_term_string"}}],"inLanguage":"en-US"},{"@type":"Organization","@id":"https:\/\/gongcenter.ch\/#organization","name":"Gongcenter Z\u00fcrich I Das Fachgesch\u00e4ft f\u00fcr Gong und Klang","url":"https:\/\/gongcenter.ch\/","logo":{"@type":"ImageObject","inLanguage":"en-US","@id":"https:\/\/gongcenter.ch\/#\/schema\/logo\/image\/","url":"https:\/\/gongcenter.ch\/app\/uploads\/2018\/05\/Gong-Center_Logo_2000_black.png","contentUrl":"https:\/\/gongcenter.ch\/app\/uploads\/2018\/05\/Gong-Center_Logo_2000_black.png","width":2000,"height":600,"caption":"Gongcenter Z\u00fcrich I Das Fachgesch\u00e4ft f\u00fcr Gong und Klang"},"image":{"@id":"https:\/\/gongcenter.ch\/#\/schema\/logo\/image\/"}}]}},"acf":[],"_links":{"self":[{"href":"https:\/\/gongcenter.ch\/en\/wp-json\/wp\/v2\/product\/1868","targetHints":{"allow":["GET"]}}],"collection":[{"href":"https:\/\/gongcenter.ch\/en\/wp-json\/wp\/v2\/product"}],"about":[{"href":"https:\/\/gongcenter.ch\/en\/wp-json\/wp\/v2\/types\/product"}],"wp:featuredmedia":[{"embeddable":true,"href":"https:\/\/gongcenter.ch\/en\/wp-json\/wp\/v2\/media\/29526"}],"wp:attachment":[{"href":"https:\/\/gongcenter.ch\/en\/wp-json\/wp\/v2\/media?parent=1868"}],"wp:term":[{"taxonomy":"product_brand","embeddable":true,"href":"https:\/\/gongcenter.ch\/en\/wp-json\/wp\/v2\/product_brand?post=1868"},{"taxonomy":"product_cat","embeddable":true,"href":"https:\/\/gongcenter.ch\/en\/wp-json\/wp\/v2\/product_cat?post=1868"},{"taxonomy":"product_tag","embeddable":true,"href":"https:\/\/gongcenter.ch\/en\/wp-json\/wp\/v2\/product_tag?post=1868"}],"curies":[{"name":"wp","href":"https:\/\/api.w.org\/{rel}","templated":true}]}}