{"id":1871,"date":"2018-07-23T10:37:42","date_gmt":"2018-07-23T09:37:42","guid":{"rendered":"http:\/\/64.131.77.249\/shop.gongcenter.ch\/?post_type=product&#038;p=1871"},"modified":"2023-04-18T11:37:39","modified_gmt":"2023-04-18T10:37:39","slug":"edition-musikmedizin-intuition-intuition","status":"publish","type":"product","link":"https:\/\/gongcenter.ch\/en\/product\/edition-musikmedizin-intuition-intuition\/","title":{"rendered":"Edition MusikMedizin &#8211; Intuition (Intuition)"},"content":{"rendered":"<p>Produktinformation &#8220;Edition MusikMedizin &#8211; Intuition (Intuition)&#8221;<\/p>\n<p>Edition MusikMedizin &#8211; Intuition (Intuition)<\/p>\n<p>&#8220;Durch Logik beweisen wir, aber durch Intuition entdecken wir.&#8221; Henri Poincar\u00e9<\/p>\n<p>Intuition ist eine kognitive Funktion, ein psychisches Organ, das die Wahrheit in ihrer Gesamtheit greifen kann. Im Gegensatz zum analytisch-wissenschaftlichen Vorgehen vom kleinsten Teil zum Ganzen erfasst Intuition direkt das Ganze. Intuition bezieht sich weniger auf verbales und kognitives K\u00f6nnen, sondern mehr auf gef\u00fchlte Assoziationen.<\/p>\n<p>Auch Musik h\u00f6ren ist kein analytisch-wissenschaftliches Tun. Beim Musik h\u00f6ren werden Blockaden gel\u00f6st, der Mensch kommt ins Gleichgewicht und wird im Geist frei, Stress und Anspannung verschwinden und Kreativit\u00e4t und Intuition k\u00f6nnen sich wieder einstellen. Vermeintlich unmusikalische Menschen sind in Wirklichkeit musikalisch h\u00f6chst sensibel, wie Hirnforscher heraus gefunden haben.<\/p>\n<p>Jeder Mensch besitzt ein musikalisches Grundverst\u00e4ndnis, das sein Gehirn automatisch anwendet. Selbst bei Menschen, die sich f\u00fcr v\u00f6llig unmusikalisch halten ist das so. Sogar wenn jemand gleichzeitig Musik h\u00f6rt und dabei ein Buch liest oder spielt, erkennt das Gehirn unbewusst und vollkommen automatisch disharmonische Kl\u00e4nge und T\u00f6ne. Das Gehirn wird zum Empf\u00e4nger erregender und \u00fcberraschender Informationen aus der Musik, die sich in intuitiven Momenten offenbaren. Intuitive Momente haben die Angewohnheit, genau dann zu kommen, wenn man am wenigsten mit ihnen rechnet; sie lassen sich nicht herbei zwingen.<\/p>\n<p>Doch mit der Musik dieser CD lassen sie sich einladen.<\/p>\n<p>Diese Aufnahmen absorbieren den Alltagsl\u00e4rm (z.B. Computerrauschen), sie beleben oder beruhigen, je nachdem, welche CD Sie w\u00e4hlen, und heben ganz allgemein Ihre Stimmung ins Angenehme. Gestalten Sie Ihre akustische Umgebung bewusst und sp\u00fcren Sie neben dem musikalischen Vergn\u00fcgen auch die deutliche Wirkung dieser speziell produzierten Musikaufnahmen.<\/p>\n<p>Folgende CDs aus der Edition MusikMedizin sind erh\u00e4ltlich: Konzentration (Memory), Intuition (Intuition), Aufmerksamkeit (Attention), Entspannung (Slowdown), Lernen (Brainwork), Motivation (Impulse), Kreatives Denken (Creativity) und Beruhigung (Recreation).<\/p>\n<p>Eingespielt wurden diese Aufnahmen mit einer speziellen Technik und h\u00f6chsten Qualtit\u00e4tsanspr\u00fcchen zur Gew\u00e4hrleistung der wirksamen Frequenzimplementierung vom Arcangelos Chamber Ensemble, USA, unter der Leitung von Richard Lawrence.<\/p>\n<p>Versandkostenfrei, Lieferzeit ca. 4 Tage<\/p>\n<p>Weiterf\u00fchrende Links zu &#8220;Edition MusikMedizin &#8211; Intuition (Intuition)&#8221;<\/p>\n<p>Fragen zum Artikel?<\/p>\n","protected":false},"excerpt":{"rendered":"Edition MusikMedizin &#8211; Intuition (Intuition) &#8220;Durch Logik beweisen wir, aber durch Intuition entdecken wir.&#8221; Henri Poincar\u00e9 Intuition ist","protected":false},"featured_media":29530,"template":"","meta":[],"product_brand":[],"product_cat":[1184],"product_tag":[],"class_list":{"0":"post-1871","1":"product","2":"type-product","3":"status-publish","4":"has-post-thumbnail","6":"brands-gong-center","7":"product_cat-ausverkauf","8":"product_shipping_class-bis-199-chf-9-90-chf","10":"first","11":"instock","12":"sale","13":"taxable","14":"shipping-taxable","15":"purchasable","16":"product-type-simple"},"yoast_head":"<!-- This site is optimized with the Yoast SEO plugin v27.0 - https:\/\/yoast.com\/product\/yoast-seo-wordpress\/ -->\n<title>Edition MusikMedizin - Intuition (Intuition) - Gong Center Schweiz I Dein Gong und Klanginstrumente Fachgesch\u00e4ft<\/title>\n<meta name=\"robots\" content=\"index, follow, max-snippet:-1, max-image-preview:large, max-video-preview:-1\" \/>\n<link rel=\"canonical\" href=\"https:\/\/gongcenter.ch\/produkt\/edition-musikmedizin-intuition-intuition\/\" \/>\n<meta property=\"og:locale\" content=\"en_US\" \/>\n<meta property=\"og:type\" content=\"article\" \/>\n<meta property=\"og:title\" content=\"Edition MusikMedizin - Intuition (Intuition) - Gong Center Schweiz I Dein Gong und Klanginstrumente Fachgesch\u00e4ft\" \/>\n<meta property=\"og:description\" content=\"Edition MusikMedizin - Intuition (Intuition) &quot;Durch Logik beweisen wir, aber durch Intuition entdecken wir.&quot; Henri Poincar\u00e9 Intuition ist\" \/>\n<meta property=\"og:url\" content=\"https:\/\/gongcenter.ch\/produkt\/edition-musikmedizin-intuition-intuition\/\" \/>\n<meta property=\"og:site_name\" content=\"Gong Center Schweiz I Dein Gong und Klanginstrumente Fachgesch\u00e4ft\" \/>\n<meta property=\"article:modified_time\" content=\"2023-04-18T10:37:39+00:00\" \/>\n<meta property=\"og:image\" content=\"https:\/\/gongcenter.ch\/app\/uploads\/2022\/09\/EC-E-90.jpg\" \/>\n\t<meta property=\"og:image:width\" content=\"411\" \/>\n\t<meta property=\"og:image:height\" content=\"406\" \/>\n\t<meta property=\"og:image:type\" content=\"image\/jpeg\" \/>\n<meta name=\"twitter:card\" content=\"summary_large_image\" \/>\n<meta name=\"twitter:label1\" content=\"Est. reading time\" \/>\n\t<meta name=\"twitter:data1\" content=\"2 minutes\" \/>\n<!-- \/ Yoast SEO plugin. -->","yoast_head_json":{"title":"Edition MusikMedizin - Intuition (Intuition) - Gong Center Schweiz I Dein Gong und Klanginstrumente Fachgesch\u00e4ft","robots":{"index":"index","follow":"follow","max-snippet":"max-snippet:-1","max-image-preview":"max-image-preview:large","max-video-preview":"max-video-preview:-1"},"canonical":"https:\/\/gongcenter.ch\/produkt\/edition-musikmedizin-intuition-intuition\/","og_locale":"en_US","og_type":"article","og_title":"Edition MusikMedizin - Intuition (Intuition) - Gong Center Schweiz I Dein Gong und Klanginstrumente Fachgesch\u00e4ft","og_description":"Edition MusikMedizin - Intuition (Intuition) \"Durch Logik beweisen wir, aber durch Intuition entdecken wir.\" Henri Poincar\u00e9 Intuition ist","og_url":"https:\/\/gongcenter.ch\/produkt\/edition-musikmedizin-intuition-intuition\/","og_site_name":"Gong Center Schweiz I Dein Gong und Klanginstrumente Fachgesch\u00e4ft","article_modified_time":"2023-04-18T10:37:39+00:00","og_image":[{"width":411,"height":406,"url":"https:\/\/gongcenter.ch\/app\/uploads\/2022\/09\/EC-E-90.jpg","type":"image\/jpeg"}],"twitter_card":"summary_large_image","twitter_misc":{"Est. reading time":"2 minutes"},"schema":{"@context":"https:\/\/schema.org","@graph":[{"@type":"WebPage","@id":"https:\/\/gongcenter.ch\/produkt\/edition-musikmedizin-intuition-intuition\/","url":"https:\/\/gongcenter.ch\/produkt\/edition-musikmedizin-intuition-intuition\/","name":"Edition MusikMedizin - Intuition (Intuition) - Gong Center Schweiz I Dein Gong und Klanginstrumente Fachgesch\u00e4ft","isPartOf":{"@id":"https:\/\/gongcenter.ch\/#website"},"primaryImageOfPage":{"@id":"https:\/\/gongcenter.ch\/produkt\/edition-musikmedizin-intuition-intuition\/#primaryimage"},"image":{"@id":"https:\/\/gongcenter.ch\/produkt\/edition-musikmedizin-intuition-intuition\/#primaryimage"},"thumbnailUrl":"https:\/\/gongcenter.ch\/app\/uploads\/2022\/09\/EC-E-90.jpg","datePublished":"2018-07-23T09:37:42+00:00","dateModified":"2023-04-18T10:37:39+00:00","breadcrumb":{"@id":"https:\/\/gongcenter.ch\/produkt\/edition-musikmedizin-intuition-intuition\/#breadcrumb"},"inLanguage":"en-US","potentialAction":[{"@type":"ReadAction","target":["https:\/\/gongcenter.ch\/produkt\/edition-musikmedizin-intuition-intuition\/"]}]},{"@type":"ImageObject","inLanguage":"en-US","@id":"https:\/\/gongcenter.ch\/produkt\/edition-musikmedizin-intuition-intuition\/#primaryimage","url":"https:\/\/gongcenter.ch\/app\/uploads\/2022\/09\/EC-E-90.jpg","contentUrl":"https:\/\/gongcenter.ch\/app\/uploads\/2022\/09\/EC-E-90.jpg","width":411,"height":406},{"@type":"BreadcrumbList","@id":"https:\/\/gongcenter.ch\/produkt\/edition-musikmedizin-intuition-intuition\/#breadcrumb","itemListElement":[{"@type":"ListItem","position":1,"name":"Startseite","item":"https:\/\/gongcenter.ch\/en\/"},{"@type":"ListItem","position":2,"name":"Shop","item":"https:\/\/gongcenter.ch\/en\/shop\/"},{"@type":"ListItem","position":3,"name":"Edition MusikMedizin &#8211; Intuition (Intuition)"}]},{"@type":"WebSite","@id":"https:\/\/gongcenter.ch\/#website","url":"https:\/\/gongcenter.ch\/","name":"Gong Center Schweiz I Dein Gong und Klanginstrumente Fachgesch\u00e4ft","description":"Entdecke eine grosse Gong Auswahl sowie weitere Klanginstrumente - Wir sind Gong Klangtherapeut und bieten dir Top Qualit\u00e4t und Beratung.","publisher":{"@id":"https:\/\/gongcenter.ch\/#organization"},"potentialAction":[{"@type":"SearchAction","target":{"@type":"EntryPoint","urlTemplate":"https:\/\/gongcenter.ch\/?s={search_term_string}"},"query-input":{"@type":"PropertyValueSpecification","valueRequired":true,"valueName":"search_term_string"}}],"inLanguage":"en-US"},{"@type":"Organization","@id":"https:\/\/gongcenter.ch\/#organization","name":"Gongcenter Z\u00fcrich I Das Fachgesch\u00e4ft f\u00fcr Gong und Klang","url":"https:\/\/gongcenter.ch\/","logo":{"@type":"ImageObject","inLanguage":"en-US","@id":"https:\/\/gongcenter.ch\/#\/schema\/logo\/image\/","url":"https:\/\/gongcenter.ch\/app\/uploads\/2018\/05\/Gong-Center_Logo_2000_black.png","contentUrl":"https:\/\/gongcenter.ch\/app\/uploads\/2018\/05\/Gong-Center_Logo_2000_black.png","width":2000,"height":600,"caption":"Gongcenter Z\u00fcrich I Das Fachgesch\u00e4ft f\u00fcr Gong und Klang"},"image":{"@id":"https:\/\/gongcenter.ch\/#\/schema\/logo\/image\/"}}]}},"acf":[],"_links":{"self":[{"href":"https:\/\/gongcenter.ch\/en\/wp-json\/wp\/v2\/product\/1871","targetHints":{"allow":["GET"]}}],"collection":[{"href":"https:\/\/gongcenter.ch\/en\/wp-json\/wp\/v2\/product"}],"about":[{"href":"https:\/\/gongcenter.ch\/en\/wp-json\/wp\/v2\/types\/product"}],"wp:featuredmedia":[{"embeddable":true,"href":"https:\/\/gongcenter.ch\/en\/wp-json\/wp\/v2\/media\/29530"}],"wp:attachment":[{"href":"https:\/\/gongcenter.ch\/en\/wp-json\/wp\/v2\/media?parent=1871"}],"wp:term":[{"taxonomy":"product_brand","embeddable":true,"href":"https:\/\/gongcenter.ch\/en\/wp-json\/wp\/v2\/product_brand?post=1871"},{"taxonomy":"product_cat","embeddable":true,"href":"https:\/\/gongcenter.ch\/en\/wp-json\/wp\/v2\/product_cat?post=1871"},{"taxonomy":"product_tag","embeddable":true,"href":"https:\/\/gongcenter.ch\/en\/wp-json\/wp\/v2\/product_tag?post=1871"}],"curies":[{"name":"wp","href":"https:\/\/api.w.org\/{rel}","templated":true}]}}