{"id":1874,"date":"2018-07-23T10:39:55","date_gmt":"2018-07-23T09:39:55","guid":{"rendered":"http:\/\/64.131.77.249\/shop.gongcenter.ch\/?post_type=product&#038;p=1874"},"modified":"2023-04-18T11:37:39","modified_gmt":"2023-04-18T10:37:39","slug":"edition-musikmedizin-gedachtnis-und-konzentration-memory","status":"publish","type":"product","link":"https:\/\/gongcenter.ch\/en\/product\/edition-musikmedizin-gedachtnis-und-konzentration-memory\/","title":{"rendered":"Edition MusikMedizin &#8211; Ged\ufffdchtnis und Konzentration (Memory)"},"content":{"rendered":"<p>Produktinformation &#8220;Edition MusikMedizin &#8211; Ged\u00e4chtnis und Konzentration (Memory)&#8221;<\/p>\n<p>Edition MusikMedizin &#8211; Ged\u00e4chtnis und Konzentration (Memory)<\/p>\n<p>&#8220;Wo die Sprache aufh\u00f6rt, f\u00e4ngt die Musik an.&#8221; E.T.A. Hoffmann<\/p>\n<p>Musikh\u00f6ren ist ein Training des Ged\u00e4chtnisses und der Erinnerung. Lernprozesse sind immer eng mit Ged\u00e4chtnisprozessen verbunden. W\u00e4hrend der Begriff des Lernens die Aneignung von Wissen umfasst, beinhaltet das Ged\u00e4chtnis die Speicherung und den Abruf von Informationen.<\/p>\n<p>Kaum erklingt Musik, verklingt sie auch schon wieder und verwandelt sich in etwas fl\u00fcchtiges, das ohne Ged\u00e4chtnis undenkbar w\u00e4re, n\u00e4mlich in die Erinnerung. Das Kurzzeitged\u00e4chtnis speichert die kleinsten musikalischen Einheiten.<\/p>\n<p>Ungef\u00e4hr sieben T\u00f6ne kann es behalten, das entspricht ungef\u00e4hr der L\u00e4nge eines kurzen musikalischen Motivs. \u00dcber einen Zeitraum von wenigen Sekunden hinweg wird das Erregungsmuster, das diese Klangfolge ausgel\u00f6st hat, im Gehirn aktiviert und kann dann weiterverarbeitet werden. So setzen sich kurze musikalische Motive zu Phrasen zusammen, diese wiederum zu Melodien und ganzen Sinfonien.<\/p>\n<p>Die klassische Musik auf dieser CD hilft, sich zu konzentrieren und anspruchsvolle kognitive Aufgaben zu erf\u00fcllen. Konzentration und Ged\u00e4chtnis werden durch die Musik positiv beeinflusst, wie Wissenschaftler in aller Welt best\u00e4tigen.<\/p>\n<p>Diese Aufnahmen absorbieren den Alltagsl\u00e4rm (z.B. Computerrauschen), sie beleben oder beruhigen, je nachdem, welche CD Sie w\u00e4hlen, und heben ganz allgemein Ihre Stimmung ins Angenehme. Gestalten Sie Ihre akustische Umgebung bewusst und sp\u00fcren Sie neben dem musikalischen Vergn\u00fcgen auch die deutliche Wirkung dieser speziell produzierten Musikaufnahmen.<\/p>\n<p>Folgende CDs aus der Edition MusikMedizin sind erh\u00e4ltlich: Konzentration (Memory), Intuition (Intuition), Aufmerksamkeit (Attention), Entspannung (Slowdown), Lernen (Brainwork), Motivation (Impulse), Kreatives Denken (Creativity) und Beruhigung (Recreation).<\/p>\n<p>Eingespielt wurden diese Aufnahmen mit einer speziellen Technik und h\u00f6chsten Qualtit\u00e4tsanspr\u00fcchen zur Gew\u00e4hrleistung der wirksamen Frequenzimplementierung vom Arcangelos Chamber Ensemble, USA, unter der Leitung von Richard Lawrence.<\/p>\n<p>Versandkostenfrei, Lieferzeit ca. 4 Tage<\/p>\n<p>Weiterf\u00fchrende Links zu &#8220;Edition MusikMedizin &#8211; Ged\u00e4chtnis und Konzentration (Memory)&#8221;<\/p>\n<p>Fragen zum Artikel?<\/p>\n","protected":false},"excerpt":{"rendered":"Edition MusikMedizin &#8211; Ged\u00e4chtnis und Konzentration (Memory) &#8220;Wo die Sprache aufh\u00f6rt, f\u00e4ngt die Musik an.&#8221; E.T.A. Hoffmann","protected":false},"featured_media":29534,"template":"","meta":[],"product_brand":[],"product_cat":[1184],"product_tag":[],"class_list":{"0":"post-1874","1":"product","2":"type-product","3":"status-publish","4":"has-post-thumbnail","6":"brands-gong-center","7":"product_cat-ausverkauf","8":"product_shipping_class-bis-199-chf-9-90-chf","10":"first","11":"instock","12":"sale","13":"taxable","14":"shipping-taxable","15":"purchasable","16":"product-type-simple"},"yoast_head":"<!-- This site is optimized with the Yoast SEO plugin v27.0 - https:\/\/yoast.com\/product\/yoast-seo-wordpress\/ -->\n<title>Edition MusikMedizin - Ged\ufffdchtnis und Konzentration (Memory) - Gong Center Schweiz I Dein Gong und Klanginstrumente Fachgesch\u00e4ft<\/title>\n<meta name=\"robots\" content=\"index, follow, max-snippet:-1, max-image-preview:large, max-video-preview:-1\" \/>\n<link rel=\"canonical\" href=\"https:\/\/gongcenter.ch\/produkt\/edition-musikmedizin-gedachtnis-und-konzentration-memory\/\" \/>\n<meta property=\"og:locale\" content=\"en_US\" \/>\n<meta property=\"og:type\" content=\"article\" \/>\n<meta property=\"og:title\" content=\"Edition MusikMedizin - Ged\ufffdchtnis und Konzentration (Memory) - Gong Center Schweiz I Dein Gong und Klanginstrumente Fachgesch\u00e4ft\" \/>\n<meta property=\"og:description\" content=\"Edition MusikMedizin - Ged\u00e4chtnis und Konzentration (Memory) &quot;Wo die Sprache aufh\u00f6rt, f\u00e4ngt die Musik an.&quot; E.T.A. Hoffmann\" \/>\n<meta property=\"og:url\" content=\"https:\/\/gongcenter.ch\/produkt\/edition-musikmedizin-gedachtnis-und-konzentration-memory\/\" \/>\n<meta property=\"og:site_name\" content=\"Gong Center Schweiz I Dein Gong und Klanginstrumente Fachgesch\u00e4ft\" \/>\n<meta property=\"article:modified_time\" content=\"2023-04-18T10:37:39+00:00\" \/>\n<meta property=\"og:image\" content=\"https:\/\/gongcenter.ch\/app\/uploads\/2022\/09\/EC-E-91.jpg\" \/>\n\t<meta property=\"og:image:width\" content=\"410\" \/>\n\t<meta property=\"og:image:height\" content=\"407\" \/>\n\t<meta property=\"og:image:type\" content=\"image\/jpeg\" \/>\n<meta name=\"twitter:card\" content=\"summary_large_image\" \/>\n<meta name=\"twitter:label1\" content=\"Est. reading time\" \/>\n\t<meta name=\"twitter:data1\" content=\"2 minutes\" \/>\n<!-- \/ Yoast SEO plugin. -->","yoast_head_json":{"title":"Edition MusikMedizin - Ged\ufffdchtnis und Konzentration (Memory) - Gong Center Schweiz I Dein Gong und Klanginstrumente Fachgesch\u00e4ft","robots":{"index":"index","follow":"follow","max-snippet":"max-snippet:-1","max-image-preview":"max-image-preview:large","max-video-preview":"max-video-preview:-1"},"canonical":"https:\/\/gongcenter.ch\/produkt\/edition-musikmedizin-gedachtnis-und-konzentration-memory\/","og_locale":"en_US","og_type":"article","og_title":"Edition MusikMedizin - Ged\ufffdchtnis und Konzentration (Memory) - Gong Center Schweiz I Dein Gong und Klanginstrumente Fachgesch\u00e4ft","og_description":"Edition MusikMedizin - Ged\u00e4chtnis und Konzentration (Memory) \"Wo die Sprache aufh\u00f6rt, f\u00e4ngt die Musik an.\" E.T.A. Hoffmann","og_url":"https:\/\/gongcenter.ch\/produkt\/edition-musikmedizin-gedachtnis-und-konzentration-memory\/","og_site_name":"Gong Center Schweiz I Dein Gong und Klanginstrumente Fachgesch\u00e4ft","article_modified_time":"2023-04-18T10:37:39+00:00","og_image":[{"width":410,"height":407,"url":"https:\/\/gongcenter.ch\/app\/uploads\/2022\/09\/EC-E-91.jpg","type":"image\/jpeg"}],"twitter_card":"summary_large_image","twitter_misc":{"Est. reading time":"2 minutes"},"schema":{"@context":"https:\/\/schema.org","@graph":[{"@type":"WebPage","@id":"https:\/\/gongcenter.ch\/produkt\/edition-musikmedizin-gedachtnis-und-konzentration-memory\/","url":"https:\/\/gongcenter.ch\/produkt\/edition-musikmedizin-gedachtnis-und-konzentration-memory\/","name":"Edition MusikMedizin - Ged\ufffdchtnis und Konzentration (Memory) - Gong Center Schweiz I Dein Gong und Klanginstrumente Fachgesch\u00e4ft","isPartOf":{"@id":"https:\/\/gongcenter.ch\/#website"},"primaryImageOfPage":{"@id":"https:\/\/gongcenter.ch\/produkt\/edition-musikmedizin-gedachtnis-und-konzentration-memory\/#primaryimage"},"image":{"@id":"https:\/\/gongcenter.ch\/produkt\/edition-musikmedizin-gedachtnis-und-konzentration-memory\/#primaryimage"},"thumbnailUrl":"https:\/\/gongcenter.ch\/app\/uploads\/2022\/09\/EC-E-91.jpg","datePublished":"2018-07-23T09:39:55+00:00","dateModified":"2023-04-18T10:37:39+00:00","breadcrumb":{"@id":"https:\/\/gongcenter.ch\/produkt\/edition-musikmedizin-gedachtnis-und-konzentration-memory\/#breadcrumb"},"inLanguage":"en-US","potentialAction":[{"@type":"ReadAction","target":["https:\/\/gongcenter.ch\/produkt\/edition-musikmedizin-gedachtnis-und-konzentration-memory\/"]}]},{"@type":"ImageObject","inLanguage":"en-US","@id":"https:\/\/gongcenter.ch\/produkt\/edition-musikmedizin-gedachtnis-und-konzentration-memory\/#primaryimage","url":"https:\/\/gongcenter.ch\/app\/uploads\/2022\/09\/EC-E-91.jpg","contentUrl":"https:\/\/gongcenter.ch\/app\/uploads\/2022\/09\/EC-E-91.jpg","width":410,"height":407},{"@type":"BreadcrumbList","@id":"https:\/\/gongcenter.ch\/produkt\/edition-musikmedizin-gedachtnis-und-konzentration-memory\/#breadcrumb","itemListElement":[{"@type":"ListItem","position":1,"name":"Startseite","item":"https:\/\/gongcenter.ch\/en\/"},{"@type":"ListItem","position":2,"name":"Shop","item":"https:\/\/gongcenter.ch\/en\/shop\/"},{"@type":"ListItem","position":3,"name":"Edition MusikMedizin &#8211; Ged\ufffdchtnis und Konzentration (Memory)"}]},{"@type":"WebSite","@id":"https:\/\/gongcenter.ch\/#website","url":"https:\/\/gongcenter.ch\/","name":"Gong Center Schweiz I Dein Gong und Klanginstrumente Fachgesch\u00e4ft","description":"Entdecke eine grosse Gong Auswahl sowie weitere Klanginstrumente - Wir sind Gong Klangtherapeut und bieten dir Top Qualit\u00e4t und Beratung.","publisher":{"@id":"https:\/\/gongcenter.ch\/#organization"},"potentialAction":[{"@type":"SearchAction","target":{"@type":"EntryPoint","urlTemplate":"https:\/\/gongcenter.ch\/?s={search_term_string}"},"query-input":{"@type":"PropertyValueSpecification","valueRequired":true,"valueName":"search_term_string"}}],"inLanguage":"en-US"},{"@type":"Organization","@id":"https:\/\/gongcenter.ch\/#organization","name":"Gongcenter Z\u00fcrich I Das Fachgesch\u00e4ft f\u00fcr Gong und Klang","url":"https:\/\/gongcenter.ch\/","logo":{"@type":"ImageObject","inLanguage":"en-US","@id":"https:\/\/gongcenter.ch\/#\/schema\/logo\/image\/","url":"https:\/\/gongcenter.ch\/app\/uploads\/2018\/05\/Gong-Center_Logo_2000_black.png","contentUrl":"https:\/\/gongcenter.ch\/app\/uploads\/2018\/05\/Gong-Center_Logo_2000_black.png","width":2000,"height":600,"caption":"Gongcenter Z\u00fcrich I Das Fachgesch\u00e4ft f\u00fcr Gong und Klang"},"image":{"@id":"https:\/\/gongcenter.ch\/#\/schema\/logo\/image\/"}}]}},"acf":[],"_links":{"self":[{"href":"https:\/\/gongcenter.ch\/en\/wp-json\/wp\/v2\/product\/1874","targetHints":{"allow":["GET"]}}],"collection":[{"href":"https:\/\/gongcenter.ch\/en\/wp-json\/wp\/v2\/product"}],"about":[{"href":"https:\/\/gongcenter.ch\/en\/wp-json\/wp\/v2\/types\/product"}],"wp:featuredmedia":[{"embeddable":true,"href":"https:\/\/gongcenter.ch\/en\/wp-json\/wp\/v2\/media\/29534"}],"wp:attachment":[{"href":"https:\/\/gongcenter.ch\/en\/wp-json\/wp\/v2\/media?parent=1874"}],"wp:term":[{"taxonomy":"product_brand","embeddable":true,"href":"https:\/\/gongcenter.ch\/en\/wp-json\/wp\/v2\/product_brand?post=1874"},{"taxonomy":"product_cat","embeddable":true,"href":"https:\/\/gongcenter.ch\/en\/wp-json\/wp\/v2\/product_cat?post=1874"},{"taxonomy":"product_tag","embeddable":true,"href":"https:\/\/gongcenter.ch\/en\/wp-json\/wp\/v2\/product_tag?post=1874"}],"curies":[{"name":"wp","href":"https:\/\/api.w.org\/{rel}","templated":true}]}}