{"id":18751,"date":"2020-02-04T20:45:15","date_gmt":"2020-02-04T19:45:15","guid":{"rendered":"https:\/\/shop.gongcenter.ch\/?post_type=product&#038;p=18751"},"modified":"2025-08-20T16:36:09","modified_gmt":"2025-08-20T15:36:09","slug":"paiste-planet-gong-nibiru-81cm","status":"publish","type":"product","link":"https:\/\/gongcenter.ch\/en\/product\/paiste-planet-gong-nibiru-81cm\/","title":{"rendered":"Nibiru 81cm"},"content":{"rendered":"<p class=\"gong-description \"><span class=\"tlid-translation translation\" lang=\"de\"><span title=\"\">Nibiru verbindet uns mit einem neuen Bewusstsein unserer eigenen Identit\u00e4t.<\/span> <span class=\"\" title=\"\">Er ver\u00e4ndert den Aufgabenbereich unserer emotionalen Bed\u00fcrfnisse, Schw\u00e4chen und Sehns\u00fcchte, um eine L\u00f6sung und Erleuchtung zu erreichen, damit wir das reparieren k\u00f6nnen, was nicht funktioniert, und das Gleichgewicht wiederherstellen k\u00f6nnen.<\/span> <span class=\"\" title=\"\">Durch m\u00e4chtige andere Weltkr\u00e4fte verwandelt er uns bis in unsere zellul\u00e4re Struktur.<\/span> <span title=\"\">Schl\u00fcsselw\u00f6rter;<\/span> <span class=\"\" title=\"\">Evolution, Genetik und Wurzeln des Seins.<\/span> <span class=\"\" title=\"\">Alte G\u00f6tter, emotionale Sehnsucht, Initiator und Aufl\u00f6ser tiefer Seelenprobleme.<\/span> <span class=\"\" title=\"\">Heiler und Transformator.<\/span><\/span><\/p>\n<p>Da die Planetent\u00f6ne heliozentrische T\u00f6ne sind, haben sie f\u00fcr die physiologischen Zusammenh\u00e4nge nicht die Bedeutung, wie sie den Frequenzen der Erde und des Mondes zukommen. Sie sind jedoch insofern wichtig, weil sich \u00fcber sie die unterschiedlichen Archetypen-Konstellationen der menschlichen Psyche erschliessen.<\/p>\n<p>Jeder Mensch hat durch seine astronomische Konstellation eine Spiegelung der Zeitqualit\u00e4t im Moment seiner Geburt. Im Mars finden wir die Sternzeichen Widder und Skorpion.<\/p>\n<p>S\u00e4mtliche Planetengongs wurden von Jens Zygar in Zusammenarbeit mit der Firma Paiste entwickelt. Wenn Sie genaueres dazu wissen m\u00f6chten, kontaktieren Sie uns gerne.<\/p>\n<p>Der entsprechende, passende Schlegel ist der Gong Mallet M4 &#8211; M6.<\/p>\n<p>Als St\u00e4nder empfehlen wir den einfachen Orchesterst\u00e4nder von Meinl, da der Gong durch das freie H\u00e4ngen optimal zur Geltung kommt und alle Anspielm\u00f6glichkeiten genutzt werden k\u00f6nnen.<\/p>\n<p>SPIEL &#8211; TIP<\/p>\n<p>Da diesem Gong eine Affinit\u00e4t zu Willens- und Tatkraft zugesprochen wird, ist eine eher extrovertierte Spielweise im gehobenen Dynamik-Bereich angezeigt. Sein umfassendes Klangspektrum fordert daher den Spieler \/ die Spielerin in ihrer Spielbef\u00e4higung.<\/p>\n<p>Versierte Gongspieler wissen, dass ein gekonnter Anschlag eines symphonischen Gongs nicht das Zentrum des Instruments treffen sollte, sondern dass der perfekte Schlagpunkt sich bei ca. 17 und 19 Uhr auf dem \u00e4usseren Drittelpunkt des Gongdurchmessers befindet! Gerade bei den lauten Spielweisen liefert nur der perfekte Resonanz-Ansatz auch ein physiologisches Klangerlebnis.<\/p>\n<p>INFO<\/p>\n<p>Sein perfektes Crescendo in den oberen Tonlagen bei gleichzeitiger Pr\u00e4senz der Basst\u00f6ne passt sehr gut zu den dem Mars zugeschriebenen Assoziationen und verdeutlicht auch, warum diese Gongs aus der norddeutschen Gongschmiede zu den am besten klingenden Instrumenten \u00fcberhaupt geh\u00f6ren und zu Recht einen Ruf als weltbeste Gongs geniessen. Wenn Sie daran denken sollten sich einen dieser wunderbaren, erlebnistr\u00e4chtigen Planetengongs zuzulegen, k\u00f6nnen Sie sich sicher sein, dass Sie ein wertbest\u00e4ndiges Werkst\u00fcck erwerben, das im Verlauf der Zeit an Klang und Wert gewinnt!<\/p>\n<p>PFLEGE<\/p>\n<p>Gongs laden dazu ein, angefasst zu werden. Das Material ist grunds\u00e4tzlich extrem trocken und hat die Eigenschaft, sofort die nat\u00fcrlichen Fette und \u00d6le aus der Haut aufzusaugen. Der Gong entwickelt dadurch eine leicht unansehnliche Optik. Umgehen Sie dies, indem sie das Pflegen der Oberfl\u00e4che zur Routine werden lassen. Geeignet zur Plege sind Silber- und Metallputzmittel, sehr bew\u00e4hrt hat sich der Magic Kochfeldreiniger. Seien Sie sorgsam mit dem Nachpolieren, damit die Mallets nicht dunkel werden durch Reste von Putzmittel. Der Klang wird durch die Optik eines Gongs in keinem Fall beeintr\u00e4chtigt.<\/p>\n","protected":false},"excerpt":{"rendered":"Dieser planetarische Symphonie-Gong ist gestimmt auf den Ton E3\/e mit 161,26 Hz. Diese Frequenz wurde von Hans Cousto, dem Autor der kosmischen Oktave, mathematisch ermittelt.\r\n<ul>\r\n \t<li>Ton: E2\/E-80,63 Hz<\/li>\r\n \t<li>Gr\u00f6sse: 81cm\/32&#8243;<\/li>\r\n<\/ul>\r\nPlanetarische Stimmung nach Hans Cousto:\r\n<ul>\r\n \t<li>3. Oktave E3\/e-161,26 Hz<\/li>\r\n<\/ul>\r\n<div id=\"cc-shop-product-desc-text-13011232335\" class=\"description\"><\/div>","protected":false},"featured_media":29704,"template":"","meta":[],"product_brand":[],"product_cat":[493,37],"product_tag":[],"class_list":{"0":"post-18751","1":"product","2":"type-product","3":"status-publish","4":"has-post-thumbnail","6":"brands-paiste","7":"product_cat-tuned-gongs","8":"product_cat-planeten-gongs","9":"product_shipping_class-kostenloser-versand-innerhalb-der-schweiz","11":"first","12":"onbackorder","13":"sold-individually","14":"taxable","15":"shipping-taxable","16":"purchasable","17":"product-type-simple"},"yoast_head":"<!-- This site is optimized with the Yoast SEO plugin v27.0 - https:\/\/yoast.com\/product\/yoast-seo-wordpress\/ -->\n<title>PAISTE Planeten Gong Nibiru 81 cm I Der geheimnisvolle Klang<\/title>\n<meta name=\"description\" content=\"Der PAISTE Gong Nibiru schwingt auf der Frequenz des sagenumwobenen Planeten Nibiru und der babylonischen Gottheit.\" \/>\n<meta name=\"robots\" content=\"index, follow, max-snippet:-1, max-image-preview:large, max-video-preview:-1\" \/>\n<link rel=\"canonical\" href=\"https:\/\/gongcenter.ch\/produkt\/paiste-planet-gong-nibiru-81cm\/\" \/>\n<meta property=\"og:locale\" content=\"en_US\" \/>\n<meta property=\"og:type\" content=\"article\" \/>\n<meta property=\"og:title\" content=\"PAISTE Planeten Gong Nibiru 81 cm I Der geheimnisvolle Klang\" \/>\n<meta property=\"og:description\" content=\"Der PAISTE Gong Nibiru schwingt auf der Frequenz des sagenumwobenen Planeten Nibiru und der babylonischen Gottheit.\" \/>\n<meta property=\"og:url\" content=\"https:\/\/gongcenter.ch\/produkt\/paiste-planet-gong-nibiru-81cm\/\" \/>\n<meta property=\"og:site_name\" content=\"Gong Center Schweiz I Dein Gong und Klanginstrumente Fachgesch\u00e4ft\" \/>\n<meta property=\"article:modified_time\" content=\"2025-08-20T15:36:09+00:00\" \/>\n<meta property=\"og:image\" content=\"https:\/\/gongcenter.ch\/app\/uploads\/2022\/09\/PAISTE-Nibiru-Gong-2.png\" \/>\n\t<meta property=\"og:image:width\" content=\"600\" \/>\n\t<meta property=\"og:image:height\" content=\"600\" \/>\n\t<meta property=\"og:image:type\" content=\"image\/png\" \/>\n<meta name=\"twitter:card\" content=\"summary_large_image\" \/>\n<meta name=\"twitter:label1\" content=\"Est. reading time\" \/>\n\t<meta name=\"twitter:data1\" content=\"3 minutes\" \/>\n<!-- \/ Yoast SEO plugin. -->","yoast_head_json":{"title":"PAISTE Planeten Gong Nibiru 81 cm I Der geheimnisvolle Klang","description":"Der PAISTE Gong Nibiru schwingt auf der Frequenz des sagenumwobenen Planeten Nibiru und der babylonischen Gottheit.","robots":{"index":"index","follow":"follow","max-snippet":"max-snippet:-1","max-image-preview":"max-image-preview:large","max-video-preview":"max-video-preview:-1"},"canonical":"https:\/\/gongcenter.ch\/produkt\/paiste-planet-gong-nibiru-81cm\/","og_locale":"en_US","og_type":"article","og_title":"PAISTE Planeten Gong Nibiru 81 cm I Der geheimnisvolle Klang","og_description":"Der PAISTE Gong Nibiru schwingt auf der Frequenz des sagenumwobenen Planeten Nibiru und der babylonischen Gottheit.","og_url":"https:\/\/gongcenter.ch\/produkt\/paiste-planet-gong-nibiru-81cm\/","og_site_name":"Gong Center Schweiz I Dein Gong und Klanginstrumente Fachgesch\u00e4ft","article_modified_time":"2025-08-20T15:36:09+00:00","og_image":[{"width":600,"height":600,"url":"https:\/\/gongcenter.ch\/app\/uploads\/2022\/09\/PAISTE-Nibiru-Gong-2.png","type":"image\/png"}],"twitter_card":"summary_large_image","twitter_misc":{"Est. reading time":"3 minutes"},"schema":{"@context":"https:\/\/schema.org","@graph":[{"@type":"WebPage","@id":"https:\/\/gongcenter.ch\/produkt\/paiste-planet-gong-nibiru-81cm\/","url":"https:\/\/gongcenter.ch\/produkt\/paiste-planet-gong-nibiru-81cm\/","name":"PAISTE Planeten Gong Nibiru 81 cm I Der geheimnisvolle Klang","isPartOf":{"@id":"https:\/\/gongcenter.ch\/#website"},"primaryImageOfPage":{"@id":"https:\/\/gongcenter.ch\/produkt\/paiste-planet-gong-nibiru-81cm\/#primaryimage"},"image":{"@id":"https:\/\/gongcenter.ch\/produkt\/paiste-planet-gong-nibiru-81cm\/#primaryimage"},"thumbnailUrl":"https:\/\/gongcenter.ch\/app\/uploads\/2022\/09\/PAISTE-Nibiru-Gong-2.png","datePublished":"2020-02-04T19:45:15+00:00","dateModified":"2025-08-20T15:36:09+00:00","description":"Der PAISTE Gong Nibiru schwingt auf der Frequenz des sagenumwobenen Planeten Nibiru und der babylonischen Gottheit.","breadcrumb":{"@id":"https:\/\/gongcenter.ch\/produkt\/paiste-planet-gong-nibiru-81cm\/#breadcrumb"},"inLanguage":"en-US","potentialAction":[{"@type":"ReadAction","target":["https:\/\/gongcenter.ch\/produkt\/paiste-planet-gong-nibiru-81cm\/"]}]},{"@type":"ImageObject","inLanguage":"en-US","@id":"https:\/\/gongcenter.ch\/produkt\/paiste-planet-gong-nibiru-81cm\/#primaryimage","url":"https:\/\/gongcenter.ch\/app\/uploads\/2022\/09\/PAISTE-Nibiru-Gong-2.png","contentUrl":"https:\/\/gongcenter.ch\/app\/uploads\/2022\/09\/PAISTE-Nibiru-Gong-2.png","width":600,"height":600},{"@type":"BreadcrumbList","@id":"https:\/\/gongcenter.ch\/produkt\/paiste-planet-gong-nibiru-81cm\/#breadcrumb","itemListElement":[{"@type":"ListItem","position":1,"name":"Startseite","item":"https:\/\/gongcenter.ch\/en\/"},{"@type":"ListItem","position":2,"name":"Shop","item":"https:\/\/gongcenter.ch\/en\/shop\/"},{"@type":"ListItem","position":3,"name":"Nibiru 81cm"}]},{"@type":"WebSite","@id":"https:\/\/gongcenter.ch\/#website","url":"https:\/\/gongcenter.ch\/","name":"Gong Center Schweiz I Dein Gong und Klanginstrumente Fachgesch\u00e4ft","description":"Entdecke eine grosse Gong Auswahl sowie weitere Klanginstrumente - Wir sind Gong Klangtherapeut und bieten dir Top Qualit\u00e4t und Beratung.","publisher":{"@id":"https:\/\/gongcenter.ch\/#organization"},"potentialAction":[{"@type":"SearchAction","target":{"@type":"EntryPoint","urlTemplate":"https:\/\/gongcenter.ch\/?s={search_term_string}"},"query-input":{"@type":"PropertyValueSpecification","valueRequired":true,"valueName":"search_term_string"}}],"inLanguage":"en-US"},{"@type":"Organization","@id":"https:\/\/gongcenter.ch\/#organization","name":"Gongcenter Z\u00fcrich I Das Fachgesch\u00e4ft f\u00fcr Gong und Klang","url":"https:\/\/gongcenter.ch\/","logo":{"@type":"ImageObject","inLanguage":"en-US","@id":"https:\/\/gongcenter.ch\/#\/schema\/logo\/image\/","url":"https:\/\/gongcenter.ch\/app\/uploads\/2018\/05\/Gong-Center_Logo_2000_black.png","contentUrl":"https:\/\/gongcenter.ch\/app\/uploads\/2018\/05\/Gong-Center_Logo_2000_black.png","width":2000,"height":600,"caption":"Gongcenter Z\u00fcrich I Das Fachgesch\u00e4ft f\u00fcr Gong und Klang"},"image":{"@id":"https:\/\/gongcenter.ch\/#\/schema\/logo\/image\/"}}]}},"acf":[],"_links":{"self":[{"href":"https:\/\/gongcenter.ch\/en\/wp-json\/wp\/v2\/product\/18751","targetHints":{"allow":["GET"]}}],"collection":[{"href":"https:\/\/gongcenter.ch\/en\/wp-json\/wp\/v2\/product"}],"about":[{"href":"https:\/\/gongcenter.ch\/en\/wp-json\/wp\/v2\/types\/product"}],"wp:featuredmedia":[{"embeddable":true,"href":"https:\/\/gongcenter.ch\/en\/wp-json\/wp\/v2\/media\/29704"}],"wp:attachment":[{"href":"https:\/\/gongcenter.ch\/en\/wp-json\/wp\/v2\/media?parent=18751"}],"wp:term":[{"taxonomy":"product_brand","embeddable":true,"href":"https:\/\/gongcenter.ch\/en\/wp-json\/wp\/v2\/product_brand?post=18751"},{"taxonomy":"product_cat","embeddable":true,"href":"https:\/\/gongcenter.ch\/en\/wp-json\/wp\/v2\/product_cat?post=18751"},{"taxonomy":"product_tag","embeddable":true,"href":"https:\/\/gongcenter.ch\/en\/wp-json\/wp\/v2\/product_tag?post=18751"}],"curies":[{"name":"wp","href":"https:\/\/api.w.org\/{rel}","templated":true}]}}