{"id":1877,"date":"2018-07-23T10:42:41","date_gmt":"2018-07-23T09:42:41","guid":{"rendered":"http:\/\/64.131.77.249\/shop.gongcenter.ch\/?post_type=product&#038;p=1877"},"modified":"2023-04-18T11:37:40","modified_gmt":"2023-04-18T10:37:40","slug":"edition-musikmedizin-kreatives-denken-creativity","status":"publish","type":"product","link":"https:\/\/gongcenter.ch\/en\/product\/edition-musikmedizin-kreatives-denken-creativity\/","title":{"rendered":"Edition MusikMedizin &#8211; Kreatives Denken (Creativity)"},"content":{"rendered":"<p>Produktinformation &#8220;Edition MusikMedizin &#8211; Kreatives Denken (Creativity)&#8221;<\/p>\n<p>Edition MusikMedizin &#8211; Kreatives Denken (Creativity)<\/p>\n<p>&#8220;Kreativit\u00e4t hei\u00dft, aus dem Chaos Ordnung zu schaffen.&#8221; Georg Stefan Troller<\/p>\n<p>Aufmerksames Musikh\u00f6ren ist bereits das beste Kreativit\u00e4tstraining. In den 90er Jahren ver\u00f6ffentlichten amerikanische Forscher einen viel beachteten Aufsatz in dem sie berichteten, dass in einem Experiment mit Studenten nach zehn Minuten von Mozarts Sonate in D-Dur (KV 448) das r\u00e4umlich-zeitliche Vorstellungsverm\u00f6gen der Probanden deutlich zugenommen habe. Reporter des HERALD TRIBUNE berichteten \u00fcber die Studie und nannten das Ph\u00e4nomen den \u201cMozart-Effekt\u201d.<\/p>\n<p>Seitdem untersuchen Forscher in aller Welt verst\u00e4rkt, wie Musik auf die kognitiven F\u00e4higkeiten wirkt. Und tats\u00e4chlich: Bei einer Vielzahl von Kompositionen klassischer Musik wurde nach dem H\u00f6ren eine Steigerung der Konzentrationsleistung beobachtet. Musik wie die von Johann Sebastian Bach oder Antonio Vivaldi kommt dabei in ihrer logischen Struktur der menschlichen Sprache am n\u00e4chsten; ein Gesetz, das f\u00fcr fast alle Sprachen der Welt g\u00fcltig ist. Es steht also fest: Musik hat einen positiven Einfluss auf die Gehirnleistung. Sie spricht die rationale und die emotionale Seite des Gehirns gleicherma\u00dfen an.<\/p>\n<p>Die Musik auf dieser CD ist ein ideales Werkzeug, um neue Gedanken flie\u00dfen zu lassen, denn \u00e4hnlich wie beim Lernen werden in der Musik einzelne Themen und Gef\u00fchle kommuniziert, die stets in einem gr\u00f6\u00dferen Zusammenhang stehen.<\/p>\n<p>Diese Aufnahmen absorbieren den Alltagsl\u00e4rm (z.B. Computerrauschen), sie beleben oder beruhigen, je nachdem, welche CD Sie w\u00e4hlen, und heben ganz allgemein Ihre Stimmung ins Angenehme. Gestalten Sie Ihre akustische Umgebung bewusst und sp\u00fcren Sie neben dem musikalischen Vergn\u00fcgen auch die deutliche Wirkung dieser speziell produzierten Musikaufnahmen.<\/p>\n<p>Folgende CDs aus der Edition MusikMedizin sind erh\u00e4ltlich: Konzentration (Memory), Intuition (Intuition), Aufmerksamkeit (Attention), Entspannung (Slowdown), Lernen (Brainwork), Motivation (Impulse), Kreatives Denken (Creativity) und Beruhigung (Recreation).<\/p>\n<p>Eingespielt wurden diese Aufnahmen mit einer speziellen Technik und h\u00f6chsten Qualtit\u00e4tsanspr\u00fcchen zur Gew\u00e4hrleistung der wirksamen Frequenzimplementierung vom Arcangelos Chamber Ensemble, USA, unter der Leitung von Richard Lawrence.<\/p>\n<p>Versandkostenfrei, Lieferzeit ca. 4 Tage<\/p>\n<p>Weiterf\u00fchrende Links zu &#8220;Edition MusikMedizin &#8211; Kreatives Denken (Creativity)&#8221;<\/p>\n<p>Fragen zum Artikel?<\/p>\n","protected":false},"excerpt":{"rendered":"Edition MusikMedizin &#8211; Kreatives Denken (Creativity) &#8220;Kreativit\u00e4t hei\u00dft, aus dem Chaos Ordnung zu schaffen.&#8221; Georg Stefan Troller Aufmerksames Musikh\u00f6ren ist bereits das beste Kreativit\u00e4tstraining . In den 90er Jahren ver\u00f6ffentlichten&#8230;","protected":false},"featured_media":29538,"template":"","meta":[],"product_brand":[],"product_cat":[1184],"product_tag":[],"class_list":{"0":"post-1877","1":"product","2":"type-product","3":"status-publish","4":"has-post-thumbnail","6":"brands-gong-center","7":"product_cat-ausverkauf","8":"product_shipping_class-bis-199-chf-9-90-chf","10":"first","11":"instock","12":"sale","13":"taxable","14":"shipping-taxable","15":"purchasable","16":"product-type-simple"},"yoast_head":"<!-- This site is optimized with the Yoast SEO plugin v27.0 - https:\/\/yoast.com\/product\/yoast-seo-wordpress\/ -->\n<title>Edition MusikMedizin - Kreatives Denken (Creativity) - Gong Center Schweiz I Dein Gong und Klanginstrumente Fachgesch\u00e4ft<\/title>\n<meta name=\"robots\" content=\"index, follow, max-snippet:-1, max-image-preview:large, max-video-preview:-1\" \/>\n<link rel=\"canonical\" href=\"https:\/\/gongcenter.ch\/produkt\/edition-musikmedizin-kreatives-denken-creativity\/\" \/>\n<meta property=\"og:locale\" content=\"en_US\" \/>\n<meta property=\"og:type\" content=\"article\" \/>\n<meta property=\"og:title\" content=\"Edition MusikMedizin - Kreatives Denken (Creativity) - Gong Center Schweiz I Dein Gong und Klanginstrumente Fachgesch\u00e4ft\" \/>\n<meta property=\"og:description\" content=\"Edition MusikMedizin - Kreatives Denken (Creativity) &quot;Kreativit\u00e4t hei\u00dft, aus dem Chaos Ordnung zu schaffen.&quot; Georg Stefan Troller Aufmerksames Musikh\u00f6ren ist bereits das beste Kreativit\u00e4tstraining . In den 90er Jahren ver\u00f6ffentlichten...\" \/>\n<meta property=\"og:url\" content=\"https:\/\/gongcenter.ch\/produkt\/edition-musikmedizin-kreatives-denken-creativity\/\" \/>\n<meta property=\"og:site_name\" content=\"Gong Center Schweiz I Dein Gong und Klanginstrumente Fachgesch\u00e4ft\" \/>\n<meta property=\"article:modified_time\" content=\"2023-04-18T10:37:40+00:00\" \/>\n<meta property=\"og:image\" content=\"https:\/\/gongcenter.ch\/app\/uploads\/2022\/09\/EC-E-92.jpg\" \/>\n\t<meta property=\"og:image:width\" content=\"412\" \/>\n\t<meta property=\"og:image:height\" content=\"406\" \/>\n\t<meta property=\"og:image:type\" content=\"image\/jpeg\" \/>\n<meta name=\"twitter:card\" content=\"summary_large_image\" \/>\n<meta name=\"twitter:label1\" content=\"Est. reading time\" \/>\n\t<meta name=\"twitter:data1\" content=\"2 minutes\" \/>\n<!-- \/ Yoast SEO plugin. -->","yoast_head_json":{"title":"Edition MusikMedizin - Kreatives Denken (Creativity) - Gong Center Schweiz I Dein Gong und Klanginstrumente Fachgesch\u00e4ft","robots":{"index":"index","follow":"follow","max-snippet":"max-snippet:-1","max-image-preview":"max-image-preview:large","max-video-preview":"max-video-preview:-1"},"canonical":"https:\/\/gongcenter.ch\/produkt\/edition-musikmedizin-kreatives-denken-creativity\/","og_locale":"en_US","og_type":"article","og_title":"Edition MusikMedizin - Kreatives Denken (Creativity) - Gong Center Schweiz I Dein Gong und Klanginstrumente Fachgesch\u00e4ft","og_description":"Edition MusikMedizin - Kreatives Denken (Creativity) \"Kreativit\u00e4t hei\u00dft, aus dem Chaos Ordnung zu schaffen.\" Georg Stefan Troller Aufmerksames Musikh\u00f6ren ist bereits das beste Kreativit\u00e4tstraining . In den 90er Jahren ver\u00f6ffentlichten...","og_url":"https:\/\/gongcenter.ch\/produkt\/edition-musikmedizin-kreatives-denken-creativity\/","og_site_name":"Gong Center Schweiz I Dein Gong und Klanginstrumente Fachgesch\u00e4ft","article_modified_time":"2023-04-18T10:37:40+00:00","og_image":[{"width":412,"height":406,"url":"https:\/\/gongcenter.ch\/app\/uploads\/2022\/09\/EC-E-92.jpg","type":"image\/jpeg"}],"twitter_card":"summary_large_image","twitter_misc":{"Est. reading time":"2 minutes"},"schema":{"@context":"https:\/\/schema.org","@graph":[{"@type":"WebPage","@id":"https:\/\/gongcenter.ch\/produkt\/edition-musikmedizin-kreatives-denken-creativity\/","url":"https:\/\/gongcenter.ch\/produkt\/edition-musikmedizin-kreatives-denken-creativity\/","name":"Edition MusikMedizin - Kreatives Denken (Creativity) - Gong Center Schweiz I Dein Gong und Klanginstrumente Fachgesch\u00e4ft","isPartOf":{"@id":"https:\/\/gongcenter.ch\/#website"},"primaryImageOfPage":{"@id":"https:\/\/gongcenter.ch\/produkt\/edition-musikmedizin-kreatives-denken-creativity\/#primaryimage"},"image":{"@id":"https:\/\/gongcenter.ch\/produkt\/edition-musikmedizin-kreatives-denken-creativity\/#primaryimage"},"thumbnailUrl":"https:\/\/gongcenter.ch\/app\/uploads\/2022\/09\/EC-E-92.jpg","datePublished":"2018-07-23T09:42:41+00:00","dateModified":"2023-04-18T10:37:40+00:00","breadcrumb":{"@id":"https:\/\/gongcenter.ch\/produkt\/edition-musikmedizin-kreatives-denken-creativity\/#breadcrumb"},"inLanguage":"en-US","potentialAction":[{"@type":"ReadAction","target":["https:\/\/gongcenter.ch\/produkt\/edition-musikmedizin-kreatives-denken-creativity\/"]}]},{"@type":"ImageObject","inLanguage":"en-US","@id":"https:\/\/gongcenter.ch\/produkt\/edition-musikmedizin-kreatives-denken-creativity\/#primaryimage","url":"https:\/\/gongcenter.ch\/app\/uploads\/2022\/09\/EC-E-92.jpg","contentUrl":"https:\/\/gongcenter.ch\/app\/uploads\/2022\/09\/EC-E-92.jpg","width":412,"height":406},{"@type":"BreadcrumbList","@id":"https:\/\/gongcenter.ch\/produkt\/edition-musikmedizin-kreatives-denken-creativity\/#breadcrumb","itemListElement":[{"@type":"ListItem","position":1,"name":"Startseite","item":"https:\/\/gongcenter.ch\/en\/"},{"@type":"ListItem","position":2,"name":"Shop","item":"https:\/\/gongcenter.ch\/en\/shop\/"},{"@type":"ListItem","position":3,"name":"Edition MusikMedizin &#8211; Kreatives Denken (Creativity)"}]},{"@type":"WebSite","@id":"https:\/\/gongcenter.ch\/#website","url":"https:\/\/gongcenter.ch\/","name":"Gong Center Schweiz I Dein Gong und Klanginstrumente Fachgesch\u00e4ft","description":"Entdecke eine grosse Gong Auswahl sowie weitere Klanginstrumente - Wir sind Gong Klangtherapeut und bieten dir Top Qualit\u00e4t und Beratung.","publisher":{"@id":"https:\/\/gongcenter.ch\/#organization"},"potentialAction":[{"@type":"SearchAction","target":{"@type":"EntryPoint","urlTemplate":"https:\/\/gongcenter.ch\/?s={search_term_string}"},"query-input":{"@type":"PropertyValueSpecification","valueRequired":true,"valueName":"search_term_string"}}],"inLanguage":"en-US"},{"@type":"Organization","@id":"https:\/\/gongcenter.ch\/#organization","name":"Gongcenter Z\u00fcrich I Das Fachgesch\u00e4ft f\u00fcr Gong und Klang","url":"https:\/\/gongcenter.ch\/","logo":{"@type":"ImageObject","inLanguage":"en-US","@id":"https:\/\/gongcenter.ch\/#\/schema\/logo\/image\/","url":"https:\/\/gongcenter.ch\/app\/uploads\/2018\/05\/Gong-Center_Logo_2000_black.png","contentUrl":"https:\/\/gongcenter.ch\/app\/uploads\/2018\/05\/Gong-Center_Logo_2000_black.png","width":2000,"height":600,"caption":"Gongcenter Z\u00fcrich I Das Fachgesch\u00e4ft f\u00fcr Gong und Klang"},"image":{"@id":"https:\/\/gongcenter.ch\/#\/schema\/logo\/image\/"}}]}},"acf":[],"_links":{"self":[{"href":"https:\/\/gongcenter.ch\/en\/wp-json\/wp\/v2\/product\/1877","targetHints":{"allow":["GET"]}}],"collection":[{"href":"https:\/\/gongcenter.ch\/en\/wp-json\/wp\/v2\/product"}],"about":[{"href":"https:\/\/gongcenter.ch\/en\/wp-json\/wp\/v2\/types\/product"}],"wp:featuredmedia":[{"embeddable":true,"href":"https:\/\/gongcenter.ch\/en\/wp-json\/wp\/v2\/media\/29538"}],"wp:attachment":[{"href":"https:\/\/gongcenter.ch\/en\/wp-json\/wp\/v2\/media?parent=1877"}],"wp:term":[{"taxonomy":"product_brand","embeddable":true,"href":"https:\/\/gongcenter.ch\/en\/wp-json\/wp\/v2\/product_brand?post=1877"},{"taxonomy":"product_cat","embeddable":true,"href":"https:\/\/gongcenter.ch\/en\/wp-json\/wp\/v2\/product_cat?post=1877"},{"taxonomy":"product_tag","embeddable":true,"href":"https:\/\/gongcenter.ch\/en\/wp-json\/wp\/v2\/product_tag?post=1877"}],"curies":[{"name":"wp","href":"https:\/\/api.w.org\/{rel}","templated":true}]}}