{"id":1960,"date":"2018-07-30T07:31:50","date_gmt":"2018-07-30T06:31:50","guid":{"rendered":"http:\/\/64.131.77.249\/shop.gongcenter.ch\/?post_type=product&#038;p=1960"},"modified":"2024-11-18T14:46:44","modified_gmt":"2024-11-18T13:46:44","slug":"meinl-tam-tam-pro-gong-staender-fuer-mehr-freiraum","status":"publish","type":"product","link":"https:\/\/gongcenter.ch\/en\/product\/meinl-tam-tam-pro-gong-staender-fuer-mehr-freiraum\/","title":{"rendered":"Meinl Pro Gong \/ Tam Tam Stand"},"content":{"rendered":"<div class=\"product--description\">\n<p>Dieser absolut geniale Gongst\u00e4nder von der Firma Meinl wurde aus den Orchester-Gongst\u00e4ndern entwickelt und bietet den n\u00f6tigen Freiraum f\u00fcr den Gong.<\/p>\n<p>Der Doppel-Fuss St\u00e4nder ist m\u00f6glich f\u00fcr Gongs bis 50&#8243; \/\u00a0 127 cm \u00d8.<\/p>\n<p>Die H\u00f6he ist individuell einstellbar, sodass man im Stehen wie auch im Sitzen spielen kann.<\/p>\n<p>Als Erg\u00e4nzung f\u00fcr diesen Gongst\u00e4nder gibt es einen Zwischenh\u00e4nger f\u00fcr einen 2. Gong. Idealer sind Gongs grunds\u00e4tzlich nebeneinander zu spielen.<\/p>\n<p>Durch die Rollen kommt der St\u00e4nder gut 15 cm h\u00f6her.<\/p>\n<\/div>\n","protected":false},"excerpt":{"rendered":"<h1>Meinl Pro Gong \/ Tam Tam St\u00e4nder<\/h1>\r\n<div>\r\n<ul class=\"eigenschaften\">\r\n \t<li>L\u00e4nge: 310,01 cm<\/li>\r\n \t<li>Breite: 253,00 cm<\/li>\r\n \t<li>H\u00f6he: 110,01 cm<\/li>\r\n \t<li>Gewicht: 14,8 kg<\/li>\r\n \t<li>Material: Schwarz, pulverbeschichteter Stahl<\/li>\r\n \t<li>Besonderheit(en): geeignet f\u00fcr Gongs und Tam Tams bis 40&#8243; (101,00 cm), h\u00f6henverstellbar mit Verriegelungssystem<\/li>\r\n<\/ul>\r\n<\/div>","protected":false},"featured_media":29544,"template":"","meta":[],"product_brand":[],"product_cat":[64],"product_tag":[],"class_list":{"0":"post-1960","1":"product","2":"type-product","3":"status-publish","4":"has-post-thumbnail","6":"brands-meinl","7":"product_cat-gongstander","8":"product_shipping_class-kostenloser-versand-innerhalb-der-schweiz","10":"first","11":"instock","12":"taxable","13":"shipping-taxable","14":"purchasable","15":"product-type-simple"},"yoast_head":"<!-- This site is optimized with the Yoast SEO plugin v27.0 - https:\/\/yoast.com\/product\/yoast-seo-wordpress\/ -->\n<title>Meinl Gong Zubeh\u00f6r | der St\u00e4nder f\u00fcr deinen freih\u00e4ngenden Gong<\/title>\n<meta name=\"description\" content=\"Ein genialer Gongst\u00e4nder von der Firma Meinl. Er bietet den Freiraum f\u00fcr ein wirklich sch\u00f6nes Spielen. F\u00fcr Gongs bis 127 cm.\" \/>\n<meta name=\"robots\" content=\"index, follow, max-snippet:-1, max-image-preview:large, max-video-preview:-1\" \/>\n<link rel=\"canonical\" href=\"https:\/\/gongcenter.ch\/produkt\/meinl-tam-tam-pro-gong-staender-fuer-mehr-freiraum\/\" \/>\n<meta property=\"og:locale\" content=\"en_US\" \/>\n<meta property=\"og:type\" content=\"article\" \/>\n<meta property=\"og:title\" content=\"Meinl Gong Zubeh\u00f6r | der St\u00e4nder f\u00fcr deinen freih\u00e4ngenden Gong\" \/>\n<meta property=\"og:description\" content=\"Ein genialer Gongst\u00e4nder von der Firma Meinl. Er bietet den Freiraum f\u00fcr ein wirklich sch\u00f6nes Spielen. F\u00fcr Gongs bis 127 cm.\" \/>\n<meta property=\"og:url\" content=\"https:\/\/gongcenter.ch\/produkt\/meinl-tam-tam-pro-gong-staender-fuer-mehr-freiraum\/\" \/>\n<meta property=\"og:site_name\" content=\"Gong Center Schweiz I Dein Gong und Klanginstrumente Fachgesch\u00e4ft\" \/>\n<meta property=\"article:modified_time\" content=\"2024-11-18T13:46:44+00:00\" \/>\n<meta property=\"og:image\" content=\"https:\/\/gongcenter.ch\/app\/uploads\/2022\/09\/Pro-Gong-Tam-Tam-Staender-2.png\" \/>\n\t<meta property=\"og:image:width\" content=\"600\" \/>\n\t<meta property=\"og:image:height\" content=\"600\" \/>\n\t<meta property=\"og:image:type\" content=\"image\/png\" \/>\n<meta name=\"twitter:card\" content=\"summary_large_image\" \/>\n<meta name=\"twitter:label1\" content=\"Est. reading time\" \/>\n\t<meta name=\"twitter:data1\" content=\"1 minute\" \/>\n<!-- \/ Yoast SEO plugin. -->","yoast_head_json":{"title":"Meinl Gong Zubeh\u00f6r | der St\u00e4nder f\u00fcr deinen freih\u00e4ngenden Gong","description":"Ein genialer Gongst\u00e4nder von der Firma Meinl. Er bietet den Freiraum f\u00fcr ein wirklich sch\u00f6nes Spielen. F\u00fcr Gongs bis 127 cm.","robots":{"index":"index","follow":"follow","max-snippet":"max-snippet:-1","max-image-preview":"max-image-preview:large","max-video-preview":"max-video-preview:-1"},"canonical":"https:\/\/gongcenter.ch\/produkt\/meinl-tam-tam-pro-gong-staender-fuer-mehr-freiraum\/","og_locale":"en_US","og_type":"article","og_title":"Meinl Gong Zubeh\u00f6r | der St\u00e4nder f\u00fcr deinen freih\u00e4ngenden Gong","og_description":"Ein genialer Gongst\u00e4nder von der Firma Meinl. Er bietet den Freiraum f\u00fcr ein wirklich sch\u00f6nes Spielen. F\u00fcr Gongs bis 127 cm.","og_url":"https:\/\/gongcenter.ch\/produkt\/meinl-tam-tam-pro-gong-staender-fuer-mehr-freiraum\/","og_site_name":"Gong Center Schweiz I Dein Gong und Klanginstrumente Fachgesch\u00e4ft","article_modified_time":"2024-11-18T13:46:44+00:00","og_image":[{"width":600,"height":600,"url":"https:\/\/gongcenter.ch\/app\/uploads\/2022\/09\/Pro-Gong-Tam-Tam-Staender-2.png","type":"image\/png"}],"twitter_card":"summary_large_image","twitter_misc":{"Est. reading time":"1 minute"},"schema":{"@context":"https:\/\/schema.org","@graph":[{"@type":"WebPage","@id":"https:\/\/gongcenter.ch\/produkt\/meinl-tam-tam-pro-gong-staender-fuer-mehr-freiraum\/","url":"https:\/\/gongcenter.ch\/produkt\/meinl-tam-tam-pro-gong-staender-fuer-mehr-freiraum\/","name":"Meinl Gong Zubeh\u00f6r | der St\u00e4nder f\u00fcr deinen freih\u00e4ngenden Gong","isPartOf":{"@id":"https:\/\/gongcenter.ch\/#website"},"primaryImageOfPage":{"@id":"https:\/\/gongcenter.ch\/produkt\/meinl-tam-tam-pro-gong-staender-fuer-mehr-freiraum\/#primaryimage"},"image":{"@id":"https:\/\/gongcenter.ch\/produkt\/meinl-tam-tam-pro-gong-staender-fuer-mehr-freiraum\/#primaryimage"},"thumbnailUrl":"https:\/\/gongcenter.ch\/app\/uploads\/2022\/09\/Pro-Gong-Tam-Tam-Staender-2.png","datePublished":"2018-07-30T06:31:50+00:00","dateModified":"2024-11-18T13:46:44+00:00","description":"Ein genialer Gongst\u00e4nder von der Firma Meinl. Er bietet den Freiraum f\u00fcr ein wirklich sch\u00f6nes Spielen. F\u00fcr Gongs bis 127 cm.","breadcrumb":{"@id":"https:\/\/gongcenter.ch\/produkt\/meinl-tam-tam-pro-gong-staender-fuer-mehr-freiraum\/#breadcrumb"},"inLanguage":"en-US","potentialAction":[{"@type":"ReadAction","target":["https:\/\/gongcenter.ch\/produkt\/meinl-tam-tam-pro-gong-staender-fuer-mehr-freiraum\/"]}]},{"@type":"ImageObject","inLanguage":"en-US","@id":"https:\/\/gongcenter.ch\/produkt\/meinl-tam-tam-pro-gong-staender-fuer-mehr-freiraum\/#primaryimage","url":"https:\/\/gongcenter.ch\/app\/uploads\/2022\/09\/Pro-Gong-Tam-Tam-Staender-2.png","contentUrl":"https:\/\/gongcenter.ch\/app\/uploads\/2022\/09\/Pro-Gong-Tam-Tam-Staender-2.png","width":600,"height":600},{"@type":"BreadcrumbList","@id":"https:\/\/gongcenter.ch\/produkt\/meinl-tam-tam-pro-gong-staender-fuer-mehr-freiraum\/#breadcrumb","itemListElement":[{"@type":"ListItem","position":1,"name":"Startseite","item":"https:\/\/gongcenter.ch\/en\/"},{"@type":"ListItem","position":2,"name":"Shop","item":"https:\/\/gongcenter.ch\/en\/shop\/"},{"@type":"ListItem","position":3,"name":"Meinl Pro Gong \/ Tam Tam Stand"}]},{"@type":"WebSite","@id":"https:\/\/gongcenter.ch\/#website","url":"https:\/\/gongcenter.ch\/","name":"Gong Center Schweiz I Dein Gong und Klanginstrumente Fachgesch\u00e4ft","description":"Entdecke eine grosse Gong Auswahl sowie weitere Klanginstrumente - Wir sind Gong Klangtherapeut und bieten dir Top Qualit\u00e4t und Beratung.","publisher":{"@id":"https:\/\/gongcenter.ch\/#organization"},"potentialAction":[{"@type":"SearchAction","target":{"@type":"EntryPoint","urlTemplate":"https:\/\/gongcenter.ch\/?s={search_term_string}"},"query-input":{"@type":"PropertyValueSpecification","valueRequired":true,"valueName":"search_term_string"}}],"inLanguage":"en-US"},{"@type":"Organization","@id":"https:\/\/gongcenter.ch\/#organization","name":"Gongcenter Z\u00fcrich I Das Fachgesch\u00e4ft f\u00fcr Gong und Klang","url":"https:\/\/gongcenter.ch\/","logo":{"@type":"ImageObject","inLanguage":"en-US","@id":"https:\/\/gongcenter.ch\/#\/schema\/logo\/image\/","url":"https:\/\/gongcenter.ch\/app\/uploads\/2018\/05\/Gong-Center_Logo_2000_black.png","contentUrl":"https:\/\/gongcenter.ch\/app\/uploads\/2018\/05\/Gong-Center_Logo_2000_black.png","width":2000,"height":600,"caption":"Gongcenter Z\u00fcrich I Das Fachgesch\u00e4ft f\u00fcr Gong und Klang"},"image":{"@id":"https:\/\/gongcenter.ch\/#\/schema\/logo\/image\/"}}]}},"acf":[],"_links":{"self":[{"href":"https:\/\/gongcenter.ch\/en\/wp-json\/wp\/v2\/product\/1960","targetHints":{"allow":["GET"]}}],"collection":[{"href":"https:\/\/gongcenter.ch\/en\/wp-json\/wp\/v2\/product"}],"about":[{"href":"https:\/\/gongcenter.ch\/en\/wp-json\/wp\/v2\/types\/product"}],"wp:featuredmedia":[{"embeddable":true,"href":"https:\/\/gongcenter.ch\/en\/wp-json\/wp\/v2\/media\/29544"}],"wp:attachment":[{"href":"https:\/\/gongcenter.ch\/en\/wp-json\/wp\/v2\/media?parent=1960"}],"wp:term":[{"taxonomy":"product_brand","embeddable":true,"href":"https:\/\/gongcenter.ch\/en\/wp-json\/wp\/v2\/product_brand?post=1960"},{"taxonomy":"product_cat","embeddable":true,"href":"https:\/\/gongcenter.ch\/en\/wp-json\/wp\/v2\/product_cat?post=1960"},{"taxonomy":"product_tag","embeddable":true,"href":"https:\/\/gongcenter.ch\/en\/wp-json\/wp\/v2\/product_tag?post=1960"}],"curies":[{"name":"wp","href":"https:\/\/api.w.org\/{rel}","templated":true}]}}