{"id":1962,"date":"2018-07-30T07:37:50","date_gmt":"2018-07-30T06:37:50","guid":{"rendered":"http:\/\/64.131.77.249\/shop.gongcenter.ch\/?post_type=product&#038;p=1962"},"modified":"2023-11-22T09:43:40","modified_gmt":"2023-11-22T08:43:40","slug":"meinl-zwischen-gong-halter-fuer-pro-gong-tam-tam-staender","status":"publish","type":"product","link":"https:\/\/gongcenter.ch\/en\/product\/meinl-zwischen-gong-halter-fuer-pro-gong-tam-tam-staender\/","title":{"rendered":"Meinl Gong Halter f\u00fcr Pro Gong \/ Tam Tam St\u00e4nder"},"content":{"rendered":"<p>Als Erg\u00e4nzung f\u00fcr den Meinl Gongst\u00e4nder freih\u00e4ngend doppelt gibt es einen Zwischenh\u00e4nger f\u00fcr einen 2. Gong. Idealer sind die Gongs grunds\u00e4tzlich nebeneinander.<\/p>\n<p>Obere Gong Gr\u00f6sse bis 32&#8243; \/ 81cm<\/p>\n<p>Untere Gong Gr\u00f6sse bis 40&#8243; \/ 101cm<\/p>\n","protected":false},"excerpt":{"rendered":"Der zus\u00e4tzliche Gong-Halter ist ein Zubeh\u00f6r f\u00fcr f\u00fcr den MEINL Pro Gong \/ Tam Tam Stand zum zwei Gongs \u00fcbereinander zu stellen.\r\n\r\nObere Gonggr\u00f6sse bis zu 32&#8243; \/ 81 cm\r\n\r\nUntere Gonggr\u00f6sse bis zu 40&#8243; \/ 101 cm\r\n\r\n&nbsp;","protected":false},"featured_media":29546,"template":"","meta":[],"product_brand":[],"product_cat":[64],"product_tag":[],"class_list":{"0":"post-1962","1":"product","2":"type-product","3":"status-publish","4":"has-post-thumbnail","6":"brands-meinl","7":"product_cat-gongstander","8":"product_shipping_class-bis-199-chf-9-90-chf","10":"first","11":"instock","12":"taxable","13":"shipping-taxable","14":"purchasable","15":"product-type-simple"},"yoast_head":"<!-- This site is optimized with the Yoast SEO plugin v27.0 - https:\/\/yoast.com\/product\/yoast-seo-wordpress\/ -->\n<title>Gonghalter | praktischer Zwischenh\u00e4nger f\u00fcr zweiten Gong<\/title>\n<meta name=\"description\" content=\"Diesen praktischer Zwischenh\u00e4nger f\u00fcr den zweiten Gong von Meinl nutzt du, wenn du nur einen St\u00e4nder nutzt. Gongcenter.ch ist das f\u00fchrende Fachgesch\u00e4ft f\u00fcr Gongs und Zubeh\u00f6r. Grosse Auswahl zu kleinen Preisen.\" \/>\n<meta name=\"robots\" content=\"index, follow, max-snippet:-1, max-image-preview:large, max-video-preview:-1\" \/>\n<link rel=\"canonical\" href=\"https:\/\/gongcenter.ch\/produkt\/meinl-zwischen-gong-halter-fuer-pro-gong-tam-tam-staender\/\" \/>\n<meta property=\"og:locale\" content=\"en_US\" \/>\n<meta property=\"og:type\" content=\"article\" \/>\n<meta property=\"og:title\" content=\"Gonghalter | praktischer Zwischenh\u00e4nger f\u00fcr zweiten Gong\" \/>\n<meta property=\"og:description\" content=\"Diesen praktischer Zwischenh\u00e4nger f\u00fcr den zweiten Gong von Meinl nutzt du, wenn du nur einen St\u00e4nder nutzt. Gongcenter.ch ist das f\u00fchrende Fachgesch\u00e4ft f\u00fcr Gongs und Zubeh\u00f6r. Grosse Auswahl zu kleinen Preisen.\" \/>\n<meta property=\"og:url\" content=\"https:\/\/gongcenter.ch\/produkt\/meinl-zwischen-gong-halter-fuer-pro-gong-tam-tam-staender\/\" \/>\n<meta property=\"og:site_name\" content=\"Gong Center Schweiz I Dein Gong und Klanginstrumente Fachgesch\u00e4ft\" \/>\n<meta property=\"article:modified_time\" content=\"2023-11-22T08:43:40+00:00\" \/>\n<meta property=\"og:image\" content=\"https:\/\/gongcenter.ch\/app\/uploads\/2022\/09\/Pro-Gong-Tam-Tam-Holder-2.png\" \/>\n\t<meta property=\"og:image:width\" content=\"600\" \/>\n\t<meta property=\"og:image:height\" content=\"600\" \/>\n\t<meta property=\"og:image:type\" content=\"image\/png\" \/>\n<meta name=\"twitter:card\" content=\"summary_large_image\" \/>\n<meta name=\"twitter:label1\" content=\"Est. reading time\" \/>\n\t<meta name=\"twitter:data1\" content=\"1 minute\" \/>\n<!-- \/ Yoast SEO plugin. -->","yoast_head_json":{"title":"Gonghalter | praktischer Zwischenh\u00e4nger f\u00fcr zweiten Gong","description":"Diesen praktischer Zwischenh\u00e4nger f\u00fcr den zweiten Gong von Meinl nutzt du, wenn du nur einen St\u00e4nder nutzt. Gongcenter.ch ist das f\u00fchrende Fachgesch\u00e4ft f\u00fcr Gongs und Zubeh\u00f6r. Grosse Auswahl zu kleinen Preisen.","robots":{"index":"index","follow":"follow","max-snippet":"max-snippet:-1","max-image-preview":"max-image-preview:large","max-video-preview":"max-video-preview:-1"},"canonical":"https:\/\/gongcenter.ch\/produkt\/meinl-zwischen-gong-halter-fuer-pro-gong-tam-tam-staender\/","og_locale":"en_US","og_type":"article","og_title":"Gonghalter | praktischer Zwischenh\u00e4nger f\u00fcr zweiten Gong","og_description":"Diesen praktischer Zwischenh\u00e4nger f\u00fcr den zweiten Gong von Meinl nutzt du, wenn du nur einen St\u00e4nder nutzt. Gongcenter.ch ist das f\u00fchrende Fachgesch\u00e4ft f\u00fcr Gongs und Zubeh\u00f6r. Grosse Auswahl zu kleinen Preisen.","og_url":"https:\/\/gongcenter.ch\/produkt\/meinl-zwischen-gong-halter-fuer-pro-gong-tam-tam-staender\/","og_site_name":"Gong Center Schweiz I Dein Gong und Klanginstrumente Fachgesch\u00e4ft","article_modified_time":"2023-11-22T08:43:40+00:00","og_image":[{"width":600,"height":600,"url":"https:\/\/gongcenter.ch\/app\/uploads\/2022\/09\/Pro-Gong-Tam-Tam-Holder-2.png","type":"image\/png"}],"twitter_card":"summary_large_image","twitter_misc":{"Est. reading time":"1 minute"},"schema":{"@context":"https:\/\/schema.org","@graph":[{"@type":"WebPage","@id":"https:\/\/gongcenter.ch\/produkt\/meinl-zwischen-gong-halter-fuer-pro-gong-tam-tam-staender\/","url":"https:\/\/gongcenter.ch\/produkt\/meinl-zwischen-gong-halter-fuer-pro-gong-tam-tam-staender\/","name":"Gonghalter | praktischer Zwischenh\u00e4nger f\u00fcr zweiten Gong","isPartOf":{"@id":"https:\/\/gongcenter.ch\/#website"},"primaryImageOfPage":{"@id":"https:\/\/gongcenter.ch\/produkt\/meinl-zwischen-gong-halter-fuer-pro-gong-tam-tam-staender\/#primaryimage"},"image":{"@id":"https:\/\/gongcenter.ch\/produkt\/meinl-zwischen-gong-halter-fuer-pro-gong-tam-tam-staender\/#primaryimage"},"thumbnailUrl":"https:\/\/gongcenter.ch\/app\/uploads\/2022\/09\/Pro-Gong-Tam-Tam-Holder-2.png","datePublished":"2018-07-30T06:37:50+00:00","dateModified":"2023-11-22T08:43:40+00:00","description":"Diesen praktischer Zwischenh\u00e4nger f\u00fcr den zweiten Gong von Meinl nutzt du, wenn du nur einen St\u00e4nder nutzt. Gongcenter.ch ist das f\u00fchrende Fachgesch\u00e4ft f\u00fcr Gongs und Zubeh\u00f6r. Grosse Auswahl zu kleinen Preisen.","breadcrumb":{"@id":"https:\/\/gongcenter.ch\/produkt\/meinl-zwischen-gong-halter-fuer-pro-gong-tam-tam-staender\/#breadcrumb"},"inLanguage":"en-US","potentialAction":[{"@type":"ReadAction","target":["https:\/\/gongcenter.ch\/produkt\/meinl-zwischen-gong-halter-fuer-pro-gong-tam-tam-staender\/"]}]},{"@type":"ImageObject","inLanguage":"en-US","@id":"https:\/\/gongcenter.ch\/produkt\/meinl-zwischen-gong-halter-fuer-pro-gong-tam-tam-staender\/#primaryimage","url":"https:\/\/gongcenter.ch\/app\/uploads\/2022\/09\/Pro-Gong-Tam-Tam-Holder-2.png","contentUrl":"https:\/\/gongcenter.ch\/app\/uploads\/2022\/09\/Pro-Gong-Tam-Tam-Holder-2.png","width":600,"height":600},{"@type":"BreadcrumbList","@id":"https:\/\/gongcenter.ch\/produkt\/meinl-zwischen-gong-halter-fuer-pro-gong-tam-tam-staender\/#breadcrumb","itemListElement":[{"@type":"ListItem","position":1,"name":"Startseite","item":"https:\/\/gongcenter.ch\/en\/"},{"@type":"ListItem","position":2,"name":"Shop","item":"https:\/\/gongcenter.ch\/en\/shop\/"},{"@type":"ListItem","position":3,"name":"Meinl Gong Halter f\u00fcr Pro Gong \/ Tam Tam St\u00e4nder"}]},{"@type":"WebSite","@id":"https:\/\/gongcenter.ch\/#website","url":"https:\/\/gongcenter.ch\/","name":"Gong Center Schweiz I Dein Gong und Klanginstrumente Fachgesch\u00e4ft","description":"Entdecke eine grosse Gong Auswahl sowie weitere Klanginstrumente - Wir sind Gong Klangtherapeut und bieten dir Top Qualit\u00e4t und Beratung.","publisher":{"@id":"https:\/\/gongcenter.ch\/#organization"},"potentialAction":[{"@type":"SearchAction","target":{"@type":"EntryPoint","urlTemplate":"https:\/\/gongcenter.ch\/?s={search_term_string}"},"query-input":{"@type":"PropertyValueSpecification","valueRequired":true,"valueName":"search_term_string"}}],"inLanguage":"en-US"},{"@type":"Organization","@id":"https:\/\/gongcenter.ch\/#organization","name":"Gongcenter Z\u00fcrich I Das Fachgesch\u00e4ft f\u00fcr Gong und Klang","url":"https:\/\/gongcenter.ch\/","logo":{"@type":"ImageObject","inLanguage":"en-US","@id":"https:\/\/gongcenter.ch\/#\/schema\/logo\/image\/","url":"https:\/\/gongcenter.ch\/app\/uploads\/2018\/05\/Gong-Center_Logo_2000_black.png","contentUrl":"https:\/\/gongcenter.ch\/app\/uploads\/2018\/05\/Gong-Center_Logo_2000_black.png","width":2000,"height":600,"caption":"Gongcenter Z\u00fcrich I Das Fachgesch\u00e4ft f\u00fcr Gong und Klang"},"image":{"@id":"https:\/\/gongcenter.ch\/#\/schema\/logo\/image\/"}}]}},"acf":[],"_links":{"self":[{"href":"https:\/\/gongcenter.ch\/en\/wp-json\/wp\/v2\/product\/1962","targetHints":{"allow":["GET"]}}],"collection":[{"href":"https:\/\/gongcenter.ch\/en\/wp-json\/wp\/v2\/product"}],"about":[{"href":"https:\/\/gongcenter.ch\/en\/wp-json\/wp\/v2\/types\/product"}],"wp:featuredmedia":[{"embeddable":true,"href":"https:\/\/gongcenter.ch\/en\/wp-json\/wp\/v2\/media\/29546"}],"wp:attachment":[{"href":"https:\/\/gongcenter.ch\/en\/wp-json\/wp\/v2\/media?parent=1962"}],"wp:term":[{"taxonomy":"product_brand","embeddable":true,"href":"https:\/\/gongcenter.ch\/en\/wp-json\/wp\/v2\/product_brand?post=1962"},{"taxonomy":"product_cat","embeddable":true,"href":"https:\/\/gongcenter.ch\/en\/wp-json\/wp\/v2\/product_cat?post=1962"},{"taxonomy":"product_tag","embeddable":true,"href":"https:\/\/gongcenter.ch\/en\/wp-json\/wp\/v2\/product_tag?post=1962"}],"curies":[{"name":"wp","href":"https:\/\/api.w.org\/{rel}","templated":true}]}}