{"id":1966,"date":"2018-07-30T09:33:07","date_gmt":"2018-07-30T08:33:07","guid":{"rendered":"http:\/\/64.131.77.249\/shop.gongcenter.ch\/?post_type=product&#038;p=1966"},"modified":"2023-04-18T11:37:41","modified_gmt":"2023-04-18T10:37:41","slug":"erde-energy-chime-planetarisch-gestimmt-trainiert-die-aufmerksamkeit-fuer-den-moment","status":"publish","type":"product","link":"https:\/\/gongcenter.ch\/en\/product\/erde-energy-chime-planetarisch-gestimmt-trainiert-die-aufmerksamkeit-fuer-den-moment\/","title":{"rendered":"Energy Chime Erde"},"content":{"rendered":"<p><strong>2177,60 Hz \/ C7#<\/strong><\/p>\n","protected":false},"excerpt":{"rendered":"2177,60 Hz \/ C7#","protected":false},"featured_media":29550,"template":"","meta":[],"product_brand":[],"product_cat":[1184],"product_tag":[],"class_list":{"0":"post-1966","1":"product","2":"type-product","3":"status-publish","4":"has-post-thumbnail","6":"brands-meinl","7":"product_cat-ausverkauf","8":"product_shipping_class-bis-199-chf-9-90-chf","10":"first","11":"instock","12":"sale","13":"taxable","14":"shipping-taxable","15":"purchasable","16":"product-type-simple"},"yoast_head":"<!-- This site is optimized with the Yoast SEO plugin v27.0 - https:\/\/yoast.com\/product\/yoast-seo-wordpress\/ -->\n<title>Energy Chimes | planetarisch gestimmt | holen dich ins JETZT | Erde<\/title>\n<meta name=\"description\" content=\"Diese Energy Chimes sind planetarisch gestimmte Klangst\u00e4be auf einem Holz-Resonanzk\u00f6rper. Sie trainieren deine Aufmerksamkeit f\u00fcr den Moment.\" \/>\n<meta name=\"robots\" content=\"index, follow, max-snippet:-1, max-image-preview:large, max-video-preview:-1\" \/>\n<link rel=\"canonical\" href=\"https:\/\/gongcenter.ch\/produkt\/erde-energy-chime-planetarisch-gestimmt-trainiert-die-aufmerksamkeit-fuer-den-moment\/\" \/>\n<meta property=\"og:locale\" content=\"en_US\" \/>\n<meta property=\"og:type\" content=\"article\" \/>\n<meta property=\"og:title\" content=\"Energy Chimes | planetarisch gestimmt | holen dich ins JETZT | Erde\" \/>\n<meta property=\"og:description\" content=\"Diese Energy Chimes sind planetarisch gestimmte Klangst\u00e4be auf einem Holz-Resonanzk\u00f6rper. Sie trainieren deine Aufmerksamkeit f\u00fcr den Moment.\" \/>\n<meta property=\"og:url\" content=\"https:\/\/gongcenter.ch\/produkt\/erde-energy-chime-planetarisch-gestimmt-trainiert-die-aufmerksamkeit-fuer-den-moment\/\" \/>\n<meta property=\"og:site_name\" content=\"Gong Center Schweiz I Dein Gong und Klanginstrumente Fachgesch\u00e4ft\" \/>\n<meta property=\"article:modified_time\" content=\"2023-04-18T10:37:41+00:00\" \/>\n<meta property=\"og:image\" content=\"https:\/\/gongcenter.ch\/app\/uploads\/2022\/09\/TMWGS-M_hi-8-1024x683.png\" \/>\n\t<meta property=\"og:image:width\" content=\"1024\" \/>\n\t<meta property=\"og:image:height\" content=\"683\" \/>\n\t<meta property=\"og:image:type\" content=\"image\/png\" \/>\n<meta name=\"twitter:card\" content=\"summary_large_image\" \/>\n<!-- \/ Yoast SEO plugin. -->","yoast_head_json":{"title":"Energy Chimes | planetarisch gestimmt | holen dich ins JETZT | Erde","description":"Diese Energy Chimes sind planetarisch gestimmte Klangst\u00e4be auf einem Holz-Resonanzk\u00f6rper. Sie trainieren deine Aufmerksamkeit f\u00fcr den Moment.","robots":{"index":"index","follow":"follow","max-snippet":"max-snippet:-1","max-image-preview":"max-image-preview:large","max-video-preview":"max-video-preview:-1"},"canonical":"https:\/\/gongcenter.ch\/produkt\/erde-energy-chime-planetarisch-gestimmt-trainiert-die-aufmerksamkeit-fuer-den-moment\/","og_locale":"en_US","og_type":"article","og_title":"Energy Chimes | planetarisch gestimmt | holen dich ins JETZT | Erde","og_description":"Diese Energy Chimes sind planetarisch gestimmte Klangst\u00e4be auf einem Holz-Resonanzk\u00f6rper. Sie trainieren deine Aufmerksamkeit f\u00fcr den Moment.","og_url":"https:\/\/gongcenter.ch\/produkt\/erde-energy-chime-planetarisch-gestimmt-trainiert-die-aufmerksamkeit-fuer-den-moment\/","og_site_name":"Gong Center Schweiz I Dein Gong und Klanginstrumente Fachgesch\u00e4ft","article_modified_time":"2023-04-18T10:37:41+00:00","og_image":[{"width":1024,"height":683,"url":"https:\/\/gongcenter.ch\/app\/uploads\/2022\/09\/TMWGS-M_hi-8-1024x683.png","type":"image\/png"}],"twitter_card":"summary_large_image","schema":{"@context":"https:\/\/schema.org","@graph":[{"@type":"WebPage","@id":"https:\/\/gongcenter.ch\/produkt\/erde-energy-chime-planetarisch-gestimmt-trainiert-die-aufmerksamkeit-fuer-den-moment\/","url":"https:\/\/gongcenter.ch\/produkt\/erde-energy-chime-planetarisch-gestimmt-trainiert-die-aufmerksamkeit-fuer-den-moment\/","name":"Energy Chimes | planetarisch gestimmt | holen dich ins JETZT | Erde","isPartOf":{"@id":"https:\/\/gongcenter.ch\/#website"},"primaryImageOfPage":{"@id":"https:\/\/gongcenter.ch\/produkt\/erde-energy-chime-planetarisch-gestimmt-trainiert-die-aufmerksamkeit-fuer-den-moment\/#primaryimage"},"image":{"@id":"https:\/\/gongcenter.ch\/produkt\/erde-energy-chime-planetarisch-gestimmt-trainiert-die-aufmerksamkeit-fuer-den-moment\/#primaryimage"},"thumbnailUrl":"https:\/\/gongcenter.ch\/app\/uploads\/2022\/09\/TMWGS-M_hi-8.png","datePublished":"2018-07-30T08:33:07+00:00","dateModified":"2023-04-18T10:37:41+00:00","description":"Diese Energy Chimes sind planetarisch gestimmte Klangst\u00e4be auf einem Holz-Resonanzk\u00f6rper. Sie trainieren deine Aufmerksamkeit f\u00fcr den Moment.","breadcrumb":{"@id":"https:\/\/gongcenter.ch\/produkt\/erde-energy-chime-planetarisch-gestimmt-trainiert-die-aufmerksamkeit-fuer-den-moment\/#breadcrumb"},"inLanguage":"en-US","potentialAction":[{"@type":"ReadAction","target":["https:\/\/gongcenter.ch\/produkt\/erde-energy-chime-planetarisch-gestimmt-trainiert-die-aufmerksamkeit-fuer-den-moment\/"]}]},{"@type":"ImageObject","inLanguage":"en-US","@id":"https:\/\/gongcenter.ch\/produkt\/erde-energy-chime-planetarisch-gestimmt-trainiert-die-aufmerksamkeit-fuer-den-moment\/#primaryimage","url":"https:\/\/gongcenter.ch\/app\/uploads\/2022\/09\/TMWGS-M_hi-8.png","contentUrl":"https:\/\/gongcenter.ch\/app\/uploads\/2022\/09\/TMWGS-M_hi-8.png","width":3000,"height":2000},{"@type":"BreadcrumbList","@id":"https:\/\/gongcenter.ch\/produkt\/erde-energy-chime-planetarisch-gestimmt-trainiert-die-aufmerksamkeit-fuer-den-moment\/#breadcrumb","itemListElement":[{"@type":"ListItem","position":1,"name":"Startseite","item":"https:\/\/gongcenter.ch\/en\/"},{"@type":"ListItem","position":2,"name":"Shop","item":"https:\/\/gongcenter.ch\/en\/shop\/"},{"@type":"ListItem","position":3,"name":"Energy Chime Erde"}]},{"@type":"WebSite","@id":"https:\/\/gongcenter.ch\/#website","url":"https:\/\/gongcenter.ch\/","name":"Gong Center Schweiz I Dein Gong und Klanginstrumente Fachgesch\u00e4ft","description":"Entdecke eine grosse Gong Auswahl sowie weitere Klanginstrumente - Wir sind Gong Klangtherapeut und bieten dir Top Qualit\u00e4t und Beratung.","publisher":{"@id":"https:\/\/gongcenter.ch\/#organization"},"potentialAction":[{"@type":"SearchAction","target":{"@type":"EntryPoint","urlTemplate":"https:\/\/gongcenter.ch\/?s={search_term_string}"},"query-input":{"@type":"PropertyValueSpecification","valueRequired":true,"valueName":"search_term_string"}}],"inLanguage":"en-US"},{"@type":"Organization","@id":"https:\/\/gongcenter.ch\/#organization","name":"Gongcenter Z\u00fcrich I Das Fachgesch\u00e4ft f\u00fcr Gong und Klang","url":"https:\/\/gongcenter.ch\/","logo":{"@type":"ImageObject","inLanguage":"en-US","@id":"https:\/\/gongcenter.ch\/#\/schema\/logo\/image\/","url":"https:\/\/gongcenter.ch\/app\/uploads\/2018\/05\/Gong-Center_Logo_2000_black.png","contentUrl":"https:\/\/gongcenter.ch\/app\/uploads\/2018\/05\/Gong-Center_Logo_2000_black.png","width":2000,"height":600,"caption":"Gongcenter Z\u00fcrich I Das Fachgesch\u00e4ft f\u00fcr Gong und Klang"},"image":{"@id":"https:\/\/gongcenter.ch\/#\/schema\/logo\/image\/"}}]}},"acf":[],"_links":{"self":[{"href":"https:\/\/gongcenter.ch\/en\/wp-json\/wp\/v2\/product\/1966","targetHints":{"allow":["GET"]}}],"collection":[{"href":"https:\/\/gongcenter.ch\/en\/wp-json\/wp\/v2\/product"}],"about":[{"href":"https:\/\/gongcenter.ch\/en\/wp-json\/wp\/v2\/types\/product"}],"wp:featuredmedia":[{"embeddable":true,"href":"https:\/\/gongcenter.ch\/en\/wp-json\/wp\/v2\/media\/29550"}],"wp:attachment":[{"href":"https:\/\/gongcenter.ch\/en\/wp-json\/wp\/v2\/media?parent=1966"}],"wp:term":[{"taxonomy":"product_brand","embeddable":true,"href":"https:\/\/gongcenter.ch\/en\/wp-json\/wp\/v2\/product_brand?post=1966"},{"taxonomy":"product_cat","embeddable":true,"href":"https:\/\/gongcenter.ch\/en\/wp-json\/wp\/v2\/product_cat?post=1966"},{"taxonomy":"product_tag","embeddable":true,"href":"https:\/\/gongcenter.ch\/en\/wp-json\/wp\/v2\/product_tag?post=1966"}],"curies":[{"name":"wp","href":"https:\/\/api.w.org\/{rel}","templated":true}]}}