{"id":2037,"date":"2018-07-30T12:23:37","date_gmt":"2018-07-30T11:23:37","guid":{"rendered":"http:\/\/64.131.77.249\/shop.gongcenter.ch\/?post_type=product&#038;p=2037"},"modified":"2023-11-30T22:25:08","modified_gmt":"2023-11-30T21:25:08","slug":"meinl-stimmgabeln-komplettset","status":"publish","type":"product","link":"https:\/\/gongcenter.ch\/en\/product\/meinl-stimmgabeln-komplettset\/","title":{"rendered":"Stimmgabel &#8211; Komplettset"},"content":{"rendered":"<h2>Das MEINL Stimmgabeln Komplettset mit allen 16 Stimmungen inkl. Stimmgabelhalter. Ideal f\u00fcr Therapeuten und Klangarbeiter<\/h2>\n<ul>\n<li>126,22 Hz &#8211; Sonne<\/li>\n<li>136.10 Hz \/ C3# &#8211; Erdjahr \/ Om<\/li>\n<li>141.27 Hz \/ C3# &#8211; Mercury<\/li>\n<li>144,72 Hz \/ D3 &#8211; Mars<\/li>\n<li>147,85 Hz \/ D3 &#8211; Saturn<\/li>\n<li>172.06 \/ F3 &#8211; Platonisches Jahr<\/li>\n<li>172,86 Hz \/ F3 &#8211; Chrion<\/li>\n<li>181,60 Hz \/ F3# &#8211; Sedna<\/li>\n<li>183.58 Hz \/ F3# &#8211; Jupiter<\/li>\n<li>194,18 Hz \/ G3 &#8211; Synodischer Tag<\/li>\n<li>194,72 Hz \/ G3 &#8211; Siderischer Tag<\/li>\n<li>207.36 Hz \/ G3# &#8211; Uranus<\/li>\n<li>210,42 Hz \/ G3# &#8211; Synodischer Mond<\/li>\n<li>211,44 \/ G3 &#8211; Neptun<\/li>\n<li>221,23 Hz \/ A3 &#8211; Venus<\/li>\n<li>227.43 Hz \/ A3 &#8211; siderischer Mond<\/li>\n<\/ul>\n<p>Diese planetarischen Stimmgabeln verf\u00fcgen \u00fcber ein gleichm\u00e4\u00dfiges Schwingungsverhalten und h\u00f6chste Stimmgenauigkeit. Sie sind aus qualitativ hochwertigem Stahl gefertigt, um diese Stimm- und Frequenzgenauigkeit zu gew\u00e4hrleisten, da kleinste Abweichungen die Wirkungen deutlich ver\u00e4ndern k\u00f6nnten. Jede einzelne Stimmgabel wird manuell so oft geschliffen, bis die geforderte Pr\u00e4zision erreicht ist, denn je genauer Frequenzen aufeinander abgestimmt sind, umso st\u00e4rker ist die Schwingungs\u00fcbertragung. Das l\u00e4ngere und ergonomisch geformte Griffpolster aus mit Kork gef\u00fclltem thermoplastischen Elastomer (TPE) ist das Ergebnis einer mehrj\u00e4hrigen Entwicklung und erleichtert die Handhabung deutlich. So l\u00e4sst sich die Stimmgabel z.B. bei der Tonakupunktur (Phonophorese) wesentlich leichter und entspannter halten. Seitlich am Gabelarm ist die Schwingungsfrequenz eingraviert.<\/p>\n<p><strong>Gebrauch der Stimmgabeln:<\/strong><br \/>\nZur Einstimmung von Musikinstrumenten oder Gesangsstimmen auf eine bestimmte Frequenz wird der Stimmgabel kurz angeschlagen, der Ton einige Sekunden geh\u00f6rt und dann die Stimme oder das Instrument auf diesen Ton gebracht. Hierbei wird die Stimmgabel nur relativ kurz gehalten.<\/p>\n<p>Bei der Tonakupunktur \/ Phonophorese massiert die Vibrationen der Stimmgabel die K\u00f6perzellen und harmonisiert deren nat\u00fcrliche Spannkraft. Nach dem Anschlagen wird sie minutenlang auf den K\u00f6rper aufgesetzt und wenn ihr Vibrieren nachgelassen hat, erneut angeschlagen und wieder minutenlang aufgesetzt. Dieser Vorgang wird dann mehrfach wiederholt, was ein langes Halten der Stimmgabel erfordert. Das ergonomische Griffpolster erm\u00f6glicht eine entspanntere dauerhafte Anwendung.<\/p>\n<p><strong>Handhabung der Stimmgabeln:<\/strong><br \/>\nDie Stimmgabel wird am Griffpolster mit Daumen und Zeige- und Mittelfinger gehalten, sodass die beiden Gabelarme frei Schwingen k\u00f6nnen. Nun wird das breite Ende eines Gabelarms am Knie, Handgelenk oder an einem (nicht harten) Gegenstand mit lockerem, leichten Schwung aus dem Handgelenk angeschlagen. Durch Aufsetzen des Stielendes (unter dem Griffpolster) auf den K\u00f6rper wird durch die Vibration der schwingenden Stimmgabel die entsprechende Frequenz und die Wirkung dorthin \u00fcbertragen und breitet sich im K\u00f6rper aus.<\/p>\n<p>Die genauen Berechnungsgrundlagen und naturwissenschaftlichen Darstellungen sind in dem Buch von Hans Cousto \u201eDie kosmische Oktave\u201c zu finden.<\/p>\n<p><strong>Edelstahl- vs. Aluminium-Stimmgabeln:<\/strong><br \/>\nStimmgabeln aus Stahl haben im Vergleich zu Aluminiumstimmgabeln eine wesentlich stabilere Frequenzgenauigkeit bei Temperaturschwankungen, was besonders bei einer Tonakupunktur-Anwendung zu beachten ist. Bei der Tonakupunktur werden die Stimmgabeln lange\u00a0 gehalten und dadurch erw\u00e4rmt. Stahlstimmgabeln ver\u00e4ndern ihre Frequenz durch die K\u00f6rperw\u00e4rme nur geringf\u00fcgig, w\u00e4hrend sich Aluminium bei Erw\u00e4rmung st\u00e4rker ausdehnt und dadurch der Stimmton st\u00e4rker ver\u00e4ndert wird.<\/p>\n","protected":false},"excerpt":{"rendered":"Das MEINL Stimmgabeln Komplettset bietet alle 16 Stimmungen in einem Set.","protected":false},"featured_media":29580,"template":"","meta":[],"product_brand":[],"product_cat":[503],"product_tag":[],"class_list":{"0":"post-2037","1":"product","2":"type-product","3":"status-publish","4":"has-post-thumbnail","6":"brands-meinl","7":"product_cat-stimmgabeln","8":"product_shipping_class-kostenloser-versand-innerhalb-der-schweiz","10":"first","11":"onbackorder","12":"taxable","13":"shipping-taxable","14":"purchasable","15":"product-type-simple"},"yoast_head":"<!-- This site is optimized with the Yoast SEO plugin v27.0 - https:\/\/yoast.com\/product\/yoast-seo-wordpress\/ -->\n<title>Meinl Stimmgabeln Set mit allen 16 Stimungen | Inkl. Halter<\/title>\n<meta name=\"description\" content=\"Die Meinl Stimmgabeln wurden speziell f\u00fcr Klangarbeiter und Therapeuten entwickelt. Ideal f\u00fcr Tonakupunktur.\" \/>\n<meta name=\"robots\" content=\"index, follow, max-snippet:-1, max-image-preview:large, max-video-preview:-1\" \/>\n<link rel=\"canonical\" href=\"https:\/\/gongcenter.ch\/produkt\/meinl-stimmgabeln-komplettset\/\" \/>\n<meta property=\"og:locale\" content=\"en_US\" \/>\n<meta property=\"og:type\" content=\"article\" \/>\n<meta property=\"og:title\" content=\"Meinl Stimmgabeln Set mit allen 16 Stimungen | Inkl. Halter\" \/>\n<meta property=\"og:description\" content=\"Die Meinl Stimmgabeln wurden speziell f\u00fcr Klangarbeiter und Therapeuten entwickelt. Ideal f\u00fcr Tonakupunktur.\" \/>\n<meta property=\"og:url\" content=\"https:\/\/gongcenter.ch\/produkt\/meinl-stimmgabeln-komplettset\/\" \/>\n<meta property=\"og:site_name\" content=\"Gong Center Schweiz I Dein Gong und Klanginstrumente Fachgesch\u00e4ft\" \/>\n<meta property=\"article:modified_time\" content=\"2023-11-30T21:25:08+00:00\" \/>\n<meta property=\"og:image\" content=\"https:\/\/gongcenter.ch\/app\/uploads\/2022\/09\/EC-E-PL_hi-32.png\" \/>\n\t<meta property=\"og:image:width\" content=\"1080\" \/>\n\t<meta property=\"og:image:height\" content=\"640\" \/>\n\t<meta property=\"og:image:type\" content=\"image\/png\" \/>\n<meta name=\"twitter:card\" content=\"summary_large_image\" \/>\n<meta name=\"twitter:label1\" content=\"Est. reading time\" \/>\n\t<meta name=\"twitter:data1\" content=\"3 minutes\" \/>\n<!-- \/ Yoast SEO plugin. -->","yoast_head_json":{"title":"Meinl Stimmgabeln Set mit allen 16 Stimungen | Inkl. Halter","description":"Die Meinl Stimmgabeln wurden speziell f\u00fcr Klangarbeiter und Therapeuten entwickelt. Ideal f\u00fcr Tonakupunktur.","robots":{"index":"index","follow":"follow","max-snippet":"max-snippet:-1","max-image-preview":"max-image-preview:large","max-video-preview":"max-video-preview:-1"},"canonical":"https:\/\/gongcenter.ch\/produkt\/meinl-stimmgabeln-komplettset\/","og_locale":"en_US","og_type":"article","og_title":"Meinl Stimmgabeln Set mit allen 16 Stimungen | Inkl. Halter","og_description":"Die Meinl Stimmgabeln wurden speziell f\u00fcr Klangarbeiter und Therapeuten entwickelt. Ideal f\u00fcr Tonakupunktur.","og_url":"https:\/\/gongcenter.ch\/produkt\/meinl-stimmgabeln-komplettset\/","og_site_name":"Gong Center Schweiz I Dein Gong und Klanginstrumente Fachgesch\u00e4ft","article_modified_time":"2023-11-30T21:25:08+00:00","og_image":[{"width":1080,"height":640,"url":"https:\/\/gongcenter.ch\/app\/uploads\/2022\/09\/EC-E-PL_hi-32.png","type":"image\/png"}],"twitter_card":"summary_large_image","twitter_misc":{"Est. reading time":"3 minutes"},"schema":{"@context":"https:\/\/schema.org","@graph":[{"@type":"WebPage","@id":"https:\/\/gongcenter.ch\/produkt\/meinl-stimmgabeln-komplettset\/","url":"https:\/\/gongcenter.ch\/produkt\/meinl-stimmgabeln-komplettset\/","name":"Meinl Stimmgabeln Set mit allen 16 Stimungen | Inkl. Halter","isPartOf":{"@id":"https:\/\/gongcenter.ch\/#website"},"primaryImageOfPage":{"@id":"https:\/\/gongcenter.ch\/produkt\/meinl-stimmgabeln-komplettset\/#primaryimage"},"image":{"@id":"https:\/\/gongcenter.ch\/produkt\/meinl-stimmgabeln-komplettset\/#primaryimage"},"thumbnailUrl":"https:\/\/gongcenter.ch\/app\/uploads\/2022\/09\/EC-E-PL_hi-32.png","datePublished":"2018-07-30T11:23:37+00:00","dateModified":"2023-11-30T21:25:08+00:00","description":"Die Meinl Stimmgabeln wurden speziell f\u00fcr Klangarbeiter und Therapeuten entwickelt. Ideal f\u00fcr Tonakupunktur.","breadcrumb":{"@id":"https:\/\/gongcenter.ch\/produkt\/meinl-stimmgabeln-komplettset\/#breadcrumb"},"inLanguage":"en-US","potentialAction":[{"@type":"ReadAction","target":["https:\/\/gongcenter.ch\/produkt\/meinl-stimmgabeln-komplettset\/"]}]},{"@type":"ImageObject","inLanguage":"en-US","@id":"https:\/\/gongcenter.ch\/produkt\/meinl-stimmgabeln-komplettset\/#primaryimage","url":"https:\/\/gongcenter.ch\/app\/uploads\/2022\/09\/EC-E-PL_hi-32.png","contentUrl":"https:\/\/gongcenter.ch\/app\/uploads\/2022\/09\/EC-E-PL_hi-32.png","width":1080,"height":640},{"@type":"BreadcrumbList","@id":"https:\/\/gongcenter.ch\/produkt\/meinl-stimmgabeln-komplettset\/#breadcrumb","itemListElement":[{"@type":"ListItem","position":1,"name":"Startseite","item":"https:\/\/gongcenter.ch\/en\/"},{"@type":"ListItem","position":2,"name":"Shop","item":"https:\/\/gongcenter.ch\/en\/shop\/"},{"@type":"ListItem","position":3,"name":"Stimmgabel &#8211; Komplettset"}]},{"@type":"WebSite","@id":"https:\/\/gongcenter.ch\/#website","url":"https:\/\/gongcenter.ch\/","name":"Gong Center Schweiz I Dein Gong und Klanginstrumente Fachgesch\u00e4ft","description":"Entdecke eine grosse Gong Auswahl sowie weitere Klanginstrumente - Wir sind Gong Klangtherapeut und bieten dir Top Qualit\u00e4t und Beratung.","publisher":{"@id":"https:\/\/gongcenter.ch\/#organization"},"potentialAction":[{"@type":"SearchAction","target":{"@type":"EntryPoint","urlTemplate":"https:\/\/gongcenter.ch\/?s={search_term_string}"},"query-input":{"@type":"PropertyValueSpecification","valueRequired":true,"valueName":"search_term_string"}}],"inLanguage":"en-US"},{"@type":"Organization","@id":"https:\/\/gongcenter.ch\/#organization","name":"Gongcenter Z\u00fcrich I Das Fachgesch\u00e4ft f\u00fcr Gong und Klang","url":"https:\/\/gongcenter.ch\/","logo":{"@type":"ImageObject","inLanguage":"en-US","@id":"https:\/\/gongcenter.ch\/#\/schema\/logo\/image\/","url":"https:\/\/gongcenter.ch\/app\/uploads\/2018\/05\/Gong-Center_Logo_2000_black.png","contentUrl":"https:\/\/gongcenter.ch\/app\/uploads\/2018\/05\/Gong-Center_Logo_2000_black.png","width":2000,"height":600,"caption":"Gongcenter Z\u00fcrich I Das Fachgesch\u00e4ft f\u00fcr Gong und Klang"},"image":{"@id":"https:\/\/gongcenter.ch\/#\/schema\/logo\/image\/"}}]}},"acf":[],"_links":{"self":[{"href":"https:\/\/gongcenter.ch\/en\/wp-json\/wp\/v2\/product\/2037","targetHints":{"allow":["GET"]}}],"collection":[{"href":"https:\/\/gongcenter.ch\/en\/wp-json\/wp\/v2\/product"}],"about":[{"href":"https:\/\/gongcenter.ch\/en\/wp-json\/wp\/v2\/types\/product"}],"wp:featuredmedia":[{"embeddable":true,"href":"https:\/\/gongcenter.ch\/en\/wp-json\/wp\/v2\/media\/29580"}],"wp:attachment":[{"href":"https:\/\/gongcenter.ch\/en\/wp-json\/wp\/v2\/media?parent=2037"}],"wp:term":[{"taxonomy":"product_brand","embeddable":true,"href":"https:\/\/gongcenter.ch\/en\/wp-json\/wp\/v2\/product_brand?post=2037"},{"taxonomy":"product_cat","embeddable":true,"href":"https:\/\/gongcenter.ch\/en\/wp-json\/wp\/v2\/product_cat?post=2037"},{"taxonomy":"product_tag","embeddable":true,"href":"https:\/\/gongcenter.ch\/en\/wp-json\/wp\/v2\/product_tag?post=2037"}],"curies":[{"name":"wp","href":"https:\/\/api.w.org\/{rel}","templated":true}]}}