{"id":2182,"date":"2018-08-23T11:09:42","date_gmt":"2018-08-23T10:09:42","guid":{"rendered":"http:\/\/shop.gongcenter.ch\/?post_type=product&#038;p=2182"},"modified":"2023-12-01T18:49:34","modified_gmt":"2023-12-01T17:49:34","slug":"kalimba-b9","status":"publish","type":"product","link":"https:\/\/gongcenter.ch\/en\/product\/kalimba-b9\/","title":{"rendered":"Kalimba B9"},"content":{"rendered":"<p>Die Kalimba B9\u00a0besitzt neun\u00a0petatonisch gestimmte Klangzungen, dessen\u00a0Schwingungen gut in den H\u00e4nden sp\u00fcrbar sind. Der dezente Klang dieses Instruments ist ohne weiteres gut h\u00f6rbar, doch l\u00e4sst er sich durch Auflegen\u00a0auf eine geeignete Fl\u00e4che, wie zum Beispiel eine Tischplatte, ein Cajon oder das Fell einer Trommel noch deutlich verst\u00e4rken.<\/p>\n<ul>\n<li><strong>Material: <\/strong>amerikanische Kirsche<\/li>\n<li><strong>Werkstimmung:\u00a0<\/strong>a\u00b4, c\u00b4\u00b4, c\u00b4, a\u00b4, a, f\u00b4, e\u00b4, e\u00b4\u00b4, h\u00b4\u00a0(kann ver\u00e4ndert werden)<\/li>\n<li><strong>Masse: <\/strong>11.7 x 9 x 4.1 cm<\/li>\n<\/ul>\n<p>Die Stimmung der Kalimba B9 ist identisch mit der der Sansula. Es ist ein A-Moll-Klang mit zus\u00e4tzlichem H und F. Da alle T\u00f6ne immer zueinander passen, haben auch Kinder und Anf\u00e4nger ein erfolgreiches Spielerlebnis.<\/p>\n<p>Sehr erfolgreich wird die Sansula auch in der Musik- und Paartherapie eingesetzt. In der Handchirugie wird ihre positive Wirkung auf die Motorik der Finger gesch\u00e4tzt.<\/p>\n<p>&nbsp;<\/p>\n<p>Wusstest du, dass die klassische Kalimba ein Instrument aus Afrika ist, das vor allem von den s\u00fcdafrikanischen Geschichtenerz\u00e4hlern gerne genutzt wird?<\/p>\n<p>Es nennt sich auch Daumenklavier, Mbira oder Sanza. Unmittelbar stellt sich beim Erklingen eine harmonische und meditative Stimmung ein, die alle Anwesenden verbindet und in eine Gleichschwingung versetzt. Ob alleine oder gemeinsam in sch\u00f6ner Runde, dieses Instrument sorgt immer f\u00fcr eine positive Leichtigkeit im Raum.<\/p>\n","protected":false},"excerpt":{"rendered":"Die Kalimba B9\u00a0besitzt neun\u00a0petatonisch gestimmte Klangzungen, dessen\u00a0Schwingungen gut in den H\u00e4nden sp\u00fcrbar sind. Der dezente Klang dieses Instruments ist ohne weiteres gut h\u00f6rbar, doch l\u00e4sst er sich durch Auflegen\u00a0auf eine geeignete Fl\u00e4che, wie zum Beispiel eine Tischplatte, ein Cajon oder das Fell einer Trommel noch deutlich verst\u00e4rken. Material: amerikanische Kirsche Werkstimmung:\u00a0a\u00b4, c\u00b4\u00b4, c\u00b4, a\u00b4, a,<a href=\"https:\/\/gongcenter.ch\/en\/product\/kalimba-b9\/\" class=\"readmore\">Mehr  <i class=\"fa fa-angle-double-right\"><\/i><\/a>","protected":false},"featured_media":29614,"template":"","meta":[],"product_brand":[],"product_cat":[1178],"product_tag":[446],"class_list":{"0":"post-2182","1":"product","2":"type-product","3":"status-publish","4":"has-post-thumbnail","6":"brands-hokema","7":"product_cat-kalimba-sansula-klang-instrumente","8":"product_tag-kalimba","9":"product_shipping_class-bis-199-chf-9-90-chf","10":"pa_groesse-hohe-20-cm-durchmesser-40-cm","11":"pa_groesse-hohe-20-cm-durchmesser-60-cm","13":"first","14":"instock","15":"taxable","16":"shipping-taxable","17":"purchasable","18":"product-type-simple"},"yoast_head":"<!-- This site is optimized with the Yoast SEO plugin v27.0 - https:\/\/yoast.com\/product\/yoast-seo-wordpress\/ -->\n<title>Kalimba B9 - Gong Center Schweiz I Dein Gong und Klanginstrumente Fachgesch\u00e4ft<\/title>\n<meta name=\"robots\" content=\"index, follow, max-snippet:-1, max-image-preview:large, max-video-preview:-1\" \/>\n<link rel=\"canonical\" href=\"https:\/\/gongcenter.ch\/produkt\/kalimba-b9\/\" \/>\n<meta property=\"og:locale\" content=\"en_US\" \/>\n<meta property=\"og:type\" content=\"article\" \/>\n<meta property=\"og:title\" content=\"Kalimba B9 - Gong Center Schweiz I Dein Gong und Klanginstrumente Fachgesch\u00e4ft\" \/>\n<meta property=\"og:description\" content=\"Die Kalimba B9\u00a0besitzt neun\u00a0petatonisch gestimmte Klangzungen, dessen\u00a0Schwingungen gut in den H\u00e4nden sp\u00fcrbar sind. Der dezente Klang dieses Instruments ist ohne weiteres gut h\u00f6rbar, doch l\u00e4sst er sich durch Auflegen\u00a0auf eine geeignete Fl\u00e4che, wie zum Beispiel eine Tischplatte, ein Cajon oder das Fell einer Trommel noch deutlich verst\u00e4rken. Material: amerikanische Kirsche Werkstimmung:\u00a0a\u00b4, c\u00b4\u00b4, c\u00b4, a\u00b4, a,Mehr\" \/>\n<meta property=\"og:url\" content=\"https:\/\/gongcenter.ch\/produkt\/kalimba-b9\/\" \/>\n<meta property=\"og:site_name\" content=\"Gong Center Schweiz I Dein Gong und Klanginstrumente Fachgesch\u00e4ft\" \/>\n<meta property=\"article:modified_time\" content=\"2023-12-01T17:49:34+00:00\" \/>\n<meta property=\"og:image\" content=\"https:\/\/gongcenter.ch\/app\/uploads\/2022\/09\/Hokema-Kalimba-B9-2.png\" \/>\n\t<meta property=\"og:image:width\" content=\"600\" \/>\n\t<meta property=\"og:image:height\" content=\"600\" \/>\n\t<meta property=\"og:image:type\" content=\"image\/png\" \/>\n<meta name=\"twitter:card\" content=\"summary_large_image\" \/>\n<meta name=\"twitter:label1\" content=\"Est. reading time\" \/>\n\t<meta name=\"twitter:data1\" content=\"2 minutes\" \/>\n<!-- \/ Yoast SEO plugin. -->","yoast_head_json":{"title":"Kalimba B9 - Gong Center Schweiz I Dein Gong und Klanginstrumente Fachgesch\u00e4ft","robots":{"index":"index","follow":"follow","max-snippet":"max-snippet:-1","max-image-preview":"max-image-preview:large","max-video-preview":"max-video-preview:-1"},"canonical":"https:\/\/gongcenter.ch\/produkt\/kalimba-b9\/","og_locale":"en_US","og_type":"article","og_title":"Kalimba B9 - Gong Center Schweiz I Dein Gong und Klanginstrumente Fachgesch\u00e4ft","og_description":"Die Kalimba B9\u00a0besitzt neun\u00a0petatonisch gestimmte Klangzungen, dessen\u00a0Schwingungen gut in den H\u00e4nden sp\u00fcrbar sind. Der dezente Klang dieses Instruments ist ohne weiteres gut h\u00f6rbar, doch l\u00e4sst er sich durch Auflegen\u00a0auf eine geeignete Fl\u00e4che, wie zum Beispiel eine Tischplatte, ein Cajon oder das Fell einer Trommel noch deutlich verst\u00e4rken. Material: amerikanische Kirsche Werkstimmung:\u00a0a\u00b4, c\u00b4\u00b4, c\u00b4, a\u00b4, a,Mehr","og_url":"https:\/\/gongcenter.ch\/produkt\/kalimba-b9\/","og_site_name":"Gong Center Schweiz I Dein Gong und Klanginstrumente Fachgesch\u00e4ft","article_modified_time":"2023-12-01T17:49:34+00:00","og_image":[{"width":600,"height":600,"url":"https:\/\/gongcenter.ch\/app\/uploads\/2022\/09\/Hokema-Kalimba-B9-2.png","type":"image\/png"}],"twitter_card":"summary_large_image","twitter_misc":{"Est. reading time":"2 minutes"},"schema":{"@context":"https:\/\/schema.org","@graph":[{"@type":"WebPage","@id":"https:\/\/gongcenter.ch\/produkt\/kalimba-b9\/","url":"https:\/\/gongcenter.ch\/produkt\/kalimba-b9\/","name":"Kalimba B9 - Gong Center Schweiz I Dein Gong und Klanginstrumente Fachgesch\u00e4ft","isPartOf":{"@id":"https:\/\/gongcenter.ch\/#website"},"primaryImageOfPage":{"@id":"https:\/\/gongcenter.ch\/produkt\/kalimba-b9\/#primaryimage"},"image":{"@id":"https:\/\/gongcenter.ch\/produkt\/kalimba-b9\/#primaryimage"},"thumbnailUrl":"https:\/\/gongcenter.ch\/app\/uploads\/2022\/09\/Hokema-Kalimba-B9-2.png","datePublished":"2018-08-23T10:09:42+00:00","dateModified":"2023-12-01T17:49:34+00:00","breadcrumb":{"@id":"https:\/\/gongcenter.ch\/produkt\/kalimba-b9\/#breadcrumb"},"inLanguage":"en-US","potentialAction":[{"@type":"ReadAction","target":["https:\/\/gongcenter.ch\/produkt\/kalimba-b9\/"]}]},{"@type":"ImageObject","inLanguage":"en-US","@id":"https:\/\/gongcenter.ch\/produkt\/kalimba-b9\/#primaryimage","url":"https:\/\/gongcenter.ch\/app\/uploads\/2022\/09\/Hokema-Kalimba-B9-2.png","contentUrl":"https:\/\/gongcenter.ch\/app\/uploads\/2022\/09\/Hokema-Kalimba-B9-2.png","width":600,"height":600},{"@type":"BreadcrumbList","@id":"https:\/\/gongcenter.ch\/produkt\/kalimba-b9\/#breadcrumb","itemListElement":[{"@type":"ListItem","position":1,"name":"Startseite","item":"https:\/\/gongcenter.ch\/en\/"},{"@type":"ListItem","position":2,"name":"Shop","item":"https:\/\/gongcenter.ch\/en\/shop\/"},{"@type":"ListItem","position":3,"name":"Kalimba B9"}]},{"@type":"WebSite","@id":"https:\/\/gongcenter.ch\/#website","url":"https:\/\/gongcenter.ch\/","name":"Gong Center Schweiz I Dein Gong und Klanginstrumente Fachgesch\u00e4ft","description":"Entdecke eine grosse Gong Auswahl sowie weitere Klanginstrumente - Wir sind Gong Klangtherapeut und bieten dir Top Qualit\u00e4t und Beratung.","publisher":{"@id":"https:\/\/gongcenter.ch\/#organization"},"potentialAction":[{"@type":"SearchAction","target":{"@type":"EntryPoint","urlTemplate":"https:\/\/gongcenter.ch\/?s={search_term_string}"},"query-input":{"@type":"PropertyValueSpecification","valueRequired":true,"valueName":"search_term_string"}}],"inLanguage":"en-US"},{"@type":"Organization","@id":"https:\/\/gongcenter.ch\/#organization","name":"Gongcenter Z\u00fcrich I Das Fachgesch\u00e4ft f\u00fcr Gong und Klang","url":"https:\/\/gongcenter.ch\/","logo":{"@type":"ImageObject","inLanguage":"en-US","@id":"https:\/\/gongcenter.ch\/#\/schema\/logo\/image\/","url":"https:\/\/gongcenter.ch\/app\/uploads\/2018\/05\/Gong-Center_Logo_2000_black.png","contentUrl":"https:\/\/gongcenter.ch\/app\/uploads\/2018\/05\/Gong-Center_Logo_2000_black.png","width":2000,"height":600,"caption":"Gongcenter Z\u00fcrich I Das Fachgesch\u00e4ft f\u00fcr Gong und Klang"},"image":{"@id":"https:\/\/gongcenter.ch\/#\/schema\/logo\/image\/"}}]}},"acf":[],"_links":{"self":[{"href":"https:\/\/gongcenter.ch\/en\/wp-json\/wp\/v2\/product\/2182","targetHints":{"allow":["GET"]}}],"collection":[{"href":"https:\/\/gongcenter.ch\/en\/wp-json\/wp\/v2\/product"}],"about":[{"href":"https:\/\/gongcenter.ch\/en\/wp-json\/wp\/v2\/types\/product"}],"wp:featuredmedia":[{"embeddable":true,"href":"https:\/\/gongcenter.ch\/en\/wp-json\/wp\/v2\/media\/29614"}],"wp:attachment":[{"href":"https:\/\/gongcenter.ch\/en\/wp-json\/wp\/v2\/media?parent=2182"}],"wp:term":[{"taxonomy":"product_brand","embeddable":true,"href":"https:\/\/gongcenter.ch\/en\/wp-json\/wp\/v2\/product_brand?post=2182"},{"taxonomy":"product_cat","embeddable":true,"href":"https:\/\/gongcenter.ch\/en\/wp-json\/wp\/v2\/product_cat?post=2182"},{"taxonomy":"product_tag","embeddable":true,"href":"https:\/\/gongcenter.ch\/en\/wp-json\/wp\/v2\/product_tag?post=2182"}],"curies":[{"name":"wp","href":"https:\/\/api.w.org\/{rel}","templated":true}]}}