{"id":2183,"date":"2018-08-23T11:10:14","date_gmt":"2018-08-23T10:10:14","guid":{"rendered":"http:\/\/shop.gongcenter.ch\/?post_type=product&#038;p=2183"},"modified":"2023-04-18T11:38:47","modified_gmt":"2023-04-18T10:38:47","slug":"kalimba-fingerklavier-mbir-sanza-afrikanisches-klanginstrument","status":"publish","type":"product","link":"https:\/\/gongcenter.ch\/en\/product\/kalimba-fingerklavier-mbir-sanza-afrikanisches-klanginstrument\/","title":{"rendered":"Kalimba B11"},"content":{"rendered":"<p>Kalimbas sind Klangzungeninstrumente, die ihren Ursprung im S\u00fcden Afrikas haben und dort in unz\u00e4hligen Formen und Aus- f\u00fchrungenzu finden sind. Unsere Kalimba B11 \u2019Melody\u2019 wird aus massiver amerikanischer Kirsche (black cherry) in sorgf\u00e4ltiger Hand- arbeit hergestellt. Die Oberfl\u00e4chen werden mit pflanzlichen \u00d6len und Wachsen behandelt und poliert. Die 11 Klangzungen sind pr\u00e4zise in der G-Dur Tonleiter gestimmt, wodurch eine Vielzahl von bekannten Liedern gespielt werden kann. Ebensogut eignet sich die \u2019Melody\u2019 aber auch zum improvisieren und intuitiven Spielen.<\/p>\n<ul>\n<li><strong>Material: <\/strong>amerikanische Kirsche<\/li>\n<li><strong>Werkstimmung: <\/strong>g, a, e, d, c, g, d, g, f#, h, a (kann ver\u00e4ndert werden)<\/li>\n<li><strong>Masse: <\/strong>14 x 10.5 x 3.5 cm<\/li>\n<\/ul>\n<p>Sehr erfolgreich wird die Sansula auch in der Musik- und Paartherapie eingesetzt. In der Handchirugie wird ihre positive Wirkung auf die Motorik der Finger gesch\u00e4tzt.<\/p>\n<p>&nbsp;<\/p>\n<p>Wusstest du, dass die klassische Kalimba ein Instrument aus Afrika ist, das vor allem von den s\u00fcdafrikanischen Geschichtenerz\u00e4hlern gerne genutzt wird?<\/p>\n<p>Es nennt sich auch Daumenklavier, Mbira oder Sanza. Unmittelbar stellt sich beim Erklingen eine harmonische und meditative Stimmung ein, die alle Anwesenden verbindet und in eine Gleichschwingung versetzt. Ob alleine oder gemeinsam in sch\u00f6ner Runde, dieses Instrument sorgt immer f\u00fcr eine positive Leichtigkeit im Raum.<\/p>\n","protected":false},"excerpt":{"rendered":"<ul>\r\n \t<li><strong>Material: <\/strong>amerikanische Kirsche<\/li>\r\n \t<li><strong>Werkstimmung: <\/strong>g, a, e, d, c, g, d, g, f#, h, a (kann ver\u00e4ndert werden)<\/li>\r\n \t<li><strong>Masse: <\/strong>14 x 10.5 x 3.5 cm<\/li>\r\n<\/ul>","protected":false},"featured_media":29618,"template":"","meta":[],"product_brand":[],"product_cat":[1178],"product_tag":[],"class_list":{"0":"post-2183","1":"product","2":"type-product","3":"status-publish","4":"has-post-thumbnail","6":"brands-hokema","7":"product_cat-kalimba-sansula-klang-instrumente","8":"product_shipping_class-bis-199-chf-9-90-chf","9":"pa_groesse-hohe-20-cm-durchmesser-40-cm","10":"pa_groesse-hohe-20-cm-durchmesser-60-cm","12":"first","13":"instock","14":"taxable","15":"shipping-taxable","16":"purchasable","17":"product-type-simple"},"yoast_head":"<!-- This site is optimized with the Yoast SEO plugin v27.0 - https:\/\/yoast.com\/product\/yoast-seo-wordpress\/ -->\n<title>Kalimba B11 I Das afrikanische Klanginstrument in G-Dur<\/title>\n<meta name=\"description\" content=\"Kalimbas werden auch Fingerklavier, Mbira oder Sanza genannt. Ihr harmonischer, meditativer Klang verbindet alle.\" \/>\n<meta name=\"robots\" content=\"index, follow, max-snippet:-1, max-image-preview:large, max-video-preview:-1\" \/>\n<link rel=\"canonical\" href=\"https:\/\/gongcenter.ch\/produkt\/kalimba-fingerklavier-mbir-sanza-afrikanisches-klanginstrument\/\" \/>\n<meta property=\"og:locale\" content=\"en_US\" \/>\n<meta property=\"og:type\" content=\"article\" \/>\n<meta property=\"og:title\" content=\"Kalimba B11 I Das afrikanische Klanginstrument in G-Dur\" \/>\n<meta property=\"og:description\" content=\"Kalimbas werden auch Fingerklavier, Mbira oder Sanza genannt. Ihr harmonischer, meditativer Klang verbindet alle.\" \/>\n<meta property=\"og:url\" content=\"https:\/\/gongcenter.ch\/produkt\/kalimba-fingerklavier-mbir-sanza-afrikanisches-klanginstrument\/\" \/>\n<meta property=\"og:site_name\" content=\"Gong Center Schweiz I Dein Gong und Klanginstrumente Fachgesch\u00e4ft\" \/>\n<meta property=\"article:modified_time\" content=\"2023-04-18T10:38:47+00:00\" \/>\n<meta property=\"og:image\" content=\"https:\/\/gongcenter.ch\/app\/uploads\/2022\/09\/Hokema-Kalimba-B11-2.png\" \/>\n\t<meta property=\"og:image:width\" content=\"600\" \/>\n\t<meta property=\"og:image:height\" content=\"600\" \/>\n\t<meta property=\"og:image:type\" content=\"image\/png\" \/>\n<meta name=\"twitter:card\" content=\"summary_large_image\" \/>\n<meta name=\"twitter:label1\" content=\"Est. reading time\" \/>\n\t<meta name=\"twitter:data1\" content=\"1 minute\" \/>\n<!-- \/ Yoast SEO plugin. -->","yoast_head_json":{"title":"Kalimba B11 I Das afrikanische Klanginstrument in G-Dur","description":"Kalimbas werden auch Fingerklavier, Mbira oder Sanza genannt. Ihr harmonischer, meditativer Klang verbindet alle.","robots":{"index":"index","follow":"follow","max-snippet":"max-snippet:-1","max-image-preview":"max-image-preview:large","max-video-preview":"max-video-preview:-1"},"canonical":"https:\/\/gongcenter.ch\/produkt\/kalimba-fingerklavier-mbir-sanza-afrikanisches-klanginstrument\/","og_locale":"en_US","og_type":"article","og_title":"Kalimba B11 I Das afrikanische Klanginstrument in G-Dur","og_description":"Kalimbas werden auch Fingerklavier, Mbira oder Sanza genannt. Ihr harmonischer, meditativer Klang verbindet alle.","og_url":"https:\/\/gongcenter.ch\/produkt\/kalimba-fingerklavier-mbir-sanza-afrikanisches-klanginstrument\/","og_site_name":"Gong Center Schweiz I Dein Gong und Klanginstrumente Fachgesch\u00e4ft","article_modified_time":"2023-04-18T10:38:47+00:00","og_image":[{"width":600,"height":600,"url":"https:\/\/gongcenter.ch\/app\/uploads\/2022\/09\/Hokema-Kalimba-B11-2.png","type":"image\/png"}],"twitter_card":"summary_large_image","twitter_misc":{"Est. reading time":"1 minute"},"schema":{"@context":"https:\/\/schema.org","@graph":[{"@type":"WebPage","@id":"https:\/\/gongcenter.ch\/produkt\/kalimba-fingerklavier-mbir-sanza-afrikanisches-klanginstrument\/","url":"https:\/\/gongcenter.ch\/produkt\/kalimba-fingerklavier-mbir-sanza-afrikanisches-klanginstrument\/","name":"Kalimba B11 I Das afrikanische Klanginstrument in G-Dur","isPartOf":{"@id":"https:\/\/gongcenter.ch\/#website"},"primaryImageOfPage":{"@id":"https:\/\/gongcenter.ch\/produkt\/kalimba-fingerklavier-mbir-sanza-afrikanisches-klanginstrument\/#primaryimage"},"image":{"@id":"https:\/\/gongcenter.ch\/produkt\/kalimba-fingerklavier-mbir-sanza-afrikanisches-klanginstrument\/#primaryimage"},"thumbnailUrl":"https:\/\/gongcenter.ch\/app\/uploads\/2022\/09\/Hokema-Kalimba-B11-2.png","datePublished":"2018-08-23T10:10:14+00:00","dateModified":"2023-04-18T10:38:47+00:00","description":"Kalimbas werden auch Fingerklavier, Mbira oder Sanza genannt. Ihr harmonischer, meditativer Klang verbindet alle.","breadcrumb":{"@id":"https:\/\/gongcenter.ch\/produkt\/kalimba-fingerklavier-mbir-sanza-afrikanisches-klanginstrument\/#breadcrumb"},"inLanguage":"en-US","potentialAction":[{"@type":"ReadAction","target":["https:\/\/gongcenter.ch\/produkt\/kalimba-fingerklavier-mbir-sanza-afrikanisches-klanginstrument\/"]}]},{"@type":"ImageObject","inLanguage":"en-US","@id":"https:\/\/gongcenter.ch\/produkt\/kalimba-fingerklavier-mbir-sanza-afrikanisches-klanginstrument\/#primaryimage","url":"https:\/\/gongcenter.ch\/app\/uploads\/2022\/09\/Hokema-Kalimba-B11-2.png","contentUrl":"https:\/\/gongcenter.ch\/app\/uploads\/2022\/09\/Hokema-Kalimba-B11-2.png","width":600,"height":600},{"@type":"BreadcrumbList","@id":"https:\/\/gongcenter.ch\/produkt\/kalimba-fingerklavier-mbir-sanza-afrikanisches-klanginstrument\/#breadcrumb","itemListElement":[{"@type":"ListItem","position":1,"name":"Startseite","item":"https:\/\/gongcenter.ch\/en\/"},{"@type":"ListItem","position":2,"name":"Shop","item":"https:\/\/gongcenter.ch\/en\/shop\/"},{"@type":"ListItem","position":3,"name":"Kalimba B11"}]},{"@type":"WebSite","@id":"https:\/\/gongcenter.ch\/#website","url":"https:\/\/gongcenter.ch\/","name":"Gong Center Schweiz I Dein Gong und Klanginstrumente Fachgesch\u00e4ft","description":"Entdecke eine grosse Gong Auswahl sowie weitere Klanginstrumente - Wir sind Gong Klangtherapeut und bieten dir Top Qualit\u00e4t und Beratung.","publisher":{"@id":"https:\/\/gongcenter.ch\/#organization"},"potentialAction":[{"@type":"SearchAction","target":{"@type":"EntryPoint","urlTemplate":"https:\/\/gongcenter.ch\/?s={search_term_string}"},"query-input":{"@type":"PropertyValueSpecification","valueRequired":true,"valueName":"search_term_string"}}],"inLanguage":"en-US"},{"@type":"Organization","@id":"https:\/\/gongcenter.ch\/#organization","name":"Gongcenter Z\u00fcrich I Das Fachgesch\u00e4ft f\u00fcr Gong und Klang","url":"https:\/\/gongcenter.ch\/","logo":{"@type":"ImageObject","inLanguage":"en-US","@id":"https:\/\/gongcenter.ch\/#\/schema\/logo\/image\/","url":"https:\/\/gongcenter.ch\/app\/uploads\/2018\/05\/Gong-Center_Logo_2000_black.png","contentUrl":"https:\/\/gongcenter.ch\/app\/uploads\/2018\/05\/Gong-Center_Logo_2000_black.png","width":2000,"height":600,"caption":"Gongcenter Z\u00fcrich I Das Fachgesch\u00e4ft f\u00fcr Gong und Klang"},"image":{"@id":"https:\/\/gongcenter.ch\/#\/schema\/logo\/image\/"}}]}},"acf":[],"_links":{"self":[{"href":"https:\/\/gongcenter.ch\/en\/wp-json\/wp\/v2\/product\/2183","targetHints":{"allow":["GET"]}}],"collection":[{"href":"https:\/\/gongcenter.ch\/en\/wp-json\/wp\/v2\/product"}],"about":[{"href":"https:\/\/gongcenter.ch\/en\/wp-json\/wp\/v2\/types\/product"}],"wp:featuredmedia":[{"embeddable":true,"href":"https:\/\/gongcenter.ch\/en\/wp-json\/wp\/v2\/media\/29618"}],"wp:attachment":[{"href":"https:\/\/gongcenter.ch\/en\/wp-json\/wp\/v2\/media?parent=2183"}],"wp:term":[{"taxonomy":"product_brand","embeddable":true,"href":"https:\/\/gongcenter.ch\/en\/wp-json\/wp\/v2\/product_brand?post=2183"},{"taxonomy":"product_cat","embeddable":true,"href":"https:\/\/gongcenter.ch\/en\/wp-json\/wp\/v2\/product_cat?post=2183"},{"taxonomy":"product_tag","embeddable":true,"href":"https:\/\/gongcenter.ch\/en\/wp-json\/wp\/v2\/product_tag?post=2183"}],"curies":[{"name":"wp","href":"https:\/\/api.w.org\/{rel}","templated":true}]}}