{"id":2184,"date":"2018-08-23T11:10:53","date_gmt":"2018-08-23T10:10:53","guid":{"rendered":"http:\/\/shop.gongcenter.ch\/?post_type=product&#038;p=2184"},"modified":"2023-04-18T11:40:44","modified_gmt":"2023-04-18T10:40:44","slug":"sansula-basic","status":"publish","type":"product","link":"https:\/\/gongcenter.ch\/en\/product\/sansula-basic\/","title":{"rendered":"Sansula Basic"},"content":{"rendered":"<p>Die Sansula geh\u00f6rt zur Familie der Kalimbas und l\u00e4sst sich ebenso leicht spielen, wie eine normale Kalimba.\u00a0Der Klangblock in der Membran sorgt f\u00fcr einen lang anhaltenden, weichen Ton, der mit Leichtigkeit zu erzeugen ist.\u00a0\u00dcberdies l\u00e4sst sich durch \u00d6ffnen und Schlie\u00dfen der Unterseite des Rahmens ein eindrucksvoller \u201cWah-Wah-Effekt\u201d erzielen.<\/p>\n<p>Die Stimmung &#8211; ein A-moll Klang mit zus\u00e4tzlichem H und F &#8211; l\u00e4sst durch Zupfen mit den Daumen wundersch\u00f6ne Melodien beinahe von ganz allein entstehen. Da alle T\u00f6ne immer harmonisch zueinander klingen, haben auch Kinder und\u00a0Anf\u00e4nger ein erfolgreiches Spielerlebnis.<\/p>\n<p>Sehr erfolgreich wird die Sansula auch in der Musik- und Paartherapie eingesetzt. In der Handchirugie wird ihre positive Wirkung auf die Motorik der Finger gesch\u00e4tzt.<\/p>\n<p>&nbsp;<\/p>\n<p>Wusstest du, dass die klassische Kalimba ein Instrument aus Afrika ist, das vor allem von den s\u00fcdafrikanischen Geschichtenerz\u00e4hlern gerne genutzt wird?<\/p>\n<p>Es nennt sich auch Daumenklavier, Mbira oder Sanza. Unmittelbar stellt sich beim Erklingen eine harmonische und meditative Stimmung ein, die alle Anwesenden verbindet und in eine Gleichschwingung versetzt. Ob alleine oder gemeinsam in sch\u00f6ner Runde, dieses Instrument sorgt immer f\u00fcr eine positive Leichtigkeit im Raum.<\/p>\n<p>&nbsp;<\/p>\n","protected":false},"excerpt":{"rendered":"Buchenholz Sansula mit 9 Metallklangtasten auf Klangmembrane.\r\n\r\n<strong>Ton:<\/strong> a\u2032 \/ c\u2032\u2032 \/ c\u2032 \/ a\u2032 \/ a \/ f\u2032 \/ e\u2032 \/ e\u2032\u2032 \/ h\u2032 (Werkstimmung kann ver\u00e4ndert werden)\r\n\r\n<strong>Masse:<\/strong> 19.8 x 15.5 x 6.7 cm","protected":false},"featured_media":29620,"template":"","meta":[],"product_brand":[],"product_cat":[1178],"product_tag":[447],"class_list":{"0":"post-2184","1":"product","2":"type-product","3":"status-publish","4":"has-post-thumbnail","6":"brands-hokema","7":"product_cat-kalimba-sansula-klang-instrumente","8":"product_tag-sansula","9":"product_shipping_class-bis-199-chf-9-90-chf","10":"pa_groesse-hohe-20-cm-durchmesser-40-cm","11":"pa_groesse-hohe-20-cm-durchmesser-60-cm","13":"first","14":"instock","15":"taxable","16":"shipping-taxable","17":"purchasable","18":"product-type-simple"},"yoast_head":"<!-- This site is optimized with the Yoast SEO plugin v27.0 - https:\/\/yoast.com\/product\/yoast-seo-wordpress\/ -->\n<title>Sansula \u2013 das Instrument der afrikanischen Geschichtenerz\u00e4hler<\/title>\n<meta name=\"description\" content=\"Die Sansula Basic mit 9 Metallklangtasten geh\u00f6rt zur Familie der Kalimbas. Sie l\u00e4sst sich spielen, wie eine Kalimba.\" \/>\n<meta name=\"robots\" content=\"index, follow, max-snippet:-1, max-image-preview:large, max-video-preview:-1\" \/>\n<link rel=\"canonical\" href=\"https:\/\/gongcenter.ch\/produkt\/sansula-basic\/\" \/>\n<meta property=\"og:locale\" content=\"en_US\" \/>\n<meta property=\"og:type\" content=\"article\" \/>\n<meta property=\"og:title\" content=\"Sansula \u2013 das Instrument der afrikanischen Geschichtenerz\u00e4hler\" \/>\n<meta property=\"og:description\" content=\"Die Sansula Basic mit 9 Metallklangtasten geh\u00f6rt zur Familie der Kalimbas. Sie l\u00e4sst sich spielen, wie eine Kalimba.\" \/>\n<meta property=\"og:url\" content=\"https:\/\/gongcenter.ch\/produkt\/sansula-basic\/\" \/>\n<meta property=\"og:site_name\" content=\"Gong Center Schweiz I Dein Gong und Klanginstrumente Fachgesch\u00e4ft\" \/>\n<meta property=\"article:modified_time\" content=\"2023-04-18T10:40:44+00:00\" \/>\n<meta property=\"og:image\" content=\"https:\/\/gongcenter.ch\/app\/uploads\/2022\/09\/Hokema-Sansula-Basic-Melody-2.png\" \/>\n\t<meta property=\"og:image:width\" content=\"600\" \/>\n\t<meta property=\"og:image:height\" content=\"600\" \/>\n\t<meta property=\"og:image:type\" content=\"image\/png\" \/>\n<meta name=\"twitter:card\" content=\"summary_large_image\" \/>\n<meta name=\"twitter:label1\" content=\"Est. reading time\" \/>\n\t<meta name=\"twitter:data1\" content=\"1 minute\" \/>\n<!-- \/ Yoast SEO plugin. -->","yoast_head_json":{"title":"Sansula \u2013 das Instrument der afrikanischen Geschichtenerz\u00e4hler","description":"Die Sansula Basic mit 9 Metallklangtasten geh\u00f6rt zur Familie der Kalimbas. Sie l\u00e4sst sich spielen, wie eine Kalimba.","robots":{"index":"index","follow":"follow","max-snippet":"max-snippet:-1","max-image-preview":"max-image-preview:large","max-video-preview":"max-video-preview:-1"},"canonical":"https:\/\/gongcenter.ch\/produkt\/sansula-basic\/","og_locale":"en_US","og_type":"article","og_title":"Sansula \u2013 das Instrument der afrikanischen Geschichtenerz\u00e4hler","og_description":"Die Sansula Basic mit 9 Metallklangtasten geh\u00f6rt zur Familie der Kalimbas. Sie l\u00e4sst sich spielen, wie eine Kalimba.","og_url":"https:\/\/gongcenter.ch\/produkt\/sansula-basic\/","og_site_name":"Gong Center Schweiz I Dein Gong und Klanginstrumente Fachgesch\u00e4ft","article_modified_time":"2023-04-18T10:40:44+00:00","og_image":[{"width":600,"height":600,"url":"https:\/\/gongcenter.ch\/app\/uploads\/2022\/09\/Hokema-Sansula-Basic-Melody-2.png","type":"image\/png"}],"twitter_card":"summary_large_image","twitter_misc":{"Est. reading time":"1 minute"},"schema":{"@context":"https:\/\/schema.org","@graph":[{"@type":"WebPage","@id":"https:\/\/gongcenter.ch\/produkt\/sansula-basic\/","url":"https:\/\/gongcenter.ch\/produkt\/sansula-basic\/","name":"Sansula \u2013 das Instrument der afrikanischen Geschichtenerz\u00e4hler","isPartOf":{"@id":"https:\/\/gongcenter.ch\/#website"},"primaryImageOfPage":{"@id":"https:\/\/gongcenter.ch\/produkt\/sansula-basic\/#primaryimage"},"image":{"@id":"https:\/\/gongcenter.ch\/produkt\/sansula-basic\/#primaryimage"},"thumbnailUrl":"https:\/\/gongcenter.ch\/app\/uploads\/2022\/09\/Hokema-Sansula-Basic-Melody-2.png","datePublished":"2018-08-23T10:10:53+00:00","dateModified":"2023-04-18T10:40:44+00:00","description":"Die Sansula Basic mit 9 Metallklangtasten geh\u00f6rt zur Familie der Kalimbas. Sie l\u00e4sst sich spielen, wie eine Kalimba.","breadcrumb":{"@id":"https:\/\/gongcenter.ch\/produkt\/sansula-basic\/#breadcrumb"},"inLanguage":"en-US","potentialAction":[{"@type":"ReadAction","target":["https:\/\/gongcenter.ch\/produkt\/sansula-basic\/"]}]},{"@type":"ImageObject","inLanguage":"en-US","@id":"https:\/\/gongcenter.ch\/produkt\/sansula-basic\/#primaryimage","url":"https:\/\/gongcenter.ch\/app\/uploads\/2022\/09\/Hokema-Sansula-Basic-Melody-2.png","contentUrl":"https:\/\/gongcenter.ch\/app\/uploads\/2022\/09\/Hokema-Sansula-Basic-Melody-2.png","width":600,"height":600},{"@type":"BreadcrumbList","@id":"https:\/\/gongcenter.ch\/produkt\/sansula-basic\/#breadcrumb","itemListElement":[{"@type":"ListItem","position":1,"name":"Startseite","item":"https:\/\/gongcenter.ch\/en\/"},{"@type":"ListItem","position":2,"name":"Shop","item":"https:\/\/gongcenter.ch\/en\/shop\/"},{"@type":"ListItem","position":3,"name":"Sansula Basic"}]},{"@type":"WebSite","@id":"https:\/\/gongcenter.ch\/#website","url":"https:\/\/gongcenter.ch\/","name":"Gong Center Schweiz I Dein Gong und Klanginstrumente Fachgesch\u00e4ft","description":"Entdecke eine grosse Gong Auswahl sowie weitere Klanginstrumente - Wir sind Gong Klangtherapeut und bieten dir Top Qualit\u00e4t und Beratung.","publisher":{"@id":"https:\/\/gongcenter.ch\/#organization"},"potentialAction":[{"@type":"SearchAction","target":{"@type":"EntryPoint","urlTemplate":"https:\/\/gongcenter.ch\/?s={search_term_string}"},"query-input":{"@type":"PropertyValueSpecification","valueRequired":true,"valueName":"search_term_string"}}],"inLanguage":"en-US"},{"@type":"Organization","@id":"https:\/\/gongcenter.ch\/#organization","name":"Gongcenter Z\u00fcrich I Das Fachgesch\u00e4ft f\u00fcr Gong und Klang","url":"https:\/\/gongcenter.ch\/","logo":{"@type":"ImageObject","inLanguage":"en-US","@id":"https:\/\/gongcenter.ch\/#\/schema\/logo\/image\/","url":"https:\/\/gongcenter.ch\/app\/uploads\/2018\/05\/Gong-Center_Logo_2000_black.png","contentUrl":"https:\/\/gongcenter.ch\/app\/uploads\/2018\/05\/Gong-Center_Logo_2000_black.png","width":2000,"height":600,"caption":"Gongcenter Z\u00fcrich I Das Fachgesch\u00e4ft f\u00fcr Gong und Klang"},"image":{"@id":"https:\/\/gongcenter.ch\/#\/schema\/logo\/image\/"}}]}},"acf":[],"_links":{"self":[{"href":"https:\/\/gongcenter.ch\/en\/wp-json\/wp\/v2\/product\/2184","targetHints":{"allow":["GET"]}}],"collection":[{"href":"https:\/\/gongcenter.ch\/en\/wp-json\/wp\/v2\/product"}],"about":[{"href":"https:\/\/gongcenter.ch\/en\/wp-json\/wp\/v2\/types\/product"}],"wp:featuredmedia":[{"embeddable":true,"href":"https:\/\/gongcenter.ch\/en\/wp-json\/wp\/v2\/media\/29620"}],"wp:attachment":[{"href":"https:\/\/gongcenter.ch\/en\/wp-json\/wp\/v2\/media?parent=2184"}],"wp:term":[{"taxonomy":"product_brand","embeddable":true,"href":"https:\/\/gongcenter.ch\/en\/wp-json\/wp\/v2\/product_brand?post=2184"},{"taxonomy":"product_cat","embeddable":true,"href":"https:\/\/gongcenter.ch\/en\/wp-json\/wp\/v2\/product_cat?post=2184"},{"taxonomy":"product_tag","embeddable":true,"href":"https:\/\/gongcenter.ch\/en\/wp-json\/wp\/v2\/product_tag?post=2184"}],"curies":[{"name":"wp","href":"https:\/\/api.w.org\/{rel}","templated":true}]}}