{"id":2186,"date":"2018-08-23T11:12:04","date_gmt":"2018-08-23T10:12:04","guid":{"rendered":"http:\/\/shop.gongcenter.ch\/?post_type=product&#038;p=2186"},"modified":"2023-04-18T11:40:45","modified_gmt":"2023-04-18T10:40:45","slug":"sansula-renaissance-daumenklavier-mbira-sanza","status":"publish","type":"product","link":"https:\/\/gongcenter.ch\/en\/product\/sansula-renaissance-daumenklavier-mbira-sanza\/","title":{"rendered":"Sansula Renaissance"},"content":{"rendered":"<p>Die Sansula Renaissance wurde entwickelt, um die Vorteile der bisherigen Modelle in einem Instrument zu vereinen.<\/p>\n<div class=\"product--description\">\n<p>Die &#8220;Renaissance&#8221; wird mit einer Membran aus dem Schlagzeugfell der Firma REMO (USA) versehen. Dadurch wird das Instrument unempfindlich gegen\u00fcber Feuchtigkeit und beh\u00e4lt so bei Schwankungen der Luftfeuchtigkeit ihre Spannung und damit auch ihren sch\u00f6nen Klang bei.<\/p>\n<p>Dar\u00fcber hinaus ist die neue Membran jetzt sehr viel stabiler. Die &#8220;Renaissance&#8221; kann nun auch in Kinderg\u00e4rten eingesetzt werden, ohne dass ein allzu leichte Besch\u00e4digung zu bef\u00fcrchten ist.<\/p>\n<p>Wir empfehlen die Sansula Tasche zum Umh\u00e4ngen, wenn Sie dieses sch\u00f6ne Instrument auch unterwegs spielen oder mit auf Reisen nehmen m\u00f6chten. Bei Druck k\u00f6nnte die Membran kaputt gehen. Mit einer Tasche sind Sie immer auf der sicheren Seite.<\/p>\n<\/div>\n<div class=\"content--title\"><strong>Werkstimmung:\u00a0<\/strong>a\u00b4, c\u00b4\u00b4, c\u00b4, a\u00b4, a, f\u00b4, e\u00b4, e\u00b4\u00b4, h\u00b4 (kann ver\u00e4ndert werden)<\/div>\n<p><strong>Abmessungen:<\/strong> 198 x 155 x 67 mm<\/p>\n<p>Sehr erfolgreich wird die Sansula auch in der Musik- und Paartherapie eingesetzt. In der Handchirugie wird ihre positive Wirkung auf die Motorik der Finger gesch\u00e4tzt.<\/p>\n<p>Wusstest du, dass die klassische Kalimba ein Instrument aus Afrika ist, das vor allem von den s\u00fcdafrikanischen Geschichtenerz\u00e4hlern gerne genutzt wird?<\/p>\n<p>Es nennt sich auch Daumenklavier, Mbira oder Sanza. Unmittelbar stellt sich beim Erklingen eine harmonische und meditative Stimmung ein, die alle Anwesenden verbindet und in eine Gleichschwingung versetzt. Ob alleine oder gemeinsam in sch\u00f6ner Runde, dieses Instrument sorgt immer f\u00fcr eine positive Leichtigkeit im Raum.<\/p>\n<p>&nbsp;<\/p>\n","protected":false},"excerpt":{"rendered":"<div>\r\n\r\nDie klassische Kalimba ist ein Instrument aus Afrika, das vor allem von den s\u00fcdafrikanischen Geschichtenerz\u00e4hlern gerne genutzt wird. Es nennt sich auch Daumenklavier, Mbira oder Sanza. Unmittelbar stellt sich beim Erklingen eine harmonische und meditative Stimmung ein, die alle Anwesenden verbindet und in eine Gleichschwingung versetzt.. Ob alleine oder gemeinsam in sch\u00f6ner Runde, dieses Instrument sorgt immer f\u00fcr eine positive Leichtigkeit im Raum.\r\n\r\nSehr erfolgreich wird die Sansula auch in der Musik- und Paartherapie eingesetzt. In der Handchirugie wird ihre positive Wirkung auf die Motorik der Finger gesch\u00e4tzt.\r\n\r\n<\/div>\r\n<div><\/div>\r\n<div class=\"content--title\"><strong>Werkstimmung:\u00a0<\/strong>a\u00b4, c\u00b4\u00b4, c\u00b4, a\u00b4, a, f\u00b4, e\u00b4, e\u00b4\u00b4, h\u00b4 (kann ver\u00e4ndert werden)<\/div>\r\n<div><\/div>\r\n<strong>Abmessungen:<\/strong> 198 x 155 x 67 mm","protected":false},"featured_media":29622,"template":"","meta":[],"product_brand":[],"product_cat":[1178],"product_tag":[],"class_list":{"0":"post-2186","1":"product","2":"type-product","3":"status-publish","4":"has-post-thumbnail","6":"brands-hokema","7":"product_cat-kalimba-sansula-klang-instrumente","8":"product_shipping_class-bis-199-chf-9-90-chf","9":"pa_groesse-hohe-20-cm-durchmesser-40-cm","10":"pa_groesse-hohe-20-cm-durchmesser-60-cm","12":"first","13":"instock","14":"taxable","15":"shipping-taxable","16":"purchasable","17":"product-type-simple"},"yoast_head":"<!-- This site is optimized with the Yoast SEO plugin v27.0 - https:\/\/yoast.com\/product\/yoast-seo-wordpress\/ -->\n<title>Sansula \u2013 das Instrument der afrikanischen Geschichtenerz\u00e4hler<\/title>\n<meta name=\"description\" content=\"Der Membran der Sansula Renaissance ist aus Elaston von Remo und deshalb feuchtigkeitsresistent und wiederstandsf\u00e4higer.\" \/>\n<meta name=\"robots\" content=\"index, follow, max-snippet:-1, max-image-preview:large, max-video-preview:-1\" \/>\n<link rel=\"canonical\" href=\"https:\/\/gongcenter.ch\/produkt\/sansula-renaissance-daumenklavier-mbira-sanza\/\" \/>\n<meta property=\"og:locale\" content=\"en_US\" \/>\n<meta property=\"og:type\" content=\"article\" \/>\n<meta property=\"og:title\" content=\"Sansula \u2013 das Instrument der afrikanischen Geschichtenerz\u00e4hler\" \/>\n<meta property=\"og:description\" content=\"Der Membran der Sansula Renaissance ist aus Elaston von Remo und deshalb feuchtigkeitsresistent und wiederstandsf\u00e4higer.\" \/>\n<meta property=\"og:url\" content=\"https:\/\/gongcenter.ch\/produkt\/sansula-renaissance-daumenklavier-mbira-sanza\/\" \/>\n<meta property=\"og:site_name\" content=\"Gong Center Schweiz I Dein Gong und Klanginstrumente Fachgesch\u00e4ft\" \/>\n<meta property=\"article:modified_time\" content=\"2023-04-18T10:40:45+00:00\" \/>\n<meta property=\"og:image\" content=\"https:\/\/gongcenter.ch\/app\/uploads\/2022\/09\/Hokema-Sansula-Basic-2.png\" \/>\n\t<meta property=\"og:image:width\" content=\"600\" \/>\n\t<meta property=\"og:image:height\" content=\"600\" \/>\n\t<meta property=\"og:image:type\" content=\"image\/png\" \/>\n<meta name=\"twitter:card\" content=\"summary_large_image\" \/>\n<meta name=\"twitter:label1\" content=\"Est. reading time\" \/>\n\t<meta name=\"twitter:data1\" content=\"2 minutes\" \/>\n<!-- \/ Yoast SEO plugin. -->","yoast_head_json":{"title":"Sansula \u2013 das Instrument der afrikanischen Geschichtenerz\u00e4hler","description":"Der Membran der Sansula Renaissance ist aus Elaston von Remo und deshalb feuchtigkeitsresistent und wiederstandsf\u00e4higer.","robots":{"index":"index","follow":"follow","max-snippet":"max-snippet:-1","max-image-preview":"max-image-preview:large","max-video-preview":"max-video-preview:-1"},"canonical":"https:\/\/gongcenter.ch\/produkt\/sansula-renaissance-daumenklavier-mbira-sanza\/","og_locale":"en_US","og_type":"article","og_title":"Sansula \u2013 das Instrument der afrikanischen Geschichtenerz\u00e4hler","og_description":"Der Membran der Sansula Renaissance ist aus Elaston von Remo und deshalb feuchtigkeitsresistent und wiederstandsf\u00e4higer.","og_url":"https:\/\/gongcenter.ch\/produkt\/sansula-renaissance-daumenklavier-mbira-sanza\/","og_site_name":"Gong Center Schweiz I Dein Gong und Klanginstrumente Fachgesch\u00e4ft","article_modified_time":"2023-04-18T10:40:45+00:00","og_image":[{"width":600,"height":600,"url":"https:\/\/gongcenter.ch\/app\/uploads\/2022\/09\/Hokema-Sansula-Basic-2.png","type":"image\/png"}],"twitter_card":"summary_large_image","twitter_misc":{"Est. reading time":"2 minutes"},"schema":{"@context":"https:\/\/schema.org","@graph":[{"@type":"WebPage","@id":"https:\/\/gongcenter.ch\/produkt\/sansula-renaissance-daumenklavier-mbira-sanza\/","url":"https:\/\/gongcenter.ch\/produkt\/sansula-renaissance-daumenklavier-mbira-sanza\/","name":"Sansula \u2013 das Instrument der afrikanischen Geschichtenerz\u00e4hler","isPartOf":{"@id":"https:\/\/gongcenter.ch\/#website"},"primaryImageOfPage":{"@id":"https:\/\/gongcenter.ch\/produkt\/sansula-renaissance-daumenklavier-mbira-sanza\/#primaryimage"},"image":{"@id":"https:\/\/gongcenter.ch\/produkt\/sansula-renaissance-daumenklavier-mbira-sanza\/#primaryimage"},"thumbnailUrl":"https:\/\/gongcenter.ch\/app\/uploads\/2022\/09\/Hokema-Sansula-Basic-2.png","datePublished":"2018-08-23T10:12:04+00:00","dateModified":"2023-04-18T10:40:45+00:00","description":"Der Membran der Sansula Renaissance ist aus Elaston von Remo und deshalb feuchtigkeitsresistent und wiederstandsf\u00e4higer.","breadcrumb":{"@id":"https:\/\/gongcenter.ch\/produkt\/sansula-renaissance-daumenklavier-mbira-sanza\/#breadcrumb"},"inLanguage":"en-US","potentialAction":[{"@type":"ReadAction","target":["https:\/\/gongcenter.ch\/produkt\/sansula-renaissance-daumenklavier-mbira-sanza\/"]}]},{"@type":"ImageObject","inLanguage":"en-US","@id":"https:\/\/gongcenter.ch\/produkt\/sansula-renaissance-daumenklavier-mbira-sanza\/#primaryimage","url":"https:\/\/gongcenter.ch\/app\/uploads\/2022\/09\/Hokema-Sansula-Basic-2.png","contentUrl":"https:\/\/gongcenter.ch\/app\/uploads\/2022\/09\/Hokema-Sansula-Basic-2.png","width":600,"height":600},{"@type":"BreadcrumbList","@id":"https:\/\/gongcenter.ch\/produkt\/sansula-renaissance-daumenklavier-mbira-sanza\/#breadcrumb","itemListElement":[{"@type":"ListItem","position":1,"name":"Startseite","item":"https:\/\/gongcenter.ch\/en\/"},{"@type":"ListItem","position":2,"name":"Shop","item":"https:\/\/gongcenter.ch\/en\/shop\/"},{"@type":"ListItem","position":3,"name":"Sansula Renaissance"}]},{"@type":"WebSite","@id":"https:\/\/gongcenter.ch\/#website","url":"https:\/\/gongcenter.ch\/","name":"Gong Center Schweiz I Dein Gong und Klanginstrumente Fachgesch\u00e4ft","description":"Entdecke eine grosse Gong Auswahl sowie weitere Klanginstrumente - Wir sind Gong Klangtherapeut und bieten dir Top Qualit\u00e4t und Beratung.","publisher":{"@id":"https:\/\/gongcenter.ch\/#organization"},"potentialAction":[{"@type":"SearchAction","target":{"@type":"EntryPoint","urlTemplate":"https:\/\/gongcenter.ch\/?s={search_term_string}"},"query-input":{"@type":"PropertyValueSpecification","valueRequired":true,"valueName":"search_term_string"}}],"inLanguage":"en-US"},{"@type":"Organization","@id":"https:\/\/gongcenter.ch\/#organization","name":"Gongcenter Z\u00fcrich I Das Fachgesch\u00e4ft f\u00fcr Gong und Klang","url":"https:\/\/gongcenter.ch\/","logo":{"@type":"ImageObject","inLanguage":"en-US","@id":"https:\/\/gongcenter.ch\/#\/schema\/logo\/image\/","url":"https:\/\/gongcenter.ch\/app\/uploads\/2018\/05\/Gong-Center_Logo_2000_black.png","contentUrl":"https:\/\/gongcenter.ch\/app\/uploads\/2018\/05\/Gong-Center_Logo_2000_black.png","width":2000,"height":600,"caption":"Gongcenter Z\u00fcrich I Das Fachgesch\u00e4ft f\u00fcr Gong und Klang"},"image":{"@id":"https:\/\/gongcenter.ch\/#\/schema\/logo\/image\/"}}]}},"acf":[],"_links":{"self":[{"href":"https:\/\/gongcenter.ch\/en\/wp-json\/wp\/v2\/product\/2186","targetHints":{"allow":["GET"]}}],"collection":[{"href":"https:\/\/gongcenter.ch\/en\/wp-json\/wp\/v2\/product"}],"about":[{"href":"https:\/\/gongcenter.ch\/en\/wp-json\/wp\/v2\/types\/product"}],"wp:featuredmedia":[{"embeddable":true,"href":"https:\/\/gongcenter.ch\/en\/wp-json\/wp\/v2\/media\/29622"}],"wp:attachment":[{"href":"https:\/\/gongcenter.ch\/en\/wp-json\/wp\/v2\/media?parent=2186"}],"wp:term":[{"taxonomy":"product_brand","embeddable":true,"href":"https:\/\/gongcenter.ch\/en\/wp-json\/wp\/v2\/product_brand?post=2186"},{"taxonomy":"product_cat","embeddable":true,"href":"https:\/\/gongcenter.ch\/en\/wp-json\/wp\/v2\/product_cat?post=2186"},{"taxonomy":"product_tag","embeddable":true,"href":"https:\/\/gongcenter.ch\/en\/wp-json\/wp\/v2\/product_tag?post=2186"}],"curies":[{"name":"wp","href":"https:\/\/api.w.org\/{rel}","templated":true}]}}