{"id":2212,"date":"2018-08-23T11:01:23","date_gmt":"2018-08-23T11:01:23","guid":{"rendered":"http:\/\/shop.gongcenter.ch\/?post_type=product&#038;p=2212"},"modified":"2024-09-16T09:49:44","modified_gmt":"2024-09-16T08:49:44","slug":"ocean-drum-fish","status":"publish","type":"product","link":"https:\/\/gongcenter.ch\/en\/product\/ocean-drum-fish\/","title":{"rendered":"Remo Ocean Drum  Fish"},"content":{"rendered":"<p>Die Ocean Drum\u00ae bildet die beruhigenden Kl\u00e4nge von rollenden und krachenden Wellen nach. Als unglaublich vielseitiges Instrument verf\u00fcgt die Ocean Drum\u00ae \u00fcber einen Acousticon\u00ae-Kessel mit einem resonanzf\u00e4higen Clear Mylar-Fell und einer Fischgrafik- oder Standard-Lackierung. Es handelt sich au\u00dferdem um eine doppelseitige Rahmentrommel in Profiqualit\u00e4t, die mit den H\u00e4nden oder Schl\u00e4geln gespielt und als Shaker verwendet werden kann. Ideal f\u00fcr Freizeit-, Schul- und professionelle Soundeffektanwendungen. Erh\u00e4ltlich in den Gr\u00f6ssen: 12&#8243;, 16&#8243; und 22&#8243;.<\/p>\n","protected":false},"excerpt":{"rendered":"Durchmesser 56 cm","protected":false},"featured_media":29658,"template":"","meta":[],"product_brand":[],"product_cat":[1181],"product_tag":[],"class_list":{"0":"post-2212","1":"product","2":"type-product","3":"status-publish","4":"has-post-thumbnail","6":"brands-remo","7":"product_cat-wellentrommeln-klang-instrumente","8":"product_shipping_class-bis-199-chf-9-90-chf","9":"pa_groesse-31-cm","10":"pa_groesse-55-cm-o","11":"pa_groesse-41-cm","13":"first","14":"instock","15":"taxable","16":"shipping-taxable","17":"purchasable","18":"product-type-variable","19":"has-default-attributes"},"yoast_head":"<!-- This site is optimized with the Yoast SEO plugin v27.0 - https:\/\/yoast.com\/product\/yoast-seo-wordpress\/ -->\n<title>Remo Ocean Drum Fish | Meereskl\u00e4nge I Gr\u00f6sse 12&quot; - 22&quot;<\/title>\n<meta name=\"description\" content=\"Mit der Ocean Drum von Remo kannst du ein breites Spektrum ozeanischer Kl\u00e4nge und Wellen erzeugen. Jetzt im Online Shop bestellen oder Showroom besuchen.\" \/>\n<meta name=\"robots\" content=\"index, follow, max-snippet:-1, max-image-preview:large, max-video-preview:-1\" \/>\n<link rel=\"canonical\" href=\"https:\/\/gongcenter.ch\/produkt\/ocean-drum-fish\/\" \/>\n<meta property=\"og:locale\" content=\"en_US\" \/>\n<meta property=\"og:type\" content=\"article\" \/>\n<meta property=\"og:title\" content=\"Remo Ocean Drum Fish | Meereskl\u00e4nge I Gr\u00f6sse 12&quot; - 22&quot;\" \/>\n<meta property=\"og:description\" content=\"Mit der Ocean Drum von Remo kannst du ein breites Spektrum ozeanischer Kl\u00e4nge und Wellen erzeugen. Jetzt im Online Shop bestellen oder Showroom besuchen.\" \/>\n<meta property=\"og:url\" content=\"https:\/\/gongcenter.ch\/produkt\/ocean-drum-fish\/\" \/>\n<meta property=\"og:site_name\" content=\"Gong Center Schweiz I Dein Gong und Klanginstrumente Fachgesch\u00e4ft\" \/>\n<meta property=\"article:modified_time\" content=\"2024-09-16T08:49:44+00:00\" \/>\n<meta property=\"og:image\" content=\"https:\/\/gongcenter.ch\/app\/uploads\/2022\/09\/Ocean-Drum-Fish-2.png\" \/>\n\t<meta property=\"og:image:width\" content=\"600\" \/>\n\t<meta property=\"og:image:height\" content=\"600\" \/>\n\t<meta property=\"og:image:type\" content=\"image\/png\" \/>\n<meta name=\"twitter:card\" content=\"summary_large_image\" \/>\n<meta name=\"twitter:label1\" content=\"Est. reading time\" \/>\n\t<meta name=\"twitter:data1\" content=\"1 minute\" \/>\n<!-- \/ Yoast SEO plugin. -->","yoast_head_json":{"title":"Remo Ocean Drum Fish | Meereskl\u00e4nge I Gr\u00f6sse 12\" - 22\"","description":"Mit der Ocean Drum von Remo kannst du ein breites Spektrum ozeanischer Kl\u00e4nge und Wellen erzeugen. Jetzt im Online Shop bestellen oder Showroom besuchen.","robots":{"index":"index","follow":"follow","max-snippet":"max-snippet:-1","max-image-preview":"max-image-preview:large","max-video-preview":"max-video-preview:-1"},"canonical":"https:\/\/gongcenter.ch\/produkt\/ocean-drum-fish\/","og_locale":"en_US","og_type":"article","og_title":"Remo Ocean Drum Fish | Meereskl\u00e4nge I Gr\u00f6sse 12\" - 22\"","og_description":"Mit der Ocean Drum von Remo kannst du ein breites Spektrum ozeanischer Kl\u00e4nge und Wellen erzeugen. Jetzt im Online Shop bestellen oder Showroom besuchen.","og_url":"https:\/\/gongcenter.ch\/produkt\/ocean-drum-fish\/","og_site_name":"Gong Center Schweiz I Dein Gong und Klanginstrumente Fachgesch\u00e4ft","article_modified_time":"2024-09-16T08:49:44+00:00","og_image":[{"width":600,"height":600,"url":"https:\/\/gongcenter.ch\/app\/uploads\/2022\/09\/Ocean-Drum-Fish-2.png","type":"image\/png"}],"twitter_card":"summary_large_image","twitter_misc":{"Est. reading time":"1 minute"},"schema":{"@context":"https:\/\/schema.org","@graph":[{"@type":"WebPage","@id":"https:\/\/gongcenter.ch\/produkt\/ocean-drum-fish\/","url":"https:\/\/gongcenter.ch\/produkt\/ocean-drum-fish\/","name":"Remo Ocean Drum Fish | Meereskl\u00e4nge I Gr\u00f6sse 12\" - 22\"","isPartOf":{"@id":"https:\/\/gongcenter.ch\/#website"},"primaryImageOfPage":{"@id":"https:\/\/gongcenter.ch\/produkt\/ocean-drum-fish\/#primaryimage"},"image":{"@id":"https:\/\/gongcenter.ch\/produkt\/ocean-drum-fish\/#primaryimage"},"thumbnailUrl":"https:\/\/gongcenter.ch\/app\/uploads\/2022\/09\/Ocean-Drum-Fish-2.png","datePublished":"2018-08-23T11:01:23+00:00","dateModified":"2024-09-16T08:49:44+00:00","description":"Mit der Ocean Drum von Remo kannst du ein breites Spektrum ozeanischer Kl\u00e4nge und Wellen erzeugen. Jetzt im Online Shop bestellen oder Showroom besuchen.","breadcrumb":{"@id":"https:\/\/gongcenter.ch\/produkt\/ocean-drum-fish\/#breadcrumb"},"inLanguage":"en-US","potentialAction":[{"@type":"ReadAction","target":["https:\/\/gongcenter.ch\/produkt\/ocean-drum-fish\/"]}]},{"@type":"ImageObject","inLanguage":"en-US","@id":"https:\/\/gongcenter.ch\/produkt\/ocean-drum-fish\/#primaryimage","url":"https:\/\/gongcenter.ch\/app\/uploads\/2022\/09\/Ocean-Drum-Fish-2.png","contentUrl":"https:\/\/gongcenter.ch\/app\/uploads\/2022\/09\/Ocean-Drum-Fish-2.png","width":600,"height":600},{"@type":"BreadcrumbList","@id":"https:\/\/gongcenter.ch\/produkt\/ocean-drum-fish\/#breadcrumb","itemListElement":[{"@type":"ListItem","position":1,"name":"Startseite","item":"https:\/\/gongcenter.ch\/en\/"},{"@type":"ListItem","position":2,"name":"Shop","item":"https:\/\/gongcenter.ch\/en\/shop\/"},{"@type":"ListItem","position":3,"name":"Remo Ocean Drum Fish"}]},{"@type":"WebSite","@id":"https:\/\/gongcenter.ch\/#website","url":"https:\/\/gongcenter.ch\/","name":"Gong Center Schweiz I Dein Gong und Klanginstrumente Fachgesch\u00e4ft","description":"Entdecke eine grosse Gong Auswahl sowie weitere Klanginstrumente - Wir sind Gong Klangtherapeut und bieten dir Top Qualit\u00e4t und Beratung.","publisher":{"@id":"https:\/\/gongcenter.ch\/#organization"},"potentialAction":[{"@type":"SearchAction","target":{"@type":"EntryPoint","urlTemplate":"https:\/\/gongcenter.ch\/?s={search_term_string}"},"query-input":{"@type":"PropertyValueSpecification","valueRequired":true,"valueName":"search_term_string"}}],"inLanguage":"en-US"},{"@type":"Organization","@id":"https:\/\/gongcenter.ch\/#organization","name":"Gongcenter Z\u00fcrich I Das Fachgesch\u00e4ft f\u00fcr Gong und Klang","url":"https:\/\/gongcenter.ch\/","logo":{"@type":"ImageObject","inLanguage":"en-US","@id":"https:\/\/gongcenter.ch\/#\/schema\/logo\/image\/","url":"https:\/\/gongcenter.ch\/app\/uploads\/2018\/05\/Gong-Center_Logo_2000_black.png","contentUrl":"https:\/\/gongcenter.ch\/app\/uploads\/2018\/05\/Gong-Center_Logo_2000_black.png","width":2000,"height":600,"caption":"Gongcenter Z\u00fcrich I Das Fachgesch\u00e4ft f\u00fcr Gong und Klang"},"image":{"@id":"https:\/\/gongcenter.ch\/#\/schema\/logo\/image\/"}}]}},"acf":[],"_links":{"self":[{"href":"https:\/\/gongcenter.ch\/en\/wp-json\/wp\/v2\/product\/2212","targetHints":{"allow":["GET"]}}],"collection":[{"href":"https:\/\/gongcenter.ch\/en\/wp-json\/wp\/v2\/product"}],"about":[{"href":"https:\/\/gongcenter.ch\/en\/wp-json\/wp\/v2\/types\/product"}],"wp:featuredmedia":[{"embeddable":true,"href":"https:\/\/gongcenter.ch\/en\/wp-json\/wp\/v2\/media\/29658"}],"wp:attachment":[{"href":"https:\/\/gongcenter.ch\/en\/wp-json\/wp\/v2\/media?parent=2212"}],"wp:term":[{"taxonomy":"product_brand","embeddable":true,"href":"https:\/\/gongcenter.ch\/en\/wp-json\/wp\/v2\/product_brand?post=2212"},{"taxonomy":"product_cat","embeddable":true,"href":"https:\/\/gongcenter.ch\/en\/wp-json\/wp\/v2\/product_cat?post=2212"},{"taxonomy":"product_tag","embeddable":true,"href":"https:\/\/gongcenter.ch\/en\/wp-json\/wp\/v2\/product_tag?post=2212"}],"curies":[{"name":"wp","href":"https:\/\/api.w.org\/{rel}","templated":true}]}}