{"id":2243,"date":"2018-08-24T06:06:31","date_gmt":"2018-08-24T05:06:31","guid":{"rendered":"http:\/\/shop.gongcenter.ch\/?post_type=product&#038;p=2243"},"modified":"2023-07-28T14:06:29","modified_gmt":"2023-07-28T13:06:29","slug":"kids-bongo","status":"publish","type":"product","link":"https:\/\/gongcenter.ch\/en\/product\/kids-bongo\/","title":{"rendered":"Kid&#8217;s Bongo  5&#8243; und 6&#8243;"},"content":{"rendered":"<header class=\"title-bar\">\n<h1 class=\"title\">Kids Percussion\u00ae Bongo<\/h1>\n<\/header>\n<div class=\"description\">The Kids Percussion\u00ae Bongo features Skyndeep\u00ae pre-tuned drumheads pitched high and low, and features a fun Rainforest graphic. Introduces children ages 3 and up to rhythm in a fun and engaging way. Constructed with Acousticon\u00ae shells, the Kids Percussion\u00ae Bongo is an important part of the percussion family of rhythm instruments and playfully introduces children to the basic building block of all music, which is rhythm. Available in size: 6&#8243; \/ 5&#8243;.<\/div>\n","protected":false},"excerpt":{"rendered":"<header class=\"title-bar\"><\/header>\r\n<div class=\"description\">Constructed with Acousticon\u00ae shells, the Kids Percussion\u00ae Bongo is an important part of the percussion family of rhythm instruments and playfully introduces children to the basic building block of all music, which is rhythm. Available in size: 6&#8243; \/ 5&#8243;.<\/div>","protected":false},"featured_media":26678,"template":"","meta":[],"product_brand":[],"product_cat":[1184],"product_tag":[],"class_list":{"0":"post-2243","1":"product","2":"type-product","3":"status-publish","4":"has-post-thumbnail","6":"brands-remo","7":"product_cat-ausverkauf","8":"product_shipping_class-bis-199-chf-9-90-chf","10":"first","11":"instock","12":"sale","13":"taxable","14":"shipping-taxable","15":"purchasable","16":"product-type-simple"},"yoast_head":"<!-- This site is optimized with the Yoast SEO plugin v27.0 - https:\/\/yoast.com\/product\/yoast-seo-wordpress\/ -->\n<title>Kid&#039;s Bongo 5&quot; und 6&quot; - Gong Center Schweiz I Dein Gong und Klanginstrumente Fachgesch\u00e4ft<\/title>\n<meta name=\"description\" content=\"Kids Bongo \u201eWorld Percussion\u201c wurde so konzipiert, dass es den Klang und die Spielbarkeit der \u201egrossen\u201c Instrumente 1 zu 1 \u00fcbertr\u00e4gtg.\" \/>\n<meta name=\"robots\" content=\"index, follow, max-snippet:-1, max-image-preview:large, max-video-preview:-1\" \/>\n<link rel=\"canonical\" href=\"https:\/\/gongcenter.ch\/produkt\/kids-bongo\/\" \/>\n<meta property=\"og:locale\" content=\"en_US\" \/>\n<meta property=\"og:type\" content=\"article\" \/>\n<meta property=\"og:title\" content=\"Kid&#039;s Bongo 5&quot; und 6&quot; - Gong Center Schweiz I Dein Gong und Klanginstrumente Fachgesch\u00e4ft\" \/>\n<meta property=\"og:description\" content=\"Kids Bongo \u201eWorld Percussion\u201c wurde so konzipiert, dass es den Klang und die Spielbarkeit der \u201egrossen\u201c Instrumente 1 zu 1 \u00fcbertr\u00e4gtg.\" \/>\n<meta property=\"og:url\" content=\"https:\/\/gongcenter.ch\/produkt\/kids-bongo\/\" \/>\n<meta property=\"og:site_name\" content=\"Gong Center Schweiz I Dein Gong und Klanginstrumente Fachgesch\u00e4ft\" \/>\n<meta property=\"article:modified_time\" content=\"2023-07-28T13:06:29+00:00\" \/>\n<meta property=\"og:image\" content=\"https:\/\/gongcenter.ch\/app\/uploads\/2020\/07\/Kid-Bongo-2.png\" \/>\n\t<meta property=\"og:image:width\" content=\"600\" \/>\n\t<meta property=\"og:image:height\" content=\"600\" \/>\n\t<meta property=\"og:image:type\" content=\"image\/png\" \/>\n<meta name=\"twitter:card\" content=\"summary_large_image\" \/>\n<meta name=\"twitter:label1\" content=\"Est. reading time\" \/>\n\t<meta name=\"twitter:data1\" content=\"1 minute\" \/>\n<!-- \/ Yoast SEO plugin. -->","yoast_head_json":{"title":"Kid's Bongo 5\" und 6\" - Gong Center Schweiz I Dein Gong und Klanginstrumente Fachgesch\u00e4ft","description":"Kids Bongo \u201eWorld Percussion\u201c wurde so konzipiert, dass es den Klang und die Spielbarkeit der \u201egrossen\u201c Instrumente 1 zu 1 \u00fcbertr\u00e4gtg.","robots":{"index":"index","follow":"follow","max-snippet":"max-snippet:-1","max-image-preview":"max-image-preview:large","max-video-preview":"max-video-preview:-1"},"canonical":"https:\/\/gongcenter.ch\/produkt\/kids-bongo\/","og_locale":"en_US","og_type":"article","og_title":"Kid's Bongo 5\" und 6\" - Gong Center Schweiz I Dein Gong und Klanginstrumente Fachgesch\u00e4ft","og_description":"Kids Bongo \u201eWorld Percussion\u201c wurde so konzipiert, dass es den Klang und die Spielbarkeit der \u201egrossen\u201c Instrumente 1 zu 1 \u00fcbertr\u00e4gtg.","og_url":"https:\/\/gongcenter.ch\/produkt\/kids-bongo\/","og_site_name":"Gong Center Schweiz I Dein Gong und Klanginstrumente Fachgesch\u00e4ft","article_modified_time":"2023-07-28T13:06:29+00:00","og_image":[{"width":600,"height":600,"url":"https:\/\/gongcenter.ch\/app\/uploads\/2020\/07\/Kid-Bongo-2.png","type":"image\/png"}],"twitter_card":"summary_large_image","twitter_misc":{"Est. reading time":"1 minute"},"schema":{"@context":"https:\/\/schema.org","@graph":[{"@type":"WebPage","@id":"https:\/\/gongcenter.ch\/produkt\/kids-bongo\/","url":"https:\/\/gongcenter.ch\/produkt\/kids-bongo\/","name":"Kid's Bongo 5\" und 6\" - Gong Center Schweiz I Dein Gong und Klanginstrumente Fachgesch\u00e4ft","isPartOf":{"@id":"https:\/\/gongcenter.ch\/#website"},"primaryImageOfPage":{"@id":"https:\/\/gongcenter.ch\/produkt\/kids-bongo\/#primaryimage"},"image":{"@id":"https:\/\/gongcenter.ch\/produkt\/kids-bongo\/#primaryimage"},"thumbnailUrl":"https:\/\/gongcenter.ch\/app\/uploads\/2020\/07\/Kid-Bongo-2.png","datePublished":"2018-08-24T05:06:31+00:00","dateModified":"2023-07-28T13:06:29+00:00","description":"Kids Bongo \u201eWorld Percussion\u201c wurde so konzipiert, dass es den Klang und die Spielbarkeit der \u201egrossen\u201c Instrumente 1 zu 1 \u00fcbertr\u00e4gtg.","breadcrumb":{"@id":"https:\/\/gongcenter.ch\/produkt\/kids-bongo\/#breadcrumb"},"inLanguage":"en-US","potentialAction":[{"@type":"ReadAction","target":["https:\/\/gongcenter.ch\/produkt\/kids-bongo\/"]}]},{"@type":"ImageObject","inLanguage":"en-US","@id":"https:\/\/gongcenter.ch\/produkt\/kids-bongo\/#primaryimage","url":"https:\/\/gongcenter.ch\/app\/uploads\/2020\/07\/Kid-Bongo-2.png","contentUrl":"https:\/\/gongcenter.ch\/app\/uploads\/2020\/07\/Kid-Bongo-2.png","width":600,"height":600},{"@type":"BreadcrumbList","@id":"https:\/\/gongcenter.ch\/produkt\/kids-bongo\/#breadcrumb","itemListElement":[{"@type":"ListItem","position":1,"name":"Startseite","item":"https:\/\/gongcenter.ch\/en\/"},{"@type":"ListItem","position":2,"name":"Shop","item":"https:\/\/gongcenter.ch\/en\/shop\/"},{"@type":"ListItem","position":3,"name":"Kid&#8217;s Bongo 5&#8243; und 6&#8243;"}]},{"@type":"WebSite","@id":"https:\/\/gongcenter.ch\/#website","url":"https:\/\/gongcenter.ch\/","name":"Gong Center Schweiz I Dein Gong und Klanginstrumente Fachgesch\u00e4ft","description":"Entdecke eine grosse Gong Auswahl sowie weitere Klanginstrumente - Wir sind Gong Klangtherapeut und bieten dir Top Qualit\u00e4t und Beratung.","publisher":{"@id":"https:\/\/gongcenter.ch\/#organization"},"potentialAction":[{"@type":"SearchAction","target":{"@type":"EntryPoint","urlTemplate":"https:\/\/gongcenter.ch\/?s={search_term_string}"},"query-input":{"@type":"PropertyValueSpecification","valueRequired":true,"valueName":"search_term_string"}}],"inLanguage":"en-US"},{"@type":"Organization","@id":"https:\/\/gongcenter.ch\/#organization","name":"Gongcenter Z\u00fcrich I Das Fachgesch\u00e4ft f\u00fcr Gong und Klang","url":"https:\/\/gongcenter.ch\/","logo":{"@type":"ImageObject","inLanguage":"en-US","@id":"https:\/\/gongcenter.ch\/#\/schema\/logo\/image\/","url":"https:\/\/gongcenter.ch\/app\/uploads\/2018\/05\/Gong-Center_Logo_2000_black.png","contentUrl":"https:\/\/gongcenter.ch\/app\/uploads\/2018\/05\/Gong-Center_Logo_2000_black.png","width":2000,"height":600,"caption":"Gongcenter Z\u00fcrich I Das Fachgesch\u00e4ft f\u00fcr Gong und Klang"},"image":{"@id":"https:\/\/gongcenter.ch\/#\/schema\/logo\/image\/"}}]}},"acf":[],"_links":{"self":[{"href":"https:\/\/gongcenter.ch\/en\/wp-json\/wp\/v2\/product\/2243","targetHints":{"allow":["GET"]}}],"collection":[{"href":"https:\/\/gongcenter.ch\/en\/wp-json\/wp\/v2\/product"}],"about":[{"href":"https:\/\/gongcenter.ch\/en\/wp-json\/wp\/v2\/types\/product"}],"wp:featuredmedia":[{"embeddable":true,"href":"https:\/\/gongcenter.ch\/en\/wp-json\/wp\/v2\/media\/26678"}],"wp:attachment":[{"href":"https:\/\/gongcenter.ch\/en\/wp-json\/wp\/v2\/media?parent=2243"}],"wp:term":[{"taxonomy":"product_brand","embeddable":true,"href":"https:\/\/gongcenter.ch\/en\/wp-json\/wp\/v2\/product_brand?post=2243"},{"taxonomy":"product_cat","embeddable":true,"href":"https:\/\/gongcenter.ch\/en\/wp-json\/wp\/v2\/product_cat?post=2243"},{"taxonomy":"product_tag","embeddable":true,"href":"https:\/\/gongcenter.ch\/en\/wp-json\/wp\/v2\/product_tag?post=2243"}],"curies":[{"name":"wp","href":"https:\/\/api.w.org\/{rel}","templated":true}]}}