{"id":2254,"date":"2018-08-24T06:21:18","date_gmt":"2018-08-24T05:21:18","guid":{"rendered":"http:\/\/shop.gongcenter.ch\/?post_type=product&#038;p=2254"},"modified":"2023-04-18T11:40:55","modified_gmt":"2023-04-18T10:40:55","slug":"spring-drum-med-flat-tropical-leaf","status":"publish","type":"product","link":"https:\/\/gongcenter.ch\/en\/product\/spring-drum-med-flat-tropical-leaf\/","title":{"rendered":"Spring Drum med\/flat Tropical Leaf"},"content":{"rendered":"<p>Die Spring Drum ist ein Remo\u00ae-Original, das einen feder\u00e4hnlichen Effekt aufweist. Die Spring Drum besteht aus einem Acousticon\u00ae-Kessel, einer festen Feder und Fiberskyn\u00ae-Fellmaterial und ist ein einzigartiges Zubeh\u00f6r f\u00fcr Freizeit- und Soundeffekte. Erh\u00e4ltlich in verschiedenen Finishes.<\/p>\n","protected":false},"excerpt":{"rendered":"Die Spring Drum ist ein Remo\u00ae-Original, das einen feder\u00e4hnlichen Effekt aufweist. Die Spring Drum besteht aus einem Acousticon\u00ae-Kessel, einer festen Feder und Fiberskyn\u00ae-Fellmaterial und ist ein einzigartiges Zubeh\u00f6r f\u00fcr Freizeit- und Soundeffekte. Erh\u00e4ltlich in verschiedenen Finishes.","protected":false},"featured_media":29664,"template":"","meta":[],"product_brand":[],"product_cat":[715,716,52],"product_tag":[],"class_list":{"0":"post-2254","1":"product","2":"type-product","3":"status-publish","4":"has-post-thumbnail","6":"brands-remo","7":"product_cat-percussion-drums","8":"product_cat-shaker","9":"product_cat-rasseln","10":"product_shipping_class-bis-199-chf-9-90-chf","12":"first","13":"instock","14":"taxable","15":"shipping-taxable","16":"purchasable","17":"product-type-simple"},"yoast_head":"<!-- This site is optimized with the Yoast SEO plugin v27.0 - https:\/\/yoast.com\/product\/yoast-seo-wordpress\/ -->\n<title>Spring Drum med\/flat Tropical Leaf - Gong Center Schweiz I Dein Gong und Klanginstrumente Fachgesch\u00e4ft<\/title>\n<meta name=\"robots\" content=\"index, follow, max-snippet:-1, max-image-preview:large, max-video-preview:-1\" \/>\n<link rel=\"canonical\" href=\"https:\/\/gongcenter.ch\/produkt\/spring-drum-med-flat-tropical-leaf\/\" \/>\n<meta property=\"og:locale\" content=\"en_US\" \/>\n<meta property=\"og:type\" content=\"article\" \/>\n<meta property=\"og:title\" content=\"Spring Drum med\/flat Tropical Leaf - Gong Center Schweiz I Dein Gong und Klanginstrumente Fachgesch\u00e4ft\" \/>\n<meta property=\"og:description\" content=\"Die Spring Drum ist ein Remo\u00ae-Original, das einen feder\u00e4hnlichen Effekt aufweist. Die Spring Drum besteht aus einem Acousticon\u00ae-Kessel, einer festen Feder und Fiberskyn\u00ae-Fellmaterial und ist ein einzigartiges Zubeh\u00f6r f\u00fcr Freizeit- und Soundeffekte. Erh\u00e4ltlich in verschiedenen Finishes.\" \/>\n<meta property=\"og:url\" content=\"https:\/\/gongcenter.ch\/produkt\/spring-drum-med-flat-tropical-leaf\/\" \/>\n<meta property=\"og:site_name\" content=\"Gong Center Schweiz I Dein Gong und Klanginstrumente Fachgesch\u00e4ft\" \/>\n<meta property=\"article:modified_time\" content=\"2023-04-18T10:40:55+00:00\" \/>\n<meta property=\"og:image\" content=\"https:\/\/gongcenter.ch\/app\/uploads\/2022\/09\/Spring-Drum-flat-Tropical-Leaf-2.png\" \/>\n\t<meta property=\"og:image:width\" content=\"600\" \/>\n\t<meta property=\"og:image:height\" content=\"600\" \/>\n\t<meta property=\"og:image:type\" content=\"image\/png\" \/>\n<meta name=\"twitter:card\" content=\"summary_large_image\" \/>\n<meta name=\"twitter:label1\" content=\"Est. reading time\" \/>\n\t<meta name=\"twitter:data1\" content=\"1 minute\" \/>\n<!-- \/ Yoast SEO plugin. -->","yoast_head_json":{"title":"Spring Drum med\/flat Tropical Leaf - Gong Center Schweiz I Dein Gong und Klanginstrumente Fachgesch\u00e4ft","robots":{"index":"index","follow":"follow","max-snippet":"max-snippet:-1","max-image-preview":"max-image-preview:large","max-video-preview":"max-video-preview:-1"},"canonical":"https:\/\/gongcenter.ch\/produkt\/spring-drum-med-flat-tropical-leaf\/","og_locale":"en_US","og_type":"article","og_title":"Spring Drum med\/flat Tropical Leaf - Gong Center Schweiz I Dein Gong und Klanginstrumente Fachgesch\u00e4ft","og_description":"Die Spring Drum ist ein Remo\u00ae-Original, das einen feder\u00e4hnlichen Effekt aufweist. Die Spring Drum besteht aus einem Acousticon\u00ae-Kessel, einer festen Feder und Fiberskyn\u00ae-Fellmaterial und ist ein einzigartiges Zubeh\u00f6r f\u00fcr Freizeit- und Soundeffekte. Erh\u00e4ltlich in verschiedenen Finishes.","og_url":"https:\/\/gongcenter.ch\/produkt\/spring-drum-med-flat-tropical-leaf\/","og_site_name":"Gong Center Schweiz I Dein Gong und Klanginstrumente Fachgesch\u00e4ft","article_modified_time":"2023-04-18T10:40:55+00:00","og_image":[{"width":600,"height":600,"url":"https:\/\/gongcenter.ch\/app\/uploads\/2022\/09\/Spring-Drum-flat-Tropical-Leaf-2.png","type":"image\/png"}],"twitter_card":"summary_large_image","twitter_misc":{"Est. reading time":"1 minute"},"schema":{"@context":"https:\/\/schema.org","@graph":[{"@type":"WebPage","@id":"https:\/\/gongcenter.ch\/produkt\/spring-drum-med-flat-tropical-leaf\/","url":"https:\/\/gongcenter.ch\/produkt\/spring-drum-med-flat-tropical-leaf\/","name":"Spring Drum med\/flat Tropical Leaf - Gong Center Schweiz I Dein Gong und Klanginstrumente Fachgesch\u00e4ft","isPartOf":{"@id":"https:\/\/gongcenter.ch\/#website"},"primaryImageOfPage":{"@id":"https:\/\/gongcenter.ch\/produkt\/spring-drum-med-flat-tropical-leaf\/#primaryimage"},"image":{"@id":"https:\/\/gongcenter.ch\/produkt\/spring-drum-med-flat-tropical-leaf\/#primaryimage"},"thumbnailUrl":"https:\/\/gongcenter.ch\/app\/uploads\/2022\/09\/Spring-Drum-flat-Tropical-Leaf-2.png","datePublished":"2018-08-24T05:21:18+00:00","dateModified":"2023-04-18T10:40:55+00:00","breadcrumb":{"@id":"https:\/\/gongcenter.ch\/produkt\/spring-drum-med-flat-tropical-leaf\/#breadcrumb"},"inLanguage":"en-US","potentialAction":[{"@type":"ReadAction","target":["https:\/\/gongcenter.ch\/produkt\/spring-drum-med-flat-tropical-leaf\/"]}]},{"@type":"ImageObject","inLanguage":"en-US","@id":"https:\/\/gongcenter.ch\/produkt\/spring-drum-med-flat-tropical-leaf\/#primaryimage","url":"https:\/\/gongcenter.ch\/app\/uploads\/2022\/09\/Spring-Drum-flat-Tropical-Leaf-2.png","contentUrl":"https:\/\/gongcenter.ch\/app\/uploads\/2022\/09\/Spring-Drum-flat-Tropical-Leaf-2.png","width":600,"height":600},{"@type":"BreadcrumbList","@id":"https:\/\/gongcenter.ch\/produkt\/spring-drum-med-flat-tropical-leaf\/#breadcrumb","itemListElement":[{"@type":"ListItem","position":1,"name":"Startseite","item":"https:\/\/gongcenter.ch\/en\/"},{"@type":"ListItem","position":2,"name":"Shop","item":"https:\/\/gongcenter.ch\/en\/shop\/"},{"@type":"ListItem","position":3,"name":"Spring Drum med\/flat Tropical Leaf"}]},{"@type":"WebSite","@id":"https:\/\/gongcenter.ch\/#website","url":"https:\/\/gongcenter.ch\/","name":"Gong Center Schweiz I Dein Gong und Klanginstrumente Fachgesch\u00e4ft","description":"Entdecke eine grosse Gong Auswahl sowie weitere Klanginstrumente - Wir sind Gong Klangtherapeut und bieten dir Top Qualit\u00e4t und Beratung.","publisher":{"@id":"https:\/\/gongcenter.ch\/#organization"},"potentialAction":[{"@type":"SearchAction","target":{"@type":"EntryPoint","urlTemplate":"https:\/\/gongcenter.ch\/?s={search_term_string}"},"query-input":{"@type":"PropertyValueSpecification","valueRequired":true,"valueName":"search_term_string"}}],"inLanguage":"en-US"},{"@type":"Organization","@id":"https:\/\/gongcenter.ch\/#organization","name":"Gongcenter Z\u00fcrich I Das Fachgesch\u00e4ft f\u00fcr Gong und Klang","url":"https:\/\/gongcenter.ch\/","logo":{"@type":"ImageObject","inLanguage":"en-US","@id":"https:\/\/gongcenter.ch\/#\/schema\/logo\/image\/","url":"https:\/\/gongcenter.ch\/app\/uploads\/2018\/05\/Gong-Center_Logo_2000_black.png","contentUrl":"https:\/\/gongcenter.ch\/app\/uploads\/2018\/05\/Gong-Center_Logo_2000_black.png","width":2000,"height":600,"caption":"Gongcenter Z\u00fcrich I Das Fachgesch\u00e4ft f\u00fcr Gong und Klang"},"image":{"@id":"https:\/\/gongcenter.ch\/#\/schema\/logo\/image\/"}}]}},"acf":[],"_links":{"self":[{"href":"https:\/\/gongcenter.ch\/en\/wp-json\/wp\/v2\/product\/2254","targetHints":{"allow":["GET"]}}],"collection":[{"href":"https:\/\/gongcenter.ch\/en\/wp-json\/wp\/v2\/product"}],"about":[{"href":"https:\/\/gongcenter.ch\/en\/wp-json\/wp\/v2\/types\/product"}],"wp:featuredmedia":[{"embeddable":true,"href":"https:\/\/gongcenter.ch\/en\/wp-json\/wp\/v2\/media\/29664"}],"wp:attachment":[{"href":"https:\/\/gongcenter.ch\/en\/wp-json\/wp\/v2\/media?parent=2254"}],"wp:term":[{"taxonomy":"product_brand","embeddable":true,"href":"https:\/\/gongcenter.ch\/en\/wp-json\/wp\/v2\/product_brand?post=2254"},{"taxonomy":"product_cat","embeddable":true,"href":"https:\/\/gongcenter.ch\/en\/wp-json\/wp\/v2\/product_cat?post=2254"},{"taxonomy":"product_tag","embeddable":true,"href":"https:\/\/gongcenter.ch\/en\/wp-json\/wp\/v2\/product_tag?post=2254"}],"curies":[{"name":"wp","href":"https:\/\/api.w.org\/{rel}","templated":true}]}}