{"id":24661,"date":"2020-05-02T19:09:04","date_gmt":"2020-05-02T18:09:04","guid":{"rendered":"https:\/\/gongcenter.ch\/product\/gongland-old-wise-earth-gong-75-cm-30-zoll\/"},"modified":"2026-02-24T16:01:54","modified_gmt":"2026-02-24T15:01:54","slug":"gongland-old-wise-earth-gong","status":"publish","type":"product","link":"https:\/\/gongcenter.ch\/en\/product\/gongland-old-wise-earth-gong\/","title":{"rendered":"Gongland Gong Old (Wise) Earth"},"content":{"rendered":"<p>Der Old Wise Earth Gong von Gongland birgt die Geheimnisse der Erde, die tief in der molekularen, metallischen Struktur des Gongs vergraben sind.<\/p>\n<p>Er ruft einen tiefen, h\u00f6hlenartigen, erdigen Klang hervor. Als Spieler f\u00fchlst du dich im Schoss der alten weisen Erde selbst \u2013 getragen und geerdet.<\/p>\n<p>M\u00f6chtest du dich umsorgt und umarmt f\u00fchlen? Dann ist dieser Gong mit seinen tiefen archaischen T\u00f6nen genau der Richtige f\u00fcr dich.<\/p>\n<p>INFO<br \/>\nAuch wenn Sie hier und bei anderen Gong-Beschreibungen Wirkungen und Entsprechungen finden werden, handelt es sich immer um Beschreibungen von Erfahrungen, die im Verlaufe vieler Jahre gemacht worden sind und sich mitunter auch nur im Kontext der jeweiligen Begrifflichkeiten erschliessen. Alle Texte hier sollen Anregungen und Inspirationen f\u00fcr Ihre Gongarbeit sein. In dem Moment, wo Sie sich mit einer Frequenz besch\u00e4ftigen, erst dann k\u00f6nnen Sie sagen, was diese Frequenz f\u00fcr Sie leisten kann. Fakt ist, jede dieser Frequenzen hat eine spezifische Wirkung \u2013 da alle Menschen verschieden sind, wirken sich diese eben auch unterschiedlich aus. Erst die eigene Erfahrung wird eigenes, wertvolles Wissen generieren k\u00f6nnen.<\/p>\n<p>PFLEGE<br \/>\nGongs laden dazu ein, angefasst zu werden. Das Material ist grunds\u00e4tzlich extrem trocken und hat die Eigenschaft, sofort die nat\u00fcrlichen Fette und \u00d6le aus der Haut aufzusaugen. Der Gong entwickelt dadurch eine leicht unansehnliche Optik. Umgehen Sie dies, indem sie das Pflegen der Oberfl\u00e4che zur Routine werden lassen. Geeignet zur Plege sind Silber- und Metallputzmittel. Seien Sie sorgsam mit dem Nachpolieren, damit die Mallets nicht dunkel werden durch Reste von Putzmittel. Der Klang wird durch die Optik eines Gongs in keinem Fall beeintr\u00e4chtigt.<\/p>\n","protected":false},"excerpt":{"rendered":"<ul>\r\n \t<li>Gr\u00f6sse: 75 cm \u2013 30&#8243;<\/li>\r\n<\/ul>","protected":false},"featured_media":29708,"template":"","meta":[],"product_brand":[],"product_cat":[470,492,426],"product_tag":[],"class_list":{"0":"post-24661","1":"product","2":"type-product","3":"status-publish","4":"has-post-thumbnail","6":"brands-gongland-gongs","7":"product_cat-gongland-classic-gongs","8":"product_cat-gongs-by-brands","9":"product_cat-gongland-gongs","10":"product_shipping_class-kostenloser-versand-innerhalb-der-schweiz","11":"pa_groesse-24-62-cm","12":"pa_groesse-30-75-cm","13":"pa_groesse-32-81-cm-o","14":"pa_groesse-36-90-cm-o","15":"pa_groesse-42-106-cm-o","16":"pa_groesse-50-127-cm-o","17":"pa_groesse-60-154-cm","19":"first","20":"instock","21":"sold-individually","22":"taxable","23":"shipping-taxable","24":"purchasable","25":"product-type-variable"},"yoast_head":"<!-- This site is optimized with the Yoast SEO plugin v27.0 - https:\/\/yoast.com\/product\/yoast-seo-wordpress\/ -->\n<title>Gongland Gong Wise Earth I Der Klang der alten, weisen Erde<\/title>\n<meta name=\"description\" content=\"Der Gong Wise Earth Gong birgt die Geheimnisse der Erde in sich. Sie sind tief in seiner molekul\u00e4ren Struktur vergraben.\" \/>\n<meta name=\"robots\" content=\"index, follow, max-snippet:-1, max-image-preview:large, max-video-preview:-1\" \/>\n<link rel=\"canonical\" href=\"https:\/\/gongcenter.ch\/produkt\/gongland-old-wise-earth-gong\/\" \/>\n<meta property=\"og:locale\" content=\"en_US\" \/>\n<meta property=\"og:type\" content=\"article\" \/>\n<meta property=\"og:title\" content=\"Gongland Gong Wise Earth I Der Klang der alten, weisen Erde\" \/>\n<meta property=\"og:description\" content=\"Der Gong Wise Earth Gong birgt die Geheimnisse der Erde in sich. Sie sind tief in seiner molekul\u00e4ren Struktur vergraben.\" \/>\n<meta property=\"og:url\" content=\"https:\/\/gongcenter.ch\/produkt\/gongland-old-wise-earth-gong\/\" \/>\n<meta property=\"og:site_name\" content=\"Gong Center Schweiz I Dein Gong und Klanginstrumente Fachgesch\u00e4ft\" \/>\n<meta property=\"article:modified_time\" content=\"2026-02-24T15:01:54+00:00\" \/>\n<meta property=\"og:image\" content=\"https:\/\/gongcenter.ch\/app\/uploads\/2022\/09\/Gongland-Old-Wise-Earth-Gong-2.png\" \/>\n\t<meta property=\"og:image:width\" content=\"600\" \/>\n\t<meta property=\"og:image:height\" content=\"600\" \/>\n\t<meta property=\"og:image:type\" content=\"image\/png\" \/>\n<meta name=\"twitter:card\" content=\"summary_large_image\" \/>\n<meta name=\"twitter:label1\" content=\"Est. reading time\" \/>\n\t<meta name=\"twitter:data1\" content=\"2 minutes\" \/>\n<!-- \/ Yoast SEO plugin. -->","yoast_head_json":{"title":"Gongland Gong Wise Earth I Der Klang der alten, weisen Erde","description":"Der Gong Wise Earth Gong birgt die Geheimnisse der Erde in sich. Sie sind tief in seiner molekul\u00e4ren Struktur vergraben.","robots":{"index":"index","follow":"follow","max-snippet":"max-snippet:-1","max-image-preview":"max-image-preview:large","max-video-preview":"max-video-preview:-1"},"canonical":"https:\/\/gongcenter.ch\/produkt\/gongland-old-wise-earth-gong\/","og_locale":"en_US","og_type":"article","og_title":"Gongland Gong Wise Earth I Der Klang der alten, weisen Erde","og_description":"Der Gong Wise Earth Gong birgt die Geheimnisse der Erde in sich. Sie sind tief in seiner molekul\u00e4ren Struktur vergraben.","og_url":"https:\/\/gongcenter.ch\/produkt\/gongland-old-wise-earth-gong\/","og_site_name":"Gong Center Schweiz I Dein Gong und Klanginstrumente Fachgesch\u00e4ft","article_modified_time":"2026-02-24T15:01:54+00:00","og_image":[{"width":600,"height":600,"url":"https:\/\/gongcenter.ch\/app\/uploads\/2022\/09\/Gongland-Old-Wise-Earth-Gong-2.png","type":"image\/png"}],"twitter_card":"summary_large_image","twitter_misc":{"Est. reading time":"2 minutes"},"schema":{"@context":"https:\/\/schema.org","@graph":[{"@type":"WebPage","@id":"https:\/\/gongcenter.ch\/produkt\/gongland-old-wise-earth-gong\/","url":"https:\/\/gongcenter.ch\/produkt\/gongland-old-wise-earth-gong\/","name":"Gongland Gong Wise Earth I Der Klang der alten, weisen Erde","isPartOf":{"@id":"https:\/\/gongcenter.ch\/#website"},"primaryImageOfPage":{"@id":"https:\/\/gongcenter.ch\/produkt\/gongland-old-wise-earth-gong\/#primaryimage"},"image":{"@id":"https:\/\/gongcenter.ch\/produkt\/gongland-old-wise-earth-gong\/#primaryimage"},"thumbnailUrl":"https:\/\/gongcenter.ch\/app\/uploads\/2022\/09\/Gongland-Old-Wise-Earth-Gong-2.png","datePublished":"2020-05-02T18:09:04+00:00","dateModified":"2026-02-24T15:01:54+00:00","description":"Der Gong Wise Earth Gong birgt die Geheimnisse der Erde in sich. Sie sind tief in seiner molekul\u00e4ren Struktur vergraben.","breadcrumb":{"@id":"https:\/\/gongcenter.ch\/produkt\/gongland-old-wise-earth-gong\/#breadcrumb"},"inLanguage":"en-US","potentialAction":[{"@type":"ReadAction","target":["https:\/\/gongcenter.ch\/produkt\/gongland-old-wise-earth-gong\/"]}]},{"@type":"ImageObject","inLanguage":"en-US","@id":"https:\/\/gongcenter.ch\/produkt\/gongland-old-wise-earth-gong\/#primaryimage","url":"https:\/\/gongcenter.ch\/app\/uploads\/2022\/09\/Gongland-Old-Wise-Earth-Gong-2.png","contentUrl":"https:\/\/gongcenter.ch\/app\/uploads\/2022\/09\/Gongland-Old-Wise-Earth-Gong-2.png","width":600,"height":600},{"@type":"BreadcrumbList","@id":"https:\/\/gongcenter.ch\/produkt\/gongland-old-wise-earth-gong\/#breadcrumb","itemListElement":[{"@type":"ListItem","position":1,"name":"Startseite","item":"https:\/\/gongcenter.ch\/en\/"},{"@type":"ListItem","position":2,"name":"Shop","item":"https:\/\/gongcenter.ch\/en\/shop\/"},{"@type":"ListItem","position":3,"name":"Gongland Gong Old (Wise) Earth"}]},{"@type":"WebSite","@id":"https:\/\/gongcenter.ch\/#website","url":"https:\/\/gongcenter.ch\/","name":"Gong Center Schweiz I Dein Gong und Klanginstrumente Fachgesch\u00e4ft","description":"Entdecke eine grosse Gong Auswahl sowie weitere Klanginstrumente - Wir sind Gong Klangtherapeut und bieten dir Top Qualit\u00e4t und Beratung.","publisher":{"@id":"https:\/\/gongcenter.ch\/#organization"},"potentialAction":[{"@type":"SearchAction","target":{"@type":"EntryPoint","urlTemplate":"https:\/\/gongcenter.ch\/?s={search_term_string}"},"query-input":{"@type":"PropertyValueSpecification","valueRequired":true,"valueName":"search_term_string"}}],"inLanguage":"en-US"},{"@type":"Organization","@id":"https:\/\/gongcenter.ch\/#organization","name":"Gongcenter Z\u00fcrich I Das Fachgesch\u00e4ft f\u00fcr Gong und Klang","url":"https:\/\/gongcenter.ch\/","logo":{"@type":"ImageObject","inLanguage":"en-US","@id":"https:\/\/gongcenter.ch\/#\/schema\/logo\/image\/","url":"https:\/\/gongcenter.ch\/app\/uploads\/2018\/05\/Gong-Center_Logo_2000_black.png","contentUrl":"https:\/\/gongcenter.ch\/app\/uploads\/2018\/05\/Gong-Center_Logo_2000_black.png","width":2000,"height":600,"caption":"Gongcenter Z\u00fcrich I Das Fachgesch\u00e4ft f\u00fcr Gong und Klang"},"image":{"@id":"https:\/\/gongcenter.ch\/#\/schema\/logo\/image\/"}}]}},"acf":[],"_links":{"self":[{"href":"https:\/\/gongcenter.ch\/en\/wp-json\/wp\/v2\/product\/24661","targetHints":{"allow":["GET"]}}],"collection":[{"href":"https:\/\/gongcenter.ch\/en\/wp-json\/wp\/v2\/product"}],"about":[{"href":"https:\/\/gongcenter.ch\/en\/wp-json\/wp\/v2\/types\/product"}],"wp:featuredmedia":[{"embeddable":true,"href":"https:\/\/gongcenter.ch\/en\/wp-json\/wp\/v2\/media\/29708"}],"wp:attachment":[{"href":"https:\/\/gongcenter.ch\/en\/wp-json\/wp\/v2\/media?parent=24661"}],"wp:term":[{"taxonomy":"product_brand","embeddable":true,"href":"https:\/\/gongcenter.ch\/en\/wp-json\/wp\/v2\/product_brand?post=24661"},{"taxonomy":"product_cat","embeddable":true,"href":"https:\/\/gongcenter.ch\/en\/wp-json\/wp\/v2\/product_cat?post=24661"},{"taxonomy":"product_tag","embeddable":true,"href":"https:\/\/gongcenter.ch\/en\/wp-json\/wp\/v2\/product_tag?post=24661"}],"curies":[{"name":"wp","href":"https:\/\/api.w.org\/{rel}","templated":true}]}}