{"id":24694,"date":"2020-05-02T19:10:01","date_gmt":"2020-05-02T18:10:01","guid":{"rendered":"https:\/\/gongcenter.ch\/product\/gongland-faith-gong-51-cm-20-zoll\/"},"modified":"2025-03-25T12:31:24","modified_gmt":"2025-03-25T11:31:24","slug":"gongland-gong-faith-51","status":"publish","type":"product","link":"https:\/\/gongcenter.ch\/en\/product\/gongland-gong-faith-51\/","title":{"rendered":"Gongland Gong Faith 51 cm"},"content":{"rendered":"<p>Der Faith Gong ist ein grosser Handgong mit tiefem erdendem Klang. Leicht zu spielen ist er ein idealer Einsteiger-Gong.<\/p>\n<p>Der Glaube (Faith) erm\u00f6glicht uns, unsere Zweifel und \u00c4ngste los zu lassen. Durch die Arbeit mit den sch\u00f6nen, tiefen T\u00f6nen dieses Gongs betreten Sie einen Raum der Achtsamkeit. Sie tauchen ganz in den Moment ein &#8211; und erleben Frieden und Stille. Im Klangraum dieses Gongs darf emotionale und spirituelle Heilung geschehen. Dein K\u00f6rper und dein Geist k\u00f6nnen entspannen.<\/p>\n<p>Er eignet sich hervorragend f\u00fcr den Einsatz in der Klangtherapie, Meditation und Yoga.<\/p>\n<p>INFO<br \/>\nAuch wenn Sie hier und bei anderen Gong-Beschreibungen Wirkungen und Entsprechungen finden werden, handelt es sich immer um Beschreibungen von Erfahrungen, die im Verlaufe vieler Jahre gemacht worden sind und sich mitunter auch nur im Kontext der jeweiligen Begrifflichkeiten erschliessen. Alle Texte hier sollen Anregungen und Inspirationen f\u00fcr Ihre Gongarbeit sein. In dem Moment, wo Sie sich mit einer Frequenz besch\u00e4ftigen, erst dann k\u00f6nnen Sie sagen, was diese Frequenz f\u00fcr Sie leisten kann. Fakt ist, jede dieser Frequenzen hat eine spezifische Wirkung \u2013 da alle Menschen verschieden sind, wirken sich diese eben auch unterschiedlich aus. Erst die eigene Erfahrung wird eigenes, wertvolles Wissen generieren k\u00f6nnen.<\/p>\n<p>PFLEGE<br \/>\nGongs laden dazu ein, angefasst zu werden. Das Material ist grunds\u00e4tzlich extrem trocken und hat die Eigenschaft, sofort die nat\u00fcrlichen Fette und \u00d6le aus der Haut aufzusaugen. Der Gong entwickelt dadurch eine leicht unansehnliche Optik. Umgehen Sie dies, indem sie das Pflegen der Oberfl\u00e4che zur Routine werden lassen. Geeignet zur Plege sind Silber- und Metallputzmittel. Seien Sie sorgsam mit dem Nachpolieren, damit die Mallets nicht dunkel werden durch Reste von Putzmittel. Der Klang wird durch die Optik eines Gongs in keinem Fall beeintr\u00e4chtigt.<\/p>\n","protected":false},"excerpt":{"rendered":"<ul>\r\n \t<li>Gr\u00f6sse: 51 cm &#8211; 20&#8243;<\/li>\r\n<\/ul>","protected":false},"featured_media":29744,"template":"","meta":[],"product_brand":[],"product_cat":[472,1422,667,426],"product_tag":[],"class_list":{"0":"post-24694","1":"product","2":"type-product","3":"status-publish","4":"has-post-thumbnail","6":"brands-gongland-gongs","7":"product_cat-gongland-advanced-gongs","8":"product_cat-gongs-auf-lager","9":"product_cat-hand-gong-gongland-gongs","10":"product_cat-gongland-gongs","11":"product_shipping_class-kostenloser-versand-innerhalb-der-schweiz","13":"first","14":"instock","15":"sold-individually","16":"taxable","17":"shipping-taxable","18":"purchasable","19":"product-type-simple"},"yoast_head":"<!-- This site is optimized with the Yoast SEO plugin v27.0 - https:\/\/yoast.com\/product\/yoast-seo-wordpress\/ -->\n<title>Gongland Faith Hand Gong I Der Glaube ist tiefe \u00dcberzeugung<\/title>\n<meta name=\"description\" content=\"Los lassen und glauben. Aus \u00dcberzeugung. Dieser Gong unterst\u00fctzt besonders in Klangtherapien Zweifel und \u00c4ngste zu \u00fcberwinden.\" \/>\n<meta name=\"robots\" content=\"index, follow, max-snippet:-1, max-image-preview:large, max-video-preview:-1\" \/>\n<link rel=\"canonical\" href=\"https:\/\/gongcenter.ch\/produkt\/gongland-gong-faith-51\/\" \/>\n<meta property=\"og:locale\" content=\"en_US\" \/>\n<meta property=\"og:type\" content=\"article\" \/>\n<meta property=\"og:title\" content=\"Gongland Faith Hand Gong I Der Glaube ist tiefe \u00dcberzeugung\" \/>\n<meta property=\"og:description\" content=\"Los lassen und glauben. Aus \u00dcberzeugung. Dieser Gong unterst\u00fctzt besonders in Klangtherapien Zweifel und \u00c4ngste zu \u00fcberwinden.\" \/>\n<meta property=\"og:url\" content=\"https:\/\/gongcenter.ch\/produkt\/gongland-gong-faith-51\/\" \/>\n<meta property=\"og:site_name\" content=\"Gong Center Schweiz I Dein Gong und Klanginstrumente Fachgesch\u00e4ft\" \/>\n<meta property=\"article:modified_time\" content=\"2025-03-25T11:31:24+00:00\" \/>\n<meta property=\"og:image\" content=\"https:\/\/gongcenter.ch\/app\/uploads\/2022\/09\/Gongland-Faith-Gong-2.png\" \/>\n\t<meta property=\"og:image:width\" content=\"600\" \/>\n\t<meta property=\"og:image:height\" content=\"600\" \/>\n\t<meta property=\"og:image:type\" content=\"image\/png\" \/>\n<meta name=\"twitter:card\" content=\"summary_large_image\" \/>\n<meta name=\"twitter:label1\" content=\"Est. reading time\" \/>\n\t<meta name=\"twitter:data1\" content=\"2 minutes\" \/>\n<!-- \/ Yoast SEO plugin. -->","yoast_head_json":{"title":"Gongland Faith Hand Gong I Der Glaube ist tiefe \u00dcberzeugung","description":"Los lassen und glauben. Aus \u00dcberzeugung. Dieser Gong unterst\u00fctzt besonders in Klangtherapien Zweifel und \u00c4ngste zu \u00fcberwinden.","robots":{"index":"index","follow":"follow","max-snippet":"max-snippet:-1","max-image-preview":"max-image-preview:large","max-video-preview":"max-video-preview:-1"},"canonical":"https:\/\/gongcenter.ch\/produkt\/gongland-gong-faith-51\/","og_locale":"en_US","og_type":"article","og_title":"Gongland Faith Hand Gong I Der Glaube ist tiefe \u00dcberzeugung","og_description":"Los lassen und glauben. Aus \u00dcberzeugung. Dieser Gong unterst\u00fctzt besonders in Klangtherapien Zweifel und \u00c4ngste zu \u00fcberwinden.","og_url":"https:\/\/gongcenter.ch\/produkt\/gongland-gong-faith-51\/","og_site_name":"Gong Center Schweiz I Dein Gong und Klanginstrumente Fachgesch\u00e4ft","article_modified_time":"2025-03-25T11:31:24+00:00","og_image":[{"width":600,"height":600,"url":"https:\/\/gongcenter.ch\/app\/uploads\/2022\/09\/Gongland-Faith-Gong-2.png","type":"image\/png"}],"twitter_card":"summary_large_image","twitter_misc":{"Est. reading time":"2 minutes"},"schema":{"@context":"https:\/\/schema.org","@graph":[{"@type":"WebPage","@id":"https:\/\/gongcenter.ch\/produkt\/gongland-gong-faith-51\/","url":"https:\/\/gongcenter.ch\/produkt\/gongland-gong-faith-51\/","name":"Gongland Faith Hand Gong I Der Glaube ist tiefe \u00dcberzeugung","isPartOf":{"@id":"https:\/\/gongcenter.ch\/#website"},"primaryImageOfPage":{"@id":"https:\/\/gongcenter.ch\/produkt\/gongland-gong-faith-51\/#primaryimage"},"image":{"@id":"https:\/\/gongcenter.ch\/produkt\/gongland-gong-faith-51\/#primaryimage"},"thumbnailUrl":"https:\/\/gongcenter.ch\/app\/uploads\/2022\/09\/Gongland-Faith-Gong-2.png","datePublished":"2020-05-02T18:10:01+00:00","dateModified":"2025-03-25T11:31:24+00:00","description":"Los lassen und glauben. Aus \u00dcberzeugung. Dieser Gong unterst\u00fctzt besonders in Klangtherapien Zweifel und \u00c4ngste zu \u00fcberwinden.","breadcrumb":{"@id":"https:\/\/gongcenter.ch\/produkt\/gongland-gong-faith-51\/#breadcrumb"},"inLanguage":"en-US","potentialAction":[{"@type":"ReadAction","target":["https:\/\/gongcenter.ch\/produkt\/gongland-gong-faith-51\/"]}]},{"@type":"ImageObject","inLanguage":"en-US","@id":"https:\/\/gongcenter.ch\/produkt\/gongland-gong-faith-51\/#primaryimage","url":"https:\/\/gongcenter.ch\/app\/uploads\/2022\/09\/Gongland-Faith-Gong-2.png","contentUrl":"https:\/\/gongcenter.ch\/app\/uploads\/2022\/09\/Gongland-Faith-Gong-2.png","width":600,"height":600},{"@type":"BreadcrumbList","@id":"https:\/\/gongcenter.ch\/produkt\/gongland-gong-faith-51\/#breadcrumb","itemListElement":[{"@type":"ListItem","position":1,"name":"Startseite","item":"https:\/\/gongcenter.ch\/en\/"},{"@type":"ListItem","position":2,"name":"Shop","item":"https:\/\/gongcenter.ch\/en\/shop\/"},{"@type":"ListItem","position":3,"name":"Gongland Gong Faith 51 cm"}]},{"@type":"WebSite","@id":"https:\/\/gongcenter.ch\/#website","url":"https:\/\/gongcenter.ch\/","name":"Gong Center Schweiz I Dein Gong und Klanginstrumente Fachgesch\u00e4ft","description":"Entdecke eine grosse Gong Auswahl sowie weitere Klanginstrumente - Wir sind Gong Klangtherapeut und bieten dir Top Qualit\u00e4t und Beratung.","publisher":{"@id":"https:\/\/gongcenter.ch\/#organization"},"potentialAction":[{"@type":"SearchAction","target":{"@type":"EntryPoint","urlTemplate":"https:\/\/gongcenter.ch\/?s={search_term_string}"},"query-input":{"@type":"PropertyValueSpecification","valueRequired":true,"valueName":"search_term_string"}}],"inLanguage":"en-US"},{"@type":"Organization","@id":"https:\/\/gongcenter.ch\/#organization","name":"Gongcenter Z\u00fcrich I Das Fachgesch\u00e4ft f\u00fcr Gong und Klang","url":"https:\/\/gongcenter.ch\/","logo":{"@type":"ImageObject","inLanguage":"en-US","@id":"https:\/\/gongcenter.ch\/#\/schema\/logo\/image\/","url":"https:\/\/gongcenter.ch\/app\/uploads\/2018\/05\/Gong-Center_Logo_2000_black.png","contentUrl":"https:\/\/gongcenter.ch\/app\/uploads\/2018\/05\/Gong-Center_Logo_2000_black.png","width":2000,"height":600,"caption":"Gongcenter Z\u00fcrich I Das Fachgesch\u00e4ft f\u00fcr Gong und Klang"},"image":{"@id":"https:\/\/gongcenter.ch\/#\/schema\/logo\/image\/"}}]}},"acf":[],"_links":{"self":[{"href":"https:\/\/gongcenter.ch\/en\/wp-json\/wp\/v2\/product\/24694","targetHints":{"allow":["GET"]}}],"collection":[{"href":"https:\/\/gongcenter.ch\/en\/wp-json\/wp\/v2\/product"}],"about":[{"href":"https:\/\/gongcenter.ch\/en\/wp-json\/wp\/v2\/types\/product"}],"wp:featuredmedia":[{"embeddable":true,"href":"https:\/\/gongcenter.ch\/en\/wp-json\/wp\/v2\/media\/29744"}],"wp:attachment":[{"href":"https:\/\/gongcenter.ch\/en\/wp-json\/wp\/v2\/media?parent=24694"}],"wp:term":[{"taxonomy":"product_brand","embeddable":true,"href":"https:\/\/gongcenter.ch\/en\/wp-json\/wp\/v2\/product_brand?post=24694"},{"taxonomy":"product_cat","embeddable":true,"href":"https:\/\/gongcenter.ch\/en\/wp-json\/wp\/v2\/product_cat?post=24694"},{"taxonomy":"product_tag","embeddable":true,"href":"https:\/\/gongcenter.ch\/en\/wp-json\/wp\/v2\/product_tag?post=24694"}],"curies":[{"name":"wp","href":"https:\/\/api.w.org\/{rel}","templated":true}]}}