{"id":24709,"date":"2020-05-02T19:10:53","date_gmt":"2020-05-02T18:10:53","guid":{"rendered":"https:\/\/gongcenter.ch\/product\/gongland-eclipse-gong-105-cm-42-zoll\/"},"modified":"2025-01-27T14:42:07","modified_gmt":"2025-01-27T13:42:07","slug":"gongland-gong-eclipse","status":"publish","type":"product","link":"https:\/\/gongcenter.ch\/en\/product\/gongland-gong-eclipse\/","title":{"rendered":"Gongland Gong Eclipse"},"content":{"rendered":"<p>Der Anblick von Eklipsen, Sonnen- und Mondfinsternissen fesselte die Menschheit schon immer. Sie lassen uns innehalten, erzittern und Ehrfurcht empfinden. Und sie erinnern uns daran, dass wir ein kleiner Teil einer viel gr\u00f6sseren Welt sind. Staune \u00fcber die Wunder des Universums und unseres Lebens.<\/p>\n<p>Dieses Bewusstsein ist das Licht in der Dunkelheit, das w\u00e4hrend einer Sonnenfinsternis erstrahlt. W\u00e4hrend du den Eclipse Gong spielst, k\u00f6nnen sich die dunkleren Energien entfernen. Der Heilklang weckt die Erinnerung an dein inneres Licht. Du darfst dich mit deinem g\u00f6ttlichen Selbst verbinden. Der Eclipse Gong f\u00fchrt dich mit Leichtigkeit und Freude in diesen Raum und bringt dein inneres Licht zum Strahlen.<\/p>\n<p>INFO<br \/>\nAuch wenn Sie hier und bei anderen Gong-Beschreibungen Wirkungen und Entsprechungen finden werden, handelt es sich immer um Beschreibungen von Erfahrungen, die im Verlaufe vieler Jahre gemacht worden sind und sich mitunter auch nur im Kontext der jeweiligen Begrifflichkeiten erschliessen. Alle Texte hier sollen Anregungen und Inspirationen f\u00fcr Ihre Gongarbeit sein. In dem Moment, wo Sie sich mit einer Frequenz besch\u00e4ftigen, erst dann k\u00f6nnen Sie sagen, was diese Frequenz f\u00fcr Sie leisten kann. Fakt ist, jede dieser Frequenzen hat eine spezifische Wirkung \u2013 da alle Menschen verschieden sind, wirken sich diese eben auch unterschiedlich aus. Erst die eigene Erfahrung wird eigenes, wertvolles Wissen generieren k\u00f6nnen.<\/p>\n<p>PFLEGE<br \/>\nGongs laden dazu ein, angefasst zu werden. Das Material ist grunds\u00e4tzlich extrem trocken und hat die Eigenschaft, sofort die nat\u00fcrlichen Fette und \u00d6le aus der Haut aufzusaugen. Der Gong entwickelt dadurch eine leicht unansehnliche Optik. Umgehen Sie dies, indem sie das Pflegen der Oberfl\u00e4che zur Routine werden lassen. Geeignet zur Plege sind Silber- und Metallputzmittel. Seien Sie sorgsam mit dem Nachpolieren, damit die Mallets nicht dunkel werden durch Reste von Putzmittel. Der Klang wird durch die Optik eines Gongs in keinem Fall beeintr\u00e4chtigt.<\/p>\n","protected":false},"excerpt":{"rendered":"Der Anblick von Eklipsen, Sonnen- und Mondfinsternissen fesselte die Menschheit schon immer. Sie lassen uns innehalten, erzittern und Ehrfurcht empfinden. Und sie erinnern uns daran, dass wir ein kleiner Teil einer viel gr\u00f6sseren Welt sind. Staune \u00fcber die Wunder des Universums und unseres Lebens. Dieses Bewusstsein ist das Licht in der Dunkelheit, das w\u00e4hrend einer<a href=\"https:\/\/gongcenter.ch\/en\/product\/gongland-gong-eclipse\/\" class=\"readmore\">Mehr  <i class=\"fa fa-angle-double-right\"><\/i><\/a>","protected":false},"featured_media":29766,"template":"","meta":[],"product_brand":[],"product_cat":[470,426],"product_tag":[],"class_list":{"0":"post-24709","1":"product","2":"type-product","3":"status-publish","4":"has-post-thumbnail","6":"brands-gongland-gongs","7":"product_cat-gongland-classic-gongs","8":"product_cat-gongland-gongs","9":"product_shipping_class-kostenloser-versand-innerhalb-der-schweiz","10":"pa_groesse-24-62-cm","11":"pa_groesse-30-75-cm","12":"pa_groesse-32-81-cm-o","13":"pa_groesse-36-90-cm-o","14":"pa_groesse-42-106-cm-o","15":"pa_groesse-50-127-cm-o","17":"first","18":"instock","19":"sold-individually","20":"taxable","21":"shipping-taxable","22":"purchasable","23":"product-type-variable"},"yoast_head":"<!-- This site is optimized with the Yoast SEO plugin v27.0 - https:\/\/yoast.com\/product\/yoast-seo-wordpress\/ -->\n<title>Gongland Eclipse Gong I Bring dein inneres Licht zum Strahlen<\/title>\n<meta name=\"description\" content=\"Der Gongland Gong Eclipse schwingt in der Frequenz einer Sonnenfinsternis. Verbinde dich mit deinem g\u00f6ttlichen Selbst.\" \/>\n<meta name=\"robots\" content=\"index, follow, max-snippet:-1, max-image-preview:large, max-video-preview:-1\" \/>\n<link rel=\"canonical\" href=\"https:\/\/gongcenter.ch\/produkt\/gongland-gong-eclipse\/\" \/>\n<meta property=\"og:locale\" content=\"en_US\" \/>\n<meta property=\"og:type\" content=\"article\" \/>\n<meta property=\"og:title\" content=\"Gongland Eclipse Gong I Bring dein inneres Licht zum Strahlen\" \/>\n<meta property=\"og:description\" content=\"Der Gongland Gong Eclipse schwingt in der Frequenz einer Sonnenfinsternis. Verbinde dich mit deinem g\u00f6ttlichen Selbst.\" \/>\n<meta property=\"og:url\" content=\"https:\/\/gongcenter.ch\/produkt\/gongland-gong-eclipse\/\" \/>\n<meta property=\"og:site_name\" content=\"Gong Center Schweiz I Dein Gong und Klanginstrumente Fachgesch\u00e4ft\" \/>\n<meta property=\"article:modified_time\" content=\"2025-01-27T13:42:07+00:00\" \/>\n<meta property=\"og:image\" content=\"https:\/\/gongcenter.ch\/app\/uploads\/2022\/09\/Gongland-Eclipse-Gong-2.png\" \/>\n\t<meta property=\"og:image:width\" content=\"600\" \/>\n\t<meta property=\"og:image:height\" content=\"600\" \/>\n\t<meta property=\"og:image:type\" content=\"image\/png\" \/>\n<meta name=\"twitter:card\" content=\"summary_large_image\" \/>\n<meta name=\"twitter:label1\" content=\"Est. reading time\" \/>\n\t<meta name=\"twitter:data1\" content=\"2 minutes\" \/>\n<!-- \/ Yoast SEO plugin. -->","yoast_head_json":{"title":"Gongland Eclipse Gong I Bring dein inneres Licht zum Strahlen","description":"Der Gongland Gong Eclipse schwingt in der Frequenz einer Sonnenfinsternis. Verbinde dich mit deinem g\u00f6ttlichen Selbst.","robots":{"index":"index","follow":"follow","max-snippet":"max-snippet:-1","max-image-preview":"max-image-preview:large","max-video-preview":"max-video-preview:-1"},"canonical":"https:\/\/gongcenter.ch\/produkt\/gongland-gong-eclipse\/","og_locale":"en_US","og_type":"article","og_title":"Gongland Eclipse Gong I Bring dein inneres Licht zum Strahlen","og_description":"Der Gongland Gong Eclipse schwingt in der Frequenz einer Sonnenfinsternis. Verbinde dich mit deinem g\u00f6ttlichen Selbst.","og_url":"https:\/\/gongcenter.ch\/produkt\/gongland-gong-eclipse\/","og_site_name":"Gong Center Schweiz I Dein Gong und Klanginstrumente Fachgesch\u00e4ft","article_modified_time":"2025-01-27T13:42:07+00:00","og_image":[{"width":600,"height":600,"url":"https:\/\/gongcenter.ch\/app\/uploads\/2022\/09\/Gongland-Eclipse-Gong-2.png","type":"image\/png"}],"twitter_card":"summary_large_image","twitter_misc":{"Est. reading time":"2 minutes"},"schema":{"@context":"https:\/\/schema.org","@graph":[{"@type":"WebPage","@id":"https:\/\/gongcenter.ch\/produkt\/gongland-gong-eclipse\/","url":"https:\/\/gongcenter.ch\/produkt\/gongland-gong-eclipse\/","name":"Gongland Eclipse Gong I Bring dein inneres Licht zum Strahlen","isPartOf":{"@id":"https:\/\/gongcenter.ch\/#website"},"primaryImageOfPage":{"@id":"https:\/\/gongcenter.ch\/produkt\/gongland-gong-eclipse\/#primaryimage"},"image":{"@id":"https:\/\/gongcenter.ch\/produkt\/gongland-gong-eclipse\/#primaryimage"},"thumbnailUrl":"https:\/\/gongcenter.ch\/app\/uploads\/2022\/09\/Gongland-Eclipse-Gong-2.png","datePublished":"2020-05-02T18:10:53+00:00","dateModified":"2025-01-27T13:42:07+00:00","description":"Der Gongland Gong Eclipse schwingt in der Frequenz einer Sonnenfinsternis. Verbinde dich mit deinem g\u00f6ttlichen Selbst.","breadcrumb":{"@id":"https:\/\/gongcenter.ch\/produkt\/gongland-gong-eclipse\/#breadcrumb"},"inLanguage":"en-US","potentialAction":[{"@type":"ReadAction","target":["https:\/\/gongcenter.ch\/produkt\/gongland-gong-eclipse\/"]}]},{"@type":"ImageObject","inLanguage":"en-US","@id":"https:\/\/gongcenter.ch\/produkt\/gongland-gong-eclipse\/#primaryimage","url":"https:\/\/gongcenter.ch\/app\/uploads\/2022\/09\/Gongland-Eclipse-Gong-2.png","contentUrl":"https:\/\/gongcenter.ch\/app\/uploads\/2022\/09\/Gongland-Eclipse-Gong-2.png","width":600,"height":600},{"@type":"BreadcrumbList","@id":"https:\/\/gongcenter.ch\/produkt\/gongland-gong-eclipse\/#breadcrumb","itemListElement":[{"@type":"ListItem","position":1,"name":"Startseite","item":"https:\/\/gongcenter.ch\/en\/"},{"@type":"ListItem","position":2,"name":"Shop","item":"https:\/\/gongcenter.ch\/en\/shop\/"},{"@type":"ListItem","position":3,"name":"Gongland Gong Eclipse"}]},{"@type":"WebSite","@id":"https:\/\/gongcenter.ch\/#website","url":"https:\/\/gongcenter.ch\/","name":"Gong Center Schweiz I Dein Gong und Klanginstrumente Fachgesch\u00e4ft","description":"Entdecke eine grosse Gong Auswahl sowie weitere Klanginstrumente - Wir sind Gong Klangtherapeut und bieten dir Top Qualit\u00e4t und Beratung.","publisher":{"@id":"https:\/\/gongcenter.ch\/#organization"},"potentialAction":[{"@type":"SearchAction","target":{"@type":"EntryPoint","urlTemplate":"https:\/\/gongcenter.ch\/?s={search_term_string}"},"query-input":{"@type":"PropertyValueSpecification","valueRequired":true,"valueName":"search_term_string"}}],"inLanguage":"en-US"},{"@type":"Organization","@id":"https:\/\/gongcenter.ch\/#organization","name":"Gongcenter Z\u00fcrich I Das Fachgesch\u00e4ft f\u00fcr Gong und Klang","url":"https:\/\/gongcenter.ch\/","logo":{"@type":"ImageObject","inLanguage":"en-US","@id":"https:\/\/gongcenter.ch\/#\/schema\/logo\/image\/","url":"https:\/\/gongcenter.ch\/app\/uploads\/2018\/05\/Gong-Center_Logo_2000_black.png","contentUrl":"https:\/\/gongcenter.ch\/app\/uploads\/2018\/05\/Gong-Center_Logo_2000_black.png","width":2000,"height":600,"caption":"Gongcenter Z\u00fcrich I Das Fachgesch\u00e4ft f\u00fcr Gong und Klang"},"image":{"@id":"https:\/\/gongcenter.ch\/#\/schema\/logo\/image\/"}}]}},"acf":[],"_links":{"self":[{"href":"https:\/\/gongcenter.ch\/en\/wp-json\/wp\/v2\/product\/24709","targetHints":{"allow":["GET"]}}],"collection":[{"href":"https:\/\/gongcenter.ch\/en\/wp-json\/wp\/v2\/product"}],"about":[{"href":"https:\/\/gongcenter.ch\/en\/wp-json\/wp\/v2\/types\/product"}],"wp:featuredmedia":[{"embeddable":true,"href":"https:\/\/gongcenter.ch\/en\/wp-json\/wp\/v2\/media\/29766"}],"wp:attachment":[{"href":"https:\/\/gongcenter.ch\/en\/wp-json\/wp\/v2\/media?parent=24709"}],"wp:term":[{"taxonomy":"product_brand","embeddable":true,"href":"https:\/\/gongcenter.ch\/en\/wp-json\/wp\/v2\/product_brand?post=24709"},{"taxonomy":"product_cat","embeddable":true,"href":"https:\/\/gongcenter.ch\/en\/wp-json\/wp\/v2\/product_cat?post=24709"},{"taxonomy":"product_tag","embeddable":true,"href":"https:\/\/gongcenter.ch\/en\/wp-json\/wp\/v2\/product_tag?post=24709"}],"curies":[{"name":"wp","href":"https:\/\/api.w.org\/{rel}","templated":true}]}}