{"id":24714,"date":"2020-05-02T19:10:54","date_gmt":"2020-05-02T18:10:54","guid":{"rendered":"https:\/\/gongcenter.ch\/product\/allton-dreiklang-chord-mit-rosette-7-x-c-7-x-g-7-x-c\/"},"modified":"2023-04-18T11:37:15","modified_gmt":"2023-04-18T10:37:15","slug":"allton-dreiklang-chord-mit-rosette-7-x-c-7-x-g-7-x-c","status":"publish","type":"product","link":"https:\/\/gongcenter.ch\/en\/product\/allton-dreiklang-chord-mit-rosette-7-x-c-7-x-g-7-x-c\/","title":{"rendered":"Allton Dreiklang-Chord, mit Rosette, 7xc. 7xg, 7xc&#8217;,"},"content":{"rendered":"<p>Dieses K\u00f6rpermonochord ist in einem harmonischen Dreiklang aus Gundton, dessen Quinte und Oktave eingestimmt. Die harmonisch Abfolge der T\u00f6ne wirken belebend und entspannend zugleich. Es kann zum einen gestrichen werden wie ein Monochord oder man zupft es.<\/p>\n<p>Auf den K\u00f6rper aufgelegt f\u00fchlt man sanfte Vibration. Die seitlichen Greifleisten sorgen f\u00fcr gute Handhabung. Die umwickelten Gitarrensaiten erm\u00f6glichen trotz der kurzen Saitenl\u00e4nge einen satten, tiefen Klang, der beim Spielen auf dem K\u00f6rper sensorische Wahrnehmung f\u00f6rdert.<\/p>\n","protected":false},"excerpt":{"rendered":"Allton Dreiklang-Chord,\r\n\r\nMonochord,\r\n\r\nMaterial: schichtverleimte Birkendecke mit Rosette (Motiv: Blume des Lebens), ge\u00f6lt,\r\n\r\nT\u00f6ne: 7 x c 7 x g, 7 x c&#8217;\r\n\r\nMa\u00dfe: 60x23x7 cm","protected":false},"featured_media":29772,"template":"","meta":[],"product_brand":[],"product_cat":[506],"product_tag":[],"class_list":{"0":"post-24714","1":"product","2":"type-product","3":"status-publish","4":"has-post-thumbnail","6":"brands-allton","7":"product_cat-monochord-kotamo","8":"product_shipping_class-kostenloser-versand-innerhalb-der-schweiz","10":"first","11":"instock","12":"taxable","13":"shipping-taxable","14":"purchasable","15":"product-type-simple"},"yoast_head":"<!-- This site is optimized with the Yoast SEO plugin v27.0 - https:\/\/yoast.com\/product\/yoast-seo-wordpress\/ -->\n<title>Allton drei Klang Monochord | zur therapeutischen F\u00f6rderung<\/title>\n<meta name=\"description\" content=\"Allton drei Klang-Monochord. Leicht transportabel und besonders f\u00fcr den mobilen Einsatz in der Klangtherapie geeignet.\" \/>\n<meta name=\"robots\" content=\"index, follow, max-snippet:-1, max-image-preview:large, max-video-preview:-1\" \/>\n<link rel=\"canonical\" href=\"https:\/\/gongcenter.ch\/produkt\/allton-dreiklang-chord-mit-rosette-7-x-c-7-x-g-7-x-c\/\" \/>\n<meta property=\"og:locale\" content=\"en_US\" \/>\n<meta property=\"og:type\" content=\"article\" \/>\n<meta property=\"og:title\" content=\"Allton drei Klang Monochord | zur therapeutischen F\u00f6rderung\" \/>\n<meta property=\"og:description\" content=\"Allton drei Klang-Monochord. Leicht transportabel und besonders f\u00fcr den mobilen Einsatz in der Klangtherapie geeignet.\" \/>\n<meta property=\"og:url\" content=\"https:\/\/gongcenter.ch\/produkt\/allton-dreiklang-chord-mit-rosette-7-x-c-7-x-g-7-x-c\/\" \/>\n<meta property=\"og:site_name\" content=\"Gong Center Schweiz I Dein Gong und Klanginstrumente Fachgesch\u00e4ft\" \/>\n<meta property=\"article:modified_time\" content=\"2023-04-18T10:37:15+00:00\" \/>\n<meta property=\"og:image\" content=\"https:\/\/gongcenter.ch\/app\/uploads\/2022\/09\/ALLTON-Behandlungsmonochord-diverse-Ausfuehrungen-2.png\" \/>\n\t<meta property=\"og:image:width\" content=\"600\" \/>\n\t<meta property=\"og:image:height\" content=\"600\" \/>\n\t<meta property=\"og:image:type\" content=\"image\/png\" \/>\n<meta name=\"twitter:card\" content=\"summary_large_image\" \/>\n<!-- \/ Yoast SEO plugin. -->","yoast_head_json":{"title":"Allton drei Klang Monochord | zur therapeutischen F\u00f6rderung","description":"Allton drei Klang-Monochord. Leicht transportabel und besonders f\u00fcr den mobilen Einsatz in der Klangtherapie geeignet.","robots":{"index":"index","follow":"follow","max-snippet":"max-snippet:-1","max-image-preview":"max-image-preview:large","max-video-preview":"max-video-preview:-1"},"canonical":"https:\/\/gongcenter.ch\/produkt\/allton-dreiklang-chord-mit-rosette-7-x-c-7-x-g-7-x-c\/","og_locale":"en_US","og_type":"article","og_title":"Allton drei Klang Monochord | zur therapeutischen F\u00f6rderung","og_description":"Allton drei Klang-Monochord. Leicht transportabel und besonders f\u00fcr den mobilen Einsatz in der Klangtherapie geeignet.","og_url":"https:\/\/gongcenter.ch\/produkt\/allton-dreiklang-chord-mit-rosette-7-x-c-7-x-g-7-x-c\/","og_site_name":"Gong Center Schweiz I Dein Gong und Klanginstrumente Fachgesch\u00e4ft","article_modified_time":"2023-04-18T10:37:15+00:00","og_image":[{"width":600,"height":600,"url":"https:\/\/gongcenter.ch\/app\/uploads\/2022\/09\/ALLTON-Behandlungsmonochord-diverse-Ausfuehrungen-2.png","type":"image\/png"}],"twitter_card":"summary_large_image","schema":{"@context":"https:\/\/schema.org","@graph":[{"@type":"WebPage","@id":"https:\/\/gongcenter.ch\/produkt\/allton-dreiklang-chord-mit-rosette-7-x-c-7-x-g-7-x-c\/","url":"https:\/\/gongcenter.ch\/produkt\/allton-dreiklang-chord-mit-rosette-7-x-c-7-x-g-7-x-c\/","name":"Allton drei Klang Monochord | zur therapeutischen F\u00f6rderung","isPartOf":{"@id":"https:\/\/gongcenter.ch\/#website"},"primaryImageOfPage":{"@id":"https:\/\/gongcenter.ch\/produkt\/allton-dreiklang-chord-mit-rosette-7-x-c-7-x-g-7-x-c\/#primaryimage"},"image":{"@id":"https:\/\/gongcenter.ch\/produkt\/allton-dreiklang-chord-mit-rosette-7-x-c-7-x-g-7-x-c\/#primaryimage"},"thumbnailUrl":"https:\/\/gongcenter.ch\/app\/uploads\/2022\/09\/ALLTON-Behandlungsmonochord-diverse-Ausfuehrungen-2.png","datePublished":"2020-05-02T18:10:54+00:00","dateModified":"2023-04-18T10:37:15+00:00","description":"Allton drei Klang-Monochord. Leicht transportabel und besonders f\u00fcr den mobilen Einsatz in der Klangtherapie geeignet.","breadcrumb":{"@id":"https:\/\/gongcenter.ch\/produkt\/allton-dreiklang-chord-mit-rosette-7-x-c-7-x-g-7-x-c\/#breadcrumb"},"inLanguage":"en-US","potentialAction":[{"@type":"ReadAction","target":["https:\/\/gongcenter.ch\/produkt\/allton-dreiklang-chord-mit-rosette-7-x-c-7-x-g-7-x-c\/"]}]},{"@type":"ImageObject","inLanguage":"en-US","@id":"https:\/\/gongcenter.ch\/produkt\/allton-dreiklang-chord-mit-rosette-7-x-c-7-x-g-7-x-c\/#primaryimage","url":"https:\/\/gongcenter.ch\/app\/uploads\/2022\/09\/ALLTON-Behandlungsmonochord-diverse-Ausfuehrungen-2.png","contentUrl":"https:\/\/gongcenter.ch\/app\/uploads\/2022\/09\/ALLTON-Behandlungsmonochord-diverse-Ausfuehrungen-2.png","width":600,"height":600},{"@type":"BreadcrumbList","@id":"https:\/\/gongcenter.ch\/produkt\/allton-dreiklang-chord-mit-rosette-7-x-c-7-x-g-7-x-c\/#breadcrumb","itemListElement":[{"@type":"ListItem","position":1,"name":"Startseite","item":"https:\/\/gongcenter.ch\/en\/"},{"@type":"ListItem","position":2,"name":"Shop","item":"https:\/\/gongcenter.ch\/en\/shop\/"},{"@type":"ListItem","position":3,"name":"Allton Dreiklang-Chord, mit Rosette, 7xc. 7xg, 7xc&#8216;,"}]},{"@type":"WebSite","@id":"https:\/\/gongcenter.ch\/#website","url":"https:\/\/gongcenter.ch\/","name":"Gong Center Schweiz I Dein Gong und Klanginstrumente Fachgesch\u00e4ft","description":"Entdecke eine grosse Gong Auswahl sowie weitere Klanginstrumente - Wir sind Gong Klangtherapeut und bieten dir Top Qualit\u00e4t und Beratung.","publisher":{"@id":"https:\/\/gongcenter.ch\/#organization"},"potentialAction":[{"@type":"SearchAction","target":{"@type":"EntryPoint","urlTemplate":"https:\/\/gongcenter.ch\/?s={search_term_string}"},"query-input":{"@type":"PropertyValueSpecification","valueRequired":true,"valueName":"search_term_string"}}],"inLanguage":"en-US"},{"@type":"Organization","@id":"https:\/\/gongcenter.ch\/#organization","name":"Gongcenter Z\u00fcrich I Das Fachgesch\u00e4ft f\u00fcr Gong und Klang","url":"https:\/\/gongcenter.ch\/","logo":{"@type":"ImageObject","inLanguage":"en-US","@id":"https:\/\/gongcenter.ch\/#\/schema\/logo\/image\/","url":"https:\/\/gongcenter.ch\/app\/uploads\/2018\/05\/Gong-Center_Logo_2000_black.png","contentUrl":"https:\/\/gongcenter.ch\/app\/uploads\/2018\/05\/Gong-Center_Logo_2000_black.png","width":2000,"height":600,"caption":"Gongcenter Z\u00fcrich I Das Fachgesch\u00e4ft f\u00fcr Gong und Klang"},"image":{"@id":"https:\/\/gongcenter.ch\/#\/schema\/logo\/image\/"}}]}},"acf":[],"_links":{"self":[{"href":"https:\/\/gongcenter.ch\/en\/wp-json\/wp\/v2\/product\/24714","targetHints":{"allow":["GET"]}}],"collection":[{"href":"https:\/\/gongcenter.ch\/en\/wp-json\/wp\/v2\/product"}],"about":[{"href":"https:\/\/gongcenter.ch\/en\/wp-json\/wp\/v2\/types\/product"}],"wp:featuredmedia":[{"embeddable":true,"href":"https:\/\/gongcenter.ch\/en\/wp-json\/wp\/v2\/media\/29772"}],"wp:attachment":[{"href":"https:\/\/gongcenter.ch\/en\/wp-json\/wp\/v2\/media?parent=24714"}],"wp:term":[{"taxonomy":"product_brand","embeddable":true,"href":"https:\/\/gongcenter.ch\/en\/wp-json\/wp\/v2\/product_brand?post=24714"},{"taxonomy":"product_cat","embeddable":true,"href":"https:\/\/gongcenter.ch\/en\/wp-json\/wp\/v2\/product_cat?post=24714"},{"taxonomy":"product_tag","embeddable":true,"href":"https:\/\/gongcenter.ch\/en\/wp-json\/wp\/v2\/product_tag?post=24714"}],"curies":[{"name":"wp","href":"https:\/\/api.w.org\/{rel}","templated":true}]}}