{"id":24716,"date":"2020-05-02T19:10:54","date_gmt":"2020-05-02T18:10:54","guid":{"rendered":"https:\/\/gongcenter.ch\/product\/allton-minimonochord-mit-rosette-21-tne-umw-basssaiten-ton-d\/"},"modified":"2023-04-18T11:37:16","modified_gmt":"2023-04-18T10:37:16","slug":"allton-minimonochord-leicht-transportabel-therapeutischen-foerderung","status":"publish","type":"product","link":"https:\/\/gongcenter.ch\/en\/product\/allton-minimonochord-leicht-transportabel-therapeutischen-foerderung\/","title":{"rendered":"ALLTON Monochord, mit der Blume des Lebens"},"content":{"rendered":"<p>Allton Monochord f\u00fcr den Klinikbedarf, Behandlungsmonochord, standard, Birkedecke, 21 Saiten,<\/p>\n<p>Das ALLTON Monochord ist wegen seiner handlichen Gr\u00f6sse speziell f\u00fcr den mobilen Einsatz geeignet. Durch die seitliche Greifrille hat es eine ergonomische Handlichkeit. Es l\u00e4sst sich wie ein Teddyb\u00e4r in den Arm nehmen und findet auch auf dem Schoss oder Krankenbett einen Platz. Die Stimmung ist in Grundton d (oder auch cis) mit zus\u00e4tzlich einem Ton Quinte h\u00f6her a (gis) und einem Ton Oktave h\u00f6her d&#8217; (oder cis&#8217;). Zum Bespannen werden eine Sonderanfertigung an umsponnenen Gitarrensaiten verwendet (Western-Gitarre). Das Monochord ist mit der dadurch m\u00f6glichen tiefen Stimmlage speziell daf\u00fcr geeignet, gut sp\u00fcrbare Klangvibrationen auf den K\u00f6rper \u00fcbertragen Buchenholzkorpus zu k\u00f6nnen. Der Grundton kann auch um 1-2 T\u00f6ne h\u00f6her gestimmt werden.<\/p>\n<p>Andere Stimmungen mit Aufpreis m\u00f6glich. Zum Monochord gibt es passend eine gepolsterte Transporttasche, auch f\u00fcr Chimes geeignet &#8211; Art. Nr. MCHB. Bitte gesondert dazu bestellen.<\/p>\n","protected":false},"excerpt":{"rendered":"<ul>\r\n \t<li>Ausf\u00fchrung: 21 Saiten<\/li>\r\n \t<li>Grundton d (od. cis)<\/li>\r\n \t<li>Material: Buchenholzkorpus massiv mit Birkenholzdecke (schichtverleimt)<\/li>\r\n \t<li>lackiert mit desinfektionsbest\u00e4ndigem Lack<\/li>\r\n \t<li>Masse: 60 x 23 x 7 cm<\/li>\r\n \t<li>Lieferumfang: incl.Stimmschl\u00fcssel<\/li>\r\n<\/ul>","protected":false},"featured_media":29776,"template":"","meta":[],"product_brand":[],"product_cat":[668,506],"product_tag":[],"class_list":{"0":"post-24716","1":"product","2":"type-product","3":"status-publish","4":"has-post-thumbnail","6":"brands-allton","7":"product_cat-monochord","8":"product_cat-monochord-kotamo","9":"product_shipping_class-kostenloser-versand-innerhalb-der-schweiz","11":"first","12":"instock","13":"taxable","14":"shipping-taxable","15":"purchasable","16":"product-type-simple"},"yoast_head":"<!-- This site is optimized with the Yoast SEO plugin v27.0 - https:\/\/yoast.com\/product\/yoast-seo-wordpress\/ -->\n<title>Allton Monochord | zur therapeutischen F\u00f6rderung | leicht transportabel<\/title>\n<meta name=\"description\" content=\"Allton Monochord. Leicht transportabel und besonders f\u00fcr den mobilen Einsatz in der Klangtherapie geeignet.\" \/>\n<meta name=\"robots\" content=\"index, follow, max-snippet:-1, max-image-preview:large, max-video-preview:-1\" \/>\n<link rel=\"canonical\" href=\"https:\/\/gongcenter.ch\/produkt\/allton-minimonochord-leicht-transportabel-therapeutischen-foerderung\/\" \/>\n<meta property=\"og:locale\" content=\"en_US\" \/>\n<meta property=\"og:type\" content=\"article\" \/>\n<meta property=\"og:title\" content=\"Allton Monochord | zur therapeutischen F\u00f6rderung | leicht transportabel\" \/>\n<meta property=\"og:description\" content=\"Allton Monochord. Leicht transportabel und besonders f\u00fcr den mobilen Einsatz in der Klangtherapie geeignet.\" \/>\n<meta property=\"og:url\" content=\"https:\/\/gongcenter.ch\/produkt\/allton-minimonochord-leicht-transportabel-therapeutischen-foerderung\/\" \/>\n<meta property=\"og:site_name\" content=\"Gong Center Schweiz I Dein Gong und Klanginstrumente Fachgesch\u00e4ft\" \/>\n<meta property=\"article:modified_time\" content=\"2023-04-18T10:37:16+00:00\" \/>\n<meta property=\"og:image\" content=\"https:\/\/gongcenter.ch\/app\/uploads\/2022\/09\/allton_monochord_klinikbedarf.jpg\" \/>\n\t<meta property=\"og:image:width\" content=\"600\" \/>\n\t<meta property=\"og:image:height\" content=\"493\" \/>\n\t<meta property=\"og:image:type\" content=\"image\/jpeg\" \/>\n<meta name=\"twitter:card\" content=\"summary_large_image\" \/>\n<meta name=\"twitter:label1\" content=\"Est. reading time\" \/>\n\t<meta name=\"twitter:data1\" content=\"1 minute\" \/>\n<!-- \/ Yoast SEO plugin. -->","yoast_head_json":{"title":"Allton Monochord | zur therapeutischen F\u00f6rderung | leicht transportabel","description":"Allton Monochord. Leicht transportabel und besonders f\u00fcr den mobilen Einsatz in der Klangtherapie geeignet.","robots":{"index":"index","follow":"follow","max-snippet":"max-snippet:-1","max-image-preview":"max-image-preview:large","max-video-preview":"max-video-preview:-1"},"canonical":"https:\/\/gongcenter.ch\/produkt\/allton-minimonochord-leicht-transportabel-therapeutischen-foerderung\/","og_locale":"en_US","og_type":"article","og_title":"Allton Monochord | zur therapeutischen F\u00f6rderung | leicht transportabel","og_description":"Allton Monochord. Leicht transportabel und besonders f\u00fcr den mobilen Einsatz in der Klangtherapie geeignet.","og_url":"https:\/\/gongcenter.ch\/produkt\/allton-minimonochord-leicht-transportabel-therapeutischen-foerderung\/","og_site_name":"Gong Center Schweiz I Dein Gong und Klanginstrumente Fachgesch\u00e4ft","article_modified_time":"2023-04-18T10:37:16+00:00","og_image":[{"width":600,"height":493,"url":"https:\/\/gongcenter.ch\/app\/uploads\/2022\/09\/allton_monochord_klinikbedarf.jpg","type":"image\/jpeg"}],"twitter_card":"summary_large_image","twitter_misc":{"Est. reading time":"1 minute"},"schema":{"@context":"https:\/\/schema.org","@graph":[{"@type":"WebPage","@id":"https:\/\/gongcenter.ch\/produkt\/allton-minimonochord-leicht-transportabel-therapeutischen-foerderung\/","url":"https:\/\/gongcenter.ch\/produkt\/allton-minimonochord-leicht-transportabel-therapeutischen-foerderung\/","name":"Allton Monochord | zur therapeutischen F\u00f6rderung | leicht transportabel","isPartOf":{"@id":"https:\/\/gongcenter.ch\/#website"},"primaryImageOfPage":{"@id":"https:\/\/gongcenter.ch\/produkt\/allton-minimonochord-leicht-transportabel-therapeutischen-foerderung\/#primaryimage"},"image":{"@id":"https:\/\/gongcenter.ch\/produkt\/allton-minimonochord-leicht-transportabel-therapeutischen-foerderung\/#primaryimage"},"thumbnailUrl":"https:\/\/gongcenter.ch\/app\/uploads\/2022\/09\/allton_monochord_klinikbedarf.jpg","datePublished":"2020-05-02T18:10:54+00:00","dateModified":"2023-04-18T10:37:16+00:00","description":"Allton Monochord. Leicht transportabel und besonders f\u00fcr den mobilen Einsatz in der Klangtherapie geeignet.","breadcrumb":{"@id":"https:\/\/gongcenter.ch\/produkt\/allton-minimonochord-leicht-transportabel-therapeutischen-foerderung\/#breadcrumb"},"inLanguage":"en-US","potentialAction":[{"@type":"ReadAction","target":["https:\/\/gongcenter.ch\/produkt\/allton-minimonochord-leicht-transportabel-therapeutischen-foerderung\/"]}]},{"@type":"ImageObject","inLanguage":"en-US","@id":"https:\/\/gongcenter.ch\/produkt\/allton-minimonochord-leicht-transportabel-therapeutischen-foerderung\/#primaryimage","url":"https:\/\/gongcenter.ch\/app\/uploads\/2022\/09\/allton_monochord_klinikbedarf.jpg","contentUrl":"https:\/\/gongcenter.ch\/app\/uploads\/2022\/09\/allton_monochord_klinikbedarf.jpg","width":600,"height":493},{"@type":"BreadcrumbList","@id":"https:\/\/gongcenter.ch\/produkt\/allton-minimonochord-leicht-transportabel-therapeutischen-foerderung\/#breadcrumb","itemListElement":[{"@type":"ListItem","position":1,"name":"Startseite","item":"https:\/\/gongcenter.ch\/en\/"},{"@type":"ListItem","position":2,"name":"Shop","item":"https:\/\/gongcenter.ch\/en\/shop\/"},{"@type":"ListItem","position":3,"name":"ALLTON Monochord, mit der Blume des Lebens"}]},{"@type":"WebSite","@id":"https:\/\/gongcenter.ch\/#website","url":"https:\/\/gongcenter.ch\/","name":"Gong Center Schweiz I Dein Gong und Klanginstrumente Fachgesch\u00e4ft","description":"Entdecke eine grosse Gong Auswahl sowie weitere Klanginstrumente - Wir sind Gong Klangtherapeut und bieten dir Top Qualit\u00e4t und Beratung.","publisher":{"@id":"https:\/\/gongcenter.ch\/#organization"},"potentialAction":[{"@type":"SearchAction","target":{"@type":"EntryPoint","urlTemplate":"https:\/\/gongcenter.ch\/?s={search_term_string}"},"query-input":{"@type":"PropertyValueSpecification","valueRequired":true,"valueName":"search_term_string"}}],"inLanguage":"en-US"},{"@type":"Organization","@id":"https:\/\/gongcenter.ch\/#organization","name":"Gongcenter Z\u00fcrich I Das Fachgesch\u00e4ft f\u00fcr Gong und Klang","url":"https:\/\/gongcenter.ch\/","logo":{"@type":"ImageObject","inLanguage":"en-US","@id":"https:\/\/gongcenter.ch\/#\/schema\/logo\/image\/","url":"https:\/\/gongcenter.ch\/app\/uploads\/2018\/05\/Gong-Center_Logo_2000_black.png","contentUrl":"https:\/\/gongcenter.ch\/app\/uploads\/2018\/05\/Gong-Center_Logo_2000_black.png","width":2000,"height":600,"caption":"Gongcenter Z\u00fcrich I Das Fachgesch\u00e4ft f\u00fcr Gong und Klang"},"image":{"@id":"https:\/\/gongcenter.ch\/#\/schema\/logo\/image\/"}}]}},"acf":[],"_links":{"self":[{"href":"https:\/\/gongcenter.ch\/en\/wp-json\/wp\/v2\/product\/24716","targetHints":{"allow":["GET"]}}],"collection":[{"href":"https:\/\/gongcenter.ch\/en\/wp-json\/wp\/v2\/product"}],"about":[{"href":"https:\/\/gongcenter.ch\/en\/wp-json\/wp\/v2\/types\/product"}],"wp:featuredmedia":[{"embeddable":true,"href":"https:\/\/gongcenter.ch\/en\/wp-json\/wp\/v2\/media\/29776"}],"wp:attachment":[{"href":"https:\/\/gongcenter.ch\/en\/wp-json\/wp\/v2\/media?parent=24716"}],"wp:term":[{"taxonomy":"product_brand","embeddable":true,"href":"https:\/\/gongcenter.ch\/en\/wp-json\/wp\/v2\/product_brand?post=24716"},{"taxonomy":"product_cat","embeddable":true,"href":"https:\/\/gongcenter.ch\/en\/wp-json\/wp\/v2\/product_cat?post=24716"},{"taxonomy":"product_tag","embeddable":true,"href":"https:\/\/gongcenter.ch\/en\/wp-json\/wp\/v2\/product_tag?post=24716"}],"curies":[{"name":"wp","href":"https:\/\/api.w.org\/{rel}","templated":true}]}}