{"id":24717,"date":"2020-05-02T19:10:54","date_gmt":"2020-05-02T18:10:54","guid":{"rendered":"https:\/\/gongcenter.ch\/product\/allton-tambura-chord-gewlbt-18-tne\/"},"modified":"2023-04-18T11:37:17","modified_gmt":"2023-04-18T10:37:17","slug":"allton-tambura-chord-gewlbt-18-tne","status":"publish","type":"product","link":"https:\/\/gongcenter.ch\/en\/product\/allton-tambura-chord-gewlbt-18-tne\/","title":{"rendered":"Allton Tambura-Chord gew&ouml;lbt, 18 T&ouml;ne,"},"content":{"rendered":"<div class=\"content--title\">Allton Sp\u00fcr-Monochord, gew\u00f6lbt, 18 Saiten, Tambura-Stimmung, ge\u00f6lt,<\/div>\n<div class=\"product--description\">\n<p>Gew\u00f6lbtes Behandlungs-Monochord als taktiles, sensorischesWahrnehmungsinstrument aus eigener Herstellung. Neues Modell miteingearbeitetem Messingsteg, wodurch das Instrument noch brillanter klingt.<\/p>\n<p><span style=\"color: #000000;\">Buche schichtverleimt, ohne Resonanzkorpus; 60x27x8,5 cm, 18 Saiten, Hart\u00f6lwachs, 2400 g, Stimmung abwechselnd a-d&#8217;-d&#8217;-d ( sich wiederholende Tamburastimmung s.u.),? Die Saiten lassen sich als mehrstimmiger harmonischer Klangteppich spielen &#8211; oder k\u00f6nnen auch melodisch gezupft werden.<\/span><\/p>\n<p>&nbsp;<\/p>\n<p>Handlich. Ergonomisch. Transportabel.<\/p>\n<p>Dieses vibroakustische Saiteninstrument ist f\u00fcr die sensorischeK\u00f6rperwahrnehmung und Klangmassage entwickelt worden. OhneResonanzkorpus wird die Schwingung der Saiten direkt auf die Unterseite \u00fcbertragen und die T\u00f6ne sind bei Auflegen auf den K\u00f6rper? sehr fein und tief f\u00fchlbar. Die leichte W\u00f6lbung erm\u00f6glicht, dass besonders viel Schwingung entsteht und vom K\u00f6rper wahrgenommen werden kann. Durch die Verwendung von umsponnen Saiten entsteht trotz der kleinen Gr\u00f6sse ein tiefe, sehr gut f\u00fchlbare Klangvibration. Das Instrument ist etwas schwerer als unsere anderen kleinen Monochorde, wodurch es besonders gut auf dem K\u00f6rper aufliegt.<\/p>\n<p>Die kompakte Form erm\u00f6glicht auch einen Einsatz bei Bettl\u00e4gerigen oder in der mobilen Krankenpflege. Die Handhabung wird durch die ergonomische Griffmulde erleichtert.<\/p>\n<p>Tonfolge: tiefes d, dann 4 x Tonfolge a &#8211; d1- d1 -d, Schlusston wieder tiefes d. Die T\u00f6ne k\u00f6nnen auch etwas tiefer eingestimmt werden (Tonfolge gis-cis1-cis1-cis) &#8211; je nach Bedarf.<\/p>\n<p>Da zupassendes Zubeh\u00f6r Transporttasche MCHB, Stimmger\u00e4t KA33<\/p>\n<\/div>\n","protected":false},"excerpt":{"rendered":"Allton Sp\u00fcr-Monochord, gew\u00f6lbt, 18 Saiten, Tambura-Stimmung, ge\u00f6lt, Gew\u00f6lbtes Behandlungs-Monochord als taktiles, sensorischesWahrnehmungsinstrument aus eigener Herstellung. Neues Modell miteingearbeitetem Messingsteg, wodurch das Instrument noch brillanter klingt. Buche schichtverleimt, ohne Resonanzkorpus; 60x27x8,5 cm, 18 Saiten, Hart\u00f6lwachs, 2400 g, Stimmung abwechselnd a-d&#8217;-d&#8217;-d ( sich wiederholende Tamburastimmung s.u.),? Die Saiten lassen sich als mehrstimmiger harmonischer Klangteppich spielen &#8211; oder<a href=\"https:\/\/gongcenter.ch\/en\/product\/allton-tambura-chord-gewlbt-18-tne\/\" class=\"readmore\">Mehr  <i class=\"fa fa-angle-double-right\"><\/i><\/a>","protected":false},"featured_media":29778,"template":"","meta":[],"product_brand":[],"product_cat":[668,506],"product_tag":[],"class_list":{"0":"post-24717","1":"product","2":"type-product","3":"status-publish","4":"has-post-thumbnail","6":"brands-allton","7":"product_cat-monochord","8":"product_cat-monochord-kotamo","9":"product_shipping_class-kostenloser-versand-innerhalb-der-schweiz","11":"first","12":"instock","13":"taxable","14":"shipping-taxable","15":"purchasable","16":"product-type-simple"},"yoast_head":"<!-- This site is optimized with the Yoast SEO plugin v27.0 - https:\/\/yoast.com\/product\/yoast-seo-wordpress\/ -->\n<title>Allton Tambura-Chord gew&ouml;lbt, 18 T&ouml;ne, - Gong Center Schweiz I Dein Gong und Klanginstrumente Fachgesch\u00e4ft<\/title>\n<meta name=\"robots\" content=\"index, follow, max-snippet:-1, max-image-preview:large, max-video-preview:-1\" \/>\n<link rel=\"canonical\" href=\"https:\/\/gongcenter.ch\/produkt\/allton-tambura-chord-gewlbt-18-tne\/\" \/>\n<meta property=\"og:locale\" content=\"en_US\" \/>\n<meta property=\"og:type\" content=\"article\" \/>\n<meta property=\"og:title\" content=\"Allton Tambura-Chord gew&ouml;lbt, 18 T&ouml;ne, - Gong Center Schweiz I Dein Gong und Klanginstrumente Fachgesch\u00e4ft\" \/>\n<meta property=\"og:description\" content=\"Allton Sp\u00fcr-Monochord, gew\u00f6lbt, 18 Saiten, Tambura-Stimmung, ge\u00f6lt, Gew\u00f6lbtes Behandlungs-Monochord als taktiles, sensorischesWahrnehmungsinstrument aus eigener Herstellung. Neues Modell miteingearbeitetem Messingsteg, wodurch das Instrument noch brillanter klingt. Buche schichtverleimt, ohne Resonanzkorpus; 60x27x8,5 cm, 18 Saiten, Hart\u00f6lwachs, 2400 g, Stimmung abwechselnd a-d&#8217;-d&#8217;-d ( sich wiederholende Tamburastimmung s.u.),? Die Saiten lassen sich als mehrstimmiger harmonischer Klangteppich spielen &#8211; oderMehr\" \/>\n<meta property=\"og:url\" content=\"https:\/\/gongcenter.ch\/produkt\/allton-tambura-chord-gewlbt-18-tne\/\" \/>\n<meta property=\"og:site_name\" content=\"Gong Center Schweiz I Dein Gong und Klanginstrumente Fachgesch\u00e4ft\" \/>\n<meta property=\"article:modified_time\" content=\"2023-04-18T10:37:17+00:00\" \/>\n<meta property=\"og:image\" content=\"https:\/\/gongcenter.ch\/app\/uploads\/2022\/09\/ALLTON-Monochord-Modell-C-gewoelbt.jpg\" \/>\n\t<meta property=\"og:image:width\" content=\"600\" \/>\n\t<meta property=\"og:image:height\" content=\"255\" \/>\n\t<meta property=\"og:image:type\" content=\"image\/jpeg\" \/>\n<meta name=\"twitter:card\" content=\"summary_large_image\" \/>\n<meta name=\"twitter:label1\" content=\"Est. reading time\" \/>\n\t<meta name=\"twitter:data1\" content=\"1 minute\" \/>\n<!-- \/ Yoast SEO plugin. -->","yoast_head_json":{"title":"Allton Tambura-Chord gew&ouml;lbt, 18 T&ouml;ne, - Gong Center Schweiz I Dein Gong und Klanginstrumente Fachgesch\u00e4ft","robots":{"index":"index","follow":"follow","max-snippet":"max-snippet:-1","max-image-preview":"max-image-preview:large","max-video-preview":"max-video-preview:-1"},"canonical":"https:\/\/gongcenter.ch\/produkt\/allton-tambura-chord-gewlbt-18-tne\/","og_locale":"en_US","og_type":"article","og_title":"Allton Tambura-Chord gew&ouml;lbt, 18 T&ouml;ne, - Gong Center Schweiz I Dein Gong und Klanginstrumente Fachgesch\u00e4ft","og_description":"Allton Sp\u00fcr-Monochord, gew\u00f6lbt, 18 Saiten, Tambura-Stimmung, ge\u00f6lt, Gew\u00f6lbtes Behandlungs-Monochord als taktiles, sensorischesWahrnehmungsinstrument aus eigener Herstellung. Neues Modell miteingearbeitetem Messingsteg, wodurch das Instrument noch brillanter klingt. Buche schichtverleimt, ohne Resonanzkorpus; 60x27x8,5 cm, 18 Saiten, Hart\u00f6lwachs, 2400 g, Stimmung abwechselnd a-d&#8217;-d&#8217;-d ( sich wiederholende Tamburastimmung s.u.),? Die Saiten lassen sich als mehrstimmiger harmonischer Klangteppich spielen &#8211; oderMehr","og_url":"https:\/\/gongcenter.ch\/produkt\/allton-tambura-chord-gewlbt-18-tne\/","og_site_name":"Gong Center Schweiz I Dein Gong und Klanginstrumente Fachgesch\u00e4ft","article_modified_time":"2023-04-18T10:37:17+00:00","og_image":[{"width":600,"height":255,"url":"https:\/\/gongcenter.ch\/app\/uploads\/2022\/09\/ALLTON-Monochord-Modell-C-gewoelbt.jpg","type":"image\/jpeg"}],"twitter_card":"summary_large_image","twitter_misc":{"Est. reading time":"1 minute"},"schema":{"@context":"https:\/\/schema.org","@graph":[{"@type":"WebPage","@id":"https:\/\/gongcenter.ch\/produkt\/allton-tambura-chord-gewlbt-18-tne\/","url":"https:\/\/gongcenter.ch\/produkt\/allton-tambura-chord-gewlbt-18-tne\/","name":"Allton Tambura-Chord gew&ouml;lbt, 18 T&ouml;ne, - Gong Center Schweiz I Dein Gong und Klanginstrumente Fachgesch\u00e4ft","isPartOf":{"@id":"https:\/\/gongcenter.ch\/#website"},"primaryImageOfPage":{"@id":"https:\/\/gongcenter.ch\/produkt\/allton-tambura-chord-gewlbt-18-tne\/#primaryimage"},"image":{"@id":"https:\/\/gongcenter.ch\/produkt\/allton-tambura-chord-gewlbt-18-tne\/#primaryimage"},"thumbnailUrl":"https:\/\/gongcenter.ch\/app\/uploads\/2022\/09\/ALLTON-Monochord-Modell-C-gewoelbt.jpg","datePublished":"2020-05-02T18:10:54+00:00","dateModified":"2023-04-18T10:37:17+00:00","breadcrumb":{"@id":"https:\/\/gongcenter.ch\/produkt\/allton-tambura-chord-gewlbt-18-tne\/#breadcrumb"},"inLanguage":"en-US","potentialAction":[{"@type":"ReadAction","target":["https:\/\/gongcenter.ch\/produkt\/allton-tambura-chord-gewlbt-18-tne\/"]}]},{"@type":"ImageObject","inLanguage":"en-US","@id":"https:\/\/gongcenter.ch\/produkt\/allton-tambura-chord-gewlbt-18-tne\/#primaryimage","url":"https:\/\/gongcenter.ch\/app\/uploads\/2022\/09\/ALLTON-Monochord-Modell-C-gewoelbt.jpg","contentUrl":"https:\/\/gongcenter.ch\/app\/uploads\/2022\/09\/ALLTON-Monochord-Modell-C-gewoelbt.jpg","width":600,"height":255},{"@type":"BreadcrumbList","@id":"https:\/\/gongcenter.ch\/produkt\/allton-tambura-chord-gewlbt-18-tne\/#breadcrumb","itemListElement":[{"@type":"ListItem","position":1,"name":"Startseite","item":"https:\/\/gongcenter.ch\/en\/"},{"@type":"ListItem","position":2,"name":"Shop","item":"https:\/\/gongcenter.ch\/en\/shop\/"},{"@type":"ListItem","position":3,"name":"Allton Tambura-Chord gew&ouml;lbt, 18 T&ouml;ne,"}]},{"@type":"WebSite","@id":"https:\/\/gongcenter.ch\/#website","url":"https:\/\/gongcenter.ch\/","name":"Gong Center Schweiz I Dein Gong und Klanginstrumente Fachgesch\u00e4ft","description":"Entdecke eine grosse Gong Auswahl sowie weitere Klanginstrumente - Wir sind Gong Klangtherapeut und bieten dir Top Qualit\u00e4t und Beratung.","publisher":{"@id":"https:\/\/gongcenter.ch\/#organization"},"potentialAction":[{"@type":"SearchAction","target":{"@type":"EntryPoint","urlTemplate":"https:\/\/gongcenter.ch\/?s={search_term_string}"},"query-input":{"@type":"PropertyValueSpecification","valueRequired":true,"valueName":"search_term_string"}}],"inLanguage":"en-US"},{"@type":"Organization","@id":"https:\/\/gongcenter.ch\/#organization","name":"Gongcenter Z\u00fcrich I Das Fachgesch\u00e4ft f\u00fcr Gong und Klang","url":"https:\/\/gongcenter.ch\/","logo":{"@type":"ImageObject","inLanguage":"en-US","@id":"https:\/\/gongcenter.ch\/#\/schema\/logo\/image\/","url":"https:\/\/gongcenter.ch\/app\/uploads\/2018\/05\/Gong-Center_Logo_2000_black.png","contentUrl":"https:\/\/gongcenter.ch\/app\/uploads\/2018\/05\/Gong-Center_Logo_2000_black.png","width":2000,"height":600,"caption":"Gongcenter Z\u00fcrich I Das Fachgesch\u00e4ft f\u00fcr Gong und Klang"},"image":{"@id":"https:\/\/gongcenter.ch\/#\/schema\/logo\/image\/"}}]}},"acf":[],"_links":{"self":[{"href":"https:\/\/gongcenter.ch\/en\/wp-json\/wp\/v2\/product\/24717","targetHints":{"allow":["GET"]}}],"collection":[{"href":"https:\/\/gongcenter.ch\/en\/wp-json\/wp\/v2\/product"}],"about":[{"href":"https:\/\/gongcenter.ch\/en\/wp-json\/wp\/v2\/types\/product"}],"wp:featuredmedia":[{"embeddable":true,"href":"https:\/\/gongcenter.ch\/en\/wp-json\/wp\/v2\/media\/29778"}],"wp:attachment":[{"href":"https:\/\/gongcenter.ch\/en\/wp-json\/wp\/v2\/media?parent=24717"}],"wp:term":[{"taxonomy":"product_brand","embeddable":true,"href":"https:\/\/gongcenter.ch\/en\/wp-json\/wp\/v2\/product_brand?post=24717"},{"taxonomy":"product_cat","embeddable":true,"href":"https:\/\/gongcenter.ch\/en\/wp-json\/wp\/v2\/product_cat?post=24717"},{"taxonomy":"product_tag","embeddable":true,"href":"https:\/\/gongcenter.ch\/en\/wp-json\/wp\/v2\/product_tag?post=24717"}],"curies":[{"name":"wp","href":"https:\/\/api.w.org\/{rel}","templated":true}]}}