{"id":24725,"date":"2020-05-02T19:11:50","date_gmt":"2020-05-02T18:11:50","guid":{"rendered":"https:\/\/gongcenter.ch\/product\/frosch-klein-9x65-cm\/"},"modified":"2023-04-18T11:38:52","modified_gmt":"2023-04-18T10:38:52","slug":"frosch-klein-9cm","status":"publish","type":"product","link":"https:\/\/gongcenter.ch\/en\/product\/frosch-klein-9cm\/","title":{"rendered":"Klang-Frosch, klein 9 cm"},"content":{"rendered":"<p>Klangfrosch &#8211; Streiche mit dem beiliegenden Schl\u00e4gel \u00fcber den Kamm &#8211; und schon ert\u00f6nt ein Froschkonzert. Sehr sch\u00f6n ist das Zusammenspiel von verschiedenen Gr\u00f6ssen, auch als Guiro zu verwenden.<\/p>\n<p>Tipp: Halte ihn mit Daumen und Zeigefinger an seinen Hinterf\u00fcssen fest und streiche mit der dicken Seite des Schl\u00e4gel von hinten nach vorne \u00fcber seinen R\u00fccken.<\/p>\n","protected":false},"excerpt":{"rendered":"<strong>Verf\u00fcgbar in folgenden Gr\u00f6ssen:<\/strong>\r\n<ul>\r\n \t<li>mini 6 x 3,5 cm<\/li>\r\n \t<li>klein 9 x 6,5 cm<\/li>\r\n \t<li>mittel 12 x 8 cm<\/li>\r\n \t<li>gross 15 x 9 cm<\/li>\r\n \t<li>extra-gross 20 x 11 cm<\/li>\r\n<\/ul>","protected":false},"featured_media":29780,"template":"","meta":[],"product_brand":[],"product_cat":[1184,715,716,52],"product_tag":[],"class_list":{"0":"post-24725","1":"product","2":"type-product","3":"status-publish","4":"has-post-thumbnail","6":"brands-allton","7":"product_cat-ausverkauf","8":"product_cat-percussion-drums","9":"product_cat-shaker","10":"product_cat-rasseln","11":"product_shipping_class-bis-199-chf-9-90-chf","13":"first","14":"instock","15":"sale","16":"taxable","17":"shipping-taxable","18":"purchasable","19":"product-type-simple"},"yoast_head":"<!-- This site is optimized with the Yoast SEO plugin v27.0 - https:\/\/yoast.com\/product\/yoast-seo-wordpress\/ -->\n<title>Klang-Frosch, klein 9 cm - Gong Center Schweiz I Dein Gong und Klanginstrumente Fachgesch\u00e4ft<\/title>\n<meta name=\"robots\" content=\"index, follow, max-snippet:-1, max-image-preview:large, max-video-preview:-1\" \/>\n<link rel=\"canonical\" href=\"https:\/\/gongcenter.ch\/produkt\/frosch-klein-9cm\/\" \/>\n<meta property=\"og:locale\" content=\"en_US\" \/>\n<meta property=\"og:type\" content=\"article\" \/>\n<meta property=\"og:title\" content=\"Klang-Frosch, klein 9 cm - Gong Center Schweiz I Dein Gong und Klanginstrumente Fachgesch\u00e4ft\" \/>\n<meta property=\"og:description\" content=\"Verf\u00fcgbar in folgenden Gr\u00f6ssen:   mini 6 x 3,5 cm  klein 9 x 6,5 cm  mittel 12 x 8 cm  gross 15 x 9 cm  extra-gross 20 x 11 cm\" \/>\n<meta property=\"og:url\" content=\"https:\/\/gongcenter.ch\/produkt\/frosch-klein-9cm\/\" \/>\n<meta property=\"og:site_name\" content=\"Gong Center Schweiz I Dein Gong und Klanginstrumente Fachgesch\u00e4ft\" \/>\n<meta property=\"article:modified_time\" content=\"2023-04-18T10:38:52+00:00\" \/>\n<meta property=\"og:image\" content=\"https:\/\/gongcenter.ch\/app\/uploads\/2022\/09\/Klang-Frosch-verschiedene-Groessen-2.png\" \/>\n\t<meta property=\"og:image:width\" content=\"600\" \/>\n\t<meta property=\"og:image:height\" content=\"600\" \/>\n\t<meta property=\"og:image:type\" content=\"image\/png\" \/>\n<meta name=\"twitter:card\" content=\"summary_large_image\" \/>\n<meta name=\"twitter:label1\" content=\"Est. reading time\" \/>\n\t<meta name=\"twitter:data1\" content=\"1 minute\" \/>\n<!-- \/ Yoast SEO plugin. -->","yoast_head_json":{"title":"Klang-Frosch, klein 9 cm - Gong Center Schweiz I Dein Gong und Klanginstrumente Fachgesch\u00e4ft","robots":{"index":"index","follow":"follow","max-snippet":"max-snippet:-1","max-image-preview":"max-image-preview:large","max-video-preview":"max-video-preview:-1"},"canonical":"https:\/\/gongcenter.ch\/produkt\/frosch-klein-9cm\/","og_locale":"en_US","og_type":"article","og_title":"Klang-Frosch, klein 9 cm - Gong Center Schweiz I Dein Gong und Klanginstrumente Fachgesch\u00e4ft","og_description":"Verf\u00fcgbar in folgenden Gr\u00f6ssen:   mini 6 x 3,5 cm  klein 9 x 6,5 cm  mittel 12 x 8 cm  gross 15 x 9 cm  extra-gross 20 x 11 cm","og_url":"https:\/\/gongcenter.ch\/produkt\/frosch-klein-9cm\/","og_site_name":"Gong Center Schweiz I Dein Gong und Klanginstrumente Fachgesch\u00e4ft","article_modified_time":"2023-04-18T10:38:52+00:00","og_image":[{"width":600,"height":600,"url":"https:\/\/gongcenter.ch\/app\/uploads\/2022\/09\/Klang-Frosch-verschiedene-Groessen-2.png","type":"image\/png"}],"twitter_card":"summary_large_image","twitter_misc":{"Est. reading time":"1 minute"},"schema":{"@context":"https:\/\/schema.org","@graph":[{"@type":"WebPage","@id":"https:\/\/gongcenter.ch\/produkt\/frosch-klein-9cm\/","url":"https:\/\/gongcenter.ch\/produkt\/frosch-klein-9cm\/","name":"Klang-Frosch, klein 9 cm - Gong Center Schweiz I Dein Gong und Klanginstrumente Fachgesch\u00e4ft","isPartOf":{"@id":"https:\/\/gongcenter.ch\/#website"},"primaryImageOfPage":{"@id":"https:\/\/gongcenter.ch\/produkt\/frosch-klein-9cm\/#primaryimage"},"image":{"@id":"https:\/\/gongcenter.ch\/produkt\/frosch-klein-9cm\/#primaryimage"},"thumbnailUrl":"https:\/\/gongcenter.ch\/app\/uploads\/2022\/09\/Klang-Frosch-verschiedene-Groessen-2.png","datePublished":"2020-05-02T18:11:50+00:00","dateModified":"2023-04-18T10:38:52+00:00","breadcrumb":{"@id":"https:\/\/gongcenter.ch\/produkt\/frosch-klein-9cm\/#breadcrumb"},"inLanguage":"en-US","potentialAction":[{"@type":"ReadAction","target":["https:\/\/gongcenter.ch\/produkt\/frosch-klein-9cm\/"]}]},{"@type":"ImageObject","inLanguage":"en-US","@id":"https:\/\/gongcenter.ch\/produkt\/frosch-klein-9cm\/#primaryimage","url":"https:\/\/gongcenter.ch\/app\/uploads\/2022\/09\/Klang-Frosch-verschiedene-Groessen-2.png","contentUrl":"https:\/\/gongcenter.ch\/app\/uploads\/2022\/09\/Klang-Frosch-verschiedene-Groessen-2.png","width":600,"height":600},{"@type":"BreadcrumbList","@id":"https:\/\/gongcenter.ch\/produkt\/frosch-klein-9cm\/#breadcrumb","itemListElement":[{"@type":"ListItem","position":1,"name":"Startseite","item":"https:\/\/gongcenter.ch\/en\/"},{"@type":"ListItem","position":2,"name":"Shop","item":"https:\/\/gongcenter.ch\/en\/shop\/"},{"@type":"ListItem","position":3,"name":"Klang-Frosch, klein 9 cm"}]},{"@type":"WebSite","@id":"https:\/\/gongcenter.ch\/#website","url":"https:\/\/gongcenter.ch\/","name":"Gong Center Schweiz I Dein Gong und Klanginstrumente Fachgesch\u00e4ft","description":"Entdecke eine grosse Gong Auswahl sowie weitere Klanginstrumente - Wir sind Gong Klangtherapeut und bieten dir Top Qualit\u00e4t und Beratung.","publisher":{"@id":"https:\/\/gongcenter.ch\/#organization"},"potentialAction":[{"@type":"SearchAction","target":{"@type":"EntryPoint","urlTemplate":"https:\/\/gongcenter.ch\/?s={search_term_string}"},"query-input":{"@type":"PropertyValueSpecification","valueRequired":true,"valueName":"search_term_string"}}],"inLanguage":"en-US"},{"@type":"Organization","@id":"https:\/\/gongcenter.ch\/#organization","name":"Gongcenter Z\u00fcrich I Das Fachgesch\u00e4ft f\u00fcr Gong und Klang","url":"https:\/\/gongcenter.ch\/","logo":{"@type":"ImageObject","inLanguage":"en-US","@id":"https:\/\/gongcenter.ch\/#\/schema\/logo\/image\/","url":"https:\/\/gongcenter.ch\/app\/uploads\/2018\/05\/Gong-Center_Logo_2000_black.png","contentUrl":"https:\/\/gongcenter.ch\/app\/uploads\/2018\/05\/Gong-Center_Logo_2000_black.png","width":2000,"height":600,"caption":"Gongcenter Z\u00fcrich I Das Fachgesch\u00e4ft f\u00fcr Gong und Klang"},"image":{"@id":"https:\/\/gongcenter.ch\/#\/schema\/logo\/image\/"}}]}},"acf":[],"_links":{"self":[{"href":"https:\/\/gongcenter.ch\/en\/wp-json\/wp\/v2\/product\/24725","targetHints":{"allow":["GET"]}}],"collection":[{"href":"https:\/\/gongcenter.ch\/en\/wp-json\/wp\/v2\/product"}],"about":[{"href":"https:\/\/gongcenter.ch\/en\/wp-json\/wp\/v2\/types\/product"}],"wp:featuredmedia":[{"embeddable":true,"href":"https:\/\/gongcenter.ch\/en\/wp-json\/wp\/v2\/media\/29780"}],"wp:attachment":[{"href":"https:\/\/gongcenter.ch\/en\/wp-json\/wp\/v2\/media?parent=24725"}],"wp:term":[{"taxonomy":"product_brand","embeddable":true,"href":"https:\/\/gongcenter.ch\/en\/wp-json\/wp\/v2\/product_brand?post=24725"},{"taxonomy":"product_cat","embeddable":true,"href":"https:\/\/gongcenter.ch\/en\/wp-json\/wp\/v2\/product_cat?post=24725"},{"taxonomy":"product_tag","embeddable":true,"href":"https:\/\/gongcenter.ch\/en\/wp-json\/wp\/v2\/product_tag?post=24725"}],"curies":[{"name":"wp","href":"https:\/\/api.w.org\/{rel}","templated":true}]}}