{"id":24737,"date":"2020-05-02T19:11:51","date_gmt":"2020-05-02T18:11:51","guid":{"rendered":"https:\/\/gongcenter.ch\/product\/regenstab-25-cm-chile-dnn\/"},"modified":"2023-04-18T11:40:39","modified_gmt":"2023-04-18T10:40:39","slug":"regenstab-25-cm-chile-dnn","status":"publish","type":"product","link":"https:\/\/gongcenter.ch\/en\/product\/regenstab-25-cm-chile-dnn\/","title":{"rendered":"Regenstab 25 cm, Chile d&uuml;nn"},"content":{"rendered":"<p>Regenstab ab 25 cm &#8211; 100 cm, Chile d\u00fcnn<\/p>\n<div class=\"product--description\">\n<p>Der Klang fliessenden Wassers entsteht durch hohle Kaktush\u00f6lzer<br \/>\nmit nach innen gesteckten Stacheln, \u00fcber die bei leicht schr\u00e4g<br \/>\ngehaltenem Stab kleine Flusskiesel rieseln. Die dickeren<br \/>\nRegenst\u00e4be (PRD) sind 6-12 cm dick und volumin\u00f6ser im Klang.<\/p>\n<p>Der Regenmacher (oder Regenstab, Rainmaker, Rainstick) ist ein<br \/>\nEffektinstrument, das ungef\u00e4hr 25 bis 150 Zentimeter lang ist<br \/>\nund rund 4 bis 10 Zentimeter im Durchmesser misst. Er stammt<br \/>\nurspr\u00fcnglich aus dem Norden Chiles. Sein Ursprung ist das sehr<br \/>\nTrockene Atacama-Gebiet, wo der Regenmacher erstmals von den<br \/>\nDiaguitas-Indianern im Elquital gebaut und f\u00fcr Regenzeremonien<br \/>\neingesetzt wurde. Der Regenmacher wird aus dem ?Copado-Kaktus?<br \/>\nhergestellt. Es werden nur abgestorbene Kakteen verwendet, die<br \/>\nschon verholzt sind. Die Dornen werden in das Innere des Kaktus<br \/>\ngetrieben. Dann wird der Regenmacher mit kleinen Kieseln gef\u00fcllt<br \/>\nund an beiden Enden verschlossen. Dreht man nun den Regenmacher<br \/>\num, fallen die kleinen Kieselsteine von einem Stachel zum<br \/>\nn\u00e4chsten. Dadurch entsteht ein angenehmes, gleichm\u00e4ssiges<br \/>\nGer\u00e4usch, das an fliessendes Wasser bzw. an das Rauschen dicker<br \/>\nRegentropfen erinnert.<\/p>\n<p>W\u00e4hrend in S\u00fcdamerika die Medizinm\u00e4nner mit dem leise<br \/>\nrauschenden Klang des Regenmachers den ersehnten Regen<br \/>\nherbeilocken wollten, erfreut man sich an dem angenehmen Klang<br \/>\nmit der beruhigenden Wirkung. Das Klangspektrum reicht vom<br \/>\nfeinen zarten Nieselregen bis zum m\u00e4chtigen Rauschen eines<br \/>\nPlatzregens. Es ?regnet? umso ausdauernder, je l\u00e4nger der<br \/>\nRegenmacher ist und je mehr Stacheln den Weg der Kiesel<br \/>\naufhalten. Kurze Varianten werden auch als schnell zu<br \/>\nsch\u00fcttelnde Rhythmusinstrumente eingesetzt.<\/p>\n<p>Verf\u00fcgbar in <strong>folgenden Gr\u00f6ssen<\/strong>:<\/p>\n<p>25 cm<br \/>\n50 cm<br \/>\n75 cm<br \/>\n100 cm<\/p>\n<\/div>\n","protected":false},"excerpt":{"rendered":"Regenstab ab 25 cm &#8211; 100 cm, Chile d\u00fcnn Der Klang fliessenden Wassers entsteht durch hohle Kaktush\u00f6lzer mit nach innen gesteckten Stacheln, \u00fcber die bei leicht schr\u00e4g gehaltenem Stab kleine Flusskiesel rieseln. Die dickeren Regenst\u00e4be (PRD) sind 6-12 cm dick und volumin\u00f6ser im Klang. Der Regenmacher (oder Regenstab, Rainmaker, Rainstick) ist ein Effektinstrument, das ungef\u00e4hr<a href=\"https:\/\/gongcenter.ch\/en\/product\/regenstab-25-cm-chile-dnn\/\" class=\"readmore\">Mehr  <i class=\"fa fa-angle-double-right\"><\/i><\/a>","protected":false},"featured_media":29786,"template":"","meta":[],"product_brand":[],"product_cat":[1184],"product_tag":[],"class_list":{"0":"post-24737","1":"product","2":"type-product","3":"status-publish","4":"has-post-thumbnail","6":"brands-gong-center","7":"product_cat-ausverkauf","8":"product_shipping_class-bis-199-chf-9-90-chf","10":"first","11":"instock","12":"sale","13":"taxable","14":"shipping-taxable","15":"purchasable","16":"product-type-simple"},"yoast_head":"<!-- This site is optimized with the Yoast SEO plugin v27.0 - https:\/\/yoast.com\/product\/yoast-seo-wordpress\/ -->\n<title>Regenstab 25 cm, Chile d&uuml;nn - Gong Center Schweiz I Dein Gong und Klanginstrumente Fachgesch\u00e4ft<\/title>\n<meta name=\"robots\" content=\"index, follow, max-snippet:-1, max-image-preview:large, max-video-preview:-1\" \/>\n<link rel=\"canonical\" href=\"https:\/\/gongcenter.ch\/produkt\/regenstab-25-cm-chile-dnn\/\" \/>\n<meta property=\"og:locale\" content=\"en_US\" \/>\n<meta property=\"og:type\" content=\"article\" \/>\n<meta property=\"og:title\" content=\"Regenstab 25 cm, Chile d&uuml;nn - Gong Center Schweiz I Dein Gong und Klanginstrumente Fachgesch\u00e4ft\" \/>\n<meta property=\"og:description\" content=\"Regenstab ab 25 cm &#8211; 100 cm, Chile d\u00fcnn Der Klang fliessenden Wassers entsteht durch hohle Kaktush\u00f6lzer mit nach innen gesteckten Stacheln, \u00fcber die bei leicht schr\u00e4g gehaltenem Stab kleine Flusskiesel rieseln. Die dickeren Regenst\u00e4be (PRD) sind 6-12 cm dick und volumin\u00f6ser im Klang. Der Regenmacher (oder Regenstab, Rainmaker, Rainstick) ist ein Effektinstrument, das ungef\u00e4hrMehr\" \/>\n<meta property=\"og:url\" content=\"https:\/\/gongcenter.ch\/produkt\/regenstab-25-cm-chile-dnn\/\" \/>\n<meta property=\"og:site_name\" content=\"Gong Center Schweiz I Dein Gong und Klanginstrumente Fachgesch\u00e4ft\" \/>\n<meta property=\"article:modified_time\" content=\"2023-04-18T10:40:39+00:00\" \/>\n<meta property=\"og:image\" content=\"https:\/\/gongcenter.ch\/app\/uploads\/2022\/09\/Regenstab-50-bis-100cm-2.png\" \/>\n\t<meta property=\"og:image:width\" content=\"600\" \/>\n\t<meta property=\"og:image:height\" content=\"600\" \/>\n\t<meta property=\"og:image:type\" content=\"image\/png\" \/>\n<meta name=\"twitter:card\" content=\"summary_large_image\" \/>\n<meta name=\"twitter:label1\" content=\"Est. reading time\" \/>\n\t<meta name=\"twitter:data1\" content=\"1 minute\" \/>\n<!-- \/ Yoast SEO plugin. -->","yoast_head_json":{"title":"Regenstab 25 cm, Chile d&uuml;nn - Gong Center Schweiz I Dein Gong und Klanginstrumente Fachgesch\u00e4ft","robots":{"index":"index","follow":"follow","max-snippet":"max-snippet:-1","max-image-preview":"max-image-preview:large","max-video-preview":"max-video-preview:-1"},"canonical":"https:\/\/gongcenter.ch\/produkt\/regenstab-25-cm-chile-dnn\/","og_locale":"en_US","og_type":"article","og_title":"Regenstab 25 cm, Chile d&uuml;nn - Gong Center Schweiz I Dein Gong und Klanginstrumente Fachgesch\u00e4ft","og_description":"Regenstab ab 25 cm &#8211; 100 cm, Chile d\u00fcnn Der Klang fliessenden Wassers entsteht durch hohle Kaktush\u00f6lzer mit nach innen gesteckten Stacheln, \u00fcber die bei leicht schr\u00e4g gehaltenem Stab kleine Flusskiesel rieseln. Die dickeren Regenst\u00e4be (PRD) sind 6-12 cm dick und volumin\u00f6ser im Klang. Der Regenmacher (oder Regenstab, Rainmaker, Rainstick) ist ein Effektinstrument, das ungef\u00e4hrMehr","og_url":"https:\/\/gongcenter.ch\/produkt\/regenstab-25-cm-chile-dnn\/","og_site_name":"Gong Center Schweiz I Dein Gong und Klanginstrumente Fachgesch\u00e4ft","article_modified_time":"2023-04-18T10:40:39+00:00","og_image":[{"width":600,"height":600,"url":"https:\/\/gongcenter.ch\/app\/uploads\/2022\/09\/Regenstab-50-bis-100cm-2.png","type":"image\/png"}],"twitter_card":"summary_large_image","twitter_misc":{"Est. reading time":"1 minute"},"schema":{"@context":"https:\/\/schema.org","@graph":[{"@type":"WebPage","@id":"https:\/\/gongcenter.ch\/produkt\/regenstab-25-cm-chile-dnn\/","url":"https:\/\/gongcenter.ch\/produkt\/regenstab-25-cm-chile-dnn\/","name":"Regenstab 25 cm, Chile d&uuml;nn - Gong Center Schweiz I Dein Gong und Klanginstrumente Fachgesch\u00e4ft","isPartOf":{"@id":"https:\/\/gongcenter.ch\/#website"},"primaryImageOfPage":{"@id":"https:\/\/gongcenter.ch\/produkt\/regenstab-25-cm-chile-dnn\/#primaryimage"},"image":{"@id":"https:\/\/gongcenter.ch\/produkt\/regenstab-25-cm-chile-dnn\/#primaryimage"},"thumbnailUrl":"https:\/\/gongcenter.ch\/app\/uploads\/2022\/09\/Regenstab-50-bis-100cm-2.png","datePublished":"2020-05-02T18:11:51+00:00","dateModified":"2023-04-18T10:40:39+00:00","breadcrumb":{"@id":"https:\/\/gongcenter.ch\/produkt\/regenstab-25-cm-chile-dnn\/#breadcrumb"},"inLanguage":"en-US","potentialAction":[{"@type":"ReadAction","target":["https:\/\/gongcenter.ch\/produkt\/regenstab-25-cm-chile-dnn\/"]}]},{"@type":"ImageObject","inLanguage":"en-US","@id":"https:\/\/gongcenter.ch\/produkt\/regenstab-25-cm-chile-dnn\/#primaryimage","url":"https:\/\/gongcenter.ch\/app\/uploads\/2022\/09\/Regenstab-50-bis-100cm-2.png","contentUrl":"https:\/\/gongcenter.ch\/app\/uploads\/2022\/09\/Regenstab-50-bis-100cm-2.png","width":600,"height":600},{"@type":"BreadcrumbList","@id":"https:\/\/gongcenter.ch\/produkt\/regenstab-25-cm-chile-dnn\/#breadcrumb","itemListElement":[{"@type":"ListItem","position":1,"name":"Startseite","item":"https:\/\/gongcenter.ch\/en\/"},{"@type":"ListItem","position":2,"name":"Shop","item":"https:\/\/gongcenter.ch\/en\/shop\/"},{"@type":"ListItem","position":3,"name":"Regenstab 25 cm, Chile d&uuml;nn"}]},{"@type":"WebSite","@id":"https:\/\/gongcenter.ch\/#website","url":"https:\/\/gongcenter.ch\/","name":"Gong Center Schweiz I Dein Gong und Klanginstrumente Fachgesch\u00e4ft","description":"Entdecke eine grosse Gong Auswahl sowie weitere Klanginstrumente - Wir sind Gong Klangtherapeut und bieten dir Top Qualit\u00e4t und Beratung.","publisher":{"@id":"https:\/\/gongcenter.ch\/#organization"},"potentialAction":[{"@type":"SearchAction","target":{"@type":"EntryPoint","urlTemplate":"https:\/\/gongcenter.ch\/?s={search_term_string}"},"query-input":{"@type":"PropertyValueSpecification","valueRequired":true,"valueName":"search_term_string"}}],"inLanguage":"en-US"},{"@type":"Organization","@id":"https:\/\/gongcenter.ch\/#organization","name":"Gongcenter Z\u00fcrich I Das Fachgesch\u00e4ft f\u00fcr Gong und Klang","url":"https:\/\/gongcenter.ch\/","logo":{"@type":"ImageObject","inLanguage":"en-US","@id":"https:\/\/gongcenter.ch\/#\/schema\/logo\/image\/","url":"https:\/\/gongcenter.ch\/app\/uploads\/2018\/05\/Gong-Center_Logo_2000_black.png","contentUrl":"https:\/\/gongcenter.ch\/app\/uploads\/2018\/05\/Gong-Center_Logo_2000_black.png","width":2000,"height":600,"caption":"Gongcenter Z\u00fcrich I Das Fachgesch\u00e4ft f\u00fcr Gong und Klang"},"image":{"@id":"https:\/\/gongcenter.ch\/#\/schema\/logo\/image\/"}}]}},"acf":[],"_links":{"self":[{"href":"https:\/\/gongcenter.ch\/en\/wp-json\/wp\/v2\/product\/24737","targetHints":{"allow":["GET"]}}],"collection":[{"href":"https:\/\/gongcenter.ch\/en\/wp-json\/wp\/v2\/product"}],"about":[{"href":"https:\/\/gongcenter.ch\/en\/wp-json\/wp\/v2\/types\/product"}],"wp:featuredmedia":[{"embeddable":true,"href":"https:\/\/gongcenter.ch\/en\/wp-json\/wp\/v2\/media\/29786"}],"wp:attachment":[{"href":"https:\/\/gongcenter.ch\/en\/wp-json\/wp\/v2\/media?parent=24737"}],"wp:term":[{"taxonomy":"product_brand","embeddable":true,"href":"https:\/\/gongcenter.ch\/en\/wp-json\/wp\/v2\/product_brand?post=24737"},{"taxonomy":"product_cat","embeddable":true,"href":"https:\/\/gongcenter.ch\/en\/wp-json\/wp\/v2\/product_cat?post=24737"},{"taxonomy":"product_tag","embeddable":true,"href":"https:\/\/gongcenter.ch\/en\/wp-json\/wp\/v2\/product_tag?post=24737"}],"curies":[{"name":"wp","href":"https:\/\/api.w.org\/{rel}","templated":true}]}}